{"id":1845,"date":"2023-08-14T17:12:45","date_gmt":"2023-08-14T17:12:45","guid":{"rendered":"https:\/\/fromthemagicalrealm.com\/?page_id=1845"},"modified":"2025-12-27T06:53:16","modified_gmt":"2025-12-27T06:53:16","slug":"pristatymas-ir-grazinimas","status":"publish","type":"page","link":"https:\/\/fromthemagicalrealm.com\/index.php\/pristatymas-ir-grazinimas\/","title":{"rendered":"Preki\u0173 pristatymas ir gr\u0105\u017einimas"},"content":{"rendered":"\t\t<div data-elementor-type=\"wp-page\" data-elementor-id=\"1845\" class=\"elementor elementor-1845\">\n\t\t\t\t\t\t\t\t\t<section class=\"elementor-section elementor-top-section elementor-element elementor-element-2ef014a6 elementor-section-boxed elementor-section-height-default elementor-section-height-default\" data-id=\"2ef014a6\" data-element_type=\"section\">\n\t\t\t\t\t\t<div class=\"elementor-container elementor-column-gap-default\">\n\t\t\t\t\t<div class=\"elementor-column elementor-col-100 elementor-top-column elementor-element elementor-element-55f7de06\" data-id=\"55f7de06\" data-element_type=\"column\">\n\t\t\t<div class=\"elementor-widget-wrap elementor-element-populated\">\n\t\t\t\t\t\t\t\t<div class=\"elementor-element elementor-element-2c6ca6c6 elementor-widget elementor-widget-text-editor\" data-id=\"2c6ca6c6\" data-element_type=\"widget\" data-widget_type=\"text-editor.default\">\n\t\t\t\t<div class=\"elementor-widget-container\">\n\t\t\t<style>\/*! elementor - v3.15.0 - 09-08-2023 *\/\n.elementor-widget-text-editor.elementor-drop-cap-view-stacked .elementor-drop-cap{background-color:#69727d;color:#fff}.elementor-widget-text-editor.elementor-drop-cap-view-framed .elementor-drop-cap{color:#69727d;border:3px solid;background-color:transparent}.elementor-widget-text-editor:not(.elementor-drop-cap-view-default) .elementor-drop-cap{margin-top:8px}.elementor-widget-text-editor:not(.elementor-drop-cap-view-default) .elementor-drop-cap-letter{width:1em;height:1em}.elementor-widget-text-editor .elementor-drop-cap{float:left;text-align:center;line-height:1;font-size:50px}.elementor-widget-text-editor .elementor-drop-cap-letter{display:inline-block}<\/style>\t\t\t\t<p>SVARBU:<\/p>\n<p>KADANGI KRISTALAI IR MINERALAI YRA NAT\u016aRALUS GAMTOS K\u016aRINYS, PRIE\u0160 PERKANT, TUR\u0116KITE MINTYJE, KAD KIEKVIENAS AKMENUKAS YRA SKIRTINGAS, NET IR APDIRBTI KRISTALAI GALI TUR\u0116TI &#8222;NETOBULUM\u0172&#8221; (PVZ DR\u016aZA, \u012eTR\u016aKIMAS, DEBESUOTUMAS IR T.T.) KURIE PADARO AKMENUK\u0104 DAR UNIKALESN\u012e. SPALVA IR RA\u0160TAI GALI \u0160VELNIAI SKIRTIS NUO MATOM\u0172 NUOTRAUKOSE D\u0116L FOTOGRAFIJOS IR\/ARBA D\u0116L TO, KAD VISI AKMENUKAI YRA NAT\u016aRAL\u016aS, UNIKAL\u016aS IR SKIRTINGI.\u00a0<\/p>\n<p>\u00a0<\/p>\n<p>\u00a0<\/p>\n<p>\u00a0<\/p>\n<p>*JEIGU PAPUO\u0160AL\u0172 SUMA VIR\u0160IJA 40 EUR\u0172 (VIENO VIENETO SUMA TURI VIR\u0160YTI 40 EUR\u0172) , SUPAKUOJAMI \u012e D\u0116\u017dUT\u0118, TINKAN\u010cI\u0104 DOVANAI. KITOKIU ATVEJU, GALIMA U\u017d PAPILDOM\u0104 MOKEST\u012e PASIRINKTI \u012ePAKAVIM\u0104 DOVANAI.\u00a0<\/p>\n<p>\u00a0<\/p>\n<p>\u00a0<\/p>\n<p>\u00a0<\/p>\n<p>*PRIE KIEKVIENO KRISTALO IR KRISTAL\u0172 PAPUO\u0160ALO, PRIDEDAMAS TO AKMENUKO APRA\u0160YMAS.\u00a0<\/p>\n<p>\u00a0<\/p>\n<p>\u00a0<\/p>\n<p><!-- \/wp:paragraph --><!-- wp:paragraph --><\/p>\n<p><!-- \/wp:paragraph --><!-- wp:paragraph --><\/p>\n<p>PRISTATYMAS:<\/p>\n<p><!-- \/wp:paragraph --><!-- wp:list {\"ordered\":true} --><\/p>\n<ol>\n<li style=\"list-style-type: none;\">\n<ol><!-- wp:list-item --><\/ol>\n<\/li>\n<\/ol>\n<p>\u00a0<\/p>\n<ol>\n<li style=\"list-style-type: none;\">\n<ol>\n<li>PRISTATYMAS VISOJE LIETUVOJE J\u016aS\u0172 PASIRINKTU PA\u0160TOMATU. PO U\u017dSAKYMO PREK\u0116S I\u0160SIUN\u010cIAMOS PER 1 &#8211; 3 DARBO DIENAS.<\/li>\n<\/ol>\n<\/li>\n<\/ol>\n<p><!-- \/wp:list-item --><!-- wp:list-item --><\/p>\n<ol>\n<li style=\"list-style-type: none;\">\n<ol>\n<li>PERKANT U\u017d 20 EUR\u0172 IR DAUGIAU, PRIDEDAMA DOVAN\u0116L\u0116 KIEKVIENAM U\u017dSAKYMUI.<\/li>\n<li>PERKANT U\u017d 90 EUR\u0172 IR DAUGIAU, PRIDEDAMA DOVAN\u0116L\u0116 IR NEMOKAMAS SIUNTIMAS.<\/li>\n<\/ol>\n<\/li>\n<\/ol>\n<p><!-- \/wp:list-item --><\/p>\n<p><!-- \/wp:list --><!-- wp:paragraph --><\/p>\n<p><!-- \/wp:paragraph --><!-- wp:paragraph --><\/p>\n<p>GR\u0104\u017dINIMO POLITIKA<\/p>\n<p><!-- \/wp:paragraph --><!-- wp:paragraph --><\/p>\n<p>1. PREKI\u0172 GR\u0104\u017dINIMAS VYKSTA VADOVAUJANTIS LR VYRIAUSYB\u0116S 2014 M. LIEPOS M\u0116N. 22 D. NUTARIMU NR. 738 (\u017dIN., 2014, NR. 2014-10565) PATVIRTINTOMIS MA\u017dMENIN\u0116S PREKYBOS TAISYKL\u0116MIS.<\/p>\n<p><!-- \/wp:paragraph --><!-- wp:paragraph --><\/p>\n<p><!-- \/wp:paragraph --><!-- wp:paragraph --><\/p>\n<p>2. NOR\u0116DAMAS GR\u0104\u017dINTI AR KEISTIS PREK\u0118(-ES), PIRK\u0116JAS GALI TAI PADARYTI PER 14 (KETURIOLIKA) DIEN\u0172 NUO PREK\u0116S PRISTATYMO DIENOS. PIRK\u0116JAS PRIVALO INFORMUODAMAS PARDAV\u0116J\u0104 EL. PA\u0160TU AR U\u017dPILDYDAMAS SPECIALI\u0104 PREKI\u0172 KEITIMO \u2013 GR\u0104\u017dINIMO FORM\u0104, NURODANT JOJE GR\u0104\u017dINAMOS PREK\u0116S PAVADINIM\u0104, U\u017dSAKYMO NUMER\u012e IR GR\u0104\u017dINIMO PRIE\u017dASTIS.<\/p>\n<p><!-- \/wp:paragraph --><!-- wp:paragraph --><\/p>\n<p><!-- \/wp:paragraph --><!-- wp:paragraph --><\/p>\n<p>3. PINIGAI BUS PERVESTI \u012e PIRK\u0116JO NURODYT\u0104 BANKO S\u0104SKAIT\u0104 NE V\u0116LIAU KAIP PER 14 DIEN\u0172 PO PREK\u0116S IR PIRKIMO DOKUMENT\u0172 (T.Y. S\u0104SKAITOS FAKT\u016aROS) GR\u0104\u017dINIMO.<\/p>\n<p><!-- \/wp:paragraph --><!-- wp:paragraph --><\/p>\n<p><!-- \/wp:paragraph --><!-- wp:paragraph --><\/p>\n<p>4. PIRK\u0116JUI NEKOMPENSUOJAMOS PREKI\u0172 PRISTATYMO I\u0160LAIDOS.<\/p>\n<p><!-- \/wp:paragraph --><!-- wp:paragraph --><\/p>\n<p><!-- \/wp:paragraph --><!-- wp:paragraph --><\/p>\n<p>5. PRODUKT\u0172 GR\u0104\u017dINIMO I\u0160LAIDAS APMOKA PIRK\u0116JAS.<\/p>\n<p><!-- \/wp:paragraph --><!-- wp:paragraph --><\/p>\n<p><!-- \/wp:paragraph --><!-- wp:paragraph --><\/p>\n<p>6. GR\u0104\u017dINAMA PREK\u0116 TURI B\u016aTI ORIGINALIOJE TVARKINGOJE PAKUOT\u0116JE, NESUGADINTA, NENAUDOTA, TOS PA\u010cIOS KOMPLEKTACIJOS, KOKIOS PIRK\u0116JAS J\u0104 GAVO, NEPRARADUSI PREKIN\u0116S I\u0160VAIZDOS (NEPA\u017dEISTOS ETIKET\u0116S IR KT).\u00a0<\/p>\n<p><!-- \/wp:paragraph --><!-- wp:paragraph --><\/p>\n<p><!-- \/wp:paragraph --><!-- wp:paragraph --><\/p>\n<p>7. PARDAV\u0116JAS TURI TEIS\u0118 NEPRIIMTI PIRK\u0116JO GR\u0104\u017dINAM\u0172 PREKI\u0172, JEI PIRK\u0116JAS NESILAIKO 2., 3., 5. IR 6 PUNKTUOSE NUSTATYT\u0172 PREKI\u0172 GR\u0104\u017dINIMO TERMIN\u0172 IR S\u0104LYG\u0172. PIRK\u0116JO GR\u0104\u017dINAMOS PREK\u0116S BUS \u012eVERTINTOS, AR GAMINIAI GR\u0104\u017dINTI LAIKANTIS AUK\u0160\u010cIAU NURODYT\u0172 S\u0104LYG\u0172. JEI S\u0104LYG\u0172 BUVO NESILAIKOMA, PINIGAI GR\u0104\u017dINAMI NEBUS. D\u0116L PREK\u0116S PRISTATYMO AR ATSI\u0116MIMO TOKIAIS ATVEJAIS BUS TARIAMASI INDIVIDUALIAI.<\/p>\n<p><!-- \/wp:paragraph --><!-- wp:paragraph --><\/p>\n<p><!-- \/wp:paragraph --><!-- wp:paragraph --><\/p>\n<p>8. GR\u0104\u017dINANT GAUT\u0104 NE T\u0104 PREK\u0118,\u00a0 PARDAV\u0116JAS \u012eSIPAREIGOJA PRIIMTI TOKIAS PREKES IR JAS PAKEISTI ANALOGI\u0160KOMIS TINKAMOMIS PREK\u0116MIS PER 7 DIENAS.<\/p>\n<p><!-- \/wp:paragraph --><!-- wp:paragraph --><\/p>\n<p><!-- \/wp:paragraph --><!-- wp:paragraph --><\/p>\n<p>9. TUO ATVEJU, KAI PARDAV\u0116JAS NETURI PAKEITIMUI TINKAM\u0172 PREKI\u0172, PIRK\u0116JUI GR\u0104\u017dINAMA SUMOK\u0116TA SUMA U\u017d PREKES.<\/p>\n<p>\u00a0<\/p>\n<p>10. RANK\u0172 DARBO IR INDIVIDUALIAI PAGAMINTOS PREK\u0116S<\/p>\n<p>VISI V\u0116RINIAI, APYRANK\u0116S, KOJ\u0172 GRANDIN\u0116L\u0116S IR KAI KURIE AUSKARAI, PARDUODAMI M\u016aS\u0172 SVETAIN\u0116JE, YRA RANK\u0172 DARBO IR GAMINAMI INDIVIDUALIAI, TIK TAM KLIENTUI, GAVUS JO U\u017dSAKYM\u0104.<\/p>\n<p>D\u0116L \u0160IOS PRIE\u017dASTIES TOKIE PAPUO\u0160ALAI N\u0116RA MASI\u0160KAI GAMINAMI IR NEGALI B\u016aTI KEI\u010cIAMI AR GR\u0104\u017dINAMI, I\u0160SKYRUS ATVEJUS, KAI PREK\u0116 YRA BROKUOTA AR NEATITINKA U\u017dSAKYMO.<\/p>\n<p>PRA\u0160OME PRIE\u0160 PATEIKIANT U\u017dSAKYM\u0104 ATID\u017dIAI SUSIPA\u017dINTI SU PREK\u0116S APRA\u0160YMU, MATMENIMIS IR KITOMIS SVARBIOMIS DETAL\u0116MIS.<\/p>\n<p><!-- \/wp:paragraph --><!-- wp:paragraph --><\/p>\n<p><!-- \/wp:paragraph --><\/p>\t\t\t\t\t\t<\/div>\n\t\t\t\t<\/div>\n\t\t\t\t\t<\/div>\n\t\t<\/div>\n\t\t\t\t\t\t\t<\/div>\n\t\t<\/section>\n\t\t<div class=\"elementor-element elementor-element-4df8328 e-flex e-con-boxed e-con\" data-id=\"4df8328\" data-element_type=\"container\" data-settings=\"{&quot;content_width&quot;:&quot;boxed&quot;}\">\n\t\t\t\t\t<div class=\"e-con-inner\">\n\t\t\t\t\t<\/div>\n\t\t\t\t<\/div>\n\t\t\t\t\t\t\t<\/div>\n\t\t","protected":false},"excerpt":{"rendered":"<p>SVARBU: KADANGI KRISTALAI IR MINERALAI YRA NAT\u016aRALUS GAMTOS K\u016aRINYS, PRIE\u0160 PERKANT, TUR\u0116KITE MINTYJE, KAD KIEKVIENAS AKMENUKAS YRA SKIRTINGAS, NET IR APDIRBTI KRISTALAI GALI TUR\u0116TI &#8222;NETOBULUM\u0172&#8221; (PVZ DR\u016aZA, \u012eTR\u016aKIMAS, DEBESUOTUMAS IR T.T.) KURIE PADARO AKMENUK\u0104 DAR UNIKALESN\u012e. SPALVA IR RA\u0160TAI GALI \u0160VELNIAI SKIRTIS NUO MATOM\u0172 NUOTRAUKOSE D\u0116L FOTOGRAFIJOS IR\/ARBA D\u0116L TO, KAD VISI AKMENUKAI YRA NAT\u016aRAL\u016aS, &hellip;<\/p>\n<p class=\"read-more\"> <a class=\"\" href=\"https:\/\/fromthemagicalrealm.com\/index.php\/pristatymas-ir-grazinimas\/\"> <span class=\"screen-reader-text\">Preki\u0173 pristatymas ir gr\u0105\u017einimas<\/span> Skaityti daugiau &raquo;<\/a><\/p>\n","protected":false},"author":1,"featured_media":0,"parent":0,"menu_order":0,"comment_status":"closed","ping_status":"closed","template":"","meta":{"site-sidebar-layout":"default","site-content-layout":"default","ast-global-header-display":"","ast-banner-title-visibility":"","ast-main-header-display":"","ast-hfb-above-header-display":"","ast-hfb-below-header-display":"","ast-hfb-mobile-header-display":"","site-post-title":"","ast-breadcrumbs-content":"","ast-featured-img":"","footer-sml-layout":"","theme-transparent-header-meta":"","adv-header-id-meta":"","stick-header-meta":"","header-above-stick-meta":"","header-main-stick-meta":"","header-below-stick-meta":"","footnotes":""},"class_list":["post-1845","page","type-page","status-publish","hentry"],"yoast_head":"<!-- This site is optimized with the Yoast SEO plugin v20.13 - https:\/\/yoast.com\/wordpress\/plugins\/seo\/ -->\n<title>Preki\u0173 pristatymas ir gr\u0105\u017einimas &bull; from the magical realm<\/title>\n<meta name=\"robots\" content=\"index, follow, max-snippet:-1, max-image-preview:large, max-video-preview:-1\" \/>\n<link rel=\"canonical\" href=\"https:\/\/fromthemagicalrealm.com\/index.php\/pristatymas-ir-grazinimas\/\" \/>\n<meta property=\"og:locale\" content=\"lt_LT\" \/>\n<meta property=\"og:type\" content=\"article\" \/>\n<meta property=\"og:title\" content=\"Preki\u0173 pristatymas ir gr\u0105\u017einimas &bull; from the magical realm\" \/>\n<meta property=\"og:description\" content=\"SVARBU: KADANGI KRISTALAI IR MINERALAI YRA NAT\u016aRALUS GAMTOS K\u016aRINYS, PRIE\u0160 PERKANT, TUR\u0116KITE MINTYJE, KAD KIEKVIENAS AKMENUKAS YRA SKIRTINGAS, NET IR APDIRBTI KRISTALAI GALI TUR\u0116TI &#8222;NETOBULUM\u0172&#8221; (PVZ DR\u016aZA, \u012eTR\u016aKIMAS, DEBESUOTUMAS IR T.T.) KURIE PADARO AKMENUK\u0104 DAR UNIKALESN\u012e. SPALVA IR RA\u0160TAI GALI \u0160VELNIAI SKIRTIS NUO MATOM\u0172 NUOTRAUKOSE D\u0116L FOTOGRAFIJOS IR\/ARBA D\u0116L TO, KAD VISI AKMENUKAI YRA NAT\u016aRAL\u016aS, &hellip; Preki\u0173 pristatymas ir gr\u0105\u017einimas Skaityti daugiau &raquo;\" \/>\n<meta property=\"og:url\" content=\"https:\/\/fromthemagicalrealm.com\/index.php\/pristatymas-ir-grazinimas\/\" \/>\n<meta property=\"og:site_name\" content=\"from the magical realm\" \/>\n<meta property=\"article:publisher\" content=\"https:\/\/www.facebook.com\/fromthemagicalrealm\" \/>\n<meta property=\"article:modified_time\" content=\"2025-12-27T06:53:16+00:00\" \/>\n<meta property=\"og:image\" content=\"https:\/\/fromthemagicalrealm.com\/wp-content\/uploads\/2023\/08\/image00002-3-1024x512.png\" \/>\n\t<meta property=\"og:image:width\" content=\"1024\" \/>\n\t<meta property=\"og:image:height\" content=\"512\" \/>\n\t<meta property=\"og:image:type\" content=\"image\/png\" \/>\n<meta name=\"twitter:card\" content=\"summary_large_image\" \/>\n<meta name=\"twitter:label1\" content=\"Est. reading time\" \/>\n\t<meta name=\"twitter:data1\" content=\"2 minut\u0117s\" \/>\n<script type=\"application\/ld+json\" class=\"yoast-schema-graph\">{\"@context\":\"https:\/\/schema.org\",\"@graph\":[{\"@type\":\"WebPage\",\"@id\":\"https:\/\/fromthemagicalrealm.com\/index.php\/pristatymas-ir-grazinimas\/\",\"url\":\"https:\/\/fromthemagicalrealm.com\/index.php\/pristatymas-ir-grazinimas\/\",\"name\":\"Preki\u0173 pristatymas ir gr\u0105\u017einimas &bull; from the magical realm\",\"isPartOf\":{\"@id\":\"https:\/\/fromthemagicalrealm.com\/#website\"},\"datePublished\":\"2023-08-14T17:12:45+00:00\",\"dateModified\":\"2025-12-27T06:53:16+00:00\",\"breadcrumb\":{\"@id\":\"https:\/\/fromthemagicalrealm.com\/index.php\/pristatymas-ir-grazinimas\/#breadcrumb\"},\"inLanguage\":\"lt-LT\",\"potentialAction\":[{\"@type\":\"ReadAction\",\"target\":[\"https:\/\/fromthemagicalrealm.com\/index.php\/pristatymas-ir-grazinimas\/\"]}]},{\"@type\":\"BreadcrumbList\",\"@id\":\"https:\/\/fromthemagicalrealm.com\/index.php\/pristatymas-ir-grazinimas\/#breadcrumb\",\"itemListElement\":[{\"@type\":\"ListItem\",\"position\":1,\"name\":\"Home\",\"item\":\"https:\/\/fromthemagicalrealm.com\/\"},{\"@type\":\"ListItem\",\"position\":2,\"name\":\"Preki\u0173 pristatymas ir gr\u0105\u017einimas\"}]},{\"@type\":\"WebSite\",\"@id\":\"https:\/\/fromthemagicalrealm.com\/#website\",\"url\":\"https:\/\/fromthemagicalrealm.com\/\",\"name\":\"from the magical realm\",\"description\":\"Nat\u016bral\u016bs kristalai\",\"publisher\":{\"@id\":\"https:\/\/fromthemagicalrealm.com\/#\/schema\/person\/85dfa5d4809d3b3bf17cfed17108b346\"},\"potentialAction\":[{\"@type\":\"SearchAction\",\"target\":{\"@type\":\"EntryPoint\",\"urlTemplate\":\"https:\/\/fromthemagicalrealm.com\/?s={search_term_string}\"},\"query-input\":\"required name=search_term_string\"}],\"inLanguage\":\"lt-LT\"},{\"@type\":[\"Person\",\"Organization\"],\"@id\":\"https:\/\/fromthemagicalrealm.com\/#\/schema\/person\/85dfa5d4809d3b3bf17cfed17108b346\",\"name\":\"fromthemagicalrealm.com\",\"image\":{\"@type\":\"ImageObject\",\"inLanguage\":\"lt-LT\",\"@id\":\"https:\/\/fromthemagicalrealm.com\/#\/schema\/person\/image\/\",\"url\":\"https:\/\/fromthemagicalrealm.com\/wp-content\/uploads\/2023\/08\/cropped-cropped-53FE4852-DD1C-43D1-B95F-5E004E5056D9.png\",\"contentUrl\":\"https:\/\/fromthemagicalrealm.com\/wp-content\/uploads\/2023\/08\/cropped-cropped-53FE4852-DD1C-43D1-B95F-5E004E5056D9.png\",\"width\":3370,\"height\":2233,\"caption\":\"fromthemagicalrealm.com\"},\"logo\":{\"@id\":\"https:\/\/fromthemagicalrealm.com\/#\/schema\/person\/image\/\"},\"sameAs\":[\"http:\/\/fromthemagicalrealm.com\",\"https:\/\/www.facebook.com\/fromthemagicalrealm\",\"https:\/\/www.instagram.com\/fromthemagicalrealm\/\"]}]}<\/script>\n<!-- \/ Yoast SEO plugin. -->","yoast_head_json":{"title":"Preki\u0173 pristatymas ir gr\u0105\u017einimas &bull; from the magical realm","robots":{"index":"index","follow":"follow","max-snippet":"max-snippet:-1","max-image-preview":"max-image-preview:large","max-video-preview":"max-video-preview:-1"},"canonical":"https:\/\/fromthemagicalrealm.com\/index.php\/pristatymas-ir-grazinimas\/","og_locale":"lt_LT","og_type":"article","og_title":"Preki\u0173 pristatymas ir gr\u0105\u017einimas &bull; from the magical realm","og_description":"SVARBU: KADANGI KRISTALAI IR MINERALAI YRA NAT\u016aRALUS GAMTOS K\u016aRINYS, PRIE\u0160 PERKANT, TUR\u0116KITE MINTYJE, KAD KIEKVIENAS AKMENUKAS YRA SKIRTINGAS, NET IR APDIRBTI KRISTALAI GALI TUR\u0116TI &#8222;NETOBULUM\u0172&#8221; (PVZ DR\u016aZA, \u012eTR\u016aKIMAS, DEBESUOTUMAS IR T.T.) KURIE PADARO AKMENUK\u0104 DAR UNIKALESN\u012e. SPALVA IR RA\u0160TAI GALI \u0160VELNIAI SKIRTIS NUO MATOM\u0172 NUOTRAUKOSE D\u0116L FOTOGRAFIJOS IR\/ARBA D\u0116L TO, KAD VISI AKMENUKAI YRA NAT\u016aRAL\u016aS, &hellip; Preki\u0173 pristatymas ir gr\u0105\u017einimas Skaityti daugiau &raquo;","og_url":"https:\/\/fromthemagicalrealm.com\/index.php\/pristatymas-ir-grazinimas\/","og_site_name":"from the magical realm","article_publisher":"https:\/\/www.facebook.com\/fromthemagicalrealm","article_modified_time":"2025-12-27T06:53:16+00:00","og_image":[{"width":1024,"height":512,"url":"https:\/\/fromthemagicalrealm.com\/wp-content\/uploads\/2023\/08\/image00002-3-1024x512.png","type":"image\/png"}],"twitter_card":"summary_large_image","twitter_misc":{"Est. reading time":"2 minut\u0117s"},"schema":{"@context":"https:\/\/schema.org","@graph":[{"@type":"WebPage","@id":"https:\/\/fromthemagicalrealm.com\/index.php\/pristatymas-ir-grazinimas\/","url":"https:\/\/fromthemagicalrealm.com\/index.php\/pristatymas-ir-grazinimas\/","name":"Preki\u0173 pristatymas ir gr\u0105\u017einimas &bull; from the magical realm","isPartOf":{"@id":"https:\/\/fromthemagicalrealm.com\/#website"},"datePublished":"2023-08-14T17:12:45+00:00","dateModified":"2025-12-27T06:53:16+00:00","breadcrumb":{"@id":"https:\/\/fromthemagicalrealm.com\/index.php\/pristatymas-ir-grazinimas\/#breadcrumb"},"inLanguage":"lt-LT","potentialAction":[{"@type":"ReadAction","target":["https:\/\/fromthemagicalrealm.com\/index.php\/pristatymas-ir-grazinimas\/"]}]},{"@type":"BreadcrumbList","@id":"https:\/\/fromthemagicalrealm.com\/index.php\/pristatymas-ir-grazinimas\/#breadcrumb","itemListElement":[{"@type":"ListItem","position":1,"name":"Home","item":"https:\/\/fromthemagicalrealm.com\/"},{"@type":"ListItem","position":2,"name":"Preki\u0173 pristatymas ir gr\u0105\u017einimas"}]},{"@type":"WebSite","@id":"https:\/\/fromthemagicalrealm.com\/#website","url":"https:\/\/fromthemagicalrealm.com\/","name":"from the magical realm","description":"Nat\u016bral\u016bs kristalai","publisher":{"@id":"https:\/\/fromthemagicalrealm.com\/#\/schema\/person\/85dfa5d4809d3b3bf17cfed17108b346"},"potentialAction":[{"@type":"SearchAction","target":{"@type":"EntryPoint","urlTemplate":"https:\/\/fromthemagicalrealm.com\/?s={search_term_string}"},"query-input":"required name=search_term_string"}],"inLanguage":"lt-LT"},{"@type":["Person","Organization"],"@id":"https:\/\/fromthemagicalrealm.com\/#\/schema\/person\/85dfa5d4809d3b3bf17cfed17108b346","name":"fromthemagicalrealm.com","image":{"@type":"ImageObject","inLanguage":"lt-LT","@id":"https:\/\/fromthemagicalrealm.com\/#\/schema\/person\/image\/","url":"https:\/\/fromthemagicalrealm.com\/wp-content\/uploads\/2023\/08\/cropped-cropped-53FE4852-DD1C-43D1-B95F-5E004E5056D9.png","contentUrl":"https:\/\/fromthemagicalrealm.com\/wp-content\/uploads\/2023\/08\/cropped-cropped-53FE4852-DD1C-43D1-B95F-5E004E5056D9.png","width":3370,"height":2233,"caption":"fromthemagicalrealm.com"},"logo":{"@id":"https:\/\/fromthemagicalrealm.com\/#\/schema\/person\/image\/"},"sameAs":["http:\/\/fromthemagicalrealm.com","https:\/\/www.facebook.com\/fromthemagicalrealm","https:\/\/www.instagram.com\/fromthemagicalrealm\/"]}]}},"_links":{"self":[{"href":"https:\/\/fromthemagicalrealm.com\/index.php\/wp-json\/wp\/v2\/pages\/1845","targetHints":{"allow":["GET"]}}],"collection":[{"href":"https:\/\/fromthemagicalrealm.com\/index.php\/wp-json\/wp\/v2\/pages"}],"about":[{"href":"https:\/\/fromthemagicalrealm.com\/index.php\/wp-json\/wp\/v2\/types\/page"}],"author":[{"embeddable":true,"href":"https:\/\/fromthemagicalrealm.com\/index.php\/wp-json\/wp\/v2\/users\/1"}],"replies":[{"embeddable":true,"href":"https:\/\/fromthemagicalrealm.com\/index.php\/wp-json\/wp\/v2\/comments?post=1845"}],"version-history":[{"count":35,"href":"https:\/\/fromthemagicalrealm.com\/index.php\/wp-json\/wp\/v2\/pages\/1845\/revisions"}],"predecessor-version":[{"id":4246,"href":"https:\/\/fromthemagicalrealm.com\/index.php\/wp-json\/wp\/v2\/pages\/1845\/revisions\/4246"}],"wp:attachment":[{"href":"https:\/\/fromthemagicalrealm.com\/index.php\/wp-json\/wp\/v2\/media?parent=1845"}],"curies":[{"name":"wp","href":"https:\/\/api.w.org\/{rel}","templated":true}]}}