{"id":1899,"date":"2023-08-16T16:58:07","date_gmt":"2023-08-16T16:58:07","guid":{"rendered":"https:\/\/fromthemagicalrealm.com\/?post_type=product&#038;p=1899"},"modified":"2025-01-21T19:40:43","modified_gmt":"2025-01-21T19:40:43","slug":"unakitas","status":"publish","type":"product","link":"https:\/\/fromthemagicalrealm.com\/index.php\/product\/unakitas\/","title":{"rendered":"Unakitas, S"},"content":{"rendered":"","protected":false},"excerpt":{"rendered":"<p>Balansas \u2022 Augimas \u2022 Gyvybingumas Unakitas skatina gyvybing\u0105 ir sveik\u0105 gyvenim\u0105. Jo \u0161ird\u012f gydanti energija puosel\u0117ja pusiausvyr\u0105 tarp fizinio, dvasinio, psichinio ir emocinio k\u016bn\u0173. Atkurdamas suderint\u0105 b\u016bties b\u016bsen\u0105, jis \u012fgalina i\u0161gydyti i\u0161 vidaus, suteikdamas \u012f\u017evalgos apie praeit\u012f, kad b\u016bt\u0173 pa\u0161alinta pagrindin\u0117 ligos prie\u017eastis. U\u017eslopintos emocijos ir skausmingi prisiminimai gali sukelti fizinius simptomus ir ligas organizme. Tirpindamas \u0161iuos energetinius blokus, unakitas \u012flieja j\u0117g\u0173 ir gyvybingumo, kad palaikyt\u0173 atsigavimo proces\u0105. Skatindamas kantryb\u0119 ir atkaklum\u0105, moko b\u016bti savo k\u016bne ir pripa\u017einti savo jausmus. Atnaujinus nerim\u0105 kelian\u010dius \u012fvykius ir aplinkybes, unakitas palengvina pyk\u010dio, li\u016bdesio, kalt\u0117s ir pasipiktinimo i\u0161laisvinim\u0105. Jis pra\u0161o atsisakyti \u017ealing\u0173 \u012fpro\u010di\u0173 ir pasikartojan\u010dio save sabotuojan\u010dio elgesio, kuris trukdo jud\u0117ti \u012f priek\u012f. \u017dvelk \u012f ateit\u012f kaip \u012f galimyb\u0119 gyventi visaverti\u0161kiausi\u0105 gyvenim\u0105, pasinaudojant praeitimi kaip pamoka, kaip pagerinti save.<\/p>\n","protected":false},"featured_media":1905,"template":"","meta":{"site-sidebar-layout":"default","site-content-layout":"default","ast-global-header-display":"","ast-banner-title-visibility":"","ast-main-header-display":"","ast-hfb-above-header-display":"","ast-hfb-below-header-display":"","ast-hfb-mobile-header-display":"","site-post-title":"","ast-breadcrumbs-content":"","ast-featured-img":"","footer-sml-layout":"","theme-transparent-header-meta":"default","adv-header-id-meta":"","stick-header-meta":"","header-above-stick-meta":"","header-main-stick-meta":"","header-below-stick-meta":""},"product_cat":[46,48,49],"product_tag":[],"class_list":{"0":"post-1899","1":"product","2":"type-product","3":"status-publish","4":"has-post-thumbnail","6":"product_cat-naturalus-kristalai-akmenukai-bugninukai","7":"product_cat-visi-kristalai-2","8":"product_cat-visi-produktai","9":"desktop-align-center","10":"tablet-align-left","11":"mobile-align-left","13":"first","14":"instock","15":"taxable","16":"shipping-taxable","17":"purchasable","18":"product-type-simple"},"yoast_head":"<!-- This site is optimized with the Yoast SEO plugin v20.13 - https:\/\/yoast.com\/wordpress\/plugins\/seo\/ -->\n<title>Unakitas, S &bull; from the magical realm<\/title>\n<meta name=\"robots\" content=\"index, follow, max-snippet:-1, max-image-preview:large, max-video-preview:-1\" \/>\n<link rel=\"canonical\" href=\"https:\/\/fromthemagicalrealm.com\/index.php\/product\/unakitas\/\" \/>\n<meta property=\"og:locale\" content=\"lt_LT\" \/>\n<meta property=\"og:type\" content=\"article\" \/>\n<meta property=\"og:title\" content=\"Unakitas, S &bull; from the magical realm\" \/>\n<meta property=\"og:description\" content=\"Balansas \u2022 Augimas \u2022 Gyvybingumas Unakitas skatina gyvybing\u0105 ir sveik\u0105 gyvenim\u0105. Jo \u0161ird\u012f gydanti energija puosel\u0117ja pusiausvyr\u0105 tarp fizinio, dvasinio, psichinio ir emocinio k\u016bn\u0173. Atkurdamas suderint\u0105 b\u016bties b\u016bsen\u0105, jis \u012fgalina i\u0161gydyti i\u0161 vidaus, suteikdamas \u012f\u017evalgos apie praeit\u012f, kad b\u016bt\u0173 pa\u0161alinta pagrindin\u0117 ligos prie\u017eastis. U\u017eslopintos emocijos ir skausmingi prisiminimai gali sukelti fizinius simptomus ir ligas organizme. Tirpindamas \u0161iuos energetinius blokus, unakitas \u012flieja j\u0117g\u0173 ir gyvybingumo, kad palaikyt\u0173 atsigavimo proces\u0105. Skatindamas kantryb\u0119 ir atkaklum\u0105, moko b\u016bti savo k\u016bne ir pripa\u017einti savo jausmus. Atnaujinus nerim\u0105 kelian\u010dius \u012fvykius ir aplinkybes, unakitas palengvina pyk\u010dio, li\u016bdesio, kalt\u0117s ir pasipiktinimo i\u0161laisvinim\u0105. Jis pra\u0161o atsisakyti \u017ealing\u0173 \u012fpro\u010di\u0173 ir pasikartojan\u010dio save sabotuojan\u010dio elgesio, kuris trukdo jud\u0117ti \u012f priek\u012f. \u017dvelk \u012f ateit\u012f kaip \u012f galimyb\u0119 gyventi visaverti\u0161kiausi\u0105 gyvenim\u0105, pasinaudojant praeitimi kaip pamoka, kaip pagerinti save.\" \/>\n<meta property=\"og:url\" content=\"https:\/\/fromthemagicalrealm.com\/index.php\/product\/unakitas\/\" \/>\n<meta property=\"og:site_name\" content=\"from the magical realm\" \/>\n<meta property=\"article:publisher\" content=\"https:\/\/www.facebook.com\/fromthemagicalrealm\" \/>\n<meta property=\"article:modified_time\" content=\"2025-01-21T19:40:43+00:00\" \/>\n<meta property=\"og:image\" content=\"http:\/\/fromthemagicalrealm.com\/wp-content\/uploads\/2023\/08\/26341658-A417-492A-9BB5-436BA97DF68F-scaled.jpeg\" \/>\n\t<meta property=\"og:image:width\" content=\"2560\" \/>\n\t<meta property=\"og:image:height\" content=\"2008\" \/>\n\t<meta property=\"og:image:type\" content=\"image\/jpeg\" \/>\n<meta name=\"twitter:card\" content=\"summary_large_image\" \/>\n<script type=\"application\/ld+json\" class=\"yoast-schema-graph\">{\"@context\":\"https:\/\/schema.org\",\"@graph\":[{\"@type\":\"WebPage\",\"@id\":\"https:\/\/fromthemagicalrealm.com\/index.php\/product\/unakitas\/\",\"url\":\"https:\/\/fromthemagicalrealm.com\/index.php\/product\/unakitas\/\",\"name\":\"Unakitas, S &bull; from the magical realm\",\"isPartOf\":{\"@id\":\"https:\/\/fromthemagicalrealm.com\/#website\"},\"datePublished\":\"2023-08-16T16:58:07+00:00\",\"dateModified\":\"2025-01-21T19:40:43+00:00\",\"breadcrumb\":{\"@id\":\"https:\/\/fromthemagicalrealm.com\/index.php\/product\/unakitas\/#breadcrumb\"},\"inLanguage\":\"lt-LT\",\"potentialAction\":[{\"@type\":\"ReadAction\",\"target\":[\"https:\/\/fromthemagicalrealm.com\/index.php\/product\/unakitas\/\"]}]},{\"@type\":\"BreadcrumbList\",\"@id\":\"https:\/\/fromthemagicalrealm.com\/index.php\/product\/unakitas\/#breadcrumb\",\"itemListElement\":[{\"@type\":\"ListItem\",\"position\":1,\"name\":\"Home\",\"item\":\"https:\/\/fromthemagicalrealm.com\/\"},{\"@type\":\"ListItem\",\"position\":2,\"name\":\"Shop\",\"item\":\"https:\/\/fromthemagicalrealm.com\/index.php\/shop\/\"},{\"@type\":\"ListItem\",\"position\":3,\"name\":\"Unakitas, S\"}]},{\"@type\":\"WebSite\",\"@id\":\"https:\/\/fromthemagicalrealm.com\/#website\",\"url\":\"https:\/\/fromthemagicalrealm.com\/\",\"name\":\"from the magical realm\",\"description\":\"Nat\u016bral\u016bs kristalai\",\"publisher\":{\"@id\":\"https:\/\/fromthemagicalrealm.com\/#\/schema\/person\/85dfa5d4809d3b3bf17cfed17108b346\"},\"potentialAction\":[{\"@type\":\"SearchAction\",\"target\":{\"@type\":\"EntryPoint\",\"urlTemplate\":\"https:\/\/fromthemagicalrealm.com\/?s={search_term_string}\"},\"query-input\":\"required name=search_term_string\"}],\"inLanguage\":\"lt-LT\"},{\"@type\":[\"Person\",\"Organization\"],\"@id\":\"https:\/\/fromthemagicalrealm.com\/#\/schema\/person\/85dfa5d4809d3b3bf17cfed17108b346\",\"name\":\"fromthemagicalrealm.com\",\"image\":{\"@type\":\"ImageObject\",\"inLanguage\":\"lt-LT\",\"@id\":\"https:\/\/fromthemagicalrealm.com\/#\/schema\/person\/image\/\",\"url\":\"https:\/\/fromthemagicalrealm.com\/wp-content\/uploads\/2023\/08\/cropped-cropped-53FE4852-DD1C-43D1-B95F-5E004E5056D9.png\",\"contentUrl\":\"https:\/\/fromthemagicalrealm.com\/wp-content\/uploads\/2023\/08\/cropped-cropped-53FE4852-DD1C-43D1-B95F-5E004E5056D9.png\",\"width\":3370,\"height\":2233,\"caption\":\"fromthemagicalrealm.com\"},\"logo\":{\"@id\":\"https:\/\/fromthemagicalrealm.com\/#\/schema\/person\/image\/\"},\"sameAs\":[\"http:\/\/fromthemagicalrealm.com\",\"https:\/\/www.facebook.com\/fromthemagicalrealm\",\"https:\/\/www.instagram.com\/fromthemagicalrealm\/\"]}]}<\/script>\n<!-- \/ Yoast SEO plugin. -->","yoast_head_json":{"title":"Unakitas, S &bull; from the magical realm","robots":{"index":"index","follow":"follow","max-snippet":"max-snippet:-1","max-image-preview":"max-image-preview:large","max-video-preview":"max-video-preview:-1"},"canonical":"https:\/\/fromthemagicalrealm.com\/index.php\/product\/unakitas\/","og_locale":"lt_LT","og_type":"article","og_title":"Unakitas, S &bull; from the magical realm","og_description":"Balansas \u2022 Augimas \u2022 Gyvybingumas Unakitas skatina gyvybing\u0105 ir sveik\u0105 gyvenim\u0105. Jo \u0161ird\u012f gydanti energija puosel\u0117ja pusiausvyr\u0105 tarp fizinio, dvasinio, psichinio ir emocinio k\u016bn\u0173. Atkurdamas suderint\u0105 b\u016bties b\u016bsen\u0105, jis \u012fgalina i\u0161gydyti i\u0161 vidaus, suteikdamas \u012f\u017evalgos apie praeit\u012f, kad b\u016bt\u0173 pa\u0161alinta pagrindin\u0117 ligos prie\u017eastis. U\u017eslopintos emocijos ir skausmingi prisiminimai gali sukelti fizinius simptomus ir ligas organizme. Tirpindamas \u0161iuos energetinius blokus, unakitas \u012flieja j\u0117g\u0173 ir gyvybingumo, kad palaikyt\u0173 atsigavimo proces\u0105. Skatindamas kantryb\u0119 ir atkaklum\u0105, moko b\u016bti savo k\u016bne ir pripa\u017einti savo jausmus. Atnaujinus nerim\u0105 kelian\u010dius \u012fvykius ir aplinkybes, unakitas palengvina pyk\u010dio, li\u016bdesio, kalt\u0117s ir pasipiktinimo i\u0161laisvinim\u0105. Jis pra\u0161o atsisakyti \u017ealing\u0173 \u012fpro\u010di\u0173 ir pasikartojan\u010dio save sabotuojan\u010dio elgesio, kuris trukdo jud\u0117ti \u012f priek\u012f. \u017dvelk \u012f ateit\u012f kaip \u012f galimyb\u0119 gyventi visaverti\u0161kiausi\u0105 gyvenim\u0105, pasinaudojant praeitimi kaip pamoka, kaip pagerinti save.","og_url":"https:\/\/fromthemagicalrealm.com\/index.php\/product\/unakitas\/","og_site_name":"from the magical realm","article_publisher":"https:\/\/www.facebook.com\/fromthemagicalrealm","article_modified_time":"2025-01-21T19:40:43+00:00","og_image":[{"width":2560,"height":2008,"url":"http:\/\/fromthemagicalrealm.com\/wp-content\/uploads\/2023\/08\/26341658-A417-492A-9BB5-436BA97DF68F-scaled.jpeg","type":"image\/jpeg"}],"twitter_card":"summary_large_image","schema":{"@context":"https:\/\/schema.org","@graph":[{"@type":"WebPage","@id":"https:\/\/fromthemagicalrealm.com\/index.php\/product\/unakitas\/","url":"https:\/\/fromthemagicalrealm.com\/index.php\/product\/unakitas\/","name":"Unakitas, S &bull; from the magical realm","isPartOf":{"@id":"https:\/\/fromthemagicalrealm.com\/#website"},"datePublished":"2023-08-16T16:58:07+00:00","dateModified":"2025-01-21T19:40:43+00:00","breadcrumb":{"@id":"https:\/\/fromthemagicalrealm.com\/index.php\/product\/unakitas\/#breadcrumb"},"inLanguage":"lt-LT","potentialAction":[{"@type":"ReadAction","target":["https:\/\/fromthemagicalrealm.com\/index.php\/product\/unakitas\/"]}]},{"@type":"BreadcrumbList","@id":"https:\/\/fromthemagicalrealm.com\/index.php\/product\/unakitas\/#breadcrumb","itemListElement":[{"@type":"ListItem","position":1,"name":"Home","item":"https:\/\/fromthemagicalrealm.com\/"},{"@type":"ListItem","position":2,"name":"Shop","item":"https:\/\/fromthemagicalrealm.com\/index.php\/shop\/"},{"@type":"ListItem","position":3,"name":"Unakitas, S"}]},{"@type":"WebSite","@id":"https:\/\/fromthemagicalrealm.com\/#website","url":"https:\/\/fromthemagicalrealm.com\/","name":"from the magical realm","description":"Nat\u016bral\u016bs kristalai","publisher":{"@id":"https:\/\/fromthemagicalrealm.com\/#\/schema\/person\/85dfa5d4809d3b3bf17cfed17108b346"},"potentialAction":[{"@type":"SearchAction","target":{"@type":"EntryPoint","urlTemplate":"https:\/\/fromthemagicalrealm.com\/?s={search_term_string}"},"query-input":"required name=search_term_string"}],"inLanguage":"lt-LT"},{"@type":["Person","Organization"],"@id":"https:\/\/fromthemagicalrealm.com\/#\/schema\/person\/85dfa5d4809d3b3bf17cfed17108b346","name":"fromthemagicalrealm.com","image":{"@type":"ImageObject","inLanguage":"lt-LT","@id":"https:\/\/fromthemagicalrealm.com\/#\/schema\/person\/image\/","url":"https:\/\/fromthemagicalrealm.com\/wp-content\/uploads\/2023\/08\/cropped-cropped-53FE4852-DD1C-43D1-B95F-5E004E5056D9.png","contentUrl":"https:\/\/fromthemagicalrealm.com\/wp-content\/uploads\/2023\/08\/cropped-cropped-53FE4852-DD1C-43D1-B95F-5E004E5056D9.png","width":3370,"height":2233,"caption":"fromthemagicalrealm.com"},"logo":{"@id":"https:\/\/fromthemagicalrealm.com\/#\/schema\/person\/image\/"},"sameAs":["http:\/\/fromthemagicalrealm.com","https:\/\/www.facebook.com\/fromthemagicalrealm","https:\/\/www.instagram.com\/fromthemagicalrealm\/"]}]}},"_links":{"self":[{"href":"https:\/\/fromthemagicalrealm.com\/index.php\/wp-json\/wp\/v2\/product\/1899","targetHints":{"allow":["GET"]}}],"collection":[{"href":"https:\/\/fromthemagicalrealm.com\/index.php\/wp-json\/wp\/v2\/product"}],"about":[{"href":"https:\/\/fromthemagicalrealm.com\/index.php\/wp-json\/wp\/v2\/types\/product"}],"version-history":[{"count":2,"href":"https:\/\/fromthemagicalrealm.com\/index.php\/wp-json\/wp\/v2\/product\/1899\/revisions"}],"predecessor-version":[{"id":4015,"href":"https:\/\/fromthemagicalrealm.com\/index.php\/wp-json\/wp\/v2\/product\/1899\/revisions\/4015"}],"wp:featuredmedia":[{"embeddable":true,"href":"https:\/\/fromthemagicalrealm.com\/index.php\/wp-json\/wp\/v2\/media\/1905"}],"wp:attachment":[{"href":"https:\/\/fromthemagicalrealm.com\/index.php\/wp-json\/wp\/v2\/media?parent=1899"}],"wp:term":[{"taxonomy":"product_cat","embeddable":true,"href":"https:\/\/fromthemagicalrealm.com\/index.php\/wp-json\/wp\/v2\/product_cat?post=1899"},{"taxonomy":"product_tag","embeddable":true,"href":"https:\/\/fromthemagicalrealm.com\/index.php\/wp-json\/wp\/v2\/product_tag?post=1899"}],"curies":[{"name":"wp","href":"https:\/\/api.w.org\/{rel}","templated":true}]}}