{"id":1946,"date":"2023-08-17T18:37:37","date_gmt":"2023-08-17T18:37:37","guid":{"rendered":"https:\/\/fromthemagicalrealm.com\/?post_type=product&#038;p=1946"},"modified":"2025-01-21T22:07:17","modified_gmt":"2025-01-21T22:07:17","slug":"rozinio-kvarco-grybukas","status":"publish","type":"product","link":"https:\/\/fromthemagicalrealm.com\/index.php\/product\/rozinio-kvarco-grybukas\/","title":{"rendered":"Ro\u017einio Kvarco grybukas"},"content":{"rendered":"","protected":false},"excerpt":{"rendered":"<p class=\"p1\" style=\"text-align: left;\"><span class=\"s1\">RO\u017dINIS KVARCAS <\/span><\/p>\n<p class=\"p1\"><span class=\"s1\">Meil\u0117 \u2022 Aistra \u2022 Laim\u0117<\/span><\/p>\n<p class=\"p1\"><span class=\"s1\">Ro\u017einis kvarcas bes\u0105lygi\u0161kos meil\u0117s kristalas. Tai \u012fkvepia sav\u0119s pri\u0117mim\u0105, nes atpa\u017e\u012fsta tavo unikal\u0173 vidin\u012f gro\u017e\u012f ir ugdo nuo\u0161ird\u0173 sav\u0119s vertinim\u0105.<\/span><\/p>\n<p class=\"p1\"><span class=\"s1\">Skatindamas u\u017euojaut\u0105 ir supratim\u0105, u\u017emezga prasming\u0105 draugyst\u0119 ir stiprina \u0161eimos ry\u0161ius. Jos meilinga vibracija pritraukia nauj\u0105 romantik\u0105 ir gali i\u0161 naujo \u012f\u017eiebti aistr\u0105 tarp partneri\u0173.<\/span><\/p>\n<p class=\"p1\"><span class=\"s1\">Subalansuodamas \u0161irdies \u010dakr\u0105, ro\u017einis kvarcas nuramina k\u016bn\u0105 \u012f begalin\u0117s ramyb\u0117s b\u016bsen\u0105. I\u0161laisvindamas stres\u0105 ir pasipiktinim\u0105, jis palaiko emocin\u012f gijim\u0105, padedant\u012f \u012fveikti traum\u0105 ir \u0161irdies skausm\u0105. Jo raminanti energija skatina atleisti, kai atkurin\u0117ji pasitik\u0117jim\u0105 kitais. <\/span><\/p>\n","protected":false},"featured_media":1937,"template":"","meta":{"site-sidebar-layout":"default","site-content-layout":"default","ast-global-header-display":"","ast-banner-title-visibility":"","ast-main-header-display":"","ast-hfb-above-header-display":"","ast-hfb-below-header-display":"","ast-hfb-mobile-header-display":"","site-post-title":"","ast-breadcrumbs-content":"","ast-featured-img":"","footer-sml-layout":"","theme-transparent-header-meta":"default","adv-header-id-meta":"","stick-header-meta":"","header-above-stick-meta":"","header-main-stick-meta":"","header-below-stick-meta":""},"product_cat":[44,48,49],"product_tag":[],"class_list":{"0":"post-1946","1":"product","2":"type-product","3":"status-publish","4":"has-post-thumbnail","6":"product_cat-kitu-formu-kristalai","7":"product_cat-visi-kristalai-2","8":"product_cat-visi-produktai","9":"desktop-align-center","10":"tablet-align-left","11":"mobile-align-left","13":"first","14":"instock","15":"sale","16":"taxable","17":"shipping-taxable","18":"purchasable","19":"product-type-simple"},"yoast_head":"<!-- This site is optimized with the Yoast SEO plugin v20.13 - https:\/\/yoast.com\/wordpress\/plugins\/seo\/ -->\n<title>Ro\u017einio Kvarco grybukas &bull; from the magical realm<\/title>\n<meta name=\"robots\" content=\"index, follow, max-snippet:-1, max-image-preview:large, max-video-preview:-1\" \/>\n<link rel=\"canonical\" href=\"https:\/\/fromthemagicalrealm.com\/index.php\/product\/rozinio-kvarco-grybukas\/\" \/>\n<meta property=\"og:locale\" content=\"lt_LT\" \/>\n<meta property=\"og:type\" content=\"article\" \/>\n<meta property=\"og:title\" content=\"Ro\u017einio Kvarco grybukas &bull; from the magical realm\" \/>\n<meta property=\"og:description\" content=\"RO\u017dINIS KVARCAS  Meil\u0117 \u2022 Aistra \u2022 Laim\u0117 Ro\u017einis kvarcas bes\u0105lygi\u0161kos meil\u0117s kristalas. Tai \u012fkvepia sav\u0119s pri\u0117mim\u0105, nes atpa\u017e\u012fsta tavo unikal\u0173 vidin\u012f gro\u017e\u012f ir ugdo nuo\u0161ird\u0173 sav\u0119s vertinim\u0105. Skatindamas u\u017euojaut\u0105 ir supratim\u0105, u\u017emezga prasming\u0105 draugyst\u0119 ir stiprina \u0161eimos ry\u0161ius. Jos meilinga vibracija pritraukia nauj\u0105 romantik\u0105 ir gali i\u0161 naujo \u012f\u017eiebti aistr\u0105 tarp partneri\u0173. Subalansuodamas \u0161irdies \u010dakr\u0105, ro\u017einis kvarcas nuramina k\u016bn\u0105 \u012f begalin\u0117s ramyb\u0117s b\u016bsen\u0105. I\u0161laisvindamas stres\u0105 ir pasipiktinim\u0105, jis palaiko emocin\u012f gijim\u0105, padedant\u012f \u012fveikti traum\u0105 ir \u0161irdies skausm\u0105. Jo raminanti energija skatina atleisti, kai atkurin\u0117ji pasitik\u0117jim\u0105 kitais.\" \/>\n<meta property=\"og:url\" content=\"https:\/\/fromthemagicalrealm.com\/index.php\/product\/rozinio-kvarco-grybukas\/\" \/>\n<meta property=\"og:site_name\" content=\"from the magical realm\" \/>\n<meta property=\"article:publisher\" content=\"https:\/\/www.facebook.com\/fromthemagicalrealm\" \/>\n<meta property=\"article:modified_time\" content=\"2025-01-21T22:07:17+00:00\" \/>\n<meta property=\"og:image\" content=\"http:\/\/fromthemagicalrealm.com\/wp-content\/uploads\/2023\/08\/0743B647-7746-4FB8-9025-D205A20EF708-scaled.jpeg\" \/>\n\t<meta property=\"og:image:width\" content=\"2560\" \/>\n\t<meta property=\"og:image:height\" content=\"1920\" \/>\n\t<meta property=\"og:image:type\" content=\"image\/jpeg\" \/>\n<meta name=\"twitter:card\" content=\"summary_large_image\" \/>\n<script type=\"application\/ld+json\" class=\"yoast-schema-graph\">{\"@context\":\"https:\/\/schema.org\",\"@graph\":[{\"@type\":\"WebPage\",\"@id\":\"https:\/\/fromthemagicalrealm.com\/index.php\/product\/rozinio-kvarco-grybukas\/\",\"url\":\"https:\/\/fromthemagicalrealm.com\/index.php\/product\/rozinio-kvarco-grybukas\/\",\"name\":\"Ro\u017einio Kvarco grybukas &bull; from the magical realm\",\"isPartOf\":{\"@id\":\"https:\/\/fromthemagicalrealm.com\/#website\"},\"datePublished\":\"2023-08-17T18:37:37+00:00\",\"dateModified\":\"2025-01-21T22:07:17+00:00\",\"breadcrumb\":{\"@id\":\"https:\/\/fromthemagicalrealm.com\/index.php\/product\/rozinio-kvarco-grybukas\/#breadcrumb\"},\"inLanguage\":\"lt-LT\",\"potentialAction\":[{\"@type\":\"ReadAction\",\"target\":[\"https:\/\/fromthemagicalrealm.com\/index.php\/product\/rozinio-kvarco-grybukas\/\"]}]},{\"@type\":\"BreadcrumbList\",\"@id\":\"https:\/\/fromthemagicalrealm.com\/index.php\/product\/rozinio-kvarco-grybukas\/#breadcrumb\",\"itemListElement\":[{\"@type\":\"ListItem\",\"position\":1,\"name\":\"Home\",\"item\":\"https:\/\/fromthemagicalrealm.com\/\"},{\"@type\":\"ListItem\",\"position\":2,\"name\":\"Shop\",\"item\":\"https:\/\/fromthemagicalrealm.com\/index.php\/shop\/\"},{\"@type\":\"ListItem\",\"position\":3,\"name\":\"Ro\u017einio Kvarco grybukas\"}]},{\"@type\":\"WebSite\",\"@id\":\"https:\/\/fromthemagicalrealm.com\/#website\",\"url\":\"https:\/\/fromthemagicalrealm.com\/\",\"name\":\"from the magical realm\",\"description\":\"Nat\u016bral\u016bs kristalai\",\"publisher\":{\"@id\":\"https:\/\/fromthemagicalrealm.com\/#\/schema\/person\/85dfa5d4809d3b3bf17cfed17108b346\"},\"potentialAction\":[{\"@type\":\"SearchAction\",\"target\":{\"@type\":\"EntryPoint\",\"urlTemplate\":\"https:\/\/fromthemagicalrealm.com\/?s={search_term_string}\"},\"query-input\":\"required name=search_term_string\"}],\"inLanguage\":\"lt-LT\"},{\"@type\":[\"Person\",\"Organization\"],\"@id\":\"https:\/\/fromthemagicalrealm.com\/#\/schema\/person\/85dfa5d4809d3b3bf17cfed17108b346\",\"name\":\"fromthemagicalrealm.com\",\"image\":{\"@type\":\"ImageObject\",\"inLanguage\":\"lt-LT\",\"@id\":\"https:\/\/fromthemagicalrealm.com\/#\/schema\/person\/image\/\",\"url\":\"https:\/\/fromthemagicalrealm.com\/wp-content\/uploads\/2023\/08\/cropped-cropped-53FE4852-DD1C-43D1-B95F-5E004E5056D9.png\",\"contentUrl\":\"https:\/\/fromthemagicalrealm.com\/wp-content\/uploads\/2023\/08\/cropped-cropped-53FE4852-DD1C-43D1-B95F-5E004E5056D9.png\",\"width\":3370,\"height\":2233,\"caption\":\"fromthemagicalrealm.com\"},\"logo\":{\"@id\":\"https:\/\/fromthemagicalrealm.com\/#\/schema\/person\/image\/\"},\"sameAs\":[\"http:\/\/fromthemagicalrealm.com\",\"https:\/\/www.facebook.com\/fromthemagicalrealm\",\"https:\/\/www.instagram.com\/fromthemagicalrealm\/\"]}]}<\/script>\n<!-- \/ Yoast SEO plugin. -->","yoast_head_json":{"title":"Ro\u017einio Kvarco grybukas &bull; from the magical realm","robots":{"index":"index","follow":"follow","max-snippet":"max-snippet:-1","max-image-preview":"max-image-preview:large","max-video-preview":"max-video-preview:-1"},"canonical":"https:\/\/fromthemagicalrealm.com\/index.php\/product\/rozinio-kvarco-grybukas\/","og_locale":"lt_LT","og_type":"article","og_title":"Ro\u017einio Kvarco grybukas &bull; from the magical realm","og_description":"RO\u017dINIS KVARCAS  Meil\u0117 \u2022 Aistra \u2022 Laim\u0117 Ro\u017einis kvarcas bes\u0105lygi\u0161kos meil\u0117s kristalas. Tai \u012fkvepia sav\u0119s pri\u0117mim\u0105, nes atpa\u017e\u012fsta tavo unikal\u0173 vidin\u012f gro\u017e\u012f ir ugdo nuo\u0161ird\u0173 sav\u0119s vertinim\u0105. Skatindamas u\u017euojaut\u0105 ir supratim\u0105, u\u017emezga prasming\u0105 draugyst\u0119 ir stiprina \u0161eimos ry\u0161ius. Jos meilinga vibracija pritraukia nauj\u0105 romantik\u0105 ir gali i\u0161 naujo \u012f\u017eiebti aistr\u0105 tarp partneri\u0173. Subalansuodamas \u0161irdies \u010dakr\u0105, ro\u017einis kvarcas nuramina k\u016bn\u0105 \u012f begalin\u0117s ramyb\u0117s b\u016bsen\u0105. I\u0161laisvindamas stres\u0105 ir pasipiktinim\u0105, jis palaiko emocin\u012f gijim\u0105, padedant\u012f \u012fveikti traum\u0105 ir \u0161irdies skausm\u0105. Jo raminanti energija skatina atleisti, kai atkurin\u0117ji pasitik\u0117jim\u0105 kitais.","og_url":"https:\/\/fromthemagicalrealm.com\/index.php\/product\/rozinio-kvarco-grybukas\/","og_site_name":"from the magical realm","article_publisher":"https:\/\/www.facebook.com\/fromthemagicalrealm","article_modified_time":"2025-01-21T22:07:17+00:00","og_image":[{"width":2560,"height":1920,"url":"http:\/\/fromthemagicalrealm.com\/wp-content\/uploads\/2023\/08\/0743B647-7746-4FB8-9025-D205A20EF708-scaled.jpeg","type":"image\/jpeg"}],"twitter_card":"summary_large_image","schema":{"@context":"https:\/\/schema.org","@graph":[{"@type":"WebPage","@id":"https:\/\/fromthemagicalrealm.com\/index.php\/product\/rozinio-kvarco-grybukas\/","url":"https:\/\/fromthemagicalrealm.com\/index.php\/product\/rozinio-kvarco-grybukas\/","name":"Ro\u017einio Kvarco grybukas &bull; from the magical realm","isPartOf":{"@id":"https:\/\/fromthemagicalrealm.com\/#website"},"datePublished":"2023-08-17T18:37:37+00:00","dateModified":"2025-01-21T22:07:17+00:00","breadcrumb":{"@id":"https:\/\/fromthemagicalrealm.com\/index.php\/product\/rozinio-kvarco-grybukas\/#breadcrumb"},"inLanguage":"lt-LT","potentialAction":[{"@type":"ReadAction","target":["https:\/\/fromthemagicalrealm.com\/index.php\/product\/rozinio-kvarco-grybukas\/"]}]},{"@type":"BreadcrumbList","@id":"https:\/\/fromthemagicalrealm.com\/index.php\/product\/rozinio-kvarco-grybukas\/#breadcrumb","itemListElement":[{"@type":"ListItem","position":1,"name":"Home","item":"https:\/\/fromthemagicalrealm.com\/"},{"@type":"ListItem","position":2,"name":"Shop","item":"https:\/\/fromthemagicalrealm.com\/index.php\/shop\/"},{"@type":"ListItem","position":3,"name":"Ro\u017einio Kvarco grybukas"}]},{"@type":"WebSite","@id":"https:\/\/fromthemagicalrealm.com\/#website","url":"https:\/\/fromthemagicalrealm.com\/","name":"from the magical realm","description":"Nat\u016bral\u016bs kristalai","publisher":{"@id":"https:\/\/fromthemagicalrealm.com\/#\/schema\/person\/85dfa5d4809d3b3bf17cfed17108b346"},"potentialAction":[{"@type":"SearchAction","target":{"@type":"EntryPoint","urlTemplate":"https:\/\/fromthemagicalrealm.com\/?s={search_term_string}"},"query-input":"required name=search_term_string"}],"inLanguage":"lt-LT"},{"@type":["Person","Organization"],"@id":"https:\/\/fromthemagicalrealm.com\/#\/schema\/person\/85dfa5d4809d3b3bf17cfed17108b346","name":"fromthemagicalrealm.com","image":{"@type":"ImageObject","inLanguage":"lt-LT","@id":"https:\/\/fromthemagicalrealm.com\/#\/schema\/person\/image\/","url":"https:\/\/fromthemagicalrealm.com\/wp-content\/uploads\/2023\/08\/cropped-cropped-53FE4852-DD1C-43D1-B95F-5E004E5056D9.png","contentUrl":"https:\/\/fromthemagicalrealm.com\/wp-content\/uploads\/2023\/08\/cropped-cropped-53FE4852-DD1C-43D1-B95F-5E004E5056D9.png","width":3370,"height":2233,"caption":"fromthemagicalrealm.com"},"logo":{"@id":"https:\/\/fromthemagicalrealm.com\/#\/schema\/person\/image\/"},"sameAs":["http:\/\/fromthemagicalrealm.com","https:\/\/www.facebook.com\/fromthemagicalrealm","https:\/\/www.instagram.com\/fromthemagicalrealm\/"]}]}},"_links":{"self":[{"href":"https:\/\/fromthemagicalrealm.com\/index.php\/wp-json\/wp\/v2\/product\/1946","targetHints":{"allow":["GET"]}}],"collection":[{"href":"https:\/\/fromthemagicalrealm.com\/index.php\/wp-json\/wp\/v2\/product"}],"about":[{"href":"https:\/\/fromthemagicalrealm.com\/index.php\/wp-json\/wp\/v2\/types\/product"}],"version-history":[{"count":1,"href":"https:\/\/fromthemagicalrealm.com\/index.php\/wp-json\/wp\/v2\/product\/1946\/revisions"}],"predecessor-version":[{"id":1947,"href":"https:\/\/fromthemagicalrealm.com\/index.php\/wp-json\/wp\/v2\/product\/1946\/revisions\/1947"}],"wp:featuredmedia":[{"embeddable":true,"href":"https:\/\/fromthemagicalrealm.com\/index.php\/wp-json\/wp\/v2\/media\/1937"}],"wp:attachment":[{"href":"https:\/\/fromthemagicalrealm.com\/index.php\/wp-json\/wp\/v2\/media?parent=1946"}],"wp:term":[{"taxonomy":"product_cat","embeddable":true,"href":"https:\/\/fromthemagicalrealm.com\/index.php\/wp-json\/wp\/v2\/product_cat?post=1946"},{"taxonomy":"product_tag","embeddable":true,"href":"https:\/\/fromthemagicalrealm.com\/index.php\/wp-json\/wp\/v2\/product_tag?post=1946"}],"curies":[{"name":"wp","href":"https:\/\/api.w.org\/{rel}","templated":true}]}}