{"id":1950,"date":"2023-08-17T18:43:55","date_gmt":"2023-08-17T18:43:55","guid":{"rendered":"https:\/\/fromthemagicalrealm.com\/?post_type=product&#038;p=1950"},"modified":"2025-01-21T22:07:16","modified_gmt":"2025-01-21T22:07:16","slug":"juodo-obsidiano-grybukas","status":"publish","type":"product","link":"https:\/\/fromthemagicalrealm.com\/index.php\/product\/juodo-obsidiano-grybukas\/","title":{"rendered":"Juodo Obsidiano grybukas"},"content":{"rendered":"","protected":false},"excerpt":{"rendered":"<p class=\"p1\"><span class=\"s1\">Juodasis Obsidianas<\/span><\/p>\n<p class=\"p1\"><span class=\"s1\">Apsauga \u2022 Tobul\u0117jimas \u2022 \u012e\u017eeminimas<\/span><\/p>\n<p class=\"p1\"><span class=\"s1\">Juodasis obsidianas i\u0161kelia tamsius ir pasl\u0117ptus j\u016bs\u0173 aspektus. Didindamas savimon\u0119, jis moko jus gerbti buvimo \u017emogumi netobulumus ir priimti savo tr\u016bkumus bei silpnybes kaip augimo ir tobul\u0117jimo galimybes.<\/span><\/p>\n<p class=\"p1\"><span class=\"s1\">Per s\u0105\u017eining\u0105 savirefleksij\u0105 juodasis obsidianas \u012fgalina vidin\u0119 j\u0117g\u0105 i\u0161tirti destruktyvi\u0173 elgesio modeli\u0173 prigimt\u012f. Priimdamas \u0161iuos jausmus be sprendimo, tai \u012fkvepia asmenin\u0119 transformacij\u0105 \u012f tavo autenti\u0161k\u0105 a\u0161. Atkurdamas harmoning\u0105 emocinio k\u016bno pusiausvyr\u0105, jis ugdo visumos jausm\u0105 ir gali\u0105 priimti gyvenimo i\u0161\u0161\u016bkius.<\/span><\/p>\n<p class=\"p1\"><span class=\"s1\">\u012e\u017eemindamas tave \u012f \u017eem\u0117s centr\u0105, juodojo obsidiano galingas valymo geb\u0117jimas sugeria kenksming\u0105 energij\u0105 i\u0161 aplinkos ir tavo auros lauko. Jis sudaro apsaugin\u012f skyd\u0105, apsaugant\u012f nuo neigiamo poveikio ir psichini\u0173 priepuoli\u0173. \u0160amanai j\u012f da\u017eniausiai naudoja kaip \u012frank\u012f \u0161aukti ir gauti \u017einutes i\u0161 dvasinio pasaulio.<\/span><\/p>\n","protected":false},"featured_media":1936,"template":"","meta":{"site-sidebar-layout":"default","site-content-layout":"default","ast-global-header-display":"","ast-banner-title-visibility":"","ast-main-header-display":"","ast-hfb-above-header-display":"","ast-hfb-below-header-display":"","ast-hfb-mobile-header-display":"","site-post-title":"","ast-breadcrumbs-content":"","ast-featured-img":"","footer-sml-layout":"","theme-transparent-header-meta":"default","adv-header-id-meta":"","stick-header-meta":"","header-above-stick-meta":"","header-main-stick-meta":"","header-below-stick-meta":""},"product_cat":[44,48,49],"product_tag":[],"class_list":{"0":"post-1950","1":"product","2":"type-product","3":"status-publish","4":"has-post-thumbnail","6":"product_cat-kitu-formu-kristalai","7":"product_cat-visi-kristalai-2","8":"product_cat-visi-produktai","9":"desktop-align-center","10":"tablet-align-left","11":"mobile-align-left","13":"first","14":"instock","15":"sale","16":"taxable","17":"shipping-taxable","18":"purchasable","19":"product-type-simple"},"yoast_head":"<!-- This site is optimized with the Yoast SEO plugin v20.13 - https:\/\/yoast.com\/wordpress\/plugins\/seo\/ -->\n<title>Juodo Obsidiano grybukas &bull; from the magical realm<\/title>\n<meta name=\"robots\" content=\"index, follow, max-snippet:-1, max-image-preview:large, max-video-preview:-1\" \/>\n<link rel=\"canonical\" href=\"https:\/\/fromthemagicalrealm.com\/index.php\/product\/juodo-obsidiano-grybukas\/\" \/>\n<meta property=\"og:locale\" content=\"lt_LT\" \/>\n<meta property=\"og:type\" content=\"article\" \/>\n<meta property=\"og:title\" content=\"Juodo Obsidiano grybukas &bull; from the magical realm\" \/>\n<meta property=\"og:description\" content=\"Juodasis Obsidianas Apsauga \u2022 Tobul\u0117jimas \u2022 \u012e\u017eeminimas Juodasis obsidianas i\u0161kelia tamsius ir pasl\u0117ptus j\u016bs\u0173 aspektus. Didindamas savimon\u0119, jis moko jus gerbti buvimo \u017emogumi netobulumus ir priimti savo tr\u016bkumus bei silpnybes kaip augimo ir tobul\u0117jimo galimybes. Per s\u0105\u017eining\u0105 savirefleksij\u0105 juodasis obsidianas \u012fgalina vidin\u0119 j\u0117g\u0105 i\u0161tirti destruktyvi\u0173 elgesio modeli\u0173 prigimt\u012f. Priimdamas \u0161iuos jausmus be sprendimo, tai \u012fkvepia asmenin\u0119 transformacij\u0105 \u012f tavo autenti\u0161k\u0105 a\u0161. Atkurdamas harmoning\u0105 emocinio k\u016bno pusiausvyr\u0105, jis ugdo visumos jausm\u0105 ir gali\u0105 priimti gyvenimo i\u0161\u0161\u016bkius. \u012e\u017eemindamas tave \u012f \u017eem\u0117s centr\u0105, juodojo obsidiano galingas valymo geb\u0117jimas sugeria kenksming\u0105 energij\u0105 i\u0161 aplinkos ir tavo auros lauko. Jis sudaro apsaugin\u012f skyd\u0105, apsaugant\u012f nuo neigiamo poveikio ir psichini\u0173 priepuoli\u0173. \u0160amanai j\u012f da\u017eniausiai naudoja kaip \u012frank\u012f \u0161aukti ir gauti \u017einutes i\u0161 dvasinio pasaulio.\" \/>\n<meta property=\"og:url\" content=\"https:\/\/fromthemagicalrealm.com\/index.php\/product\/juodo-obsidiano-grybukas\/\" \/>\n<meta property=\"og:site_name\" content=\"from the magical realm\" \/>\n<meta property=\"article:publisher\" content=\"https:\/\/www.facebook.com\/fromthemagicalrealm\" \/>\n<meta property=\"article:modified_time\" content=\"2025-01-21T22:07:16+00:00\" \/>\n<meta property=\"og:image\" content=\"http:\/\/fromthemagicalrealm.com\/wp-content\/uploads\/2023\/08\/7C578485-1831-45D8-B544-43D2666CA727-scaled.jpeg\" \/>\n\t<meta property=\"og:image:width\" content=\"2560\" \/>\n\t<meta property=\"og:image:height\" content=\"1920\" \/>\n\t<meta property=\"og:image:type\" content=\"image\/jpeg\" \/>\n<meta name=\"twitter:card\" content=\"summary_large_image\" \/>\n<script type=\"application\/ld+json\" class=\"yoast-schema-graph\">{\"@context\":\"https:\/\/schema.org\",\"@graph\":[{\"@type\":\"WebPage\",\"@id\":\"https:\/\/fromthemagicalrealm.com\/index.php\/product\/juodo-obsidiano-grybukas\/\",\"url\":\"https:\/\/fromthemagicalrealm.com\/index.php\/product\/juodo-obsidiano-grybukas\/\",\"name\":\"Juodo Obsidiano grybukas &bull; from the magical realm\",\"isPartOf\":{\"@id\":\"https:\/\/fromthemagicalrealm.com\/#website\"},\"datePublished\":\"2023-08-17T18:43:55+00:00\",\"dateModified\":\"2025-01-21T22:07:16+00:00\",\"breadcrumb\":{\"@id\":\"https:\/\/fromthemagicalrealm.com\/index.php\/product\/juodo-obsidiano-grybukas\/#breadcrumb\"},\"inLanguage\":\"lt-LT\",\"potentialAction\":[{\"@type\":\"ReadAction\",\"target\":[\"https:\/\/fromthemagicalrealm.com\/index.php\/product\/juodo-obsidiano-grybukas\/\"]}]},{\"@type\":\"BreadcrumbList\",\"@id\":\"https:\/\/fromthemagicalrealm.com\/index.php\/product\/juodo-obsidiano-grybukas\/#breadcrumb\",\"itemListElement\":[{\"@type\":\"ListItem\",\"position\":1,\"name\":\"Home\",\"item\":\"https:\/\/fromthemagicalrealm.com\/\"},{\"@type\":\"ListItem\",\"position\":2,\"name\":\"Shop\",\"item\":\"https:\/\/fromthemagicalrealm.com\/index.php\/shop\/\"},{\"@type\":\"ListItem\",\"position\":3,\"name\":\"Juodo Obsidiano grybukas\"}]},{\"@type\":\"WebSite\",\"@id\":\"https:\/\/fromthemagicalrealm.com\/#website\",\"url\":\"https:\/\/fromthemagicalrealm.com\/\",\"name\":\"from the magical realm\",\"description\":\"Nat\u016bral\u016bs kristalai\",\"publisher\":{\"@id\":\"https:\/\/fromthemagicalrealm.com\/#\/schema\/person\/85dfa5d4809d3b3bf17cfed17108b346\"},\"potentialAction\":[{\"@type\":\"SearchAction\",\"target\":{\"@type\":\"EntryPoint\",\"urlTemplate\":\"https:\/\/fromthemagicalrealm.com\/?s={search_term_string}\"},\"query-input\":\"required name=search_term_string\"}],\"inLanguage\":\"lt-LT\"},{\"@type\":[\"Person\",\"Organization\"],\"@id\":\"https:\/\/fromthemagicalrealm.com\/#\/schema\/person\/85dfa5d4809d3b3bf17cfed17108b346\",\"name\":\"fromthemagicalrealm.com\",\"image\":{\"@type\":\"ImageObject\",\"inLanguage\":\"lt-LT\",\"@id\":\"https:\/\/fromthemagicalrealm.com\/#\/schema\/person\/image\/\",\"url\":\"https:\/\/fromthemagicalrealm.com\/wp-content\/uploads\/2023\/08\/cropped-cropped-53FE4852-DD1C-43D1-B95F-5E004E5056D9.png\",\"contentUrl\":\"https:\/\/fromthemagicalrealm.com\/wp-content\/uploads\/2023\/08\/cropped-cropped-53FE4852-DD1C-43D1-B95F-5E004E5056D9.png\",\"width\":3370,\"height\":2233,\"caption\":\"fromthemagicalrealm.com\"},\"logo\":{\"@id\":\"https:\/\/fromthemagicalrealm.com\/#\/schema\/person\/image\/\"},\"sameAs\":[\"http:\/\/fromthemagicalrealm.com\",\"https:\/\/www.facebook.com\/fromthemagicalrealm\",\"https:\/\/www.instagram.com\/fromthemagicalrealm\/\"]}]}<\/script>\n<!-- \/ Yoast SEO plugin. -->","yoast_head_json":{"title":"Juodo Obsidiano grybukas &bull; from the magical realm","robots":{"index":"index","follow":"follow","max-snippet":"max-snippet:-1","max-image-preview":"max-image-preview:large","max-video-preview":"max-video-preview:-1"},"canonical":"https:\/\/fromthemagicalrealm.com\/index.php\/product\/juodo-obsidiano-grybukas\/","og_locale":"lt_LT","og_type":"article","og_title":"Juodo Obsidiano grybukas &bull; from the magical realm","og_description":"Juodasis Obsidianas Apsauga \u2022 Tobul\u0117jimas \u2022 \u012e\u017eeminimas Juodasis obsidianas i\u0161kelia tamsius ir pasl\u0117ptus j\u016bs\u0173 aspektus. Didindamas savimon\u0119, jis moko jus gerbti buvimo \u017emogumi netobulumus ir priimti savo tr\u016bkumus bei silpnybes kaip augimo ir tobul\u0117jimo galimybes. Per s\u0105\u017eining\u0105 savirefleksij\u0105 juodasis obsidianas \u012fgalina vidin\u0119 j\u0117g\u0105 i\u0161tirti destruktyvi\u0173 elgesio modeli\u0173 prigimt\u012f. Priimdamas \u0161iuos jausmus be sprendimo, tai \u012fkvepia asmenin\u0119 transformacij\u0105 \u012f tavo autenti\u0161k\u0105 a\u0161. Atkurdamas harmoning\u0105 emocinio k\u016bno pusiausvyr\u0105, jis ugdo visumos jausm\u0105 ir gali\u0105 priimti gyvenimo i\u0161\u0161\u016bkius. \u012e\u017eemindamas tave \u012f \u017eem\u0117s centr\u0105, juodojo obsidiano galingas valymo geb\u0117jimas sugeria kenksming\u0105 energij\u0105 i\u0161 aplinkos ir tavo auros lauko. Jis sudaro apsaugin\u012f skyd\u0105, apsaugant\u012f nuo neigiamo poveikio ir psichini\u0173 priepuoli\u0173. \u0160amanai j\u012f da\u017eniausiai naudoja kaip \u012frank\u012f \u0161aukti ir gauti \u017einutes i\u0161 dvasinio pasaulio.","og_url":"https:\/\/fromthemagicalrealm.com\/index.php\/product\/juodo-obsidiano-grybukas\/","og_site_name":"from the magical realm","article_publisher":"https:\/\/www.facebook.com\/fromthemagicalrealm","article_modified_time":"2025-01-21T22:07:16+00:00","og_image":[{"width":2560,"height":1920,"url":"http:\/\/fromthemagicalrealm.com\/wp-content\/uploads\/2023\/08\/7C578485-1831-45D8-B544-43D2666CA727-scaled.jpeg","type":"image\/jpeg"}],"twitter_card":"summary_large_image","schema":{"@context":"https:\/\/schema.org","@graph":[{"@type":"WebPage","@id":"https:\/\/fromthemagicalrealm.com\/index.php\/product\/juodo-obsidiano-grybukas\/","url":"https:\/\/fromthemagicalrealm.com\/index.php\/product\/juodo-obsidiano-grybukas\/","name":"Juodo Obsidiano grybukas &bull; from the magical realm","isPartOf":{"@id":"https:\/\/fromthemagicalrealm.com\/#website"},"datePublished":"2023-08-17T18:43:55+00:00","dateModified":"2025-01-21T22:07:16+00:00","breadcrumb":{"@id":"https:\/\/fromthemagicalrealm.com\/index.php\/product\/juodo-obsidiano-grybukas\/#breadcrumb"},"inLanguage":"lt-LT","potentialAction":[{"@type":"ReadAction","target":["https:\/\/fromthemagicalrealm.com\/index.php\/product\/juodo-obsidiano-grybukas\/"]}]},{"@type":"BreadcrumbList","@id":"https:\/\/fromthemagicalrealm.com\/index.php\/product\/juodo-obsidiano-grybukas\/#breadcrumb","itemListElement":[{"@type":"ListItem","position":1,"name":"Home","item":"https:\/\/fromthemagicalrealm.com\/"},{"@type":"ListItem","position":2,"name":"Shop","item":"https:\/\/fromthemagicalrealm.com\/index.php\/shop\/"},{"@type":"ListItem","position":3,"name":"Juodo Obsidiano grybukas"}]},{"@type":"WebSite","@id":"https:\/\/fromthemagicalrealm.com\/#website","url":"https:\/\/fromthemagicalrealm.com\/","name":"from the magical realm","description":"Nat\u016bral\u016bs kristalai","publisher":{"@id":"https:\/\/fromthemagicalrealm.com\/#\/schema\/person\/85dfa5d4809d3b3bf17cfed17108b346"},"potentialAction":[{"@type":"SearchAction","target":{"@type":"EntryPoint","urlTemplate":"https:\/\/fromthemagicalrealm.com\/?s={search_term_string}"},"query-input":"required name=search_term_string"}],"inLanguage":"lt-LT"},{"@type":["Person","Organization"],"@id":"https:\/\/fromthemagicalrealm.com\/#\/schema\/person\/85dfa5d4809d3b3bf17cfed17108b346","name":"fromthemagicalrealm.com","image":{"@type":"ImageObject","inLanguage":"lt-LT","@id":"https:\/\/fromthemagicalrealm.com\/#\/schema\/person\/image\/","url":"https:\/\/fromthemagicalrealm.com\/wp-content\/uploads\/2023\/08\/cropped-cropped-53FE4852-DD1C-43D1-B95F-5E004E5056D9.png","contentUrl":"https:\/\/fromthemagicalrealm.com\/wp-content\/uploads\/2023\/08\/cropped-cropped-53FE4852-DD1C-43D1-B95F-5E004E5056D9.png","width":3370,"height":2233,"caption":"fromthemagicalrealm.com"},"logo":{"@id":"https:\/\/fromthemagicalrealm.com\/#\/schema\/person\/image\/"},"sameAs":["http:\/\/fromthemagicalrealm.com","https:\/\/www.facebook.com\/fromthemagicalrealm","https:\/\/www.instagram.com\/fromthemagicalrealm\/"]}]}},"_links":{"self":[{"href":"https:\/\/fromthemagicalrealm.com\/index.php\/wp-json\/wp\/v2\/product\/1950","targetHints":{"allow":["GET"]}}],"collection":[{"href":"https:\/\/fromthemagicalrealm.com\/index.php\/wp-json\/wp\/v2\/product"}],"about":[{"href":"https:\/\/fromthemagicalrealm.com\/index.php\/wp-json\/wp\/v2\/types\/product"}],"version-history":[{"count":1,"href":"https:\/\/fromthemagicalrealm.com\/index.php\/wp-json\/wp\/v2\/product\/1950\/revisions"}],"predecessor-version":[{"id":1951,"href":"https:\/\/fromthemagicalrealm.com\/index.php\/wp-json\/wp\/v2\/product\/1950\/revisions\/1951"}],"wp:featuredmedia":[{"embeddable":true,"href":"https:\/\/fromthemagicalrealm.com\/index.php\/wp-json\/wp\/v2\/media\/1936"}],"wp:attachment":[{"href":"https:\/\/fromthemagicalrealm.com\/index.php\/wp-json\/wp\/v2\/media?parent=1950"}],"wp:term":[{"taxonomy":"product_cat","embeddable":true,"href":"https:\/\/fromthemagicalrealm.com\/index.php\/wp-json\/wp\/v2\/product_cat?post=1950"},{"taxonomy":"product_tag","embeddable":true,"href":"https:\/\/fromthemagicalrealm.com\/index.php\/wp-json\/wp\/v2\/product_tag?post=1950"}],"curies":[{"name":"wp","href":"https:\/\/api.w.org\/{rel}","templated":true}]}}