{"id":1992,"date":"2023-08-24T07:42:30","date_gmt":"2023-08-24T07:42:30","guid":{"rendered":"https:\/\/fromthemagicalrealm.com\/?post_type=product&#038;p=1992"},"modified":"2025-05-22T10:04:52","modified_gmt":"2025-05-22T10:04:52","slug":"karibu-kalcitas","status":"publish","type":"product","link":"https:\/\/fromthemagicalrealm.com\/index.php\/product\/karibu-kalcitas\/","title":{"rendered":"Karib\u0173 kalcitas, S"},"content":{"rendered":"","protected":false},"excerpt":{"rendered":"<p class=\"p1\"><span class=\"s1\">Karib\u0173 kalcitas<\/span><\/p>\n<p class=\"p1\"><span class=\"s1\">Ramyb\u0117 \u2022 Meditacija \u2022 I\u0161sivalymas<\/span><\/p>\n<p class=\"p1\"><span class=\"s1\">Karib\u0173 kalcito pavadinimas kilo d\u0117l \u017eavingo pana\u0161umo \u012f karib\u0173 j\u016bros pakrant\u0119. \u0160is nuostabus gamtos lobis atne\u0161o gijimo m\u016bs\u0173 kovojan\u010diai visuomenei, kuri ken\u010dia nuo didelio streso ir i\u0161sekimo. <\/span><\/p>\n<p class=\"p1\"><span class=\"s1\">Karib\u0173 kalcitas kvie\u010dia atitr\u016bkti nuo kasdieninio \u0161urmulio ir skirti laiko pails\u0117ti bei atgauti j\u0117gas. Sukeldamas rami\u0105 ir tyli\u0105 b\u016bsen\u0105 meditacijai ir manifestacijoms, jis nukreipia mintis \u012f palm\u0117mis apsodinto paj\u016brio rojaus vizij\u0105. Jis nuramina k\u016bn\u0105 kaip \u0161iltas sm\u0117lis tarp koj\u0173 pir\u0161t\u0173 ir saul\u0117s spinduliai, bu\u010diuojantys tavo od\u0105.<\/span><\/p>\n<p class=\"p1\"><span class=\"s1\">Karib\u0173 kalcitas, \u012fk\u016bnydamas dabartyje randam\u0105 tyl\u0105, moko tave patirti kiekvien\u0105 akimirk\u0105 ir \u201etiesiog b\u016bti\u201c. Filtruodamas aur\u0105 kaip gaivus j\u016bros v\u0117jas, jis i\u0161valo neigiamas vibracijas ir psichinius blokus, kurie neleid\u017eia harmoningai tek\u0117ti tavo energijai. Didindamas supratim\u0105 apie savo auk\u0161tesn\u012fj\u012f a\u0161, \u012fkvepia apm\u0105styti, kur esi gyvenime, ir vidin\u012f \u017einojim\u0105, kur eiti toliau.<\/span><\/p>\n","protected":false},"featured_media":1930,"template":"","meta":{"site-sidebar-layout":"default","site-content-layout":"default","ast-global-header-display":"","ast-banner-title-visibility":"","ast-main-header-display":"","ast-hfb-above-header-display":"","ast-hfb-below-header-display":"","ast-hfb-mobile-header-display":"","site-post-title":"","ast-breadcrumbs-content":"","ast-featured-img":"","footer-sml-layout":"","theme-transparent-header-meta":"default","adv-header-id-meta":"","stick-header-meta":"","header-above-stick-meta":"","header-main-stick-meta":"","header-below-stick-meta":""},"product_cat":[46,48,49],"product_tag":[],"class_list":{"0":"post-1992","1":"product","2":"type-product","3":"status-publish","4":"has-post-thumbnail","6":"product_cat-naturalus-kristalai-akmenukai-bugninukai","7":"product_cat-visi-kristalai-2","8":"product_cat-visi-produktai","9":"desktop-align-center","10":"tablet-align-left","11":"mobile-align-left","13":"first","14":"instock","15":"taxable","16":"shipping-taxable","17":"purchasable","18":"product-type-simple"},"yoast_head":"<!-- This site is optimized with the Yoast SEO plugin v20.13 - https:\/\/yoast.com\/wordpress\/plugins\/seo\/ -->\n<title>Karib\u0173 kalcitas, S &bull; from the magical realm<\/title>\n<meta name=\"robots\" content=\"index, follow, max-snippet:-1, max-image-preview:large, max-video-preview:-1\" \/>\n<link rel=\"canonical\" href=\"https:\/\/fromthemagicalrealm.com\/index.php\/product\/karibu-kalcitas\/\" \/>\n<meta property=\"og:locale\" content=\"lt_LT\" \/>\n<meta property=\"og:type\" content=\"article\" \/>\n<meta property=\"og:title\" content=\"Karib\u0173 kalcitas, S &bull; from the magical realm\" \/>\n<meta property=\"og:description\" content=\"Karib\u0173 kalcitas Ramyb\u0117 \u2022 Meditacija \u2022 I\u0161sivalymas Karib\u0173 kalcito pavadinimas kilo d\u0117l \u017eavingo pana\u0161umo \u012f karib\u0173 j\u016bros pakrant\u0119. \u0160is nuostabus gamtos lobis atne\u0161o gijimo m\u016bs\u0173 kovojan\u010diai visuomenei, kuri ken\u010dia nuo didelio streso ir i\u0161sekimo.  Karib\u0173 kalcitas kvie\u010dia atitr\u016bkti nuo kasdieninio \u0161urmulio ir skirti laiko pails\u0117ti bei atgauti j\u0117gas. Sukeldamas rami\u0105 ir tyli\u0105 b\u016bsen\u0105 meditacijai ir manifestacijoms, jis nukreipia mintis \u012f palm\u0117mis apsodinto paj\u016brio rojaus vizij\u0105. Jis nuramina k\u016bn\u0105 kaip \u0161iltas sm\u0117lis tarp koj\u0173 pir\u0161t\u0173 ir saul\u0117s spinduliai, bu\u010diuojantys tavo od\u0105. Karib\u0173 kalcitas, \u012fk\u016bnydamas dabartyje randam\u0105 tyl\u0105, moko tave patirti kiekvien\u0105 akimirk\u0105 ir \u201etiesiog b\u016bti\u201c. Filtruodamas aur\u0105 kaip gaivus j\u016bros v\u0117jas, jis i\u0161valo neigiamas vibracijas ir psichinius blokus, kurie neleid\u017eia harmoningai tek\u0117ti tavo energijai. Didindamas supratim\u0105 apie savo auk\u0161tesn\u012fj\u012f a\u0161, \u012fkvepia apm\u0105styti, kur esi gyvenime, ir vidin\u012f \u017einojim\u0105, kur eiti toliau.\" \/>\n<meta property=\"og:url\" content=\"https:\/\/fromthemagicalrealm.com\/index.php\/product\/karibu-kalcitas\/\" \/>\n<meta property=\"og:site_name\" content=\"from the magical realm\" \/>\n<meta property=\"article:publisher\" content=\"https:\/\/www.facebook.com\/fromthemagicalrealm\" \/>\n<meta property=\"article:modified_time\" content=\"2025-05-22T10:04:52+00:00\" \/>\n<meta property=\"og:image\" content=\"http:\/\/fromthemagicalrealm.com\/wp-content\/uploads\/2023\/08\/9268B71F-17C8-4BDA-8EB8-8B61298B7AE8-scaled.jpeg\" \/>\n\t<meta property=\"og:image:width\" content=\"2560\" \/>\n\t<meta property=\"og:image:height\" content=\"1920\" \/>\n\t<meta property=\"og:image:type\" content=\"image\/jpeg\" \/>\n<meta name=\"twitter:card\" content=\"summary_large_image\" \/>\n<script type=\"application\/ld+json\" class=\"yoast-schema-graph\">{\"@context\":\"https:\/\/schema.org\",\"@graph\":[{\"@type\":\"WebPage\",\"@id\":\"https:\/\/fromthemagicalrealm.com\/index.php\/product\/karibu-kalcitas\/\",\"url\":\"https:\/\/fromthemagicalrealm.com\/index.php\/product\/karibu-kalcitas\/\",\"name\":\"Karib\u0173 kalcitas, S &bull; from the magical realm\",\"isPartOf\":{\"@id\":\"https:\/\/fromthemagicalrealm.com\/#website\"},\"datePublished\":\"2023-08-24T07:42:30+00:00\",\"dateModified\":\"2025-05-22T10:04:52+00:00\",\"breadcrumb\":{\"@id\":\"https:\/\/fromthemagicalrealm.com\/index.php\/product\/karibu-kalcitas\/#breadcrumb\"},\"inLanguage\":\"lt-LT\",\"potentialAction\":[{\"@type\":\"ReadAction\",\"target\":[\"https:\/\/fromthemagicalrealm.com\/index.php\/product\/karibu-kalcitas\/\"]}]},{\"@type\":\"BreadcrumbList\",\"@id\":\"https:\/\/fromthemagicalrealm.com\/index.php\/product\/karibu-kalcitas\/#breadcrumb\",\"itemListElement\":[{\"@type\":\"ListItem\",\"position\":1,\"name\":\"Home\",\"item\":\"https:\/\/fromthemagicalrealm.com\/\"},{\"@type\":\"ListItem\",\"position\":2,\"name\":\"Shop\",\"item\":\"https:\/\/fromthemagicalrealm.com\/index.php\/shop\/\"},{\"@type\":\"ListItem\",\"position\":3,\"name\":\"Karib\u0173 kalcitas, S\"}]},{\"@type\":\"WebSite\",\"@id\":\"https:\/\/fromthemagicalrealm.com\/#website\",\"url\":\"https:\/\/fromthemagicalrealm.com\/\",\"name\":\"from the magical realm\",\"description\":\"Nat\u016bral\u016bs kristalai\",\"publisher\":{\"@id\":\"https:\/\/fromthemagicalrealm.com\/#\/schema\/person\/85dfa5d4809d3b3bf17cfed17108b346\"},\"potentialAction\":[{\"@type\":\"SearchAction\",\"target\":{\"@type\":\"EntryPoint\",\"urlTemplate\":\"https:\/\/fromthemagicalrealm.com\/?s={search_term_string}\"},\"query-input\":\"required name=search_term_string\"}],\"inLanguage\":\"lt-LT\"},{\"@type\":[\"Person\",\"Organization\"],\"@id\":\"https:\/\/fromthemagicalrealm.com\/#\/schema\/person\/85dfa5d4809d3b3bf17cfed17108b346\",\"name\":\"fromthemagicalrealm.com\",\"image\":{\"@type\":\"ImageObject\",\"inLanguage\":\"lt-LT\",\"@id\":\"https:\/\/fromthemagicalrealm.com\/#\/schema\/person\/image\/\",\"url\":\"https:\/\/fromthemagicalrealm.com\/wp-content\/uploads\/2023\/08\/cropped-cropped-53FE4852-DD1C-43D1-B95F-5E004E5056D9.png\",\"contentUrl\":\"https:\/\/fromthemagicalrealm.com\/wp-content\/uploads\/2023\/08\/cropped-cropped-53FE4852-DD1C-43D1-B95F-5E004E5056D9.png\",\"width\":3370,\"height\":2233,\"caption\":\"fromthemagicalrealm.com\"},\"logo\":{\"@id\":\"https:\/\/fromthemagicalrealm.com\/#\/schema\/person\/image\/\"},\"sameAs\":[\"http:\/\/fromthemagicalrealm.com\",\"https:\/\/www.facebook.com\/fromthemagicalrealm\",\"https:\/\/www.instagram.com\/fromthemagicalrealm\/\"]}]}<\/script>\n<!-- \/ Yoast SEO plugin. -->","yoast_head_json":{"title":"Karib\u0173 kalcitas, S &bull; from the magical realm","robots":{"index":"index","follow":"follow","max-snippet":"max-snippet:-1","max-image-preview":"max-image-preview:large","max-video-preview":"max-video-preview:-1"},"canonical":"https:\/\/fromthemagicalrealm.com\/index.php\/product\/karibu-kalcitas\/","og_locale":"lt_LT","og_type":"article","og_title":"Karib\u0173 kalcitas, S &bull; from the magical realm","og_description":"Karib\u0173 kalcitas Ramyb\u0117 \u2022 Meditacija \u2022 I\u0161sivalymas Karib\u0173 kalcito pavadinimas kilo d\u0117l \u017eavingo pana\u0161umo \u012f karib\u0173 j\u016bros pakrant\u0119. \u0160is nuostabus gamtos lobis atne\u0161o gijimo m\u016bs\u0173 kovojan\u010diai visuomenei, kuri ken\u010dia nuo didelio streso ir i\u0161sekimo.  Karib\u0173 kalcitas kvie\u010dia atitr\u016bkti nuo kasdieninio \u0161urmulio ir skirti laiko pails\u0117ti bei atgauti j\u0117gas. Sukeldamas rami\u0105 ir tyli\u0105 b\u016bsen\u0105 meditacijai ir manifestacijoms, jis nukreipia mintis \u012f palm\u0117mis apsodinto paj\u016brio rojaus vizij\u0105. Jis nuramina k\u016bn\u0105 kaip \u0161iltas sm\u0117lis tarp koj\u0173 pir\u0161t\u0173 ir saul\u0117s spinduliai, bu\u010diuojantys tavo od\u0105. Karib\u0173 kalcitas, \u012fk\u016bnydamas dabartyje randam\u0105 tyl\u0105, moko tave patirti kiekvien\u0105 akimirk\u0105 ir \u201etiesiog b\u016bti\u201c. Filtruodamas aur\u0105 kaip gaivus j\u016bros v\u0117jas, jis i\u0161valo neigiamas vibracijas ir psichinius blokus, kurie neleid\u017eia harmoningai tek\u0117ti tavo energijai. Didindamas supratim\u0105 apie savo auk\u0161tesn\u012fj\u012f a\u0161, \u012fkvepia apm\u0105styti, kur esi gyvenime, ir vidin\u012f \u017einojim\u0105, kur eiti toliau.","og_url":"https:\/\/fromthemagicalrealm.com\/index.php\/product\/karibu-kalcitas\/","og_site_name":"from the magical realm","article_publisher":"https:\/\/www.facebook.com\/fromthemagicalrealm","article_modified_time":"2025-05-22T10:04:52+00:00","og_image":[{"width":2560,"height":1920,"url":"http:\/\/fromthemagicalrealm.com\/wp-content\/uploads\/2023\/08\/9268B71F-17C8-4BDA-8EB8-8B61298B7AE8-scaled.jpeg","type":"image\/jpeg"}],"twitter_card":"summary_large_image","schema":{"@context":"https:\/\/schema.org","@graph":[{"@type":"WebPage","@id":"https:\/\/fromthemagicalrealm.com\/index.php\/product\/karibu-kalcitas\/","url":"https:\/\/fromthemagicalrealm.com\/index.php\/product\/karibu-kalcitas\/","name":"Karib\u0173 kalcitas, S &bull; from the magical realm","isPartOf":{"@id":"https:\/\/fromthemagicalrealm.com\/#website"},"datePublished":"2023-08-24T07:42:30+00:00","dateModified":"2025-05-22T10:04:52+00:00","breadcrumb":{"@id":"https:\/\/fromthemagicalrealm.com\/index.php\/product\/karibu-kalcitas\/#breadcrumb"},"inLanguage":"lt-LT","potentialAction":[{"@type":"ReadAction","target":["https:\/\/fromthemagicalrealm.com\/index.php\/product\/karibu-kalcitas\/"]}]},{"@type":"BreadcrumbList","@id":"https:\/\/fromthemagicalrealm.com\/index.php\/product\/karibu-kalcitas\/#breadcrumb","itemListElement":[{"@type":"ListItem","position":1,"name":"Home","item":"https:\/\/fromthemagicalrealm.com\/"},{"@type":"ListItem","position":2,"name":"Shop","item":"https:\/\/fromthemagicalrealm.com\/index.php\/shop\/"},{"@type":"ListItem","position":3,"name":"Karib\u0173 kalcitas, S"}]},{"@type":"WebSite","@id":"https:\/\/fromthemagicalrealm.com\/#website","url":"https:\/\/fromthemagicalrealm.com\/","name":"from the magical realm","description":"Nat\u016bral\u016bs kristalai","publisher":{"@id":"https:\/\/fromthemagicalrealm.com\/#\/schema\/person\/85dfa5d4809d3b3bf17cfed17108b346"},"potentialAction":[{"@type":"SearchAction","target":{"@type":"EntryPoint","urlTemplate":"https:\/\/fromthemagicalrealm.com\/?s={search_term_string}"},"query-input":"required name=search_term_string"}],"inLanguage":"lt-LT"},{"@type":["Person","Organization"],"@id":"https:\/\/fromthemagicalrealm.com\/#\/schema\/person\/85dfa5d4809d3b3bf17cfed17108b346","name":"fromthemagicalrealm.com","image":{"@type":"ImageObject","inLanguage":"lt-LT","@id":"https:\/\/fromthemagicalrealm.com\/#\/schema\/person\/image\/","url":"https:\/\/fromthemagicalrealm.com\/wp-content\/uploads\/2023\/08\/cropped-cropped-53FE4852-DD1C-43D1-B95F-5E004E5056D9.png","contentUrl":"https:\/\/fromthemagicalrealm.com\/wp-content\/uploads\/2023\/08\/cropped-cropped-53FE4852-DD1C-43D1-B95F-5E004E5056D9.png","width":3370,"height":2233,"caption":"fromthemagicalrealm.com"},"logo":{"@id":"https:\/\/fromthemagicalrealm.com\/#\/schema\/person\/image\/"},"sameAs":["http:\/\/fromthemagicalrealm.com","https:\/\/www.facebook.com\/fromthemagicalrealm","https:\/\/www.instagram.com\/fromthemagicalrealm\/"]}]}},"_links":{"self":[{"href":"https:\/\/fromthemagicalrealm.com\/index.php\/wp-json\/wp\/v2\/product\/1992","targetHints":{"allow":["GET"]}}],"collection":[{"href":"https:\/\/fromthemagicalrealm.com\/index.php\/wp-json\/wp\/v2\/product"}],"about":[{"href":"https:\/\/fromthemagicalrealm.com\/index.php\/wp-json\/wp\/v2\/types\/product"}],"version-history":[{"count":2,"href":"https:\/\/fromthemagicalrealm.com\/index.php\/wp-json\/wp\/v2\/product\/1992\/revisions"}],"predecessor-version":[{"id":4021,"href":"https:\/\/fromthemagicalrealm.com\/index.php\/wp-json\/wp\/v2\/product\/1992\/revisions\/4021"}],"wp:featuredmedia":[{"embeddable":true,"href":"https:\/\/fromthemagicalrealm.com\/index.php\/wp-json\/wp\/v2\/media\/1930"}],"wp:attachment":[{"href":"https:\/\/fromthemagicalrealm.com\/index.php\/wp-json\/wp\/v2\/media?parent=1992"}],"wp:term":[{"taxonomy":"product_cat","embeddable":true,"href":"https:\/\/fromthemagicalrealm.com\/index.php\/wp-json\/wp\/v2\/product_cat?post=1992"},{"taxonomy":"product_tag","embeddable":true,"href":"https:\/\/fromthemagicalrealm.com\/index.php\/wp-json\/wp\/v2\/product_tag?post=1992"}],"curies":[{"name":"wp","href":"https:\/\/api.w.org\/{rel}","templated":true}]}}