{"id":2201,"date":"2023-08-28T11:35:26","date_gmt":"2023-08-28T11:35:26","guid":{"rendered":"https:\/\/fromthemagicalrealm.com\/?post_type=product&#038;p=2201"},"modified":"2025-01-21T20:38:30","modified_gmt":"2025-01-21T20:38:30","slug":"zaliasis-oniksas-bokstelis-2","status":"publish","type":"product","link":"https:\/\/fromthemagicalrealm.com\/index.php\/product\/zaliasis-oniksas-bokstelis-2\/","title":{"rendered":"\u017daliasis Oniksas &#8211; Bok\u0161telis, ~ 50 &#8211; 60 g."},"content":{"rendered":"<p>Svoris: ~ 50 &#8211; 60 g.<\/p>\n<p>Auk\u0161tis: ~8 -9 cm.<\/p>\n<p>Kilm\u0117: Brazilija.<\/p>\n","protected":false},"excerpt":{"rendered":"<p class=\"p1\"><span class=\"s1\">\u017daliasis Oniksas<\/span><\/p>\n<p class=\"p1\"><span class=\"s1\">Tobul\u0117jimas \u2022 Gijimas \u2022 Gyvybingumas <\/span><\/p>\n<p class=\"p1\"><span class=\"s1\">Oniksas padeda tapti geriausia tavo versija. Jis \u012fdiegia tik\u0117jim\u0105, kad tik tu \u017einai, kas atitinka tavo auk\u0161tesn\u0105jam \u201ca\u0161\u201d, ir gali s\u0105moningai pasirinkti savo ateit\u012f. Patik\u0117damas savo intuicij\u0105 ir prigimtin\u0119 i\u0161mint\u012f, jis i\u0161moko nustoti klausyti kit\u0173 nuomon\u0117s ir ie\u0161koti atsakym\u0173 savo viduje.<\/span><\/p>\n<p class=\"p1\"><span class=\"s1\">Apsauginis talismanas oniksas sudaro skyd\u0105, apsaugant\u012f nuo neigiam\u0173 min\u010di\u0173 form\u0173 ir destruktyvi\u0173 modeli\u0173. Sutelkdamas savo energij\u0105 \u012f ry\u0161\u012f su \u017eeme, jis suteikia saugi\u0105 erdv\u0119 vidiniam gydymui ir \u0161e\u0161\u0117liniam darbui. Per\u017eengdamas baim\u0119, neapdorot\u0105 sielvart\u0105 ir emocines traumas, Oniksas ugdo vidin\u0119 j\u0117g\u0105, reikaling\u0105 susidurti su tavo skausmu ir j\u012f apdoroti.<\/span><\/p>\n<p class=\"p1\"><span class=\"s1\">Papildydamas energijos lyg\u012f sud\u0117tingose \u200b\u200bir stresin\u0117se situacijose, oniksas atkuria gyvybingum\u0105 sveikstant po ligos ir i\u0161sekusi\u0173 protini\u0173 paj\u0117gum\u0173. Tai \u012fkvepia drausm\u0117s, atsidavimo, susikaupimo ir atkaklumo \u2013 visos savyb\u0117s, reikalingos pagerbti \u012fsipareigojim\u0105 nesibaigian\u010diam sav\u0119s tobul\u0117jimui. <\/span><\/p>\n<p class=\"p1\"><span class=\"s1\">Integruodamas kiekvien\u0105 tavo esyb\u0117s dal\u012f harmonijoje su visata, \u017daliasis Oniksas nukreipia tavo energij\u0105 \u012f teigiam\u0105 j\u0117g\u0105, kad materializuot\u0173 tavo tobulo gyvenimo vizij\u0105.<\/span><\/p>\n","protected":false},"featured_media":2199,"template":"","meta":{"site-sidebar-layout":"default","site-content-layout":"default","ast-global-header-display":"","ast-banner-title-visibility":"","ast-main-header-display":"","ast-hfb-above-header-display":"","ast-hfb-below-header-display":"","ast-hfb-mobile-header-display":"","site-post-title":"","ast-breadcrumbs-content":"","ast-featured-img":"","footer-sml-layout":"","theme-transparent-header-meta":"default","adv-header-id-meta":"","stick-header-meta":"","header-above-stick-meta":"","header-main-stick-meta":"","header-below-stick-meta":""},"product_cat":[43,48,49],"product_tag":[],"class_list":{"0":"post-2201","1":"product","2":"type-product","3":"status-publish","4":"has-post-thumbnail","6":"product_cat-bokstelio-formos-kristalai","7":"product_cat-visi-kristalai-2","8":"product_cat-visi-produktai","9":"desktop-align-center","10":"tablet-align-left","11":"mobile-align-left","13":"first","14":"instock","15":"taxable","16":"shipping-taxable","17":"purchasable","18":"product-type-simple"},"yoast_head":"<!-- This site is optimized with the Yoast SEO plugin v20.13 - https:\/\/yoast.com\/wordpress\/plugins\/seo\/ -->\n<title>\u017daliasis Oniksas - Bok\u0161telis, ~ 50 - 60 g. &bull; from the magical realm<\/title>\n<meta name=\"robots\" content=\"index, follow, max-snippet:-1, max-image-preview:large, max-video-preview:-1\" \/>\n<link rel=\"canonical\" href=\"https:\/\/fromthemagicalrealm.com\/index.php\/product\/zaliasis-oniksas-bokstelis-2\/\" \/>\n<meta property=\"og:locale\" content=\"lt_LT\" \/>\n<meta property=\"og:type\" content=\"article\" \/>\n<meta property=\"og:title\" content=\"\u017daliasis Oniksas - Bok\u0161telis, ~ 50 - 60 g. &bull; from the magical realm\" \/>\n<meta property=\"og:description\" content=\"\u017daliasis Oniksas Tobul\u0117jimas \u2022 Gijimas \u2022 Gyvybingumas  Oniksas padeda tapti geriausia tavo versija. Jis \u012fdiegia tik\u0117jim\u0105, kad tik tu \u017einai, kas atitinka tavo auk\u0161tesn\u0105jam \u201ca\u0161\u201d, ir gali s\u0105moningai pasirinkti savo ateit\u012f. Patik\u0117damas savo intuicij\u0105 ir prigimtin\u0119 i\u0161mint\u012f, jis i\u0161moko nustoti klausyti kit\u0173 nuomon\u0117s ir ie\u0161koti atsakym\u0173 savo viduje. Apsauginis talismanas oniksas sudaro skyd\u0105, apsaugant\u012f nuo neigiam\u0173 min\u010di\u0173 form\u0173 ir destruktyvi\u0173 modeli\u0173. Sutelkdamas savo energij\u0105 \u012f ry\u0161\u012f su \u017eeme, jis suteikia saugi\u0105 erdv\u0119 vidiniam gydymui ir \u0161e\u0161\u0117liniam darbui. Per\u017eengdamas baim\u0119, neapdorot\u0105 sielvart\u0105 ir emocines traumas, Oniksas ugdo vidin\u0119 j\u0117g\u0105, reikaling\u0105 susidurti su tavo skausmu ir j\u012f apdoroti. Papildydamas energijos lyg\u012f sud\u0117tingose \u200b\u200bir stresin\u0117se situacijose, oniksas atkuria gyvybingum\u0105 sveikstant po ligos ir i\u0161sekusi\u0173 protini\u0173 paj\u0117gum\u0173. Tai \u012fkvepia drausm\u0117s, atsidavimo, susikaupimo ir atkaklumo \u2013 visos savyb\u0117s, reikalingos pagerbti \u012fsipareigojim\u0105 nesibaigian\u010diam sav\u0119s tobul\u0117jimui.  Integruodamas kiekvien\u0105 tavo esyb\u0117s dal\u012f harmonijoje su visata, \u017daliasis Oniksas nukreipia tavo energij\u0105 \u012f teigiam\u0105 j\u0117g\u0105, kad materializuot\u0173 tavo tobulo gyvenimo vizij\u0105.\" \/>\n<meta property=\"og:url\" content=\"https:\/\/fromthemagicalrealm.com\/index.php\/product\/zaliasis-oniksas-bokstelis-2\/\" \/>\n<meta property=\"og:site_name\" content=\"from the magical realm\" \/>\n<meta property=\"article:publisher\" content=\"https:\/\/www.facebook.com\/fromthemagicalrealm\" \/>\n<meta property=\"article:modified_time\" content=\"2025-01-21T20:38:30+00:00\" \/>\n<meta property=\"og:image\" content=\"http:\/\/fromthemagicalrealm.com\/wp-content\/uploads\/2023\/08\/2DF8BDBD-2446-4838-A59C-16A6A6B004DC-scaled.jpeg\" \/>\n\t<meta property=\"og:image:width\" content=\"1920\" \/>\n\t<meta property=\"og:image:height\" content=\"2560\" \/>\n\t<meta property=\"og:image:type\" content=\"image\/jpeg\" \/>\n<meta name=\"twitter:card\" content=\"summary_large_image\" \/>\n<meta name=\"twitter:label1\" content=\"Est. reading time\" \/>\n\t<meta name=\"twitter:data1\" content=\"1 minut\u0117\" \/>\n<script type=\"application\/ld+json\" class=\"yoast-schema-graph\">{\"@context\":\"https:\/\/schema.org\",\"@graph\":[{\"@type\":\"WebPage\",\"@id\":\"https:\/\/fromthemagicalrealm.com\/index.php\/product\/zaliasis-oniksas-bokstelis-2\/\",\"url\":\"https:\/\/fromthemagicalrealm.com\/index.php\/product\/zaliasis-oniksas-bokstelis-2\/\",\"name\":\"\u017daliasis Oniksas - Bok\u0161telis, ~ 50 - 60 g. &bull; from the magical realm\",\"isPartOf\":{\"@id\":\"https:\/\/fromthemagicalrealm.com\/#website\"},\"datePublished\":\"2023-08-28T11:35:26+00:00\",\"dateModified\":\"2025-01-21T20:38:30+00:00\",\"breadcrumb\":{\"@id\":\"https:\/\/fromthemagicalrealm.com\/index.php\/product\/zaliasis-oniksas-bokstelis-2\/#breadcrumb\"},\"inLanguage\":\"lt-LT\",\"potentialAction\":[{\"@type\":\"ReadAction\",\"target\":[\"https:\/\/fromthemagicalrealm.com\/index.php\/product\/zaliasis-oniksas-bokstelis-2\/\"]}]},{\"@type\":\"BreadcrumbList\",\"@id\":\"https:\/\/fromthemagicalrealm.com\/index.php\/product\/zaliasis-oniksas-bokstelis-2\/#breadcrumb\",\"itemListElement\":[{\"@type\":\"ListItem\",\"position\":1,\"name\":\"Home\",\"item\":\"https:\/\/fromthemagicalrealm.com\/\"},{\"@type\":\"ListItem\",\"position\":2,\"name\":\"Shop\",\"item\":\"https:\/\/fromthemagicalrealm.com\/index.php\/shop\/\"},{\"@type\":\"ListItem\",\"position\":3,\"name\":\"\u017daliasis Oniksas &#8211; Bok\u0161telis, ~ 50 &#8211; 60 g.\"}]},{\"@type\":\"WebSite\",\"@id\":\"https:\/\/fromthemagicalrealm.com\/#website\",\"url\":\"https:\/\/fromthemagicalrealm.com\/\",\"name\":\"from the magical realm\",\"description\":\"Nat\u016bral\u016bs kristalai\",\"publisher\":{\"@id\":\"https:\/\/fromthemagicalrealm.com\/#\/schema\/person\/85dfa5d4809d3b3bf17cfed17108b346\"},\"potentialAction\":[{\"@type\":\"SearchAction\",\"target\":{\"@type\":\"EntryPoint\",\"urlTemplate\":\"https:\/\/fromthemagicalrealm.com\/?s={search_term_string}\"},\"query-input\":\"required name=search_term_string\"}],\"inLanguage\":\"lt-LT\"},{\"@type\":[\"Person\",\"Organization\"],\"@id\":\"https:\/\/fromthemagicalrealm.com\/#\/schema\/person\/85dfa5d4809d3b3bf17cfed17108b346\",\"name\":\"fromthemagicalrealm.com\",\"image\":{\"@type\":\"ImageObject\",\"inLanguage\":\"lt-LT\",\"@id\":\"https:\/\/fromthemagicalrealm.com\/#\/schema\/person\/image\/\",\"url\":\"https:\/\/fromthemagicalrealm.com\/wp-content\/uploads\/2023\/08\/cropped-cropped-53FE4852-DD1C-43D1-B95F-5E004E5056D9.png\",\"contentUrl\":\"https:\/\/fromthemagicalrealm.com\/wp-content\/uploads\/2023\/08\/cropped-cropped-53FE4852-DD1C-43D1-B95F-5E004E5056D9.png\",\"width\":3370,\"height\":2233,\"caption\":\"fromthemagicalrealm.com\"},\"logo\":{\"@id\":\"https:\/\/fromthemagicalrealm.com\/#\/schema\/person\/image\/\"},\"sameAs\":[\"http:\/\/fromthemagicalrealm.com\",\"https:\/\/www.facebook.com\/fromthemagicalrealm\",\"https:\/\/www.instagram.com\/fromthemagicalrealm\/\"]}]}<\/script>\n<!-- \/ Yoast SEO plugin. -->","yoast_head_json":{"title":"\u017daliasis Oniksas - Bok\u0161telis, ~ 50 - 60 g. &bull; from the magical realm","robots":{"index":"index","follow":"follow","max-snippet":"max-snippet:-1","max-image-preview":"max-image-preview:large","max-video-preview":"max-video-preview:-1"},"canonical":"https:\/\/fromthemagicalrealm.com\/index.php\/product\/zaliasis-oniksas-bokstelis-2\/","og_locale":"lt_LT","og_type":"article","og_title":"\u017daliasis Oniksas - Bok\u0161telis, ~ 50 - 60 g. &bull; from the magical realm","og_description":"\u017daliasis Oniksas Tobul\u0117jimas \u2022 Gijimas \u2022 Gyvybingumas  Oniksas padeda tapti geriausia tavo versija. Jis \u012fdiegia tik\u0117jim\u0105, kad tik tu \u017einai, kas atitinka tavo auk\u0161tesn\u0105jam \u201ca\u0161\u201d, ir gali s\u0105moningai pasirinkti savo ateit\u012f. Patik\u0117damas savo intuicij\u0105 ir prigimtin\u0119 i\u0161mint\u012f, jis i\u0161moko nustoti klausyti kit\u0173 nuomon\u0117s ir ie\u0161koti atsakym\u0173 savo viduje. Apsauginis talismanas oniksas sudaro skyd\u0105, apsaugant\u012f nuo neigiam\u0173 min\u010di\u0173 form\u0173 ir destruktyvi\u0173 modeli\u0173. Sutelkdamas savo energij\u0105 \u012f ry\u0161\u012f su \u017eeme, jis suteikia saugi\u0105 erdv\u0119 vidiniam gydymui ir \u0161e\u0161\u0117liniam darbui. Per\u017eengdamas baim\u0119, neapdorot\u0105 sielvart\u0105 ir emocines traumas, Oniksas ugdo vidin\u0119 j\u0117g\u0105, reikaling\u0105 susidurti su tavo skausmu ir j\u012f apdoroti. Papildydamas energijos lyg\u012f sud\u0117tingose \u200b\u200bir stresin\u0117se situacijose, oniksas atkuria gyvybingum\u0105 sveikstant po ligos ir i\u0161sekusi\u0173 protini\u0173 paj\u0117gum\u0173. Tai \u012fkvepia drausm\u0117s, atsidavimo, susikaupimo ir atkaklumo \u2013 visos savyb\u0117s, reikalingos pagerbti \u012fsipareigojim\u0105 nesibaigian\u010diam sav\u0119s tobul\u0117jimui.  Integruodamas kiekvien\u0105 tavo esyb\u0117s dal\u012f harmonijoje su visata, \u017daliasis Oniksas nukreipia tavo energij\u0105 \u012f teigiam\u0105 j\u0117g\u0105, kad materializuot\u0173 tavo tobulo gyvenimo vizij\u0105.","og_url":"https:\/\/fromthemagicalrealm.com\/index.php\/product\/zaliasis-oniksas-bokstelis-2\/","og_site_name":"from the magical realm","article_publisher":"https:\/\/www.facebook.com\/fromthemagicalrealm","article_modified_time":"2025-01-21T20:38:30+00:00","og_image":[{"width":1920,"height":2560,"url":"http:\/\/fromthemagicalrealm.com\/wp-content\/uploads\/2023\/08\/2DF8BDBD-2446-4838-A59C-16A6A6B004DC-scaled.jpeg","type":"image\/jpeg"}],"twitter_card":"summary_large_image","twitter_misc":{"Est. reading time":"1 minut\u0117"},"schema":{"@context":"https:\/\/schema.org","@graph":[{"@type":"WebPage","@id":"https:\/\/fromthemagicalrealm.com\/index.php\/product\/zaliasis-oniksas-bokstelis-2\/","url":"https:\/\/fromthemagicalrealm.com\/index.php\/product\/zaliasis-oniksas-bokstelis-2\/","name":"\u017daliasis Oniksas - Bok\u0161telis, ~ 50 - 60 g. &bull; from the magical realm","isPartOf":{"@id":"https:\/\/fromthemagicalrealm.com\/#website"},"datePublished":"2023-08-28T11:35:26+00:00","dateModified":"2025-01-21T20:38:30+00:00","breadcrumb":{"@id":"https:\/\/fromthemagicalrealm.com\/index.php\/product\/zaliasis-oniksas-bokstelis-2\/#breadcrumb"},"inLanguage":"lt-LT","potentialAction":[{"@type":"ReadAction","target":["https:\/\/fromthemagicalrealm.com\/index.php\/product\/zaliasis-oniksas-bokstelis-2\/"]}]},{"@type":"BreadcrumbList","@id":"https:\/\/fromthemagicalrealm.com\/index.php\/product\/zaliasis-oniksas-bokstelis-2\/#breadcrumb","itemListElement":[{"@type":"ListItem","position":1,"name":"Home","item":"https:\/\/fromthemagicalrealm.com\/"},{"@type":"ListItem","position":2,"name":"Shop","item":"https:\/\/fromthemagicalrealm.com\/index.php\/shop\/"},{"@type":"ListItem","position":3,"name":"\u017daliasis Oniksas &#8211; Bok\u0161telis, ~ 50 &#8211; 60 g."}]},{"@type":"WebSite","@id":"https:\/\/fromthemagicalrealm.com\/#website","url":"https:\/\/fromthemagicalrealm.com\/","name":"from the magical realm","description":"Nat\u016bral\u016bs kristalai","publisher":{"@id":"https:\/\/fromthemagicalrealm.com\/#\/schema\/person\/85dfa5d4809d3b3bf17cfed17108b346"},"potentialAction":[{"@type":"SearchAction","target":{"@type":"EntryPoint","urlTemplate":"https:\/\/fromthemagicalrealm.com\/?s={search_term_string}"},"query-input":"required name=search_term_string"}],"inLanguage":"lt-LT"},{"@type":["Person","Organization"],"@id":"https:\/\/fromthemagicalrealm.com\/#\/schema\/person\/85dfa5d4809d3b3bf17cfed17108b346","name":"fromthemagicalrealm.com","image":{"@type":"ImageObject","inLanguage":"lt-LT","@id":"https:\/\/fromthemagicalrealm.com\/#\/schema\/person\/image\/","url":"https:\/\/fromthemagicalrealm.com\/wp-content\/uploads\/2023\/08\/cropped-cropped-53FE4852-DD1C-43D1-B95F-5E004E5056D9.png","contentUrl":"https:\/\/fromthemagicalrealm.com\/wp-content\/uploads\/2023\/08\/cropped-cropped-53FE4852-DD1C-43D1-B95F-5E004E5056D9.png","width":3370,"height":2233,"caption":"fromthemagicalrealm.com"},"logo":{"@id":"https:\/\/fromthemagicalrealm.com\/#\/schema\/person\/image\/"},"sameAs":["http:\/\/fromthemagicalrealm.com","https:\/\/www.facebook.com\/fromthemagicalrealm","https:\/\/www.instagram.com\/fromthemagicalrealm\/"]}]}},"_links":{"self":[{"href":"https:\/\/fromthemagicalrealm.com\/index.php\/wp-json\/wp\/v2\/product\/2201","targetHints":{"allow":["GET"]}}],"collection":[{"href":"https:\/\/fromthemagicalrealm.com\/index.php\/wp-json\/wp\/v2\/product"}],"about":[{"href":"https:\/\/fromthemagicalrealm.com\/index.php\/wp-json\/wp\/v2\/types\/product"}],"version-history":[{"count":3,"href":"https:\/\/fromthemagicalrealm.com\/index.php\/wp-json\/wp\/v2\/product\/2201\/revisions"}],"predecessor-version":[{"id":4056,"href":"https:\/\/fromthemagicalrealm.com\/index.php\/wp-json\/wp\/v2\/product\/2201\/revisions\/4056"}],"wp:featuredmedia":[{"embeddable":true,"href":"https:\/\/fromthemagicalrealm.com\/index.php\/wp-json\/wp\/v2\/media\/2199"}],"wp:attachment":[{"href":"https:\/\/fromthemagicalrealm.com\/index.php\/wp-json\/wp\/v2\/media?parent=2201"}],"wp:term":[{"taxonomy":"product_cat","embeddable":true,"href":"https:\/\/fromthemagicalrealm.com\/index.php\/wp-json\/wp\/v2\/product_cat?post=2201"},{"taxonomy":"product_tag","embeddable":true,"href":"https:\/\/fromthemagicalrealm.com\/index.php\/wp-json\/wp\/v2\/product_tag?post=2201"}],"curies":[{"name":"wp","href":"https:\/\/api.w.org\/{rel}","templated":true}]}}