{"id":2353,"date":"2023-08-29T12:27:22","date_gmt":"2023-08-29T12:27:22","guid":{"rendered":"https:\/\/fromthemagicalrealm.com\/?post_type=product&#038;p=2353"},"modified":"2024-02-28T20:09:04","modified_gmt":"2024-02-28T20:09:04","slug":"ranku-darbo-padekliukas-menulis-ir-zvaigzde","status":"publish","type":"product","link":"https:\/\/fromthemagicalrealm.com\/index.php\/product\/ranku-darbo-padekliukas-menulis-ir-zvaigzde\/","title":{"rendered":"Rank\u0173 Darbo Pad\u0117kliukas \u201cM\u0117nulis ir \u017dvaig\u017ed\u0117\u201d"},"content":{"rendered":"","protected":false},"excerpt":{"rendered":"<p>Magi\u0161kas juodas su baltu \u2013 tarsi d\u016bm\u0173 dizaino m\u0117nulio ir \u017evaig\u017ed\u0117s pad\u0117kliukas, kuriame gal\u0117site laikyti savo kristalus, papuo\u0161alus ar kita.<\/p>\n<p>Pad\u0117kliuko skermuo ~ 16cm.<br \/>\nMed\u017eiaga: Ekologi\u0161ka akrilin\u0117 derva. (Jesmonite, A1 ir kt.)<\/p>\n<p>Kiekvienas pad\u0117kliukas yra pagamintas su meile ir geriausiais ketinimais, nu\u0161lifuotas ir u\u017evirtintas su specialia med\u017eiaga. Ta\u010diau tur\u0117kite minty, kad nors jis sandarus, produktas n\u0117ra atsparus vandeniui, tod\u0117l nelaikykite jo dr\u0117gnose vietose ir nepanardinkite \u012f vanden\u012f. Panaudojus, tik jeigu prireiks, nuskalaukite vandeniu ir gerai nusausinkite. \u201cJesmonite\u201d med\u017eiaga \u00a0gali sugerti skys\u010dius, va\u0161k\u0105 ir t.t, ko pasekoja gali likti d\u0117m\u0117s ir atsirasti kiti defektai, tad naudoti su skys\u010diais nerekomenduojama. Rekomenduojamas sausas valymo b\u016bdas.<\/p>\n<p>Tur\u0117kite omenyje, kad nuotraukose pavaizduotas pad\u0117klas yra pavyzdys, kadangi tai rank\u0173 darbo gaminys, ra\u0161tas gali \u0161iek tiek skirtis, nes kiekvienas pad\u0117kliukas yra visi\u0161kai unikalus ir antro tokio pa\u010dio i\u0161gauti ne\u012fmanoma. Taip pat \u0161ie rank\u0173 darbo gaminiai kartais gali tur\u0117ti netobulum\u0173 kuri\u0173 gaminimo proceso metu ne\u012fmanoma i\u0161vengti, toki\u0173 kaip oro burbuliuk\u0173, minimali\u0173 nelygum\u0173 ir pn\u0161., tai n\u0117ra traktuojama kaip defektai.<\/p>\n","protected":false},"featured_media":2354,"template":"","meta":{"site-sidebar-layout":"default","site-content-layout":"default","ast-global-header-display":"","ast-banner-title-visibility":"","ast-main-header-display":"","ast-hfb-above-header-display":"","ast-hfb-below-header-display":"","ast-hfb-mobile-header-display":"","site-post-title":"","ast-breadcrumbs-content":"","ast-featured-img":"","footer-sml-layout":"","theme-transparent-header-meta":"default","adv-header-id-meta":"","stick-header-meta":"","header-above-stick-meta":"","header-main-stick-meta":"","header-below-stick-meta":""},"product_cat":[41,49],"product_tag":[],"class_list":{"0":"post-2353","1":"product","2":"type-product","3":"status-publish","4":"has-post-thumbnail","6":"product_cat-ranku-darbo-padekliukai","7":"product_cat-visi-produktai","8":"desktop-align-center","9":"tablet-align-left","10":"mobile-align-left","12":"first","13":"outofstock","14":"taxable","15":"shipping-taxable","16":"purchasable","17":"product-type-simple"},"yoast_head":"<!-- This site is optimized with the Yoast SEO plugin v20.13 - https:\/\/yoast.com\/wordpress\/plugins\/seo\/ -->\n<title>Rank\u0173 Darbo Pad\u0117kliukas \u201cM\u0117nulis ir \u017dvaig\u017ed\u0117\u201d &bull; from the magical realm<\/title>\n<meta name=\"robots\" content=\"index, follow, max-snippet:-1, max-image-preview:large, max-video-preview:-1\" \/>\n<link rel=\"canonical\" href=\"https:\/\/fromthemagicalrealm.com\/index.php\/product\/ranku-darbo-padekliukas-menulis-ir-zvaigzde\/\" \/>\n<meta property=\"og:locale\" content=\"lt_LT\" \/>\n<meta property=\"og:type\" content=\"article\" \/>\n<meta property=\"og:title\" content=\"Rank\u0173 Darbo Pad\u0117kliukas \u201cM\u0117nulis ir \u017dvaig\u017ed\u0117\u201d &bull; from the magical realm\" \/>\n<meta property=\"og:description\" content=\"Magi\u0161kas juodas su baltu \u2013 tarsi d\u016bm\u0173 dizaino m\u0117nulio ir \u017evaig\u017ed\u0117s pad\u0117kliukas, kuriame gal\u0117site laikyti savo kristalus, papuo\u0161alus ar kita.  Pad\u0117kliuko skermuo ~ 16cm. Med\u017eiaga: Ekologi\u0161ka akrilin\u0117 derva. (Jesmonite, A1 ir kt.)  Kiekvienas pad\u0117kliukas yra pagamintas su meile ir geriausiais ketinimais, nu\u0161lifuotas ir u\u017evirtintas su specialia med\u017eiaga. Ta\u010diau tur\u0117kite minty, kad nors jis sandarus, produktas n\u0117ra atsparus vandeniui, tod\u0117l nelaikykite jo dr\u0117gnose vietose ir nepanardinkite \u012f vanden\u012f. Panaudojus, tik jeigu prireiks, nuskalaukite vandeniu ir gerai nusausinkite. \u201cJesmonite\u201d med\u017eiaga \u00a0gali sugerti skys\u010dius, va\u0161k\u0105 ir t.t, ko pasekoja gali likti d\u0117m\u0117s ir atsirasti kiti defektai, tad naudoti su skys\u010diais nerekomenduojama. Rekomenduojamas sausas valymo b\u016bdas.  Tur\u0117kite omenyje, kad nuotraukose pavaizduotas pad\u0117klas yra pavyzdys, kadangi tai rank\u0173 darbo gaminys, ra\u0161tas gali \u0161iek tiek skirtis, nes kiekvienas pad\u0117kliukas yra visi\u0161kai unikalus ir antro tokio pa\u010dio i\u0161gauti ne\u012fmanoma. Taip pat \u0161ie rank\u0173 darbo gaminiai kartais gali tur\u0117ti netobulum\u0173 kuri\u0173 gaminimo proceso metu ne\u012fmanoma i\u0161vengti, toki\u0173 kaip oro burbuliuk\u0173, minimali\u0173 nelygum\u0173 ir pn\u0161., tai n\u0117ra traktuojama kaip defektai.\" \/>\n<meta property=\"og:url\" content=\"https:\/\/fromthemagicalrealm.com\/index.php\/product\/ranku-darbo-padekliukas-menulis-ir-zvaigzde\/\" \/>\n<meta property=\"og:site_name\" content=\"from the magical realm\" \/>\n<meta property=\"article:publisher\" content=\"https:\/\/www.facebook.com\/fromthemagicalrealm\" \/>\n<meta property=\"article:modified_time\" content=\"2024-02-28T20:09:04+00:00\" \/>\n<meta property=\"og:image\" content=\"http:\/\/fromthemagicalrealm.com\/wp-content\/uploads\/2023\/08\/D78479AB-E086-4539-BF3A-1D03AB4168E3-scaled.jpeg\" \/>\n\t<meta property=\"og:image:width\" content=\"1920\" \/>\n\t<meta property=\"og:image:height\" content=\"2560\" \/>\n\t<meta property=\"og:image:type\" content=\"image\/jpeg\" \/>\n<meta name=\"twitter:card\" content=\"summary_large_image\" \/>\n<script type=\"application\/ld+json\" class=\"yoast-schema-graph\">{\"@context\":\"https:\/\/schema.org\",\"@graph\":[{\"@type\":\"WebPage\",\"@id\":\"https:\/\/fromthemagicalrealm.com\/index.php\/product\/ranku-darbo-padekliukas-menulis-ir-zvaigzde\/\",\"url\":\"https:\/\/fromthemagicalrealm.com\/index.php\/product\/ranku-darbo-padekliukas-menulis-ir-zvaigzde\/\",\"name\":\"Rank\u0173 Darbo Pad\u0117kliukas \u201cM\u0117nulis ir \u017dvaig\u017ed\u0117\u201d &bull; from the magical realm\",\"isPartOf\":{\"@id\":\"https:\/\/fromthemagicalrealm.com\/#website\"},\"datePublished\":\"2023-08-29T12:27:22+00:00\",\"dateModified\":\"2024-02-28T20:09:04+00:00\",\"breadcrumb\":{\"@id\":\"https:\/\/fromthemagicalrealm.com\/index.php\/product\/ranku-darbo-padekliukas-menulis-ir-zvaigzde\/#breadcrumb\"},\"inLanguage\":\"lt-LT\",\"potentialAction\":[{\"@type\":\"ReadAction\",\"target\":[\"https:\/\/fromthemagicalrealm.com\/index.php\/product\/ranku-darbo-padekliukas-menulis-ir-zvaigzde\/\"]}]},{\"@type\":\"BreadcrumbList\",\"@id\":\"https:\/\/fromthemagicalrealm.com\/index.php\/product\/ranku-darbo-padekliukas-menulis-ir-zvaigzde\/#breadcrumb\",\"itemListElement\":[{\"@type\":\"ListItem\",\"position\":1,\"name\":\"Home\",\"item\":\"https:\/\/fromthemagicalrealm.com\/\"},{\"@type\":\"ListItem\",\"position\":2,\"name\":\"Shop\",\"item\":\"https:\/\/fromthemagicalrealm.com\/index.php\/shop\/\"},{\"@type\":\"ListItem\",\"position\":3,\"name\":\"Rank\u0173 Darbo Pad\u0117kliukas \u201cM\u0117nulis ir \u017dvaig\u017ed\u0117\u201d\"}]},{\"@type\":\"WebSite\",\"@id\":\"https:\/\/fromthemagicalrealm.com\/#website\",\"url\":\"https:\/\/fromthemagicalrealm.com\/\",\"name\":\"from the magical realm\",\"description\":\"Nat\u016bral\u016bs kristalai\",\"publisher\":{\"@id\":\"https:\/\/fromthemagicalrealm.com\/#\/schema\/person\/85dfa5d4809d3b3bf17cfed17108b346\"},\"potentialAction\":[{\"@type\":\"SearchAction\",\"target\":{\"@type\":\"EntryPoint\",\"urlTemplate\":\"https:\/\/fromthemagicalrealm.com\/?s={search_term_string}\"},\"query-input\":\"required name=search_term_string\"}],\"inLanguage\":\"lt-LT\"},{\"@type\":[\"Person\",\"Organization\"],\"@id\":\"https:\/\/fromthemagicalrealm.com\/#\/schema\/person\/85dfa5d4809d3b3bf17cfed17108b346\",\"name\":\"fromthemagicalrealm.com\",\"image\":{\"@type\":\"ImageObject\",\"inLanguage\":\"lt-LT\",\"@id\":\"https:\/\/fromthemagicalrealm.com\/#\/schema\/person\/image\/\",\"url\":\"https:\/\/fromthemagicalrealm.com\/wp-content\/uploads\/2023\/08\/cropped-cropped-53FE4852-DD1C-43D1-B95F-5E004E5056D9.png\",\"contentUrl\":\"https:\/\/fromthemagicalrealm.com\/wp-content\/uploads\/2023\/08\/cropped-cropped-53FE4852-DD1C-43D1-B95F-5E004E5056D9.png\",\"width\":3370,\"height\":2233,\"caption\":\"fromthemagicalrealm.com\"},\"logo\":{\"@id\":\"https:\/\/fromthemagicalrealm.com\/#\/schema\/person\/image\/\"},\"sameAs\":[\"http:\/\/fromthemagicalrealm.com\",\"https:\/\/www.facebook.com\/fromthemagicalrealm\",\"https:\/\/www.instagram.com\/fromthemagicalrealm\/\"]}]}<\/script>\n<!-- \/ Yoast SEO plugin. -->","yoast_head_json":{"title":"Rank\u0173 Darbo Pad\u0117kliukas \u201cM\u0117nulis ir \u017dvaig\u017ed\u0117\u201d &bull; from the magical realm","robots":{"index":"index","follow":"follow","max-snippet":"max-snippet:-1","max-image-preview":"max-image-preview:large","max-video-preview":"max-video-preview:-1"},"canonical":"https:\/\/fromthemagicalrealm.com\/index.php\/product\/ranku-darbo-padekliukas-menulis-ir-zvaigzde\/","og_locale":"lt_LT","og_type":"article","og_title":"Rank\u0173 Darbo Pad\u0117kliukas \u201cM\u0117nulis ir \u017dvaig\u017ed\u0117\u201d &bull; from the magical realm","og_description":"Magi\u0161kas juodas su baltu \u2013 tarsi d\u016bm\u0173 dizaino m\u0117nulio ir \u017evaig\u017ed\u0117s pad\u0117kliukas, kuriame gal\u0117site laikyti savo kristalus, papuo\u0161alus ar kita.  Pad\u0117kliuko skermuo ~ 16cm. Med\u017eiaga: Ekologi\u0161ka akrilin\u0117 derva. (Jesmonite, A1 ir kt.)  Kiekvienas pad\u0117kliukas yra pagamintas su meile ir geriausiais ketinimais, nu\u0161lifuotas ir u\u017evirtintas su specialia med\u017eiaga. Ta\u010diau tur\u0117kite minty, kad nors jis sandarus, produktas n\u0117ra atsparus vandeniui, tod\u0117l nelaikykite jo dr\u0117gnose vietose ir nepanardinkite \u012f vanden\u012f. Panaudojus, tik jeigu prireiks, nuskalaukite vandeniu ir gerai nusausinkite. \u201cJesmonite\u201d med\u017eiaga \u00a0gali sugerti skys\u010dius, va\u0161k\u0105 ir t.t, ko pasekoja gali likti d\u0117m\u0117s ir atsirasti kiti defektai, tad naudoti su skys\u010diais nerekomenduojama. Rekomenduojamas sausas valymo b\u016bdas.  Tur\u0117kite omenyje, kad nuotraukose pavaizduotas pad\u0117klas yra pavyzdys, kadangi tai rank\u0173 darbo gaminys, ra\u0161tas gali \u0161iek tiek skirtis, nes kiekvienas pad\u0117kliukas yra visi\u0161kai unikalus ir antro tokio pa\u010dio i\u0161gauti ne\u012fmanoma. Taip pat \u0161ie rank\u0173 darbo gaminiai kartais gali tur\u0117ti netobulum\u0173 kuri\u0173 gaminimo proceso metu ne\u012fmanoma i\u0161vengti, toki\u0173 kaip oro burbuliuk\u0173, minimali\u0173 nelygum\u0173 ir pn\u0161., tai n\u0117ra traktuojama kaip defektai.","og_url":"https:\/\/fromthemagicalrealm.com\/index.php\/product\/ranku-darbo-padekliukas-menulis-ir-zvaigzde\/","og_site_name":"from the magical realm","article_publisher":"https:\/\/www.facebook.com\/fromthemagicalrealm","article_modified_time":"2024-02-28T20:09:04+00:00","og_image":[{"width":1920,"height":2560,"url":"http:\/\/fromthemagicalrealm.com\/wp-content\/uploads\/2023\/08\/D78479AB-E086-4539-BF3A-1D03AB4168E3-scaled.jpeg","type":"image\/jpeg"}],"twitter_card":"summary_large_image","schema":{"@context":"https:\/\/schema.org","@graph":[{"@type":"WebPage","@id":"https:\/\/fromthemagicalrealm.com\/index.php\/product\/ranku-darbo-padekliukas-menulis-ir-zvaigzde\/","url":"https:\/\/fromthemagicalrealm.com\/index.php\/product\/ranku-darbo-padekliukas-menulis-ir-zvaigzde\/","name":"Rank\u0173 Darbo Pad\u0117kliukas \u201cM\u0117nulis ir \u017dvaig\u017ed\u0117\u201d &bull; from the magical realm","isPartOf":{"@id":"https:\/\/fromthemagicalrealm.com\/#website"},"datePublished":"2023-08-29T12:27:22+00:00","dateModified":"2024-02-28T20:09:04+00:00","breadcrumb":{"@id":"https:\/\/fromthemagicalrealm.com\/index.php\/product\/ranku-darbo-padekliukas-menulis-ir-zvaigzde\/#breadcrumb"},"inLanguage":"lt-LT","potentialAction":[{"@type":"ReadAction","target":["https:\/\/fromthemagicalrealm.com\/index.php\/product\/ranku-darbo-padekliukas-menulis-ir-zvaigzde\/"]}]},{"@type":"BreadcrumbList","@id":"https:\/\/fromthemagicalrealm.com\/index.php\/product\/ranku-darbo-padekliukas-menulis-ir-zvaigzde\/#breadcrumb","itemListElement":[{"@type":"ListItem","position":1,"name":"Home","item":"https:\/\/fromthemagicalrealm.com\/"},{"@type":"ListItem","position":2,"name":"Shop","item":"https:\/\/fromthemagicalrealm.com\/index.php\/shop\/"},{"@type":"ListItem","position":3,"name":"Rank\u0173 Darbo Pad\u0117kliukas \u201cM\u0117nulis ir \u017dvaig\u017ed\u0117\u201d"}]},{"@type":"WebSite","@id":"https:\/\/fromthemagicalrealm.com\/#website","url":"https:\/\/fromthemagicalrealm.com\/","name":"from the magical realm","description":"Nat\u016bral\u016bs kristalai","publisher":{"@id":"https:\/\/fromthemagicalrealm.com\/#\/schema\/person\/85dfa5d4809d3b3bf17cfed17108b346"},"potentialAction":[{"@type":"SearchAction","target":{"@type":"EntryPoint","urlTemplate":"https:\/\/fromthemagicalrealm.com\/?s={search_term_string}"},"query-input":"required name=search_term_string"}],"inLanguage":"lt-LT"},{"@type":["Person","Organization"],"@id":"https:\/\/fromthemagicalrealm.com\/#\/schema\/person\/85dfa5d4809d3b3bf17cfed17108b346","name":"fromthemagicalrealm.com","image":{"@type":"ImageObject","inLanguage":"lt-LT","@id":"https:\/\/fromthemagicalrealm.com\/#\/schema\/person\/image\/","url":"https:\/\/fromthemagicalrealm.com\/wp-content\/uploads\/2023\/08\/cropped-cropped-53FE4852-DD1C-43D1-B95F-5E004E5056D9.png","contentUrl":"https:\/\/fromthemagicalrealm.com\/wp-content\/uploads\/2023\/08\/cropped-cropped-53FE4852-DD1C-43D1-B95F-5E004E5056D9.png","width":3370,"height":2233,"caption":"fromthemagicalrealm.com"},"logo":{"@id":"https:\/\/fromthemagicalrealm.com\/#\/schema\/person\/image\/"},"sameAs":["http:\/\/fromthemagicalrealm.com","https:\/\/www.facebook.com\/fromthemagicalrealm","https:\/\/www.instagram.com\/fromthemagicalrealm\/"]}]}},"_links":{"self":[{"href":"https:\/\/fromthemagicalrealm.com\/index.php\/wp-json\/wp\/v2\/product\/2353","targetHints":{"allow":["GET"]}}],"collection":[{"href":"https:\/\/fromthemagicalrealm.com\/index.php\/wp-json\/wp\/v2\/product"}],"about":[{"href":"https:\/\/fromthemagicalrealm.com\/index.php\/wp-json\/wp\/v2\/types\/product"}],"version-history":[{"count":2,"href":"https:\/\/fromthemagicalrealm.com\/index.php\/wp-json\/wp\/v2\/product\/2353\/revisions"}],"predecessor-version":[{"id":2377,"href":"https:\/\/fromthemagicalrealm.com\/index.php\/wp-json\/wp\/v2\/product\/2353\/revisions\/2377"}],"wp:featuredmedia":[{"embeddable":true,"href":"https:\/\/fromthemagicalrealm.com\/index.php\/wp-json\/wp\/v2\/media\/2354"}],"wp:attachment":[{"href":"https:\/\/fromthemagicalrealm.com\/index.php\/wp-json\/wp\/v2\/media?parent=2353"}],"wp:term":[{"taxonomy":"product_cat","embeddable":true,"href":"https:\/\/fromthemagicalrealm.com\/index.php\/wp-json\/wp\/v2\/product_cat?post=2353"},{"taxonomy":"product_tag","embeddable":true,"href":"https:\/\/fromthemagicalrealm.com\/index.php\/wp-json\/wp\/v2\/product_tag?post=2353"}],"curies":[{"name":"wp","href":"https:\/\/api.w.org\/{rel}","templated":true}]}}