{"id":2619,"date":"2023-09-11T12:15:17","date_gmt":"2023-09-11T12:15:17","guid":{"rendered":"https:\/\/fromthemagicalrealm.com\/?post_type=product&#038;p=2619"},"modified":"2023-09-11T12:19:28","modified_gmt":"2023-09-11T12:19:28","slug":"chalcedonas-su-apofilitu","status":"publish","type":"product","link":"https:\/\/fromthemagicalrealm.com\/index.php\/product\/chalcedonas-su-apofilitu\/","title":{"rendered":"Chalcedonas Su Apofilitu"},"content":{"rendered":"<p><span style=\"font-size: 16px; -webkit-text-size-adjust: 100%;\">Svoris: 230 g.\u00a0<\/span><\/p>\n<p>&nbsp;<\/p>\n<p>Kilm\u0117: Brazilija<\/p>\n","protected":false},"excerpt":{"rendered":"<p class=\"p1\"><span class=\"s1\">Chalcedonas <\/span><\/p>\n<p class=\"p1\"><span class=\"s1\">Ramyb\u0117 \u2022 Dv\u0105sinis Augimas \u2022 Intuicija<\/span><\/p>\n<p class=\"p1\"><span class=\"s1\">\u0160velni Chalcedono vibracija \u012fk\u016bnija dabarties ramyb\u0119. Jo raminanti energija puosel\u0117ja optimali\u0105 gerov\u0119, gyvybingum\u0105 ir vientisum\u0105. Harmonizuodamas k\u016bn\u0105, prot\u0105 ir dvasi\u0105, jis skatina sul\u0117tinti temp\u0105 ir rasti savo ramyb\u0117s centr\u0105.<\/span><\/p>\n<p class=\"p1\"><span class=\"s1\">Kai gyvenimo tempas yra did\u017eiulis, jo raminanti energija palengvina dirglumo, streso ir nerimo jausmus. Atkurdamas emocin\u0119 pusiausvyr\u0105 ir dvasios ramyb\u0119, jis i\u0161sklaido toksi\u0161k\u0105 m\u0105stym\u0105 ir pa\u0161alina kenksmingas energijas. <\/span><\/p>\n<p class=\"p1\"><span class=\"s1\">Chalcedonas skatina nuo\u0161ird\u017ei\u0105 savirefleksij\u0105. Atkuria prisiminimus vidiniam gydymui, gilina s\u0105moningum\u0105 ir skatina intuityv\u0173 reg\u0117jim\u0105. Atverdamas imlum\u0105 angel\u0173 sferoms, palengvina s\u0105moning\u0105 bendravim\u0105 su dievi\u0161komis b\u016btyb\u0117mis ir dvasiniais vadovais.<\/span><\/p>\n","protected":false},"featured_media":2568,"template":"","meta":{"site-sidebar-layout":"default","site-content-layout":"default","ast-global-header-display":"","ast-banner-title-visibility":"","ast-main-header-display":"","ast-hfb-above-header-display":"","ast-hfb-below-header-display":"","ast-hfb-mobile-header-display":"","site-post-title":"","ast-breadcrumbs-content":"","ast-featured-img":"","footer-sml-layout":"","theme-transparent-header-meta":"default","adv-header-id-meta":"","stick-header-meta":"","header-above-stick-meta":"","header-main-stick-meta":"","header-below-stick-meta":""},"product_cat":[42,48,49],"product_tag":[66,69,70],"class_list":{"0":"post-2619","1":"product","2":"type-product","3":"status-publish","4":"has-post-thumbnail","6":"product_cat-neapdirbti-kristalai-mineralai","7":"product_cat-visi-kristalai-2","8":"product_cat-visi-produktai","9":"product_tag-apofilitas","10":"product_tag-chalcedonas","11":"product_tag-mineralai","12":"desktop-align-center","13":"tablet-align-left","14":"mobile-align-left","16":"first","17":"instock","18":"taxable","19":"shipping-taxable","20":"purchasable","21":"product-type-simple"},"yoast_head":"<!-- This site is optimized with the Yoast SEO plugin v20.13 - https:\/\/yoast.com\/wordpress\/plugins\/seo\/ -->\n<title>Chalcedonas Su Apofilitu &bull; from the magical realm<\/title>\n<meta name=\"robots\" content=\"index, follow, max-snippet:-1, max-image-preview:large, max-video-preview:-1\" \/>\n<link rel=\"canonical\" href=\"https:\/\/fromthemagicalrealm.com\/index.php\/product\/chalcedonas-su-apofilitu\/\" \/>\n<meta property=\"og:locale\" content=\"lt_LT\" \/>\n<meta property=\"og:type\" content=\"article\" \/>\n<meta property=\"og:title\" content=\"Chalcedonas Su Apofilitu &bull; from the magical realm\" \/>\n<meta property=\"og:description\" content=\"Chalcedonas  Ramyb\u0117 \u2022 Dv\u0105sinis Augimas \u2022 Intuicija \u0160velni Chalcedono vibracija \u012fk\u016bnija dabarties ramyb\u0119. Jo raminanti energija puosel\u0117ja optimali\u0105 gerov\u0119, gyvybingum\u0105 ir vientisum\u0105. Harmonizuodamas k\u016bn\u0105, prot\u0105 ir dvasi\u0105, jis skatina sul\u0117tinti temp\u0105 ir rasti savo ramyb\u0117s centr\u0105. Kai gyvenimo tempas yra did\u017eiulis, jo raminanti energija palengvina dirglumo, streso ir nerimo jausmus. Atkurdamas emocin\u0119 pusiausvyr\u0105 ir dvasios ramyb\u0119, jis i\u0161sklaido toksi\u0161k\u0105 m\u0105stym\u0105 ir pa\u0161alina kenksmingas energijas.  Chalcedonas skatina nuo\u0161ird\u017ei\u0105 savirefleksij\u0105. Atkuria prisiminimus vidiniam gydymui, gilina s\u0105moningum\u0105 ir skatina intuityv\u0173 reg\u0117jim\u0105. Atverdamas imlum\u0105 angel\u0173 sferoms, palengvina s\u0105moning\u0105 bendravim\u0105 su dievi\u0161komis b\u016btyb\u0117mis ir dvasiniais vadovais.\" \/>\n<meta property=\"og:url\" content=\"https:\/\/fromthemagicalrealm.com\/index.php\/product\/chalcedonas-su-apofilitu\/\" \/>\n<meta property=\"og:site_name\" content=\"from the magical realm\" \/>\n<meta property=\"article:publisher\" content=\"https:\/\/www.facebook.com\/fromthemagicalrealm\" \/>\n<meta property=\"article:modified_time\" content=\"2023-09-11T12:19:28+00:00\" \/>\n<meta property=\"og:image\" content=\"http:\/\/fromthemagicalrealm.com\/wp-content\/uploads\/2023\/09\/2E20F9C8-709A-4022-A05B-023F8982716D-scaled.jpeg\" \/>\n\t<meta property=\"og:image:width\" content=\"1920\" \/>\n\t<meta property=\"og:image:height\" content=\"2560\" \/>\n\t<meta property=\"og:image:type\" content=\"image\/jpeg\" \/>\n<meta name=\"twitter:card\" content=\"summary_large_image\" \/>\n<meta name=\"twitter:label1\" content=\"Est. reading time\" \/>\n\t<meta name=\"twitter:data1\" content=\"1 minut\u0117\" \/>\n<script type=\"application\/ld+json\" class=\"yoast-schema-graph\">{\"@context\":\"https:\/\/schema.org\",\"@graph\":[{\"@type\":\"WebPage\",\"@id\":\"https:\/\/fromthemagicalrealm.com\/index.php\/product\/chalcedonas-su-apofilitu\/\",\"url\":\"https:\/\/fromthemagicalrealm.com\/index.php\/product\/chalcedonas-su-apofilitu\/\",\"name\":\"Chalcedonas Su Apofilitu &bull; from the magical realm\",\"isPartOf\":{\"@id\":\"https:\/\/fromthemagicalrealm.com\/#website\"},\"datePublished\":\"2023-09-11T12:15:17+00:00\",\"dateModified\":\"2023-09-11T12:19:28+00:00\",\"breadcrumb\":{\"@id\":\"https:\/\/fromthemagicalrealm.com\/index.php\/product\/chalcedonas-su-apofilitu\/#breadcrumb\"},\"inLanguage\":\"lt-LT\",\"potentialAction\":[{\"@type\":\"ReadAction\",\"target\":[\"https:\/\/fromthemagicalrealm.com\/index.php\/product\/chalcedonas-su-apofilitu\/\"]}]},{\"@type\":\"BreadcrumbList\",\"@id\":\"https:\/\/fromthemagicalrealm.com\/index.php\/product\/chalcedonas-su-apofilitu\/#breadcrumb\",\"itemListElement\":[{\"@type\":\"ListItem\",\"position\":1,\"name\":\"Home\",\"item\":\"https:\/\/fromthemagicalrealm.com\/\"},{\"@type\":\"ListItem\",\"position\":2,\"name\":\"Shop\",\"item\":\"https:\/\/fromthemagicalrealm.com\/index.php\/shop\/\"},{\"@type\":\"ListItem\",\"position\":3,\"name\":\"Chalcedonas Su Apofilitu\"}]},{\"@type\":\"WebSite\",\"@id\":\"https:\/\/fromthemagicalrealm.com\/#website\",\"url\":\"https:\/\/fromthemagicalrealm.com\/\",\"name\":\"from the magical realm\",\"description\":\"Nat\u016bral\u016bs kristalai\",\"publisher\":{\"@id\":\"https:\/\/fromthemagicalrealm.com\/#\/schema\/person\/85dfa5d4809d3b3bf17cfed17108b346\"},\"potentialAction\":[{\"@type\":\"SearchAction\",\"target\":{\"@type\":\"EntryPoint\",\"urlTemplate\":\"https:\/\/fromthemagicalrealm.com\/?s={search_term_string}\"},\"query-input\":\"required name=search_term_string\"}],\"inLanguage\":\"lt-LT\"},{\"@type\":[\"Person\",\"Organization\"],\"@id\":\"https:\/\/fromthemagicalrealm.com\/#\/schema\/person\/85dfa5d4809d3b3bf17cfed17108b346\",\"name\":\"fromthemagicalrealm.com\",\"image\":{\"@type\":\"ImageObject\",\"inLanguage\":\"lt-LT\",\"@id\":\"https:\/\/fromthemagicalrealm.com\/#\/schema\/person\/image\/\",\"url\":\"https:\/\/fromthemagicalrealm.com\/wp-content\/uploads\/2023\/08\/cropped-cropped-53FE4852-DD1C-43D1-B95F-5E004E5056D9.png\",\"contentUrl\":\"https:\/\/fromthemagicalrealm.com\/wp-content\/uploads\/2023\/08\/cropped-cropped-53FE4852-DD1C-43D1-B95F-5E004E5056D9.png\",\"width\":3370,\"height\":2233,\"caption\":\"fromthemagicalrealm.com\"},\"logo\":{\"@id\":\"https:\/\/fromthemagicalrealm.com\/#\/schema\/person\/image\/\"},\"sameAs\":[\"http:\/\/fromthemagicalrealm.com\",\"https:\/\/www.facebook.com\/fromthemagicalrealm\",\"https:\/\/www.instagram.com\/fromthemagicalrealm\/\"]}]}<\/script>\n<!-- \/ Yoast SEO plugin. -->","yoast_head_json":{"title":"Chalcedonas Su Apofilitu &bull; from the magical realm","robots":{"index":"index","follow":"follow","max-snippet":"max-snippet:-1","max-image-preview":"max-image-preview:large","max-video-preview":"max-video-preview:-1"},"canonical":"https:\/\/fromthemagicalrealm.com\/index.php\/product\/chalcedonas-su-apofilitu\/","og_locale":"lt_LT","og_type":"article","og_title":"Chalcedonas Su Apofilitu &bull; from the magical realm","og_description":"Chalcedonas  Ramyb\u0117 \u2022 Dv\u0105sinis Augimas \u2022 Intuicija \u0160velni Chalcedono vibracija \u012fk\u016bnija dabarties ramyb\u0119. Jo raminanti energija puosel\u0117ja optimali\u0105 gerov\u0119, gyvybingum\u0105 ir vientisum\u0105. Harmonizuodamas k\u016bn\u0105, prot\u0105 ir dvasi\u0105, jis skatina sul\u0117tinti temp\u0105 ir rasti savo ramyb\u0117s centr\u0105. Kai gyvenimo tempas yra did\u017eiulis, jo raminanti energija palengvina dirglumo, streso ir nerimo jausmus. Atkurdamas emocin\u0119 pusiausvyr\u0105 ir dvasios ramyb\u0119, jis i\u0161sklaido toksi\u0161k\u0105 m\u0105stym\u0105 ir pa\u0161alina kenksmingas energijas.  Chalcedonas skatina nuo\u0161ird\u017ei\u0105 savirefleksij\u0105. Atkuria prisiminimus vidiniam gydymui, gilina s\u0105moningum\u0105 ir skatina intuityv\u0173 reg\u0117jim\u0105. Atverdamas imlum\u0105 angel\u0173 sferoms, palengvina s\u0105moning\u0105 bendravim\u0105 su dievi\u0161komis b\u016btyb\u0117mis ir dvasiniais vadovais.","og_url":"https:\/\/fromthemagicalrealm.com\/index.php\/product\/chalcedonas-su-apofilitu\/","og_site_name":"from the magical realm","article_publisher":"https:\/\/www.facebook.com\/fromthemagicalrealm","article_modified_time":"2023-09-11T12:19:28+00:00","og_image":[{"width":1920,"height":2560,"url":"http:\/\/fromthemagicalrealm.com\/wp-content\/uploads\/2023\/09\/2E20F9C8-709A-4022-A05B-023F8982716D-scaled.jpeg","type":"image\/jpeg"}],"twitter_card":"summary_large_image","twitter_misc":{"Est. reading time":"1 minut\u0117"},"schema":{"@context":"https:\/\/schema.org","@graph":[{"@type":"WebPage","@id":"https:\/\/fromthemagicalrealm.com\/index.php\/product\/chalcedonas-su-apofilitu\/","url":"https:\/\/fromthemagicalrealm.com\/index.php\/product\/chalcedonas-su-apofilitu\/","name":"Chalcedonas Su Apofilitu &bull; from the magical realm","isPartOf":{"@id":"https:\/\/fromthemagicalrealm.com\/#website"},"datePublished":"2023-09-11T12:15:17+00:00","dateModified":"2023-09-11T12:19:28+00:00","breadcrumb":{"@id":"https:\/\/fromthemagicalrealm.com\/index.php\/product\/chalcedonas-su-apofilitu\/#breadcrumb"},"inLanguage":"lt-LT","potentialAction":[{"@type":"ReadAction","target":["https:\/\/fromthemagicalrealm.com\/index.php\/product\/chalcedonas-su-apofilitu\/"]}]},{"@type":"BreadcrumbList","@id":"https:\/\/fromthemagicalrealm.com\/index.php\/product\/chalcedonas-su-apofilitu\/#breadcrumb","itemListElement":[{"@type":"ListItem","position":1,"name":"Home","item":"https:\/\/fromthemagicalrealm.com\/"},{"@type":"ListItem","position":2,"name":"Shop","item":"https:\/\/fromthemagicalrealm.com\/index.php\/shop\/"},{"@type":"ListItem","position":3,"name":"Chalcedonas Su Apofilitu"}]},{"@type":"WebSite","@id":"https:\/\/fromthemagicalrealm.com\/#website","url":"https:\/\/fromthemagicalrealm.com\/","name":"from the magical realm","description":"Nat\u016bral\u016bs kristalai","publisher":{"@id":"https:\/\/fromthemagicalrealm.com\/#\/schema\/person\/85dfa5d4809d3b3bf17cfed17108b346"},"potentialAction":[{"@type":"SearchAction","target":{"@type":"EntryPoint","urlTemplate":"https:\/\/fromthemagicalrealm.com\/?s={search_term_string}"},"query-input":"required name=search_term_string"}],"inLanguage":"lt-LT"},{"@type":["Person","Organization"],"@id":"https:\/\/fromthemagicalrealm.com\/#\/schema\/person\/85dfa5d4809d3b3bf17cfed17108b346","name":"fromthemagicalrealm.com","image":{"@type":"ImageObject","inLanguage":"lt-LT","@id":"https:\/\/fromthemagicalrealm.com\/#\/schema\/person\/image\/","url":"https:\/\/fromthemagicalrealm.com\/wp-content\/uploads\/2023\/08\/cropped-cropped-53FE4852-DD1C-43D1-B95F-5E004E5056D9.png","contentUrl":"https:\/\/fromthemagicalrealm.com\/wp-content\/uploads\/2023\/08\/cropped-cropped-53FE4852-DD1C-43D1-B95F-5E004E5056D9.png","width":3370,"height":2233,"caption":"fromthemagicalrealm.com"},"logo":{"@id":"https:\/\/fromthemagicalrealm.com\/#\/schema\/person\/image\/"},"sameAs":["http:\/\/fromthemagicalrealm.com","https:\/\/www.facebook.com\/fromthemagicalrealm","https:\/\/www.instagram.com\/fromthemagicalrealm\/"]}]}},"_links":{"self":[{"href":"https:\/\/fromthemagicalrealm.com\/index.php\/wp-json\/wp\/v2\/product\/2619","targetHints":{"allow":["GET"]}}],"collection":[{"href":"https:\/\/fromthemagicalrealm.com\/index.php\/wp-json\/wp\/v2\/product"}],"about":[{"href":"https:\/\/fromthemagicalrealm.com\/index.php\/wp-json\/wp\/v2\/types\/product"}],"version-history":[{"count":1,"href":"https:\/\/fromthemagicalrealm.com\/index.php\/wp-json\/wp\/v2\/product\/2619\/revisions"}],"predecessor-version":[{"id":2620,"href":"https:\/\/fromthemagicalrealm.com\/index.php\/wp-json\/wp\/v2\/product\/2619\/revisions\/2620"}],"wp:featuredmedia":[{"embeddable":true,"href":"https:\/\/fromthemagicalrealm.com\/index.php\/wp-json\/wp\/v2\/media\/2568"}],"wp:attachment":[{"href":"https:\/\/fromthemagicalrealm.com\/index.php\/wp-json\/wp\/v2\/media?parent=2619"}],"wp:term":[{"taxonomy":"product_cat","embeddable":true,"href":"https:\/\/fromthemagicalrealm.com\/index.php\/wp-json\/wp\/v2\/product_cat?post=2619"},{"taxonomy":"product_tag","embeddable":true,"href":"https:\/\/fromthemagicalrealm.com\/index.php\/wp-json\/wp\/v2\/product_tag?post=2619"}],"curies":[{"name":"wp","href":"https:\/\/api.w.org\/{rel}","templated":true}]}}