{"id":2645,"date":"2023-09-20T18:12:40","date_gmt":"2023-09-20T18:12:40","guid":{"rendered":"https:\/\/fromthemagicalrealm.com\/?post_type=product&#038;p=2645"},"modified":"2025-10-27T10:54:13","modified_gmt":"2025-10-27T10:54:13","slug":"vaivorykstinio-fluorito-mineralas","status":"publish","type":"product","link":"https:\/\/fromthemagicalrealm.com\/index.php\/product\/vaivorykstinio-fluorito-mineralas\/","title":{"rendered":"Vaivoryk\u0161tinio Fluorito Mineralas &#8211; L"},"content":{"rendered":"<p style=\"text-align: left;\">Extra kokyb\u0117s Fluoritas<\/p>\n<p style=\"text-align: left;\"><span style=\"font-size: 16px; -webkit-text-size-adjust: 100%;\">Svoris: ~50-70 gr.\u00a0<\/span><\/p>\n<ol>\n<li style=\"text-align: left;\">Kilm\u0117: Brazilija<\/li>\n<\/ol>\n<p>SVARBU: KADANGI KRISTALAI IR MINERALAI YRA NAT\u016aRALUS GAMTOS K\u016aRINYS, TUR\u0116KITE MINTYJE, KAD KIEKVIENO AKMENUKO FORMA IR SPALVA GALI \u0160IEK TIEK SKIRTIS, GALI TUR\u0116TI \u201eNETOBULUM\u0172\u201d (PVZ DR\u016aZA, \u012eTR\u016aKIMAS, DEBESUOTUMAS IR T.T.) KURIE PADARO AKMENUK\u0104 DAR UNIKALESN\u012e.\u00a0KAINA U\u017d VIEN\u0104 AKMENUK\u0104, KRISTALAS PARENKAMAS INTUITYVIAI. \ud83e\udd0d<\/p>\n<p>&nbsp;<\/p>\n","protected":false},"excerpt":{"rendered":"<p class=\"p1\" style=\"text-align: center;\"><span class=\"s1\">Fluoritas <\/span><\/p>\n<p class=\"p1\"><span class=\"s1\">Konsentracija \u2022 Ramyb\u0117 \u2022 Ai\u0161kumas <\/span><\/p>\n<p class=\"p1\"><span class=\"s1\">Fluoritas padidina smegen\u0173 gali\u0105, nukreipdamas d\u0117mes\u012f \u012f naujos informacijos \u012fsisavinim\u0105 ir apdorojim\u0105. Nutildydamas netvarking\u0173 min\u010di\u0173 ir r\u016bpes\u010di\u0173 \u0161leif\u0105, Fluoritas suteikia ai\u0161kumo priimant tikslingus sprendimus. Jis \u012fkvepia novatori\u0161k\u0105 problem\u0173 sprendim\u0105, sukurdamas ry\u0161\u012f tarp praeities patirties, i\u0161siugdyt\u0173 \u012fg\u016bd\u017ei\u0173 ir anks\u010diau \u012fgyt\u0173 \u017eini\u0173.<\/span><\/p>\n<p class=\"p1\"><span class=\"s1\">Jo rami vibracija \u012fkvepia gil\u0173 atsipalaidavim\u0105 ir ugdo rami\u0105 meditacijos b\u016bsen\u0105. Atverdamas tre\u010di\u0105j\u0105 ak\u012f ir kar\u016bnos \u010dakr\u0105, fluoritas pa\u017eadina j\u016bs\u0173 intuityvius sugeb\u0117jimus ir sujungia su auk\u0161tesn\u0117mis sferomis, kad lyd\u0117t\u0173 teisingu keliu. Puikiai apsaugo nuo aplinkos streso, i\u0161valo aur\u0105 ir gr\u0105\u017eina k\u016bn\u0105 \u012f nat\u016brali\u0105 pusiausvyr\u0105.<\/span><\/p>\n<p class=\"p1\"><span class=\"s1\">Kai gyvenimas priblo\u0161kia ir atrodo, kad jis nevaldomas, fluoritas suteikia chaoti\u0161kai energijai stabilumo. I\u0161laisvindamas i\u0161orini\u0173 j\u0117g\u0173 sukelt\u0105 baim\u0119 ir nerim\u0105, jis didina savimon\u0119 ir nukreipia j\u016bs\u0173 energij\u0105 \u012f s\u0105moning\u0105 gyvenim\u0105, kur\u012f \u012fsivaizduojate. <\/span><\/p>\n<p class=\"p1\"><span class=\"s1\">Fluorito magi\u0161kos savyb\u0117s padeda lengvai susierzinantiem, nervingiems ir i\u0161sibla\u0161kiusiems \u017emon\u0117ms. Moterims padeda susidoroti su emocij\u0173 protr\u016bkiais. <\/span><\/p>\n<p class=\"p1\"><span class=\"s1\">Akmuo ypatingai tinka k\u016brybingiems \u017emon\u0117ms ir mokslininkams. <\/span><\/p>\n","protected":false},"featured_media":2646,"template":"","meta":{"site-sidebar-layout":"default","site-content-layout":"default","ast-global-header-display":"","ast-banner-title-visibility":"","ast-main-header-display":"","ast-hfb-above-header-display":"","ast-hfb-below-header-display":"","ast-hfb-mobile-header-display":"","site-post-title":"","ast-breadcrumbs-content":"","ast-featured-img":"","footer-sml-layout":"","theme-transparent-header-meta":"default","adv-header-id-meta":"","stick-header-meta":"","header-above-stick-meta":"","header-main-stick-meta":"","header-below-stick-meta":""},"product_cat":[42,48,49],"product_tag":[75,76],"class_list":{"0":"post-2645","1":"product","2":"type-product","3":"status-publish","4":"has-post-thumbnail","6":"product_cat-neapdirbti-kristalai-mineralai","7":"product_cat-visi-kristalai-2","8":"product_cat-visi-produktai","9":"product_tag-fluoritas","10":"product_tag-fluorito-mineralas","11":"desktop-align-center","12":"tablet-align-left","13":"mobile-align-left","15":"first","16":"outofstock","17":"taxable","18":"shipping-taxable","19":"purchasable","20":"product-type-simple"},"yoast_head":"<!-- This site is optimized with the Yoast SEO plugin v20.13 - https:\/\/yoast.com\/wordpress\/plugins\/seo\/ -->\n<title>Vaivoryk\u0161tinio Fluorito Mineralas - L &bull; from the magical realm<\/title>\n<meta name=\"description\" content=\"Fluorito mineralas, fluoritas, nat\u016bral\u016bs kristalai, neapdirbti kristalai\" \/>\n<meta name=\"robots\" content=\"index, follow, max-snippet:-1, max-image-preview:large, max-video-preview:-1\" \/>\n<link rel=\"canonical\" href=\"https:\/\/fromthemagicalrealm.com\/index.php\/product\/vaivorykstinio-fluorito-mineralas\/\" \/>\n<meta property=\"og:locale\" content=\"lt_LT\" \/>\n<meta property=\"og:type\" content=\"article\" \/>\n<meta property=\"og:title\" content=\"Vaivoryk\u0161tinio Fluorito Mineralas - L &bull; from the magical realm\" \/>\n<meta property=\"og:description\" content=\"Fluorito mineralas, fluoritas, nat\u016bral\u016bs kristalai, neapdirbti kristalai\" \/>\n<meta property=\"og:url\" content=\"https:\/\/fromthemagicalrealm.com\/index.php\/product\/vaivorykstinio-fluorito-mineralas\/\" \/>\n<meta property=\"og:site_name\" content=\"from the magical realm\" \/>\n<meta property=\"article:publisher\" content=\"https:\/\/www.facebook.com\/fromthemagicalrealm\" \/>\n<meta property=\"article:modified_time\" content=\"2025-10-27T10:54:13+00:00\" \/>\n<meta property=\"og:image\" content=\"http:\/\/fromthemagicalrealm.com\/wp-content\/uploads\/2023\/09\/4B691241-E693-4CF1-994A-76166C85A1F3-scaled.jpeg\" \/>\n\t<meta property=\"og:image:width\" content=\"2560\" \/>\n\t<meta property=\"og:image:height\" content=\"1920\" \/>\n\t<meta property=\"og:image:type\" content=\"image\/jpeg\" \/>\n<meta name=\"twitter:card\" content=\"summary_large_image\" \/>\n<meta name=\"twitter:label1\" content=\"Est. reading time\" \/>\n\t<meta name=\"twitter:data1\" content=\"1 minut\u0117\" \/>\n<script type=\"application\/ld+json\" class=\"yoast-schema-graph\">{\"@context\":\"https:\/\/schema.org\",\"@graph\":[{\"@type\":\"WebPage\",\"@id\":\"https:\/\/fromthemagicalrealm.com\/index.php\/product\/vaivorykstinio-fluorito-mineralas\/\",\"url\":\"https:\/\/fromthemagicalrealm.com\/index.php\/product\/vaivorykstinio-fluorito-mineralas\/\",\"name\":\"Vaivoryk\u0161tinio Fluorito Mineralas - L &bull; from the magical realm\",\"isPartOf\":{\"@id\":\"https:\/\/fromthemagicalrealm.com\/#website\"},\"datePublished\":\"2023-09-20T18:12:40+00:00\",\"dateModified\":\"2025-10-27T10:54:13+00:00\",\"description\":\"Fluorito mineralas, fluoritas, nat\u016bral\u016bs kristalai, neapdirbti kristalai\",\"breadcrumb\":{\"@id\":\"https:\/\/fromthemagicalrealm.com\/index.php\/product\/vaivorykstinio-fluorito-mineralas\/#breadcrumb\"},\"inLanguage\":\"lt-LT\",\"potentialAction\":[{\"@type\":\"ReadAction\",\"target\":[\"https:\/\/fromthemagicalrealm.com\/index.php\/product\/vaivorykstinio-fluorito-mineralas\/\"]}]},{\"@type\":\"BreadcrumbList\",\"@id\":\"https:\/\/fromthemagicalrealm.com\/index.php\/product\/vaivorykstinio-fluorito-mineralas\/#breadcrumb\",\"itemListElement\":[{\"@type\":\"ListItem\",\"position\":1,\"name\":\"Home\",\"item\":\"https:\/\/fromthemagicalrealm.com\/\"},{\"@type\":\"ListItem\",\"position\":2,\"name\":\"Shop\",\"item\":\"https:\/\/fromthemagicalrealm.com\/index.php\/shop\/\"},{\"@type\":\"ListItem\",\"position\":3,\"name\":\"Vaivoryk\u0161tinio Fluorito Mineralas &#8211; L\"}]},{\"@type\":\"WebSite\",\"@id\":\"https:\/\/fromthemagicalrealm.com\/#website\",\"url\":\"https:\/\/fromthemagicalrealm.com\/\",\"name\":\"from the magical realm\",\"description\":\"Nat\u016bral\u016bs kristalai\",\"publisher\":{\"@id\":\"https:\/\/fromthemagicalrealm.com\/#\/schema\/person\/85dfa5d4809d3b3bf17cfed17108b346\"},\"potentialAction\":[{\"@type\":\"SearchAction\",\"target\":{\"@type\":\"EntryPoint\",\"urlTemplate\":\"https:\/\/fromthemagicalrealm.com\/?s={search_term_string}\"},\"query-input\":\"required name=search_term_string\"}],\"inLanguage\":\"lt-LT\"},{\"@type\":[\"Person\",\"Organization\"],\"@id\":\"https:\/\/fromthemagicalrealm.com\/#\/schema\/person\/85dfa5d4809d3b3bf17cfed17108b346\",\"name\":\"fromthemagicalrealm.com\",\"image\":{\"@type\":\"ImageObject\",\"inLanguage\":\"lt-LT\",\"@id\":\"https:\/\/fromthemagicalrealm.com\/#\/schema\/person\/image\/\",\"url\":\"https:\/\/fromthemagicalrealm.com\/wp-content\/uploads\/2023\/08\/cropped-cropped-53FE4852-DD1C-43D1-B95F-5E004E5056D9.png\",\"contentUrl\":\"https:\/\/fromthemagicalrealm.com\/wp-content\/uploads\/2023\/08\/cropped-cropped-53FE4852-DD1C-43D1-B95F-5E004E5056D9.png\",\"width\":3370,\"height\":2233,\"caption\":\"fromthemagicalrealm.com\"},\"logo\":{\"@id\":\"https:\/\/fromthemagicalrealm.com\/#\/schema\/person\/image\/\"},\"sameAs\":[\"http:\/\/fromthemagicalrealm.com\",\"https:\/\/www.facebook.com\/fromthemagicalrealm\",\"https:\/\/www.instagram.com\/fromthemagicalrealm\/\"]}]}<\/script>\n<!-- \/ Yoast SEO plugin. -->","yoast_head_json":{"title":"Vaivoryk\u0161tinio Fluorito Mineralas - L &bull; from the magical realm","description":"Fluorito mineralas, fluoritas, nat\u016bral\u016bs kristalai, neapdirbti kristalai","robots":{"index":"index","follow":"follow","max-snippet":"max-snippet:-1","max-image-preview":"max-image-preview:large","max-video-preview":"max-video-preview:-1"},"canonical":"https:\/\/fromthemagicalrealm.com\/index.php\/product\/vaivorykstinio-fluorito-mineralas\/","og_locale":"lt_LT","og_type":"article","og_title":"Vaivoryk\u0161tinio Fluorito Mineralas - L &bull; from the magical realm","og_description":"Fluorito mineralas, fluoritas, nat\u016bral\u016bs kristalai, neapdirbti kristalai","og_url":"https:\/\/fromthemagicalrealm.com\/index.php\/product\/vaivorykstinio-fluorito-mineralas\/","og_site_name":"from the magical realm","article_publisher":"https:\/\/www.facebook.com\/fromthemagicalrealm","article_modified_time":"2025-10-27T10:54:13+00:00","og_image":[{"width":2560,"height":1920,"url":"http:\/\/fromthemagicalrealm.com\/wp-content\/uploads\/2023\/09\/4B691241-E693-4CF1-994A-76166C85A1F3-scaled.jpeg","type":"image\/jpeg"}],"twitter_card":"summary_large_image","twitter_misc":{"Est. reading time":"1 minut\u0117"},"schema":{"@context":"https:\/\/schema.org","@graph":[{"@type":"WebPage","@id":"https:\/\/fromthemagicalrealm.com\/index.php\/product\/vaivorykstinio-fluorito-mineralas\/","url":"https:\/\/fromthemagicalrealm.com\/index.php\/product\/vaivorykstinio-fluorito-mineralas\/","name":"Vaivoryk\u0161tinio Fluorito Mineralas - L &bull; from the magical realm","isPartOf":{"@id":"https:\/\/fromthemagicalrealm.com\/#website"},"datePublished":"2023-09-20T18:12:40+00:00","dateModified":"2025-10-27T10:54:13+00:00","description":"Fluorito mineralas, fluoritas, nat\u016bral\u016bs kristalai, neapdirbti kristalai","breadcrumb":{"@id":"https:\/\/fromthemagicalrealm.com\/index.php\/product\/vaivorykstinio-fluorito-mineralas\/#breadcrumb"},"inLanguage":"lt-LT","potentialAction":[{"@type":"ReadAction","target":["https:\/\/fromthemagicalrealm.com\/index.php\/product\/vaivorykstinio-fluorito-mineralas\/"]}]},{"@type":"BreadcrumbList","@id":"https:\/\/fromthemagicalrealm.com\/index.php\/product\/vaivorykstinio-fluorito-mineralas\/#breadcrumb","itemListElement":[{"@type":"ListItem","position":1,"name":"Home","item":"https:\/\/fromthemagicalrealm.com\/"},{"@type":"ListItem","position":2,"name":"Shop","item":"https:\/\/fromthemagicalrealm.com\/index.php\/shop\/"},{"@type":"ListItem","position":3,"name":"Vaivoryk\u0161tinio Fluorito Mineralas &#8211; L"}]},{"@type":"WebSite","@id":"https:\/\/fromthemagicalrealm.com\/#website","url":"https:\/\/fromthemagicalrealm.com\/","name":"from the magical realm","description":"Nat\u016bral\u016bs kristalai","publisher":{"@id":"https:\/\/fromthemagicalrealm.com\/#\/schema\/person\/85dfa5d4809d3b3bf17cfed17108b346"},"potentialAction":[{"@type":"SearchAction","target":{"@type":"EntryPoint","urlTemplate":"https:\/\/fromthemagicalrealm.com\/?s={search_term_string}"},"query-input":"required name=search_term_string"}],"inLanguage":"lt-LT"},{"@type":["Person","Organization"],"@id":"https:\/\/fromthemagicalrealm.com\/#\/schema\/person\/85dfa5d4809d3b3bf17cfed17108b346","name":"fromthemagicalrealm.com","image":{"@type":"ImageObject","inLanguage":"lt-LT","@id":"https:\/\/fromthemagicalrealm.com\/#\/schema\/person\/image\/","url":"https:\/\/fromthemagicalrealm.com\/wp-content\/uploads\/2023\/08\/cropped-cropped-53FE4852-DD1C-43D1-B95F-5E004E5056D9.png","contentUrl":"https:\/\/fromthemagicalrealm.com\/wp-content\/uploads\/2023\/08\/cropped-cropped-53FE4852-DD1C-43D1-B95F-5E004E5056D9.png","width":3370,"height":2233,"caption":"fromthemagicalrealm.com"},"logo":{"@id":"https:\/\/fromthemagicalrealm.com\/#\/schema\/person\/image\/"},"sameAs":["http:\/\/fromthemagicalrealm.com","https:\/\/www.facebook.com\/fromthemagicalrealm","https:\/\/www.instagram.com\/fromthemagicalrealm\/"]}]}},"_links":{"self":[{"href":"https:\/\/fromthemagicalrealm.com\/index.php\/wp-json\/wp\/v2\/product\/2645","targetHints":{"allow":["GET"]}}],"collection":[{"href":"https:\/\/fromthemagicalrealm.com\/index.php\/wp-json\/wp\/v2\/product"}],"about":[{"href":"https:\/\/fromthemagicalrealm.com\/index.php\/wp-json\/wp\/v2\/types\/product"}],"version-history":[{"count":1,"href":"https:\/\/fromthemagicalrealm.com\/index.php\/wp-json\/wp\/v2\/product\/2645\/revisions"}],"predecessor-version":[{"id":2647,"href":"https:\/\/fromthemagicalrealm.com\/index.php\/wp-json\/wp\/v2\/product\/2645\/revisions\/2647"}],"wp:featuredmedia":[{"embeddable":true,"href":"https:\/\/fromthemagicalrealm.com\/index.php\/wp-json\/wp\/v2\/media\/2646"}],"wp:attachment":[{"href":"https:\/\/fromthemagicalrealm.com\/index.php\/wp-json\/wp\/v2\/media?parent=2645"}],"wp:term":[{"taxonomy":"product_cat","embeddable":true,"href":"https:\/\/fromthemagicalrealm.com\/index.php\/wp-json\/wp\/v2\/product_cat?post=2645"},{"taxonomy":"product_tag","embeddable":true,"href":"https:\/\/fromthemagicalrealm.com\/index.php\/wp-json\/wp\/v2\/product_tag?post=2645"}],"curies":[{"name":"wp","href":"https:\/\/api.w.org\/{rel}","templated":true}]}}