{"id":2811,"date":"2023-10-09T17:34:55","date_gmt":"2023-10-09T17:34:55","guid":{"rendered":"https:\/\/fromthemagicalrealm.com\/?post_type=product&#038;p=2811"},"modified":"2025-01-17T20:11:05","modified_gmt":"2025-01-17T20:11:05","slug":"ametisto-druza-aa-76g","status":"publish","type":"product","link":"https:\/\/fromthemagicalrealm.com\/index.php\/product\/ametisto-druza-aa-76g\/","title":{"rendered":"Ametisto Dr\u016bza AA, 76g."},"content":{"rendered":"<p>Svoris: 76g.<\/p>\n<p>Kilm\u0117: Brazilija<\/p>\n","protected":false},"excerpt":{"rendered":"<p class=\"p1\"><span class=\"s1\">Ametistas<\/span><\/p>\n<p class=\"p1\"><span class=\"s1\">Ramyb\u0117 \u2022 Transformacija \u2022 Miegas<\/span><\/p>\n<p class=\"p1\"><span class=\"s1\">Ametistas \u012fkvepia rami\u0105 b\u016bsen\u0105, jo energija atpalaiduoja k\u016bn\u0105 ir nuramina pernelyg aktyv\u0173 prot\u0105. Didinant d\u0117mes\u012f, jis suderina intuicij\u0105 su logika, kad palaikyt\u0173 teising\u0173 sprendim\u0173 pri\u0117mimo proces\u0105. Ametistas pad\u0117tas \u0161alia lovos, po pagalve ar prie k\u016bno pagerina miego kokyb\u0119 ir skatina gerus sapnus.<\/span><\/p>\n<p class=\"p1\"><span class=\"s1\">Suaktyvindamas tre\u010diosios akies ir vainiko \u010dakras, ametistas pakelia s\u0105mon\u0119 ir sujungia tave su giliausia vidine i\u0161mintimi. Tai ugdo pasitik\u0117jim\u0105 psichiniais sugeb\u0117jimais ir atskleid\u017eia skirtingos gyvenimo patirties prasm\u0119. Didindamas s\u0105moningum\u0105, ametistas sustiprina ry\u0161\u012f su Dievi\u0161kumu ir palengvina bendravim\u0105 su angelais. <\/span><\/p>\n<p class=\"p1\"><span class=\"s1\">Teigiamos transformacijos akmuo, ametistas padeda \u012fveikti \u017ealing\u0105 elges\u012f, pa\u0161alindamas neigiamus emocinius modelius ir i\u0161laisvindamas \u017ealingus \u012fsitikinimus, prisiri\u0161imus ir \u012fpro\u010dius.<\/span><\/p>\n<p class=\"p1\"><span class=\"s1\">Palaikydamas k\u016bno pusiausvyr\u0105, ametistas i\u0161valo aur\u0105 ir sukuria apsaugin\u012f skyd\u0105, apsaugant\u012f nuo psichini\u0173 priepuoli\u0173 ir geopatinio streso. Palaiko gerov\u0117s jausm\u0105, transmutuodamas neigiam\u0105 energij\u0105 i\u0161 aplinkos.<\/span><\/p>\n<p class=\"p1\"><span class=\"s1\">Ametisto negalima laikyti tiesioginiuose saul\u0117s spinduliuose, nes kitaip jo spalva gali i\u0161blukti. <\/span><\/p>\n","protected":false},"featured_media":2812,"template":"","meta":{"site-sidebar-layout":"default","site-content-layout":"default","ast-global-header-display":"","ast-banner-title-visibility":"","ast-main-header-display":"","ast-hfb-above-header-display":"","ast-hfb-below-header-display":"","ast-hfb-mobile-header-display":"","site-post-title":"","ast-breadcrumbs-content":"","ast-featured-img":"","footer-sml-layout":"","theme-transparent-header-meta":"default","adv-header-id-meta":"","stick-header-meta":"","header-above-stick-meta":"","header-main-stick-meta":"","header-below-stick-meta":""},"product_cat":[42,48,49],"product_tag":[],"class_list":{"0":"post-2811","1":"product","2":"type-product","3":"status-publish","4":"has-post-thumbnail","6":"product_cat-neapdirbti-kristalai-mineralai","7":"product_cat-visi-kristalai-2","8":"product_cat-visi-produktai","9":"desktop-align-center","10":"tablet-align-left","11":"mobile-align-left","13":"first","14":"outofstock","15":"sale","16":"taxable","17":"shipping-taxable","18":"purchasable","19":"product-type-simple"},"yoast_head":"<!-- This site is optimized with the Yoast SEO plugin v20.13 - https:\/\/yoast.com\/wordpress\/plugins\/seo\/ -->\n<title>Ametisto Dr\u016bza AA, 76g. &bull; from the magical realm<\/title>\n<meta name=\"description\" content=\"Ametistas, Ametisto dr\u016bza, neapdirbtas Ametistas\" \/>\n<meta name=\"robots\" content=\"index, follow, max-snippet:-1, max-image-preview:large, max-video-preview:-1\" \/>\n<link rel=\"canonical\" href=\"https:\/\/fromthemagicalrealm.com\/index.php\/product\/ametisto-druza-aa-76g\/\" \/>\n<meta property=\"og:locale\" content=\"lt_LT\" \/>\n<meta property=\"og:type\" content=\"article\" \/>\n<meta property=\"og:title\" content=\"Ametisto Dr\u016bza AA, 76g. &bull; from the magical realm\" \/>\n<meta property=\"og:description\" content=\"Ametistas, Ametisto dr\u016bza, neapdirbtas Ametistas\" \/>\n<meta property=\"og:url\" content=\"https:\/\/fromthemagicalrealm.com\/index.php\/product\/ametisto-druza-aa-76g\/\" \/>\n<meta property=\"og:site_name\" content=\"from the magical realm\" \/>\n<meta property=\"article:publisher\" content=\"https:\/\/www.facebook.com\/fromthemagicalrealm\" \/>\n<meta property=\"article:modified_time\" content=\"2025-01-17T20:11:05+00:00\" \/>\n<meta property=\"og:image\" content=\"http:\/\/fromthemagicalrealm.com\/wp-content\/uploads\/2023\/10\/5FBB5AA8-C34F-4B2C-ABA9-31B6554B018F-scaled.jpeg\" \/>\n\t<meta property=\"og:image:width\" content=\"1920\" \/>\n\t<meta property=\"og:image:height\" content=\"2560\" \/>\n\t<meta property=\"og:image:type\" content=\"image\/jpeg\" \/>\n<meta name=\"twitter:card\" content=\"summary_large_image\" \/>\n<meta name=\"twitter:label1\" content=\"Est. reading time\" \/>\n\t<meta name=\"twitter:data1\" content=\"1 minut\u0117\" \/>\n<script type=\"application\/ld+json\" class=\"yoast-schema-graph\">{\"@context\":\"https:\/\/schema.org\",\"@graph\":[{\"@type\":\"WebPage\",\"@id\":\"https:\/\/fromthemagicalrealm.com\/index.php\/product\/ametisto-druza-aa-76g\/\",\"url\":\"https:\/\/fromthemagicalrealm.com\/index.php\/product\/ametisto-druza-aa-76g\/\",\"name\":\"Ametisto Dr\u016bza AA, 76g. &bull; from the magical realm\",\"isPartOf\":{\"@id\":\"https:\/\/fromthemagicalrealm.com\/#website\"},\"datePublished\":\"2023-10-09T17:34:55+00:00\",\"dateModified\":\"2025-01-17T20:11:05+00:00\",\"description\":\"Ametistas, Ametisto dr\u016bza, neapdirbtas Ametistas\",\"breadcrumb\":{\"@id\":\"https:\/\/fromthemagicalrealm.com\/index.php\/product\/ametisto-druza-aa-76g\/#breadcrumb\"},\"inLanguage\":\"lt-LT\",\"potentialAction\":[{\"@type\":\"ReadAction\",\"target\":[\"https:\/\/fromthemagicalrealm.com\/index.php\/product\/ametisto-druza-aa-76g\/\"]}]},{\"@type\":\"BreadcrumbList\",\"@id\":\"https:\/\/fromthemagicalrealm.com\/index.php\/product\/ametisto-druza-aa-76g\/#breadcrumb\",\"itemListElement\":[{\"@type\":\"ListItem\",\"position\":1,\"name\":\"Home\",\"item\":\"https:\/\/fromthemagicalrealm.com\/\"},{\"@type\":\"ListItem\",\"position\":2,\"name\":\"Shop\",\"item\":\"https:\/\/fromthemagicalrealm.com\/index.php\/shop\/\"},{\"@type\":\"ListItem\",\"position\":3,\"name\":\"Ametisto Dr\u016bza AA, 76g.\"}]},{\"@type\":\"WebSite\",\"@id\":\"https:\/\/fromthemagicalrealm.com\/#website\",\"url\":\"https:\/\/fromthemagicalrealm.com\/\",\"name\":\"from the magical realm\",\"description\":\"Nat\u016bral\u016bs kristalai\",\"publisher\":{\"@id\":\"https:\/\/fromthemagicalrealm.com\/#\/schema\/person\/85dfa5d4809d3b3bf17cfed17108b346\"},\"potentialAction\":[{\"@type\":\"SearchAction\",\"target\":{\"@type\":\"EntryPoint\",\"urlTemplate\":\"https:\/\/fromthemagicalrealm.com\/?s={search_term_string}\"},\"query-input\":\"required name=search_term_string\"}],\"inLanguage\":\"lt-LT\"},{\"@type\":[\"Person\",\"Organization\"],\"@id\":\"https:\/\/fromthemagicalrealm.com\/#\/schema\/person\/85dfa5d4809d3b3bf17cfed17108b346\",\"name\":\"fromthemagicalrealm.com\",\"image\":{\"@type\":\"ImageObject\",\"inLanguage\":\"lt-LT\",\"@id\":\"https:\/\/fromthemagicalrealm.com\/#\/schema\/person\/image\/\",\"url\":\"https:\/\/fromthemagicalrealm.com\/wp-content\/uploads\/2023\/08\/cropped-cropped-53FE4852-DD1C-43D1-B95F-5E004E5056D9.png\",\"contentUrl\":\"https:\/\/fromthemagicalrealm.com\/wp-content\/uploads\/2023\/08\/cropped-cropped-53FE4852-DD1C-43D1-B95F-5E004E5056D9.png\",\"width\":3370,\"height\":2233,\"caption\":\"fromthemagicalrealm.com\"},\"logo\":{\"@id\":\"https:\/\/fromthemagicalrealm.com\/#\/schema\/person\/image\/\"},\"sameAs\":[\"http:\/\/fromthemagicalrealm.com\",\"https:\/\/www.facebook.com\/fromthemagicalrealm\",\"https:\/\/www.instagram.com\/fromthemagicalrealm\/\"]}]}<\/script>\n<!-- \/ Yoast SEO plugin. -->","yoast_head_json":{"title":"Ametisto Dr\u016bza AA, 76g. &bull; from the magical realm","description":"Ametistas, Ametisto dr\u016bza, neapdirbtas Ametistas","robots":{"index":"index","follow":"follow","max-snippet":"max-snippet:-1","max-image-preview":"max-image-preview:large","max-video-preview":"max-video-preview:-1"},"canonical":"https:\/\/fromthemagicalrealm.com\/index.php\/product\/ametisto-druza-aa-76g\/","og_locale":"lt_LT","og_type":"article","og_title":"Ametisto Dr\u016bza AA, 76g. &bull; from the magical realm","og_description":"Ametistas, Ametisto dr\u016bza, neapdirbtas Ametistas","og_url":"https:\/\/fromthemagicalrealm.com\/index.php\/product\/ametisto-druza-aa-76g\/","og_site_name":"from the magical realm","article_publisher":"https:\/\/www.facebook.com\/fromthemagicalrealm","article_modified_time":"2025-01-17T20:11:05+00:00","og_image":[{"width":1920,"height":2560,"url":"http:\/\/fromthemagicalrealm.com\/wp-content\/uploads\/2023\/10\/5FBB5AA8-C34F-4B2C-ABA9-31B6554B018F-scaled.jpeg","type":"image\/jpeg"}],"twitter_card":"summary_large_image","twitter_misc":{"Est. reading time":"1 minut\u0117"},"schema":{"@context":"https:\/\/schema.org","@graph":[{"@type":"WebPage","@id":"https:\/\/fromthemagicalrealm.com\/index.php\/product\/ametisto-druza-aa-76g\/","url":"https:\/\/fromthemagicalrealm.com\/index.php\/product\/ametisto-druza-aa-76g\/","name":"Ametisto Dr\u016bza AA, 76g. &bull; from the magical realm","isPartOf":{"@id":"https:\/\/fromthemagicalrealm.com\/#website"},"datePublished":"2023-10-09T17:34:55+00:00","dateModified":"2025-01-17T20:11:05+00:00","description":"Ametistas, Ametisto dr\u016bza, neapdirbtas Ametistas","breadcrumb":{"@id":"https:\/\/fromthemagicalrealm.com\/index.php\/product\/ametisto-druza-aa-76g\/#breadcrumb"},"inLanguage":"lt-LT","potentialAction":[{"@type":"ReadAction","target":["https:\/\/fromthemagicalrealm.com\/index.php\/product\/ametisto-druza-aa-76g\/"]}]},{"@type":"BreadcrumbList","@id":"https:\/\/fromthemagicalrealm.com\/index.php\/product\/ametisto-druza-aa-76g\/#breadcrumb","itemListElement":[{"@type":"ListItem","position":1,"name":"Home","item":"https:\/\/fromthemagicalrealm.com\/"},{"@type":"ListItem","position":2,"name":"Shop","item":"https:\/\/fromthemagicalrealm.com\/index.php\/shop\/"},{"@type":"ListItem","position":3,"name":"Ametisto Dr\u016bza AA, 76g."}]},{"@type":"WebSite","@id":"https:\/\/fromthemagicalrealm.com\/#website","url":"https:\/\/fromthemagicalrealm.com\/","name":"from the magical realm","description":"Nat\u016bral\u016bs kristalai","publisher":{"@id":"https:\/\/fromthemagicalrealm.com\/#\/schema\/person\/85dfa5d4809d3b3bf17cfed17108b346"},"potentialAction":[{"@type":"SearchAction","target":{"@type":"EntryPoint","urlTemplate":"https:\/\/fromthemagicalrealm.com\/?s={search_term_string}"},"query-input":"required name=search_term_string"}],"inLanguage":"lt-LT"},{"@type":["Person","Organization"],"@id":"https:\/\/fromthemagicalrealm.com\/#\/schema\/person\/85dfa5d4809d3b3bf17cfed17108b346","name":"fromthemagicalrealm.com","image":{"@type":"ImageObject","inLanguage":"lt-LT","@id":"https:\/\/fromthemagicalrealm.com\/#\/schema\/person\/image\/","url":"https:\/\/fromthemagicalrealm.com\/wp-content\/uploads\/2023\/08\/cropped-cropped-53FE4852-DD1C-43D1-B95F-5E004E5056D9.png","contentUrl":"https:\/\/fromthemagicalrealm.com\/wp-content\/uploads\/2023\/08\/cropped-cropped-53FE4852-DD1C-43D1-B95F-5E004E5056D9.png","width":3370,"height":2233,"caption":"fromthemagicalrealm.com"},"logo":{"@id":"https:\/\/fromthemagicalrealm.com\/#\/schema\/person\/image\/"},"sameAs":["http:\/\/fromthemagicalrealm.com","https:\/\/www.facebook.com\/fromthemagicalrealm","https:\/\/www.instagram.com\/fromthemagicalrealm\/"]}]}},"_links":{"self":[{"href":"https:\/\/fromthemagicalrealm.com\/index.php\/wp-json\/wp\/v2\/product\/2811","targetHints":{"allow":["GET"]}}],"collection":[{"href":"https:\/\/fromthemagicalrealm.com\/index.php\/wp-json\/wp\/v2\/product"}],"about":[{"href":"https:\/\/fromthemagicalrealm.com\/index.php\/wp-json\/wp\/v2\/types\/product"}],"version-history":[{"count":1,"href":"https:\/\/fromthemagicalrealm.com\/index.php\/wp-json\/wp\/v2\/product\/2811\/revisions"}],"predecessor-version":[{"id":2814,"href":"https:\/\/fromthemagicalrealm.com\/index.php\/wp-json\/wp\/v2\/product\/2811\/revisions\/2814"}],"wp:featuredmedia":[{"embeddable":true,"href":"https:\/\/fromthemagicalrealm.com\/index.php\/wp-json\/wp\/v2\/media\/2812"}],"wp:attachment":[{"href":"https:\/\/fromthemagicalrealm.com\/index.php\/wp-json\/wp\/v2\/media?parent=2811"}],"wp:term":[{"taxonomy":"product_cat","embeddable":true,"href":"https:\/\/fromthemagicalrealm.com\/index.php\/wp-json\/wp\/v2\/product_cat?post=2811"},{"taxonomy":"product_tag","embeddable":true,"href":"https:\/\/fromthemagicalrealm.com\/index.php\/wp-json\/wp\/v2\/product_tag?post=2811"}],"curies":[{"name":"wp","href":"https:\/\/api.w.org\/{rel}","templated":true}]}}