{"id":2905,"date":"2023-10-16T16:16:55","date_gmt":"2023-10-16T16:16:55","guid":{"rendered":"https:\/\/fromthemagicalrealm.com\/?post_type=product&#038;p=2905"},"modified":"2023-11-19T14:43:51","modified_gmt":"2023-11-19T14:43:51","slug":"druza-su-kvarcu-piritu-ir-galenitu-122g","status":"publish","type":"product","link":"https:\/\/fromthemagicalrealm.com\/index.php\/product\/druza-su-kvarcu-piritu-ir-galenitu-122g\/","title":{"rendered":"Dr\u016bza su Kvarcu, Piritu ir Galenitu, 122g."},"content":{"rendered":"<p>Svoris: 122 g.<\/p>\n<p>Kilm\u0117: Bulgarija.<\/p>\n","protected":false},"excerpt":{"rendered":"<p class=\"p1\"><span class=\"s1\">Piritas<\/span><\/p>\n<p class=\"p1\"><span class=\"s1\">Gausa \u2022 Pasitikejimas \u2022 \u012e\u017eeminimas<\/span><\/p>\n<p class=\"p1\"><span class=\"s1\">Pirito auksinis spindesys \u012fkvepia k\u016brybinias id\u0117jas, kaip sukurti gaus\u0105. Akmuo skatina suteikti sau leidima klest\u0117ti, i\u0161laisvinti gali\u0105 gyventi diding\u0105 gyvenim\u0105, atsikratyti mintis apie nepakankamum\u0105 ir tr\u016bkumus, padidinti pasitikejim\u0105 savimi, kad taptum geriausia savo versija ir gal\u0117tum dalintis savo dovanomis su pasauliu.<\/span><\/p>\n<p class=\"p1\"><span class=\"s1\">Taip pat \u017einomas kaip \u201eKvailio auksas&#8221;, piritas pritraukia s\u0117km\u0119 ir pinigus. Ta\u010diau neapsigaukite vien siekdami materialini\u0173 turt\u0173, nes tikroji gerov\u0117 slypi i\u0161minties prisiminim\u0173, meil\u0117s ir per vis\u0105 gyvenim\u0105 pasiekt\u0173 santyki\u0173 gausoje. Auk\u0161ta jo vibracija aktyvina saul\u0117s rezginio \u010dakr\u0105, stiprina vali\u0105 ir nukreipia energij\u0105 \u012f veiksm\u0105. \u012e\u017eiebdama dievisk\u0105j\u0105 vyri\u0161k\u0105j\u0105 energij\u0105 viduje, padidina tavo potrauk\u012f susidurti su sunkiais i\u0161\u0161\u016bkiais, visk\u0105 pamatyti ir u\u017ebaigti iki galo.<\/span><\/p>\n<p class=\"p1\"><span class=\"s1\">\u012e\u017eemintas, jis per k\u016bn\u0105 praleid\u017eia atnaujint\u0105 energij\u0105, atkuria pusiausvyr\u0105 ir padidina gyvybingum\u0105. Jo blizgantis pavidalas, kaip apsauginis \u0161arvas, nukreipia neigiam\u0105 poveik\u012f ir \u017eal\u0105 nuo auros. Gilindamas tavo supratim\u0105 apie tai, kaip toli nu\u0117jai savo kelion\u0117je, Piritas i\u0161laiko susikaupim\u0105 ir ry\u017et\u0105, kad vien\u0105 dien\u0105 pasiektum auks\u0105. <\/span><\/p>\n","protected":false},"featured_media":2906,"template":"","meta":{"site-sidebar-layout":"default","site-content-layout":"default","ast-global-header-display":"","ast-banner-title-visibility":"","ast-main-header-display":"","ast-hfb-above-header-display":"","ast-hfb-below-header-display":"","ast-hfb-mobile-header-display":"","site-post-title":"","ast-breadcrumbs-content":"","ast-featured-img":"","footer-sml-layout":"","theme-transparent-header-meta":"default","adv-header-id-meta":"","stick-header-meta":"","header-above-stick-meta":"","header-main-stick-meta":"","header-below-stick-meta":""},"product_cat":[42,48,49],"product_tag":[116,115],"class_list":{"0":"post-2905","1":"product","2":"type-product","3":"status-publish","4":"has-post-thumbnail","6":"product_cat-neapdirbti-kristalai-mineralai","7":"product_cat-visi-kristalai-2","8":"product_cat-visi-produktai","9":"product_tag-piritas","10":"product_tag-pirito-druza","11":"desktop-align-center","12":"tablet-align-left","13":"mobile-align-left","15":"first","16":"outofstock","17":"taxable","18":"shipping-taxable","19":"purchasable","20":"product-type-simple"},"yoast_head":"<!-- This site is optimized with the Yoast SEO plugin v20.13 - https:\/\/yoast.com\/wordpress\/plugins\/seo\/ -->\n<title>Dr\u016bza su Kvarcu, Piritu ir Galenitu, 122g. &bull; from the magical realm<\/title>\n<meta name=\"description\" content=\"Pirito dr\u016bza su kvarcu ir galenitu, pirito dr\u016bza, pirito dr\u016bza su kvarcu\" \/>\n<meta name=\"robots\" content=\"index, follow, max-snippet:-1, max-image-preview:large, max-video-preview:-1\" \/>\n<link rel=\"canonical\" href=\"https:\/\/fromthemagicalrealm.com\/index.php\/product\/druza-su-kvarcu-piritu-ir-galenitu-122g\/\" \/>\n<meta property=\"og:locale\" content=\"lt_LT\" \/>\n<meta property=\"og:type\" content=\"article\" \/>\n<meta property=\"og:title\" content=\"Dr\u016bza su Kvarcu, Piritu ir Galenitu, 122g. &bull; from the magical realm\" \/>\n<meta property=\"og:description\" content=\"Pirito dr\u016bza su kvarcu ir galenitu, pirito dr\u016bza, pirito dr\u016bza su kvarcu\" \/>\n<meta property=\"og:url\" content=\"https:\/\/fromthemagicalrealm.com\/index.php\/product\/druza-su-kvarcu-piritu-ir-galenitu-122g\/\" \/>\n<meta property=\"og:site_name\" content=\"from the magical realm\" \/>\n<meta property=\"article:publisher\" content=\"https:\/\/www.facebook.com\/fromthemagicalrealm\" \/>\n<meta property=\"article:modified_time\" content=\"2023-11-19T14:43:51+00:00\" \/>\n<meta property=\"og:image\" content=\"http:\/\/fromthemagicalrealm.com\/wp-content\/uploads\/2023\/10\/6E4CAAF8-8675-4C30-9467-83B650BCA408-scaled.jpeg\" \/>\n\t<meta property=\"og:image:width\" content=\"1920\" \/>\n\t<meta property=\"og:image:height\" content=\"2560\" \/>\n\t<meta property=\"og:image:type\" content=\"image\/jpeg\" \/>\n<meta name=\"twitter:card\" content=\"summary_large_image\" \/>\n<meta name=\"twitter:label1\" content=\"Est. reading time\" \/>\n\t<meta name=\"twitter:data1\" content=\"1 minut\u0117\" \/>\n<script type=\"application\/ld+json\" class=\"yoast-schema-graph\">{\"@context\":\"https:\/\/schema.org\",\"@graph\":[{\"@type\":\"WebPage\",\"@id\":\"https:\/\/fromthemagicalrealm.com\/index.php\/product\/druza-su-kvarcu-piritu-ir-galenitu-122g\/\",\"url\":\"https:\/\/fromthemagicalrealm.com\/index.php\/product\/druza-su-kvarcu-piritu-ir-galenitu-122g\/\",\"name\":\"Dr\u016bza su Kvarcu, Piritu ir Galenitu, 122g. &bull; from the magical realm\",\"isPartOf\":{\"@id\":\"https:\/\/fromthemagicalrealm.com\/#website\"},\"datePublished\":\"2023-10-16T16:16:55+00:00\",\"dateModified\":\"2023-11-19T14:43:51+00:00\",\"description\":\"Pirito dr\u016bza su kvarcu ir galenitu, pirito dr\u016bza, pirito dr\u016bza su kvarcu\",\"breadcrumb\":{\"@id\":\"https:\/\/fromthemagicalrealm.com\/index.php\/product\/druza-su-kvarcu-piritu-ir-galenitu-122g\/#breadcrumb\"},\"inLanguage\":\"lt-LT\",\"potentialAction\":[{\"@type\":\"ReadAction\",\"target\":[\"https:\/\/fromthemagicalrealm.com\/index.php\/product\/druza-su-kvarcu-piritu-ir-galenitu-122g\/\"]}]},{\"@type\":\"BreadcrumbList\",\"@id\":\"https:\/\/fromthemagicalrealm.com\/index.php\/product\/druza-su-kvarcu-piritu-ir-galenitu-122g\/#breadcrumb\",\"itemListElement\":[{\"@type\":\"ListItem\",\"position\":1,\"name\":\"Home\",\"item\":\"https:\/\/fromthemagicalrealm.com\/\"},{\"@type\":\"ListItem\",\"position\":2,\"name\":\"Shop\",\"item\":\"https:\/\/fromthemagicalrealm.com\/index.php\/shop\/\"},{\"@type\":\"ListItem\",\"position\":3,\"name\":\"Dr\u016bza su Kvarcu, Piritu ir Galenitu, 122g.\"}]},{\"@type\":\"WebSite\",\"@id\":\"https:\/\/fromthemagicalrealm.com\/#website\",\"url\":\"https:\/\/fromthemagicalrealm.com\/\",\"name\":\"from the magical realm\",\"description\":\"Nat\u016bral\u016bs kristalai\",\"publisher\":{\"@id\":\"https:\/\/fromthemagicalrealm.com\/#\/schema\/person\/85dfa5d4809d3b3bf17cfed17108b346\"},\"potentialAction\":[{\"@type\":\"SearchAction\",\"target\":{\"@type\":\"EntryPoint\",\"urlTemplate\":\"https:\/\/fromthemagicalrealm.com\/?s={search_term_string}\"},\"query-input\":\"required name=search_term_string\"}],\"inLanguage\":\"lt-LT\"},{\"@type\":[\"Person\",\"Organization\"],\"@id\":\"https:\/\/fromthemagicalrealm.com\/#\/schema\/person\/85dfa5d4809d3b3bf17cfed17108b346\",\"name\":\"fromthemagicalrealm.com\",\"image\":{\"@type\":\"ImageObject\",\"inLanguage\":\"lt-LT\",\"@id\":\"https:\/\/fromthemagicalrealm.com\/#\/schema\/person\/image\/\",\"url\":\"https:\/\/fromthemagicalrealm.com\/wp-content\/uploads\/2023\/08\/cropped-cropped-53FE4852-DD1C-43D1-B95F-5E004E5056D9.png\",\"contentUrl\":\"https:\/\/fromthemagicalrealm.com\/wp-content\/uploads\/2023\/08\/cropped-cropped-53FE4852-DD1C-43D1-B95F-5E004E5056D9.png\",\"width\":3370,\"height\":2233,\"caption\":\"fromthemagicalrealm.com\"},\"logo\":{\"@id\":\"https:\/\/fromthemagicalrealm.com\/#\/schema\/person\/image\/\"},\"sameAs\":[\"http:\/\/fromthemagicalrealm.com\",\"https:\/\/www.facebook.com\/fromthemagicalrealm\",\"https:\/\/www.instagram.com\/fromthemagicalrealm\/\"]}]}<\/script>\n<!-- \/ Yoast SEO plugin. -->","yoast_head_json":{"title":"Dr\u016bza su Kvarcu, Piritu ir Galenitu, 122g. &bull; from the magical realm","description":"Pirito dr\u016bza su kvarcu ir galenitu, pirito dr\u016bza, pirito dr\u016bza su kvarcu","robots":{"index":"index","follow":"follow","max-snippet":"max-snippet:-1","max-image-preview":"max-image-preview:large","max-video-preview":"max-video-preview:-1"},"canonical":"https:\/\/fromthemagicalrealm.com\/index.php\/product\/druza-su-kvarcu-piritu-ir-galenitu-122g\/","og_locale":"lt_LT","og_type":"article","og_title":"Dr\u016bza su Kvarcu, Piritu ir Galenitu, 122g. &bull; from the magical realm","og_description":"Pirito dr\u016bza su kvarcu ir galenitu, pirito dr\u016bza, pirito dr\u016bza su kvarcu","og_url":"https:\/\/fromthemagicalrealm.com\/index.php\/product\/druza-su-kvarcu-piritu-ir-galenitu-122g\/","og_site_name":"from the magical realm","article_publisher":"https:\/\/www.facebook.com\/fromthemagicalrealm","article_modified_time":"2023-11-19T14:43:51+00:00","og_image":[{"width":1920,"height":2560,"url":"http:\/\/fromthemagicalrealm.com\/wp-content\/uploads\/2023\/10\/6E4CAAF8-8675-4C30-9467-83B650BCA408-scaled.jpeg","type":"image\/jpeg"}],"twitter_card":"summary_large_image","twitter_misc":{"Est. reading time":"1 minut\u0117"},"schema":{"@context":"https:\/\/schema.org","@graph":[{"@type":"WebPage","@id":"https:\/\/fromthemagicalrealm.com\/index.php\/product\/druza-su-kvarcu-piritu-ir-galenitu-122g\/","url":"https:\/\/fromthemagicalrealm.com\/index.php\/product\/druza-su-kvarcu-piritu-ir-galenitu-122g\/","name":"Dr\u016bza su Kvarcu, Piritu ir Galenitu, 122g. &bull; from the magical realm","isPartOf":{"@id":"https:\/\/fromthemagicalrealm.com\/#website"},"datePublished":"2023-10-16T16:16:55+00:00","dateModified":"2023-11-19T14:43:51+00:00","description":"Pirito dr\u016bza su kvarcu ir galenitu, pirito dr\u016bza, pirito dr\u016bza su kvarcu","breadcrumb":{"@id":"https:\/\/fromthemagicalrealm.com\/index.php\/product\/druza-su-kvarcu-piritu-ir-galenitu-122g\/#breadcrumb"},"inLanguage":"lt-LT","potentialAction":[{"@type":"ReadAction","target":["https:\/\/fromthemagicalrealm.com\/index.php\/product\/druza-su-kvarcu-piritu-ir-galenitu-122g\/"]}]},{"@type":"BreadcrumbList","@id":"https:\/\/fromthemagicalrealm.com\/index.php\/product\/druza-su-kvarcu-piritu-ir-galenitu-122g\/#breadcrumb","itemListElement":[{"@type":"ListItem","position":1,"name":"Home","item":"https:\/\/fromthemagicalrealm.com\/"},{"@type":"ListItem","position":2,"name":"Shop","item":"https:\/\/fromthemagicalrealm.com\/index.php\/shop\/"},{"@type":"ListItem","position":3,"name":"Dr\u016bza su Kvarcu, Piritu ir Galenitu, 122g."}]},{"@type":"WebSite","@id":"https:\/\/fromthemagicalrealm.com\/#website","url":"https:\/\/fromthemagicalrealm.com\/","name":"from the magical realm","description":"Nat\u016bral\u016bs kristalai","publisher":{"@id":"https:\/\/fromthemagicalrealm.com\/#\/schema\/person\/85dfa5d4809d3b3bf17cfed17108b346"},"potentialAction":[{"@type":"SearchAction","target":{"@type":"EntryPoint","urlTemplate":"https:\/\/fromthemagicalrealm.com\/?s={search_term_string}"},"query-input":"required name=search_term_string"}],"inLanguage":"lt-LT"},{"@type":["Person","Organization"],"@id":"https:\/\/fromthemagicalrealm.com\/#\/schema\/person\/85dfa5d4809d3b3bf17cfed17108b346","name":"fromthemagicalrealm.com","image":{"@type":"ImageObject","inLanguage":"lt-LT","@id":"https:\/\/fromthemagicalrealm.com\/#\/schema\/person\/image\/","url":"https:\/\/fromthemagicalrealm.com\/wp-content\/uploads\/2023\/08\/cropped-cropped-53FE4852-DD1C-43D1-B95F-5E004E5056D9.png","contentUrl":"https:\/\/fromthemagicalrealm.com\/wp-content\/uploads\/2023\/08\/cropped-cropped-53FE4852-DD1C-43D1-B95F-5E004E5056D9.png","width":3370,"height":2233,"caption":"fromthemagicalrealm.com"},"logo":{"@id":"https:\/\/fromthemagicalrealm.com\/#\/schema\/person\/image\/"},"sameAs":["http:\/\/fromthemagicalrealm.com","https:\/\/www.facebook.com\/fromthemagicalrealm","https:\/\/www.instagram.com\/fromthemagicalrealm\/"]}]}},"_links":{"self":[{"href":"https:\/\/fromthemagicalrealm.com\/index.php\/wp-json\/wp\/v2\/product\/2905","targetHints":{"allow":["GET"]}}],"collection":[{"href":"https:\/\/fromthemagicalrealm.com\/index.php\/wp-json\/wp\/v2\/product"}],"about":[{"href":"https:\/\/fromthemagicalrealm.com\/index.php\/wp-json\/wp\/v2\/types\/product"}],"version-history":[{"count":1,"href":"https:\/\/fromthemagicalrealm.com\/index.php\/wp-json\/wp\/v2\/product\/2905\/revisions"}],"predecessor-version":[{"id":2907,"href":"https:\/\/fromthemagicalrealm.com\/index.php\/wp-json\/wp\/v2\/product\/2905\/revisions\/2907"}],"wp:featuredmedia":[{"embeddable":true,"href":"https:\/\/fromthemagicalrealm.com\/index.php\/wp-json\/wp\/v2\/media\/2906"}],"wp:attachment":[{"href":"https:\/\/fromthemagicalrealm.com\/index.php\/wp-json\/wp\/v2\/media?parent=2905"}],"wp:term":[{"taxonomy":"product_cat","embeddable":true,"href":"https:\/\/fromthemagicalrealm.com\/index.php\/wp-json\/wp\/v2\/product_cat?post=2905"},{"taxonomy":"product_tag","embeddable":true,"href":"https:\/\/fromthemagicalrealm.com\/index.php\/wp-json\/wp\/v2\/product_tag?post=2905"}],"curies":[{"name":"wp","href":"https:\/\/api.w.org\/{rel}","templated":true}]}}