{"id":2978,"date":"2024-01-02T13:56:06","date_gmt":"2024-01-02T13:56:06","guid":{"rendered":"https:\/\/fromthemagicalrealm.com\/?post_type=product&#038;p=2978"},"modified":"2025-01-21T22:02:14","modified_gmt":"2025-01-21T22:02:14","slug":"haulitas-pakabukas-sirdele-be-grandineles","status":"publish","type":"product","link":"https:\/\/fromthemagicalrealm.com\/index.php\/product\/haulitas-pakabukas-sirdele-be-grandineles\/","title":{"rendered":"Haulitas &#8211; pakabukas \u0161irdel\u0117 (be grandin\u0117l\u0117s)"},"content":{"rendered":"","protected":false},"excerpt":{"rendered":"<p><strong>Haulitas<\/strong><\/p>\n<p>Ramyb\u0117 \u2022 Balansas \u2022 Ai\u0161kumas<\/p>\n<p>Haulitas moko kantryb\u0117s, ugdydamas savimon\u0119. Stiprindamas tavo intuicij\u0105, skatina priimti aplinkybes, kuri\u0173 negali sukontroliuoti. Aktyvuodamas kar\u016bnos \u010dakr\u0105, jo gryna balta \u0161viesa apgaubia k\u016bn\u0105, kad gal\u0117tum paleisti ir susitaikyti su situacija. Suteikdamas ramyb\u0119 protui ir atsipalaidavim\u0105 k\u016bnui, haulitas kvie\u010dia \u012fsikurti, sul\u0117t\u0117ti ir atsipalaiduoti. Jo vibracija suteikia ram\u0173 mieg\u0105 ir atkuria emocini\u0105 pusiausvyr\u0105. \u012ekvepiantis u\u017euojaut\u0105 ir atvir\u0105 m\u0105stym\u0105, haulitas ugdo teigiamas mintis, kad gal\u0117tum \u012fveikti abejones ir neigiamus pokalbius su savimi. Haulitas padeda atgauti ramyb\u0119 stresin\u0117se situacijose, sutvarkydamas mintis ir jausmus. Pa\u0161alinus nusivylim\u0105 ir pykt\u012f, akmuo suteikia ai\u0161kumo priimti racional\u0173 pasirinkim\u0105, kuris pad\u0117s geriau panaudoti tavo laik\u0105, d\u0117mes\u012f ir energij\u0105. Stiprindamas tavo d\u0117mes\u012f siekti savo tiksl\u0173, haulitas u\u017etikrina, kad s\u0117km\u0117 ateis tiems, kurie niekada nepasiduos siekdami savo svajoni\u0173.<\/p>\n","protected":false},"featured_media":2979,"template":"","meta":{"site-sidebar-layout":"default","site-content-layout":"default","ast-global-header-display":"","ast-banner-title-visibility":"","ast-main-header-display":"","ast-hfb-above-header-display":"","ast-hfb-below-header-display":"","ast-hfb-mobile-header-display":"","site-post-title":"","ast-breadcrumbs-content":"","ast-featured-img":"","footer-sml-layout":"","theme-transparent-header-meta":"default","adv-header-id-meta":"","stick-header-meta":"","header-above-stick-meta":"","header-main-stick-meta":"","header-below-stick-meta":""},"product_cat":[124,53,48,49],"product_tag":[125,126,129,128,127,130],"class_list":{"0":"post-2978","1":"product","2":"type-product","3":"status-publish","4":"has-post-thumbnail","6":"product_cat-pakabukai","7":"product_cat-kristalu-papuosalai","8":"product_cat-visi-kristalai-2","9":"product_cat-visi-produktai","10":"product_tag-haulitas","11":"product_tag-haulito-pakabukas","12":"product_tag-kristalu-papuosalai","13":"product_tag-natual","14":"product_tag-naturalaus-akmens-papuosalai","15":"product_tag-pakabukas-sirdele","16":"desktop-align-center","17":"tablet-align-left","18":"mobile-align-left","20":"first","21":"instock","22":"sale","23":"taxable","24":"shipping-taxable","25":"purchasable","26":"product-type-simple"},"yoast_head":"<!-- This site is optimized with the Yoast SEO plugin v20.13 - https:\/\/yoast.com\/wordpress\/plugins\/seo\/ -->\n<title>Haulitas - pakabukas \u0161irdel\u0117 (be grandin\u0117l\u0117s) &bull; from the magical realm<\/title>\n<meta name=\"robots\" content=\"index, follow, max-snippet:-1, max-image-preview:large, max-video-preview:-1\" \/>\n<link rel=\"canonical\" href=\"https:\/\/fromthemagicalrealm.com\/index.php\/product\/haulitas-pakabukas-sirdele-be-grandineles\/\" \/>\n<meta property=\"og:locale\" content=\"lt_LT\" \/>\n<meta property=\"og:type\" content=\"article\" \/>\n<meta property=\"og:title\" content=\"Haulitas - pakabukas \u0161irdel\u0117 (be grandin\u0117l\u0117s) &bull; from the magical realm\" \/>\n<meta property=\"og:description\" content=\"Haulitas  Ramyb\u0117 \u2022 Balansas \u2022 Ai\u0161kumas  Haulitas moko kantryb\u0117s, ugdydamas savimon\u0119. Stiprindamas tavo intuicij\u0105, skatina priimti aplinkybes, kuri\u0173 negali sukontroliuoti. Aktyvuodamas kar\u016bnos \u010dakr\u0105, jo gryna balta \u0161viesa apgaubia k\u016bn\u0105, kad gal\u0117tum paleisti ir susitaikyti su situacija. Suteikdamas ramyb\u0119 protui ir atsipalaidavim\u0105 k\u016bnui, haulitas kvie\u010dia \u012fsikurti, sul\u0117t\u0117ti ir atsipalaiduoti. Jo vibracija suteikia ram\u0173 mieg\u0105 ir atkuria emocini\u0105 pusiausvyr\u0105. \u012ekvepiantis u\u017euojaut\u0105 ir atvir\u0105 m\u0105stym\u0105, haulitas ugdo teigiamas mintis, kad gal\u0117tum \u012fveikti abejones ir neigiamus pokalbius su savimi. Haulitas padeda atgauti ramyb\u0119 stresin\u0117se situacijose, sutvarkydamas mintis ir jausmus. Pa\u0161alinus nusivylim\u0105 ir pykt\u012f, akmuo suteikia ai\u0161kumo priimti racional\u0173 pasirinkim\u0105, kuris pad\u0117s geriau panaudoti tavo laik\u0105, d\u0117mes\u012f ir energij\u0105. Stiprindamas tavo d\u0117mes\u012f siekti savo tiksl\u0173, haulitas u\u017etikrina, kad s\u0117km\u0117 ateis tiems, kurie niekada nepasiduos siekdami savo svajoni\u0173.\" \/>\n<meta property=\"og:url\" content=\"https:\/\/fromthemagicalrealm.com\/index.php\/product\/haulitas-pakabukas-sirdele-be-grandineles\/\" \/>\n<meta property=\"og:site_name\" content=\"from the magical realm\" \/>\n<meta property=\"article:publisher\" content=\"https:\/\/www.facebook.com\/fromthemagicalrealm\" \/>\n<meta property=\"article:modified_time\" content=\"2025-01-21T22:02:14+00:00\" \/>\n<meta property=\"og:image\" content=\"http:\/\/fromthemagicalrealm.com\/wp-content\/uploads\/2024\/01\/DC1045B4-BF5D-47B4-9BB1-E51865F69B6E-scaled.jpeg\" \/>\n\t<meta property=\"og:image:width\" content=\"1920\" \/>\n\t<meta property=\"og:image:height\" content=\"2560\" \/>\n\t<meta property=\"og:image:type\" content=\"image\/jpeg\" \/>\n<meta name=\"twitter:card\" content=\"summary_large_image\" \/>\n<script type=\"application\/ld+json\" class=\"yoast-schema-graph\">{\"@context\":\"https:\/\/schema.org\",\"@graph\":[{\"@type\":\"WebPage\",\"@id\":\"https:\/\/fromthemagicalrealm.com\/index.php\/product\/haulitas-pakabukas-sirdele-be-grandineles\/\",\"url\":\"https:\/\/fromthemagicalrealm.com\/index.php\/product\/haulitas-pakabukas-sirdele-be-grandineles\/\",\"name\":\"Haulitas - pakabukas \u0161irdel\u0117 (be grandin\u0117l\u0117s) &bull; from the magical realm\",\"isPartOf\":{\"@id\":\"https:\/\/fromthemagicalrealm.com\/#website\"},\"datePublished\":\"2024-01-02T13:56:06+00:00\",\"dateModified\":\"2025-01-21T22:02:14+00:00\",\"breadcrumb\":{\"@id\":\"https:\/\/fromthemagicalrealm.com\/index.php\/product\/haulitas-pakabukas-sirdele-be-grandineles\/#breadcrumb\"},\"inLanguage\":\"lt-LT\",\"potentialAction\":[{\"@type\":\"ReadAction\",\"target\":[\"https:\/\/fromthemagicalrealm.com\/index.php\/product\/haulitas-pakabukas-sirdele-be-grandineles\/\"]}]},{\"@type\":\"BreadcrumbList\",\"@id\":\"https:\/\/fromthemagicalrealm.com\/index.php\/product\/haulitas-pakabukas-sirdele-be-grandineles\/#breadcrumb\",\"itemListElement\":[{\"@type\":\"ListItem\",\"position\":1,\"name\":\"Home\",\"item\":\"https:\/\/fromthemagicalrealm.com\/\"},{\"@type\":\"ListItem\",\"position\":2,\"name\":\"Shop\",\"item\":\"https:\/\/fromthemagicalrealm.com\/index.php\/shop\/\"},{\"@type\":\"ListItem\",\"position\":3,\"name\":\"Haulitas &#8211; pakabukas \u0161irdel\u0117 (be grandin\u0117l\u0117s)\"}]},{\"@type\":\"WebSite\",\"@id\":\"https:\/\/fromthemagicalrealm.com\/#website\",\"url\":\"https:\/\/fromthemagicalrealm.com\/\",\"name\":\"from the magical realm\",\"description\":\"Nat\u016bral\u016bs kristalai\",\"publisher\":{\"@id\":\"https:\/\/fromthemagicalrealm.com\/#\/schema\/person\/85dfa5d4809d3b3bf17cfed17108b346\"},\"potentialAction\":[{\"@type\":\"SearchAction\",\"target\":{\"@type\":\"EntryPoint\",\"urlTemplate\":\"https:\/\/fromthemagicalrealm.com\/?s={search_term_string}\"},\"query-input\":\"required name=search_term_string\"}],\"inLanguage\":\"lt-LT\"},{\"@type\":[\"Person\",\"Organization\"],\"@id\":\"https:\/\/fromthemagicalrealm.com\/#\/schema\/person\/85dfa5d4809d3b3bf17cfed17108b346\",\"name\":\"fromthemagicalrealm.com\",\"image\":{\"@type\":\"ImageObject\",\"inLanguage\":\"lt-LT\",\"@id\":\"https:\/\/fromthemagicalrealm.com\/#\/schema\/person\/image\/\",\"url\":\"https:\/\/fromthemagicalrealm.com\/wp-content\/uploads\/2023\/08\/cropped-cropped-53FE4852-DD1C-43D1-B95F-5E004E5056D9.png\",\"contentUrl\":\"https:\/\/fromthemagicalrealm.com\/wp-content\/uploads\/2023\/08\/cropped-cropped-53FE4852-DD1C-43D1-B95F-5E004E5056D9.png\",\"width\":3370,\"height\":2233,\"caption\":\"fromthemagicalrealm.com\"},\"logo\":{\"@id\":\"https:\/\/fromthemagicalrealm.com\/#\/schema\/person\/image\/\"},\"sameAs\":[\"http:\/\/fromthemagicalrealm.com\",\"https:\/\/www.facebook.com\/fromthemagicalrealm\",\"https:\/\/www.instagram.com\/fromthemagicalrealm\/\"]}]}<\/script>\n<!-- \/ Yoast SEO plugin. -->","yoast_head_json":{"title":"Haulitas - pakabukas \u0161irdel\u0117 (be grandin\u0117l\u0117s) &bull; from the magical realm","robots":{"index":"index","follow":"follow","max-snippet":"max-snippet:-1","max-image-preview":"max-image-preview:large","max-video-preview":"max-video-preview:-1"},"canonical":"https:\/\/fromthemagicalrealm.com\/index.php\/product\/haulitas-pakabukas-sirdele-be-grandineles\/","og_locale":"lt_LT","og_type":"article","og_title":"Haulitas - pakabukas \u0161irdel\u0117 (be grandin\u0117l\u0117s) &bull; from the magical realm","og_description":"Haulitas  Ramyb\u0117 \u2022 Balansas \u2022 Ai\u0161kumas  Haulitas moko kantryb\u0117s, ugdydamas savimon\u0119. Stiprindamas tavo intuicij\u0105, skatina priimti aplinkybes, kuri\u0173 negali sukontroliuoti. Aktyvuodamas kar\u016bnos \u010dakr\u0105, jo gryna balta \u0161viesa apgaubia k\u016bn\u0105, kad gal\u0117tum paleisti ir susitaikyti su situacija. Suteikdamas ramyb\u0119 protui ir atsipalaidavim\u0105 k\u016bnui, haulitas kvie\u010dia \u012fsikurti, sul\u0117t\u0117ti ir atsipalaiduoti. Jo vibracija suteikia ram\u0173 mieg\u0105 ir atkuria emocini\u0105 pusiausvyr\u0105. \u012ekvepiantis u\u017euojaut\u0105 ir atvir\u0105 m\u0105stym\u0105, haulitas ugdo teigiamas mintis, kad gal\u0117tum \u012fveikti abejones ir neigiamus pokalbius su savimi. Haulitas padeda atgauti ramyb\u0119 stresin\u0117se situacijose, sutvarkydamas mintis ir jausmus. Pa\u0161alinus nusivylim\u0105 ir pykt\u012f, akmuo suteikia ai\u0161kumo priimti racional\u0173 pasirinkim\u0105, kuris pad\u0117s geriau panaudoti tavo laik\u0105, d\u0117mes\u012f ir energij\u0105. Stiprindamas tavo d\u0117mes\u012f siekti savo tiksl\u0173, haulitas u\u017etikrina, kad s\u0117km\u0117 ateis tiems, kurie niekada nepasiduos siekdami savo svajoni\u0173.","og_url":"https:\/\/fromthemagicalrealm.com\/index.php\/product\/haulitas-pakabukas-sirdele-be-grandineles\/","og_site_name":"from the magical realm","article_publisher":"https:\/\/www.facebook.com\/fromthemagicalrealm","article_modified_time":"2025-01-21T22:02:14+00:00","og_image":[{"width":1920,"height":2560,"url":"http:\/\/fromthemagicalrealm.com\/wp-content\/uploads\/2024\/01\/DC1045B4-BF5D-47B4-9BB1-E51865F69B6E-scaled.jpeg","type":"image\/jpeg"}],"twitter_card":"summary_large_image","schema":{"@context":"https:\/\/schema.org","@graph":[{"@type":"WebPage","@id":"https:\/\/fromthemagicalrealm.com\/index.php\/product\/haulitas-pakabukas-sirdele-be-grandineles\/","url":"https:\/\/fromthemagicalrealm.com\/index.php\/product\/haulitas-pakabukas-sirdele-be-grandineles\/","name":"Haulitas - pakabukas \u0161irdel\u0117 (be grandin\u0117l\u0117s) &bull; from the magical realm","isPartOf":{"@id":"https:\/\/fromthemagicalrealm.com\/#website"},"datePublished":"2024-01-02T13:56:06+00:00","dateModified":"2025-01-21T22:02:14+00:00","breadcrumb":{"@id":"https:\/\/fromthemagicalrealm.com\/index.php\/product\/haulitas-pakabukas-sirdele-be-grandineles\/#breadcrumb"},"inLanguage":"lt-LT","potentialAction":[{"@type":"ReadAction","target":["https:\/\/fromthemagicalrealm.com\/index.php\/product\/haulitas-pakabukas-sirdele-be-grandineles\/"]}]},{"@type":"BreadcrumbList","@id":"https:\/\/fromthemagicalrealm.com\/index.php\/product\/haulitas-pakabukas-sirdele-be-grandineles\/#breadcrumb","itemListElement":[{"@type":"ListItem","position":1,"name":"Home","item":"https:\/\/fromthemagicalrealm.com\/"},{"@type":"ListItem","position":2,"name":"Shop","item":"https:\/\/fromthemagicalrealm.com\/index.php\/shop\/"},{"@type":"ListItem","position":3,"name":"Haulitas &#8211; pakabukas \u0161irdel\u0117 (be grandin\u0117l\u0117s)"}]},{"@type":"WebSite","@id":"https:\/\/fromthemagicalrealm.com\/#website","url":"https:\/\/fromthemagicalrealm.com\/","name":"from the magical realm","description":"Nat\u016bral\u016bs kristalai","publisher":{"@id":"https:\/\/fromthemagicalrealm.com\/#\/schema\/person\/85dfa5d4809d3b3bf17cfed17108b346"},"potentialAction":[{"@type":"SearchAction","target":{"@type":"EntryPoint","urlTemplate":"https:\/\/fromthemagicalrealm.com\/?s={search_term_string}"},"query-input":"required name=search_term_string"}],"inLanguage":"lt-LT"},{"@type":["Person","Organization"],"@id":"https:\/\/fromthemagicalrealm.com\/#\/schema\/person\/85dfa5d4809d3b3bf17cfed17108b346","name":"fromthemagicalrealm.com","image":{"@type":"ImageObject","inLanguage":"lt-LT","@id":"https:\/\/fromthemagicalrealm.com\/#\/schema\/person\/image\/","url":"https:\/\/fromthemagicalrealm.com\/wp-content\/uploads\/2023\/08\/cropped-cropped-53FE4852-DD1C-43D1-B95F-5E004E5056D9.png","contentUrl":"https:\/\/fromthemagicalrealm.com\/wp-content\/uploads\/2023\/08\/cropped-cropped-53FE4852-DD1C-43D1-B95F-5E004E5056D9.png","width":3370,"height":2233,"caption":"fromthemagicalrealm.com"},"logo":{"@id":"https:\/\/fromthemagicalrealm.com\/#\/schema\/person\/image\/"},"sameAs":["http:\/\/fromthemagicalrealm.com","https:\/\/www.facebook.com\/fromthemagicalrealm","https:\/\/www.instagram.com\/fromthemagicalrealm\/"]}]}},"_links":{"self":[{"href":"https:\/\/fromthemagicalrealm.com\/index.php\/wp-json\/wp\/v2\/product\/2978","targetHints":{"allow":["GET"]}}],"collection":[{"href":"https:\/\/fromthemagicalrealm.com\/index.php\/wp-json\/wp\/v2\/product"}],"about":[{"href":"https:\/\/fromthemagicalrealm.com\/index.php\/wp-json\/wp\/v2\/types\/product"}],"version-history":[{"count":2,"href":"https:\/\/fromthemagicalrealm.com\/index.php\/wp-json\/wp\/v2\/product\/2978\/revisions"}],"predecessor-version":[{"id":2981,"href":"https:\/\/fromthemagicalrealm.com\/index.php\/wp-json\/wp\/v2\/product\/2978\/revisions\/2981"}],"wp:featuredmedia":[{"embeddable":true,"href":"https:\/\/fromthemagicalrealm.com\/index.php\/wp-json\/wp\/v2\/media\/2979"}],"wp:attachment":[{"href":"https:\/\/fromthemagicalrealm.com\/index.php\/wp-json\/wp\/v2\/media?parent=2978"}],"wp:term":[{"taxonomy":"product_cat","embeddable":true,"href":"https:\/\/fromthemagicalrealm.com\/index.php\/wp-json\/wp\/v2\/product_cat?post=2978"},{"taxonomy":"product_tag","embeddable":true,"href":"https:\/\/fromthemagicalrealm.com\/index.php\/wp-json\/wp\/v2\/product_tag?post=2978"}],"curies":[{"name":"wp","href":"https:\/\/api.w.org\/{rel}","templated":true}]}}