{"id":2986,"date":"2024-01-02T14:08:23","date_gmt":"2024-01-02T14:08:23","guid":{"rendered":"https:\/\/fromthemagicalrealm.com\/?post_type=product&#038;p=2986"},"modified":"2025-08-20T08:00:14","modified_gmt":"2025-08-20T08:00:14","slug":"zaliasis-avantiurinas-pakabukas-sirdele-be-grandineles","status":"publish","type":"product","link":"https:\/\/fromthemagicalrealm.com\/index.php\/product\/zaliasis-avantiurinas-pakabukas-sirdele-be-grandineles\/","title":{"rendered":"\u017daliasis Avantiurinas &#8211; pakabukas \u0161irdel\u0117 (be grandin\u0117l\u0117s)"},"content":{"rendered":"","protected":false},"excerpt":{"rendered":"<p class=\"p1\"><span class=\"s1\">\u017daliasis Avantiurinas<\/span><\/p>\n<p class=\"p1\"><span class=\"s1\">S\u0117km\u0117 \u2022 Ramyb\u0117 \u2022 Klest\u0117jimas<\/span><\/p>\n<p class=\"p1\"><span class=\"s1\">\u017daliasis Avantiurinas \u017einomas kaip s\u0117km\u0117s, laim\u0117s, gausos akmuo. Ne\u0161antis savo savininkui ger\u0105 nuotaik\u0105, motyvacij\u0105, lavina gabumus ir k\u016brybi\u0161kum\u0105, padeda \u012fgyvendinti svajones.<\/span><\/p>\n<p class=\"p1\"><span class=\"s1\">\u017daliasis Avantiurinas pritraukia gaus\u0105 gyvenime, atverdamas \u0161ird\u012f begalin\u0117ms galimyb\u0117ms. Stiprindamas ry\u0161\u012f su \u017deme, jo \u017ealias \u017evilgesys suteikia tau didesn\u012f d\u0117kingum\u0105 motinos \u017eem\u0117s dovan\u0173 gausai.<\/span><\/p>\n<p class=\"p1\"><span class=\"s1\">Atkreipdamas supratim\u0105 \u012f gyvenimo auk\u0161tumas ir nuosmukius, \u017daliasis Avantiurinas kvie\u010dia \u012f\u017evelgti galimyb\u0119 kiekvienoje kli\u016btyje. Pabr\u0117\u017edamas neigiam\u0173 \u012fvyki\u0173 nepastovum\u0105, jis \u012fkvepia jus priimti poky\u010dius, u\u017etikrintai atlaikant bet kokius gyvenimo i\u0161\u0161\u016bkius. Avantiurinas i\u0161mokins optimisti\u0161kesnio m\u0105stymo, kad sutelktum d\u0117mes\u012f \u012f teigiamus dalykus, tada prie\u0161 akis i\u0161ry\u0161k\u0117s naujos galimyb\u0117s.<\/span><\/p>\n<p class=\"p1\"><span class=\"s1\">Jo \u0161velni vibracija puosel\u0117ja emocin\u0119 pusiausvyr\u0105 ir atgaivina k\u016bn\u0105 iki nat\u016bralios d\u017eiaugsmo b\u016bsenos. Atsikrat\u0119s praeities prisiri\u0161im\u0173, akmuo moko, kad kiekviena patirtis yra pamoka, padedanti toliau tobul\u0117ti.<\/span><\/p>\n","protected":false},"featured_media":2987,"template":"","meta":{"site-sidebar-layout":"default","site-content-layout":"default","ast-global-header-display":"","ast-banner-title-visibility":"","ast-main-header-display":"","ast-hfb-above-header-display":"","ast-hfb-below-header-display":"","ast-hfb-mobile-header-display":"","site-post-title":"","ast-breadcrumbs-content":"","ast-featured-img":"","footer-sml-layout":"","theme-transparent-header-meta":"default","adv-header-id-meta":"","stick-header-meta":"","header-above-stick-meta":"","header-main-stick-meta":"","header-below-stick-meta":""},"product_cat":[124,53,48,49],"product_tag":[99,130,132],"class_list":{"0":"post-2986","1":"product","2":"type-product","3":"status-publish","4":"has-post-thumbnail","6":"product_cat-pakabukai","7":"product_cat-kristalu-papuosalai","8":"product_cat-visi-kristalai-2","9":"product_cat-visi-produktai","10":"product_tag-naturalus-kristalai","11":"product_tag-pakabukas-sirdele","12":"product_tag-zaliasis-avantiurinas","13":"desktop-align-center","14":"tablet-align-left","15":"mobile-align-left","17":"first","18":"outofstock","19":"sale","20":"taxable","21":"shipping-taxable","22":"purchasable","23":"product-type-simple"},"yoast_head":"<!-- This site is optimized with the Yoast SEO plugin v20.13 - https:\/\/yoast.com\/wordpress\/plugins\/seo\/ -->\n<title>\u017daliasis Avantiurinas - pakabukas \u0161irdel\u0117 (be grandin\u0117l\u0117s) &bull; from the magical realm<\/title>\n<meta name=\"robots\" content=\"index, follow, max-snippet:-1, max-image-preview:large, max-video-preview:-1\" \/>\n<link rel=\"canonical\" href=\"https:\/\/fromthemagicalrealm.com\/index.php\/product\/zaliasis-avantiurinas-pakabukas-sirdele-be-grandineles\/\" \/>\n<meta property=\"og:locale\" content=\"lt_LT\" \/>\n<meta property=\"og:type\" content=\"article\" \/>\n<meta property=\"og:title\" content=\"\u017daliasis Avantiurinas - pakabukas \u0161irdel\u0117 (be grandin\u0117l\u0117s) &bull; from the magical realm\" \/>\n<meta property=\"og:description\" content=\"\u017daliasis Avantiurinas S\u0117km\u0117 \u2022 Ramyb\u0117 \u2022 Klest\u0117jimas \u017daliasis Avantiurinas \u017einomas kaip s\u0117km\u0117s, laim\u0117s, gausos akmuo. Ne\u0161antis savo savininkui ger\u0105 nuotaik\u0105, motyvacij\u0105, lavina gabumus ir k\u016brybi\u0161kum\u0105, padeda \u012fgyvendinti svajones. \u017daliasis Avantiurinas pritraukia gaus\u0105 gyvenime, atverdamas \u0161ird\u012f begalin\u0117ms galimyb\u0117ms. Stiprindamas ry\u0161\u012f su \u017deme, jo \u017ealias \u017evilgesys suteikia tau didesn\u012f d\u0117kingum\u0105 motinos \u017eem\u0117s dovan\u0173 gausai. Atkreipdamas supratim\u0105 \u012f gyvenimo auk\u0161tumas ir nuosmukius, \u017daliasis Avantiurinas kvie\u010dia \u012f\u017evelgti galimyb\u0119 kiekvienoje kli\u016btyje. Pabr\u0117\u017edamas neigiam\u0173 \u012fvyki\u0173 nepastovum\u0105, jis \u012fkvepia jus priimti poky\u010dius, u\u017etikrintai atlaikant bet kokius gyvenimo i\u0161\u0161\u016bkius. Avantiurinas i\u0161mokins optimisti\u0161kesnio m\u0105stymo, kad sutelktum d\u0117mes\u012f \u012f teigiamus dalykus, tada prie\u0161 akis i\u0161ry\u0161k\u0117s naujos galimyb\u0117s. Jo \u0161velni vibracija puosel\u0117ja emocin\u0119 pusiausvyr\u0105 ir atgaivina k\u016bn\u0105 iki nat\u016bralios d\u017eiaugsmo b\u016bsenos. Atsikrat\u0119s praeities prisiri\u0161im\u0173, akmuo moko, kad kiekviena patirtis yra pamoka, padedanti toliau tobul\u0117ti.\" \/>\n<meta property=\"og:url\" content=\"https:\/\/fromthemagicalrealm.com\/index.php\/product\/zaliasis-avantiurinas-pakabukas-sirdele-be-grandineles\/\" \/>\n<meta property=\"og:site_name\" content=\"from the magical realm\" \/>\n<meta property=\"article:publisher\" content=\"https:\/\/www.facebook.com\/fromthemagicalrealm\" \/>\n<meta property=\"article:modified_time\" content=\"2025-08-20T08:00:14+00:00\" \/>\n<meta property=\"og:image\" content=\"http:\/\/fromthemagicalrealm.com\/wp-content\/uploads\/2024\/01\/8068E3E9-B8BC-4491-A552-55E193CF6C6D-scaled.jpeg\" \/>\n\t<meta property=\"og:image:width\" content=\"1920\" \/>\n\t<meta property=\"og:image:height\" content=\"2560\" \/>\n\t<meta property=\"og:image:type\" content=\"image\/jpeg\" \/>\n<meta name=\"twitter:card\" content=\"summary_large_image\" \/>\n<script type=\"application\/ld+json\" class=\"yoast-schema-graph\">{\"@context\":\"https:\/\/schema.org\",\"@graph\":[{\"@type\":\"WebPage\",\"@id\":\"https:\/\/fromthemagicalrealm.com\/index.php\/product\/zaliasis-avantiurinas-pakabukas-sirdele-be-grandineles\/\",\"url\":\"https:\/\/fromthemagicalrealm.com\/index.php\/product\/zaliasis-avantiurinas-pakabukas-sirdele-be-grandineles\/\",\"name\":\"\u017daliasis Avantiurinas - pakabukas \u0161irdel\u0117 (be grandin\u0117l\u0117s) &bull; from the magical realm\",\"isPartOf\":{\"@id\":\"https:\/\/fromthemagicalrealm.com\/#website\"},\"datePublished\":\"2024-01-02T14:08:23+00:00\",\"dateModified\":\"2025-08-20T08:00:14+00:00\",\"breadcrumb\":{\"@id\":\"https:\/\/fromthemagicalrealm.com\/index.php\/product\/zaliasis-avantiurinas-pakabukas-sirdele-be-grandineles\/#breadcrumb\"},\"inLanguage\":\"lt-LT\",\"potentialAction\":[{\"@type\":\"ReadAction\",\"target\":[\"https:\/\/fromthemagicalrealm.com\/index.php\/product\/zaliasis-avantiurinas-pakabukas-sirdele-be-grandineles\/\"]}]},{\"@type\":\"BreadcrumbList\",\"@id\":\"https:\/\/fromthemagicalrealm.com\/index.php\/product\/zaliasis-avantiurinas-pakabukas-sirdele-be-grandineles\/#breadcrumb\",\"itemListElement\":[{\"@type\":\"ListItem\",\"position\":1,\"name\":\"Home\",\"item\":\"https:\/\/fromthemagicalrealm.com\/\"},{\"@type\":\"ListItem\",\"position\":2,\"name\":\"Shop\",\"item\":\"https:\/\/fromthemagicalrealm.com\/index.php\/shop\/\"},{\"@type\":\"ListItem\",\"position\":3,\"name\":\"\u017daliasis Avantiurinas &#8211; pakabukas \u0161irdel\u0117 (be grandin\u0117l\u0117s)\"}]},{\"@type\":\"WebSite\",\"@id\":\"https:\/\/fromthemagicalrealm.com\/#website\",\"url\":\"https:\/\/fromthemagicalrealm.com\/\",\"name\":\"from the magical realm\",\"description\":\"Nat\u016bral\u016bs kristalai\",\"publisher\":{\"@id\":\"https:\/\/fromthemagicalrealm.com\/#\/schema\/person\/85dfa5d4809d3b3bf17cfed17108b346\"},\"potentialAction\":[{\"@type\":\"SearchAction\",\"target\":{\"@type\":\"EntryPoint\",\"urlTemplate\":\"https:\/\/fromthemagicalrealm.com\/?s={search_term_string}\"},\"query-input\":\"required name=search_term_string\"}],\"inLanguage\":\"lt-LT\"},{\"@type\":[\"Person\",\"Organization\"],\"@id\":\"https:\/\/fromthemagicalrealm.com\/#\/schema\/person\/85dfa5d4809d3b3bf17cfed17108b346\",\"name\":\"fromthemagicalrealm.com\",\"image\":{\"@type\":\"ImageObject\",\"inLanguage\":\"lt-LT\",\"@id\":\"https:\/\/fromthemagicalrealm.com\/#\/schema\/person\/image\/\",\"url\":\"https:\/\/fromthemagicalrealm.com\/wp-content\/uploads\/2023\/08\/cropped-cropped-53FE4852-DD1C-43D1-B95F-5E004E5056D9.png\",\"contentUrl\":\"https:\/\/fromthemagicalrealm.com\/wp-content\/uploads\/2023\/08\/cropped-cropped-53FE4852-DD1C-43D1-B95F-5E004E5056D9.png\",\"width\":3370,\"height\":2233,\"caption\":\"fromthemagicalrealm.com\"},\"logo\":{\"@id\":\"https:\/\/fromthemagicalrealm.com\/#\/schema\/person\/image\/\"},\"sameAs\":[\"http:\/\/fromthemagicalrealm.com\",\"https:\/\/www.facebook.com\/fromthemagicalrealm\",\"https:\/\/www.instagram.com\/fromthemagicalrealm\/\"]}]}<\/script>\n<!-- \/ Yoast SEO plugin. -->","yoast_head_json":{"title":"\u017daliasis Avantiurinas - pakabukas \u0161irdel\u0117 (be grandin\u0117l\u0117s) &bull; from the magical realm","robots":{"index":"index","follow":"follow","max-snippet":"max-snippet:-1","max-image-preview":"max-image-preview:large","max-video-preview":"max-video-preview:-1"},"canonical":"https:\/\/fromthemagicalrealm.com\/index.php\/product\/zaliasis-avantiurinas-pakabukas-sirdele-be-grandineles\/","og_locale":"lt_LT","og_type":"article","og_title":"\u017daliasis Avantiurinas - pakabukas \u0161irdel\u0117 (be grandin\u0117l\u0117s) &bull; from the magical realm","og_description":"\u017daliasis Avantiurinas S\u0117km\u0117 \u2022 Ramyb\u0117 \u2022 Klest\u0117jimas \u017daliasis Avantiurinas \u017einomas kaip s\u0117km\u0117s, laim\u0117s, gausos akmuo. Ne\u0161antis savo savininkui ger\u0105 nuotaik\u0105, motyvacij\u0105, lavina gabumus ir k\u016brybi\u0161kum\u0105, padeda \u012fgyvendinti svajones. \u017daliasis Avantiurinas pritraukia gaus\u0105 gyvenime, atverdamas \u0161ird\u012f begalin\u0117ms galimyb\u0117ms. Stiprindamas ry\u0161\u012f su \u017deme, jo \u017ealias \u017evilgesys suteikia tau didesn\u012f d\u0117kingum\u0105 motinos \u017eem\u0117s dovan\u0173 gausai. Atkreipdamas supratim\u0105 \u012f gyvenimo auk\u0161tumas ir nuosmukius, \u017daliasis Avantiurinas kvie\u010dia \u012f\u017evelgti galimyb\u0119 kiekvienoje kli\u016btyje. Pabr\u0117\u017edamas neigiam\u0173 \u012fvyki\u0173 nepastovum\u0105, jis \u012fkvepia jus priimti poky\u010dius, u\u017etikrintai atlaikant bet kokius gyvenimo i\u0161\u0161\u016bkius. Avantiurinas i\u0161mokins optimisti\u0161kesnio m\u0105stymo, kad sutelktum d\u0117mes\u012f \u012f teigiamus dalykus, tada prie\u0161 akis i\u0161ry\u0161k\u0117s naujos galimyb\u0117s. Jo \u0161velni vibracija puosel\u0117ja emocin\u0119 pusiausvyr\u0105 ir atgaivina k\u016bn\u0105 iki nat\u016bralios d\u017eiaugsmo b\u016bsenos. Atsikrat\u0119s praeities prisiri\u0161im\u0173, akmuo moko, kad kiekviena patirtis yra pamoka, padedanti toliau tobul\u0117ti.","og_url":"https:\/\/fromthemagicalrealm.com\/index.php\/product\/zaliasis-avantiurinas-pakabukas-sirdele-be-grandineles\/","og_site_name":"from the magical realm","article_publisher":"https:\/\/www.facebook.com\/fromthemagicalrealm","article_modified_time":"2025-08-20T08:00:14+00:00","og_image":[{"width":1920,"height":2560,"url":"http:\/\/fromthemagicalrealm.com\/wp-content\/uploads\/2024\/01\/8068E3E9-B8BC-4491-A552-55E193CF6C6D-scaled.jpeg","type":"image\/jpeg"}],"twitter_card":"summary_large_image","schema":{"@context":"https:\/\/schema.org","@graph":[{"@type":"WebPage","@id":"https:\/\/fromthemagicalrealm.com\/index.php\/product\/zaliasis-avantiurinas-pakabukas-sirdele-be-grandineles\/","url":"https:\/\/fromthemagicalrealm.com\/index.php\/product\/zaliasis-avantiurinas-pakabukas-sirdele-be-grandineles\/","name":"\u017daliasis Avantiurinas - pakabukas \u0161irdel\u0117 (be grandin\u0117l\u0117s) &bull; from the magical realm","isPartOf":{"@id":"https:\/\/fromthemagicalrealm.com\/#website"},"datePublished":"2024-01-02T14:08:23+00:00","dateModified":"2025-08-20T08:00:14+00:00","breadcrumb":{"@id":"https:\/\/fromthemagicalrealm.com\/index.php\/product\/zaliasis-avantiurinas-pakabukas-sirdele-be-grandineles\/#breadcrumb"},"inLanguage":"lt-LT","potentialAction":[{"@type":"ReadAction","target":["https:\/\/fromthemagicalrealm.com\/index.php\/product\/zaliasis-avantiurinas-pakabukas-sirdele-be-grandineles\/"]}]},{"@type":"BreadcrumbList","@id":"https:\/\/fromthemagicalrealm.com\/index.php\/product\/zaliasis-avantiurinas-pakabukas-sirdele-be-grandineles\/#breadcrumb","itemListElement":[{"@type":"ListItem","position":1,"name":"Home","item":"https:\/\/fromthemagicalrealm.com\/"},{"@type":"ListItem","position":2,"name":"Shop","item":"https:\/\/fromthemagicalrealm.com\/index.php\/shop\/"},{"@type":"ListItem","position":3,"name":"\u017daliasis Avantiurinas &#8211; pakabukas \u0161irdel\u0117 (be grandin\u0117l\u0117s)"}]},{"@type":"WebSite","@id":"https:\/\/fromthemagicalrealm.com\/#website","url":"https:\/\/fromthemagicalrealm.com\/","name":"from the magical realm","description":"Nat\u016bral\u016bs kristalai","publisher":{"@id":"https:\/\/fromthemagicalrealm.com\/#\/schema\/person\/85dfa5d4809d3b3bf17cfed17108b346"},"potentialAction":[{"@type":"SearchAction","target":{"@type":"EntryPoint","urlTemplate":"https:\/\/fromthemagicalrealm.com\/?s={search_term_string}"},"query-input":"required name=search_term_string"}],"inLanguage":"lt-LT"},{"@type":["Person","Organization"],"@id":"https:\/\/fromthemagicalrealm.com\/#\/schema\/person\/85dfa5d4809d3b3bf17cfed17108b346","name":"fromthemagicalrealm.com","image":{"@type":"ImageObject","inLanguage":"lt-LT","@id":"https:\/\/fromthemagicalrealm.com\/#\/schema\/person\/image\/","url":"https:\/\/fromthemagicalrealm.com\/wp-content\/uploads\/2023\/08\/cropped-cropped-53FE4852-DD1C-43D1-B95F-5E004E5056D9.png","contentUrl":"https:\/\/fromthemagicalrealm.com\/wp-content\/uploads\/2023\/08\/cropped-cropped-53FE4852-DD1C-43D1-B95F-5E004E5056D9.png","width":3370,"height":2233,"caption":"fromthemagicalrealm.com"},"logo":{"@id":"https:\/\/fromthemagicalrealm.com\/#\/schema\/person\/image\/"},"sameAs":["http:\/\/fromthemagicalrealm.com","https:\/\/www.facebook.com\/fromthemagicalrealm","https:\/\/www.instagram.com\/fromthemagicalrealm\/"]}]}},"_links":{"self":[{"href":"https:\/\/fromthemagicalrealm.com\/index.php\/wp-json\/wp\/v2\/product\/2986","targetHints":{"allow":["GET"]}}],"collection":[{"href":"https:\/\/fromthemagicalrealm.com\/index.php\/wp-json\/wp\/v2\/product"}],"about":[{"href":"https:\/\/fromthemagicalrealm.com\/index.php\/wp-json\/wp\/v2\/types\/product"}],"version-history":[{"count":2,"href":"https:\/\/fromthemagicalrealm.com\/index.php\/wp-json\/wp\/v2\/product\/2986\/revisions"}],"predecessor-version":[{"id":2989,"href":"https:\/\/fromthemagicalrealm.com\/index.php\/wp-json\/wp\/v2\/product\/2986\/revisions\/2989"}],"wp:featuredmedia":[{"embeddable":true,"href":"https:\/\/fromthemagicalrealm.com\/index.php\/wp-json\/wp\/v2\/media\/2987"}],"wp:attachment":[{"href":"https:\/\/fromthemagicalrealm.com\/index.php\/wp-json\/wp\/v2\/media?parent=2986"}],"wp:term":[{"taxonomy":"product_cat","embeddable":true,"href":"https:\/\/fromthemagicalrealm.com\/index.php\/wp-json\/wp\/v2\/product_cat?post=2986"},{"taxonomy":"product_tag","embeddable":true,"href":"https:\/\/fromthemagicalrealm.com\/index.php\/wp-json\/wp\/v2\/product_tag?post=2986"}],"curies":[{"name":"wp","href":"https:\/\/api.w.org\/{rel}","templated":true}]}}