{"id":2990,"date":"2024-01-02T14:15:43","date_gmt":"2024-01-02T14:15:43","guid":{"rendered":"https:\/\/fromthemagicalrealm.com\/?post_type=product&#038;p=2990"},"modified":"2025-05-10T14:18:29","modified_gmt":"2025-05-10T14:18:29","slug":"tigro-akis-pakabukas-sirdele-be-grandineles","status":"publish","type":"product","link":"https:\/\/fromthemagicalrealm.com\/index.php\/product\/tigro-akis-pakabukas-sirdele-be-grandineles\/","title":{"rendered":"Tigro Akis &#8211; pakabukas \u0161irdel\u0117 (be grandin\u0117l\u0117s)"},"content":{"rendered":"","protected":false},"excerpt":{"rendered":"<p>Tigro Akis<\/p>\n<p class=\"p1\"><span class=\"s1\">Dr\u0105sa \u2022 Motyvacija \u2022 Apsauga<\/span><\/p>\n<p class=\"p1\"><span class=\"s1\">Tigro akis \u012fkvepia tave b\u016bti bebaimiu, siekiant to, kas u\u017edega tavo siel\u0105. I\u0161ry\u0161kindamas tavo unikalius talentus ir sugeb\u0117jimus, jis i\u0161laisvina k\u016brybin\u0119 ambicij\u0105 keltis ir prad\u0117ti \u012fgyvendinti savo svajon\u0119.<\/span><\/p>\n<p class=\"p1\"><span class=\"s1\">Priimdama kritik\u0105 kaip meil\u0117s pamok\u0105 ir pa\u0161alindama g\u0117dos bei nusivylimo jausmus, tigro akis i\u0161naudoja dr\u0105s\u0105 veikti dabar.<\/span><\/p>\n<p class=\"p1\"><span class=\"s1\">Baim\u0119 paver\u010diant stiprybe, ji \u012fgalina i\u0161silaikyti, kai b\u016bna sunku. Ugdydamas stipri\u0105 vali\u0105 valdyti gyvenimo i\u0161\u0161\u016bkius, tigro akis suteikia i\u0161minties ir \u012f\u017evalgos imtis teising\u0173 veiksm\u0173.<\/span><\/p>\n<p class=\"p1\"><span class=\"s1\">Sujungdamas k\u016bn\u0105 ir prot\u0105, jis pagerina praktinio m\u0105stymo geb\u0117jim\u0105 priimti gerai apgalvotus patikimus sprendimus.<\/span><\/p>\n<p class=\"p1\"><span class=\"s1\">Tigro akis stabilizuoja emocin\u0119 b\u016bsen\u0105, harmonizuodama gyvyb\u0117s j\u0117gos centr\u0105 k\u016bne.<\/span><\/p>\n<p class=\"p1\"><span class=\"s1\">Mokydama savikontrol\u0117s, atne\u0161a supratim\u0105 apie tavo poreikius, norus ir nukreipia tavo energij\u0105 \u012f tiksl\u0173 \u012fgyvendinim\u0105. Palengvindama taik\u0173 bendradarbiavim\u0105, tigro akis sulaiko pasidid\u017eiavim\u0105 ir poreik\u012f tur\u0117ti gali\u0105 prie\u0161 kitus.<\/span><\/p>\n<p class=\"p1\"><span class=\"s1\">Tigro akis pritraukia turt\u0105 naudojant kartu su piritu. Turi stipri\u0105 apsaug\u0105 nuo blogos energijos.<\/span><\/p>\n","protected":false},"featured_media":2992,"template":"","meta":{"site-sidebar-layout":"default","site-content-layout":"default","ast-global-header-display":"","ast-banner-title-visibility":"","ast-main-header-display":"","ast-hfb-above-header-display":"","ast-hfb-below-header-display":"","ast-hfb-mobile-header-display":"","site-post-title":"","ast-breadcrumbs-content":"","ast-featured-img":"","footer-sml-layout":"","theme-transparent-header-meta":"default","adv-header-id-meta":"","stick-header-meta":"","header-above-stick-meta":"","header-main-stick-meta":"","header-below-stick-meta":""},"product_cat":[292,124,53,48,49],"product_tag":[129,99,133,87],"class_list":{"0":"post-2990","1":"product","2":"type-product","3":"status-publish","4":"has-post-thumbnail","6":"product_cat-ispardavimas","7":"product_cat-pakabukai","8":"product_cat-kristalu-papuosalai","9":"product_cat-visi-kristalai-2","10":"product_cat-visi-produktai","11":"product_tag-kristalu-papuosalai","12":"product_tag-naturalus-kristalai","13":"product_tag-tigro-akies-pakabukas","14":"product_tag-tigro-akis","15":"desktop-align-center","16":"tablet-align-left","17":"mobile-align-left","19":"first","20":"outofstock","21":"sale","22":"taxable","23":"shipping-taxable","24":"purchasable","25":"product-type-simple"},"yoast_head":"<!-- This site is optimized with the Yoast SEO plugin v20.13 - https:\/\/yoast.com\/wordpress\/plugins\/seo\/ -->\n<title>Tigro Akis - pakabukas \u0161irdel\u0117 (be grandin\u0117l\u0117s) &bull; from the magical realm<\/title>\n<meta name=\"robots\" content=\"index, follow, max-snippet:-1, max-image-preview:large, max-video-preview:-1\" \/>\n<link rel=\"canonical\" href=\"https:\/\/fromthemagicalrealm.com\/index.php\/product\/tigro-akis-pakabukas-sirdele-be-grandineles\/\" \/>\n<meta property=\"og:locale\" content=\"lt_LT\" \/>\n<meta property=\"og:type\" content=\"article\" \/>\n<meta property=\"og:title\" content=\"Tigro Akis - pakabukas \u0161irdel\u0117 (be grandin\u0117l\u0117s) &bull; from the magical realm\" \/>\n<meta property=\"og:description\" content=\"Tigro Akis Dr\u0105sa \u2022 Motyvacija \u2022 Apsauga Tigro akis \u012fkvepia tave b\u016bti bebaimiu, siekiant to, kas u\u017edega tavo siel\u0105. I\u0161ry\u0161kindamas tavo unikalius talentus ir sugeb\u0117jimus, jis i\u0161laisvina k\u016brybin\u0119 ambicij\u0105 keltis ir prad\u0117ti \u012fgyvendinti savo svajon\u0119. Priimdama kritik\u0105 kaip meil\u0117s pamok\u0105 ir pa\u0161alindama g\u0117dos bei nusivylimo jausmus, tigro akis i\u0161naudoja dr\u0105s\u0105 veikti dabar. Baim\u0119 paver\u010diant stiprybe, ji \u012fgalina i\u0161silaikyti, kai b\u016bna sunku. Ugdydamas stipri\u0105 vali\u0105 valdyti gyvenimo i\u0161\u0161\u016bkius, tigro akis suteikia i\u0161minties ir \u012f\u017evalgos imtis teising\u0173 veiksm\u0173. Sujungdamas k\u016bn\u0105 ir prot\u0105, jis pagerina praktinio m\u0105stymo geb\u0117jim\u0105 priimti gerai apgalvotus patikimus sprendimus. Tigro akis stabilizuoja emocin\u0119 b\u016bsen\u0105, harmonizuodama gyvyb\u0117s j\u0117gos centr\u0105 k\u016bne. Mokydama savikontrol\u0117s, atne\u0161a supratim\u0105 apie tavo poreikius, norus ir nukreipia tavo energij\u0105 \u012f tiksl\u0173 \u012fgyvendinim\u0105. Palengvindama taik\u0173 bendradarbiavim\u0105, tigro akis sulaiko pasidid\u017eiavim\u0105 ir poreik\u012f tur\u0117ti gali\u0105 prie\u0161 kitus. Tigro akis pritraukia turt\u0105 naudojant kartu su piritu. Turi stipri\u0105 apsaug\u0105 nuo blogos energijos.\" \/>\n<meta property=\"og:url\" content=\"https:\/\/fromthemagicalrealm.com\/index.php\/product\/tigro-akis-pakabukas-sirdele-be-grandineles\/\" \/>\n<meta property=\"og:site_name\" content=\"from the magical realm\" \/>\n<meta property=\"article:publisher\" content=\"https:\/\/www.facebook.com\/fromthemagicalrealm\" \/>\n<meta property=\"article:modified_time\" content=\"2025-05-10T14:18:29+00:00\" \/>\n<meta property=\"og:image\" content=\"http:\/\/fromthemagicalrealm.com\/wp-content\/uploads\/2024\/01\/4421919B-A27D-411C-B1C6-FEE275C8FAB1-scaled.jpeg\" \/>\n\t<meta property=\"og:image:width\" content=\"1920\" \/>\n\t<meta property=\"og:image:height\" content=\"2560\" \/>\n\t<meta property=\"og:image:type\" content=\"image\/jpeg\" \/>\n<meta name=\"twitter:card\" content=\"summary_large_image\" \/>\n<script type=\"application\/ld+json\" class=\"yoast-schema-graph\">{\"@context\":\"https:\/\/schema.org\",\"@graph\":[{\"@type\":\"WebPage\",\"@id\":\"https:\/\/fromthemagicalrealm.com\/index.php\/product\/tigro-akis-pakabukas-sirdele-be-grandineles\/\",\"url\":\"https:\/\/fromthemagicalrealm.com\/index.php\/product\/tigro-akis-pakabukas-sirdele-be-grandineles\/\",\"name\":\"Tigro Akis - pakabukas \u0161irdel\u0117 (be grandin\u0117l\u0117s) &bull; from the magical realm\",\"isPartOf\":{\"@id\":\"https:\/\/fromthemagicalrealm.com\/#website\"},\"datePublished\":\"2024-01-02T14:15:43+00:00\",\"dateModified\":\"2025-05-10T14:18:29+00:00\",\"breadcrumb\":{\"@id\":\"https:\/\/fromthemagicalrealm.com\/index.php\/product\/tigro-akis-pakabukas-sirdele-be-grandineles\/#breadcrumb\"},\"inLanguage\":\"lt-LT\",\"potentialAction\":[{\"@type\":\"ReadAction\",\"target\":[\"https:\/\/fromthemagicalrealm.com\/index.php\/product\/tigro-akis-pakabukas-sirdele-be-grandineles\/\"]}]},{\"@type\":\"BreadcrumbList\",\"@id\":\"https:\/\/fromthemagicalrealm.com\/index.php\/product\/tigro-akis-pakabukas-sirdele-be-grandineles\/#breadcrumb\",\"itemListElement\":[{\"@type\":\"ListItem\",\"position\":1,\"name\":\"Home\",\"item\":\"https:\/\/fromthemagicalrealm.com\/\"},{\"@type\":\"ListItem\",\"position\":2,\"name\":\"Shop\",\"item\":\"https:\/\/fromthemagicalrealm.com\/index.php\/shop\/\"},{\"@type\":\"ListItem\",\"position\":3,\"name\":\"Tigro Akis &#8211; pakabukas \u0161irdel\u0117 (be grandin\u0117l\u0117s)\"}]},{\"@type\":\"WebSite\",\"@id\":\"https:\/\/fromthemagicalrealm.com\/#website\",\"url\":\"https:\/\/fromthemagicalrealm.com\/\",\"name\":\"from the magical realm\",\"description\":\"Nat\u016bral\u016bs kristalai\",\"publisher\":{\"@id\":\"https:\/\/fromthemagicalrealm.com\/#\/schema\/person\/85dfa5d4809d3b3bf17cfed17108b346\"},\"potentialAction\":[{\"@type\":\"SearchAction\",\"target\":{\"@type\":\"EntryPoint\",\"urlTemplate\":\"https:\/\/fromthemagicalrealm.com\/?s={search_term_string}\"},\"query-input\":\"required name=search_term_string\"}],\"inLanguage\":\"lt-LT\"},{\"@type\":[\"Person\",\"Organization\"],\"@id\":\"https:\/\/fromthemagicalrealm.com\/#\/schema\/person\/85dfa5d4809d3b3bf17cfed17108b346\",\"name\":\"fromthemagicalrealm.com\",\"image\":{\"@type\":\"ImageObject\",\"inLanguage\":\"lt-LT\",\"@id\":\"https:\/\/fromthemagicalrealm.com\/#\/schema\/person\/image\/\",\"url\":\"https:\/\/fromthemagicalrealm.com\/wp-content\/uploads\/2023\/08\/cropped-cropped-53FE4852-DD1C-43D1-B95F-5E004E5056D9.png\",\"contentUrl\":\"https:\/\/fromthemagicalrealm.com\/wp-content\/uploads\/2023\/08\/cropped-cropped-53FE4852-DD1C-43D1-B95F-5E004E5056D9.png\",\"width\":3370,\"height\":2233,\"caption\":\"fromthemagicalrealm.com\"},\"logo\":{\"@id\":\"https:\/\/fromthemagicalrealm.com\/#\/schema\/person\/image\/\"},\"sameAs\":[\"http:\/\/fromthemagicalrealm.com\",\"https:\/\/www.facebook.com\/fromthemagicalrealm\",\"https:\/\/www.instagram.com\/fromthemagicalrealm\/\"]}]}<\/script>\n<!-- \/ Yoast SEO plugin. -->","yoast_head_json":{"title":"Tigro Akis - pakabukas \u0161irdel\u0117 (be grandin\u0117l\u0117s) &bull; from the magical realm","robots":{"index":"index","follow":"follow","max-snippet":"max-snippet:-1","max-image-preview":"max-image-preview:large","max-video-preview":"max-video-preview:-1"},"canonical":"https:\/\/fromthemagicalrealm.com\/index.php\/product\/tigro-akis-pakabukas-sirdele-be-grandineles\/","og_locale":"lt_LT","og_type":"article","og_title":"Tigro Akis - pakabukas \u0161irdel\u0117 (be grandin\u0117l\u0117s) &bull; from the magical realm","og_description":"Tigro Akis Dr\u0105sa \u2022 Motyvacija \u2022 Apsauga Tigro akis \u012fkvepia tave b\u016bti bebaimiu, siekiant to, kas u\u017edega tavo siel\u0105. I\u0161ry\u0161kindamas tavo unikalius talentus ir sugeb\u0117jimus, jis i\u0161laisvina k\u016brybin\u0119 ambicij\u0105 keltis ir prad\u0117ti \u012fgyvendinti savo svajon\u0119. Priimdama kritik\u0105 kaip meil\u0117s pamok\u0105 ir pa\u0161alindama g\u0117dos bei nusivylimo jausmus, tigro akis i\u0161naudoja dr\u0105s\u0105 veikti dabar. Baim\u0119 paver\u010diant stiprybe, ji \u012fgalina i\u0161silaikyti, kai b\u016bna sunku. Ugdydamas stipri\u0105 vali\u0105 valdyti gyvenimo i\u0161\u0161\u016bkius, tigro akis suteikia i\u0161minties ir \u012f\u017evalgos imtis teising\u0173 veiksm\u0173. Sujungdamas k\u016bn\u0105 ir prot\u0105, jis pagerina praktinio m\u0105stymo geb\u0117jim\u0105 priimti gerai apgalvotus patikimus sprendimus. Tigro akis stabilizuoja emocin\u0119 b\u016bsen\u0105, harmonizuodama gyvyb\u0117s j\u0117gos centr\u0105 k\u016bne. Mokydama savikontrol\u0117s, atne\u0161a supratim\u0105 apie tavo poreikius, norus ir nukreipia tavo energij\u0105 \u012f tiksl\u0173 \u012fgyvendinim\u0105. Palengvindama taik\u0173 bendradarbiavim\u0105, tigro akis sulaiko pasidid\u017eiavim\u0105 ir poreik\u012f tur\u0117ti gali\u0105 prie\u0161 kitus. Tigro akis pritraukia turt\u0105 naudojant kartu su piritu. Turi stipri\u0105 apsaug\u0105 nuo blogos energijos.","og_url":"https:\/\/fromthemagicalrealm.com\/index.php\/product\/tigro-akis-pakabukas-sirdele-be-grandineles\/","og_site_name":"from the magical realm","article_publisher":"https:\/\/www.facebook.com\/fromthemagicalrealm","article_modified_time":"2025-05-10T14:18:29+00:00","og_image":[{"width":1920,"height":2560,"url":"http:\/\/fromthemagicalrealm.com\/wp-content\/uploads\/2024\/01\/4421919B-A27D-411C-B1C6-FEE275C8FAB1-scaled.jpeg","type":"image\/jpeg"}],"twitter_card":"summary_large_image","schema":{"@context":"https:\/\/schema.org","@graph":[{"@type":"WebPage","@id":"https:\/\/fromthemagicalrealm.com\/index.php\/product\/tigro-akis-pakabukas-sirdele-be-grandineles\/","url":"https:\/\/fromthemagicalrealm.com\/index.php\/product\/tigro-akis-pakabukas-sirdele-be-grandineles\/","name":"Tigro Akis - pakabukas \u0161irdel\u0117 (be grandin\u0117l\u0117s) &bull; from the magical realm","isPartOf":{"@id":"https:\/\/fromthemagicalrealm.com\/#website"},"datePublished":"2024-01-02T14:15:43+00:00","dateModified":"2025-05-10T14:18:29+00:00","breadcrumb":{"@id":"https:\/\/fromthemagicalrealm.com\/index.php\/product\/tigro-akis-pakabukas-sirdele-be-grandineles\/#breadcrumb"},"inLanguage":"lt-LT","potentialAction":[{"@type":"ReadAction","target":["https:\/\/fromthemagicalrealm.com\/index.php\/product\/tigro-akis-pakabukas-sirdele-be-grandineles\/"]}]},{"@type":"BreadcrumbList","@id":"https:\/\/fromthemagicalrealm.com\/index.php\/product\/tigro-akis-pakabukas-sirdele-be-grandineles\/#breadcrumb","itemListElement":[{"@type":"ListItem","position":1,"name":"Home","item":"https:\/\/fromthemagicalrealm.com\/"},{"@type":"ListItem","position":2,"name":"Shop","item":"https:\/\/fromthemagicalrealm.com\/index.php\/shop\/"},{"@type":"ListItem","position":3,"name":"Tigro Akis &#8211; pakabukas \u0161irdel\u0117 (be grandin\u0117l\u0117s)"}]},{"@type":"WebSite","@id":"https:\/\/fromthemagicalrealm.com\/#website","url":"https:\/\/fromthemagicalrealm.com\/","name":"from the magical realm","description":"Nat\u016bral\u016bs kristalai","publisher":{"@id":"https:\/\/fromthemagicalrealm.com\/#\/schema\/person\/85dfa5d4809d3b3bf17cfed17108b346"},"potentialAction":[{"@type":"SearchAction","target":{"@type":"EntryPoint","urlTemplate":"https:\/\/fromthemagicalrealm.com\/?s={search_term_string}"},"query-input":"required name=search_term_string"}],"inLanguage":"lt-LT"},{"@type":["Person","Organization"],"@id":"https:\/\/fromthemagicalrealm.com\/#\/schema\/person\/85dfa5d4809d3b3bf17cfed17108b346","name":"fromthemagicalrealm.com","image":{"@type":"ImageObject","inLanguage":"lt-LT","@id":"https:\/\/fromthemagicalrealm.com\/#\/schema\/person\/image\/","url":"https:\/\/fromthemagicalrealm.com\/wp-content\/uploads\/2023\/08\/cropped-cropped-53FE4852-DD1C-43D1-B95F-5E004E5056D9.png","contentUrl":"https:\/\/fromthemagicalrealm.com\/wp-content\/uploads\/2023\/08\/cropped-cropped-53FE4852-DD1C-43D1-B95F-5E004E5056D9.png","width":3370,"height":2233,"caption":"fromthemagicalrealm.com"},"logo":{"@id":"https:\/\/fromthemagicalrealm.com\/#\/schema\/person\/image\/"},"sameAs":["http:\/\/fromthemagicalrealm.com","https:\/\/www.facebook.com\/fromthemagicalrealm","https:\/\/www.instagram.com\/fromthemagicalrealm\/"]}]}},"_links":{"self":[{"href":"https:\/\/fromthemagicalrealm.com\/index.php\/wp-json\/wp\/v2\/product\/2990","targetHints":{"allow":["GET"]}}],"collection":[{"href":"https:\/\/fromthemagicalrealm.com\/index.php\/wp-json\/wp\/v2\/product"}],"about":[{"href":"https:\/\/fromthemagicalrealm.com\/index.php\/wp-json\/wp\/v2\/types\/product"}],"version-history":[{"count":2,"href":"https:\/\/fromthemagicalrealm.com\/index.php\/wp-json\/wp\/v2\/product\/2990\/revisions"}],"predecessor-version":[{"id":2994,"href":"https:\/\/fromthemagicalrealm.com\/index.php\/wp-json\/wp\/v2\/product\/2990\/revisions\/2994"}],"wp:featuredmedia":[{"embeddable":true,"href":"https:\/\/fromthemagicalrealm.com\/index.php\/wp-json\/wp\/v2\/media\/2992"}],"wp:attachment":[{"href":"https:\/\/fromthemagicalrealm.com\/index.php\/wp-json\/wp\/v2\/media?parent=2990"}],"wp:term":[{"taxonomy":"product_cat","embeddable":true,"href":"https:\/\/fromthemagicalrealm.com\/index.php\/wp-json\/wp\/v2\/product_cat?post=2990"},{"taxonomy":"product_tag","embeddable":true,"href":"https:\/\/fromthemagicalrealm.com\/index.php\/wp-json\/wp\/v2\/product_tag?post=2990"}],"curies":[{"name":"wp","href":"https:\/\/api.w.org\/{rel}","templated":true}]}}