{"id":3005,"date":"2024-01-02T18:53:42","date_gmt":"2024-01-02T18:53:42","guid":{"rendered":"https:\/\/fromthemagicalrealm.com\/?post_type=product&#038;p=3005"},"modified":"2025-06-04T19:34:27","modified_gmt":"2025-06-04T19:34:27","slug":"menulio-akmuo-pakabukas","status":"publish","type":"product","link":"https:\/\/fromthemagicalrealm.com\/index.php\/product\/menulio-akmuo-pakabukas\/","title":{"rendered":"M\u0117nulio Akmuo &#8211; Pakabukas (be grandin\u0117l\u0117s)"},"content":{"rendered":"","protected":false},"excerpt":{"rendered":"<p class=\"p1\"><span class=\"s1\">M\u0117nulio akmuo<\/span><\/p>\n<p class=\"p1\"><span class=\"s1\">Miegas \u2022Ramyb\u0117 \u2022 Intuicija<\/span><\/p>\n<p class=\"p1\"><span class=\"s1\">M\u0117nulio akmuo yra vidinio augimo ir stipryb\u0117s akmuo. Ramina emocin\u012f nestabilum\u0105 ir stres\u0105. M\u0117nulio akmuo stiprina intuicij\u0105, skatina \u012fkv\u0117pim\u0105, laim\u0119 ir s\u0117km\u0119 meil\u0117s bei verslo srityse. Miego metu savo raminan\u010diom savyb\u0117m saugo mus nuo ko\u0161mar\u0173.<\/span><\/p>\n<p class=\"p1\"><span class=\"s1\">Aktyvuodamas auk\u0161tesnes \u010dakras, M\u0117nulio akmuo stimuliuoja psichinius geb\u0117jimus ir palengvina s\u0105moningus sapnus. Pripa\u017einus savo vidin\u0119 i\u0161mint\u012f, tai skatina pasitik\u0117ti savo instinktais ir pasiduoti visatai.<\/span><\/p>\n<p class=\"p1\"><span class=\"s1\">M\u0117nulio akmuo nukreipia dievi\u0161k\u0105j\u0105 moteri\u0161k\u0105j\u0105 energij\u0105, kuri i\u0161rei\u0161kia svajones egzistavimui. Tai \u012fgalina moteris pagerbti savo vidin\u0119 deiv\u0119 ir susieja vyrus su j\u0173 intuityvi\u0105ja ir emocine puse.<\/span><\/p>\n<p>&nbsp;<\/p>\n<p>Prie pakabuko pridedama virvel\u0117.<\/p>\n","protected":false},"featured_media":3006,"template":"","meta":{"site-sidebar-layout":"default","site-content-layout":"default","ast-global-header-display":"","ast-banner-title-visibility":"","ast-main-header-display":"","ast-hfb-above-header-display":"","ast-hfb-below-header-display":"","ast-hfb-mobile-header-display":"","site-post-title":"","ast-breadcrumbs-content":"","ast-featured-img":"","footer-sml-layout":"","theme-transparent-header-meta":"default","adv-header-id-meta":"","stick-header-meta":"","header-above-stick-meta":"","header-main-stick-meta":"","header-below-stick-meta":""},"product_cat":[124,53,48,49],"product_tag":[137,71],"class_list":{"0":"post-3005","1":"product","2":"type-product","3":"status-publish","4":"has-post-thumbnail","6":"product_cat-pakabukai","7":"product_cat-kristalu-papuosalai","8":"product_cat-visi-kristalai-2","9":"product_cat-visi-produktai","10":"product_tag-menulio-akmens-pakabukas","11":"product_tag-menulio-akmuo","12":"desktop-align-center","13":"tablet-align-left","14":"mobile-align-left","16":"first","17":"outofstock","18":"sale","19":"taxable","20":"shipping-taxable","21":"purchasable","22":"product-type-simple"},"yoast_head":"<!-- This site is optimized with the Yoast SEO plugin v20.13 - https:\/\/yoast.com\/wordpress\/plugins\/seo\/ -->\n<title>M\u0117nulio Akmuo - Pakabukas (be grandin\u0117l\u0117s) &bull; from the magical realm<\/title>\n<meta name=\"description\" content=\"Menulio akmens pakabukas\" \/>\n<meta name=\"robots\" content=\"index, follow, max-snippet:-1, max-image-preview:large, max-video-preview:-1\" \/>\n<link rel=\"canonical\" href=\"https:\/\/fromthemagicalrealm.com\/index.php\/product\/menulio-akmuo-pakabukas\/\" \/>\n<meta property=\"og:locale\" content=\"lt_LT\" \/>\n<meta property=\"og:type\" content=\"article\" \/>\n<meta property=\"og:title\" content=\"M\u0117nulio Akmuo - Pakabukas (be grandin\u0117l\u0117s) &bull; from the magical realm\" \/>\n<meta property=\"og:description\" content=\"Menulio akmens pakabukas\" \/>\n<meta property=\"og:url\" content=\"https:\/\/fromthemagicalrealm.com\/index.php\/product\/menulio-akmuo-pakabukas\/\" \/>\n<meta property=\"og:site_name\" content=\"from the magical realm\" \/>\n<meta property=\"article:publisher\" content=\"https:\/\/www.facebook.com\/fromthemagicalrealm\" \/>\n<meta property=\"article:modified_time\" content=\"2025-06-04T19:34:27+00:00\" \/>\n<meta property=\"og:image\" content=\"http:\/\/fromthemagicalrealm.com\/wp-content\/uploads\/2024\/01\/58F4B98D-9AA4-4A31-8085-7F0CB58D92A9-scaled.jpeg\" \/>\n\t<meta property=\"og:image:width\" content=\"1920\" \/>\n\t<meta property=\"og:image:height\" content=\"2560\" \/>\n\t<meta property=\"og:image:type\" content=\"image\/jpeg\" \/>\n<meta name=\"twitter:card\" content=\"summary_large_image\" \/>\n<script type=\"application\/ld+json\" class=\"yoast-schema-graph\">{\"@context\":\"https:\/\/schema.org\",\"@graph\":[{\"@type\":\"WebPage\",\"@id\":\"https:\/\/fromthemagicalrealm.com\/index.php\/product\/menulio-akmuo-pakabukas\/\",\"url\":\"https:\/\/fromthemagicalrealm.com\/index.php\/product\/menulio-akmuo-pakabukas\/\",\"name\":\"M\u0117nulio Akmuo - Pakabukas (be grandin\u0117l\u0117s) &bull; from the magical realm\",\"isPartOf\":{\"@id\":\"https:\/\/fromthemagicalrealm.com\/#website\"},\"datePublished\":\"2024-01-02T18:53:42+00:00\",\"dateModified\":\"2025-06-04T19:34:27+00:00\",\"description\":\"Menulio akmens pakabukas\",\"breadcrumb\":{\"@id\":\"https:\/\/fromthemagicalrealm.com\/index.php\/product\/menulio-akmuo-pakabukas\/#breadcrumb\"},\"inLanguage\":\"lt-LT\",\"potentialAction\":[{\"@type\":\"ReadAction\",\"target\":[\"https:\/\/fromthemagicalrealm.com\/index.php\/product\/menulio-akmuo-pakabukas\/\"]}]},{\"@type\":\"BreadcrumbList\",\"@id\":\"https:\/\/fromthemagicalrealm.com\/index.php\/product\/menulio-akmuo-pakabukas\/#breadcrumb\",\"itemListElement\":[{\"@type\":\"ListItem\",\"position\":1,\"name\":\"Home\",\"item\":\"https:\/\/fromthemagicalrealm.com\/\"},{\"@type\":\"ListItem\",\"position\":2,\"name\":\"Shop\",\"item\":\"https:\/\/fromthemagicalrealm.com\/index.php\/shop\/\"},{\"@type\":\"ListItem\",\"position\":3,\"name\":\"M\u0117nulio Akmuo &#8211; Pakabukas (be grandin\u0117l\u0117s)\"}]},{\"@type\":\"WebSite\",\"@id\":\"https:\/\/fromthemagicalrealm.com\/#website\",\"url\":\"https:\/\/fromthemagicalrealm.com\/\",\"name\":\"from the magical realm\",\"description\":\"Nat\u016bral\u016bs kristalai\",\"publisher\":{\"@id\":\"https:\/\/fromthemagicalrealm.com\/#\/schema\/person\/85dfa5d4809d3b3bf17cfed17108b346\"},\"potentialAction\":[{\"@type\":\"SearchAction\",\"target\":{\"@type\":\"EntryPoint\",\"urlTemplate\":\"https:\/\/fromthemagicalrealm.com\/?s={search_term_string}\"},\"query-input\":\"required name=search_term_string\"}],\"inLanguage\":\"lt-LT\"},{\"@type\":[\"Person\",\"Organization\"],\"@id\":\"https:\/\/fromthemagicalrealm.com\/#\/schema\/person\/85dfa5d4809d3b3bf17cfed17108b346\",\"name\":\"fromthemagicalrealm.com\",\"image\":{\"@type\":\"ImageObject\",\"inLanguage\":\"lt-LT\",\"@id\":\"https:\/\/fromthemagicalrealm.com\/#\/schema\/person\/image\/\",\"url\":\"https:\/\/fromthemagicalrealm.com\/wp-content\/uploads\/2023\/08\/cropped-cropped-53FE4852-DD1C-43D1-B95F-5E004E5056D9.png\",\"contentUrl\":\"https:\/\/fromthemagicalrealm.com\/wp-content\/uploads\/2023\/08\/cropped-cropped-53FE4852-DD1C-43D1-B95F-5E004E5056D9.png\",\"width\":3370,\"height\":2233,\"caption\":\"fromthemagicalrealm.com\"},\"logo\":{\"@id\":\"https:\/\/fromthemagicalrealm.com\/#\/schema\/person\/image\/\"},\"sameAs\":[\"http:\/\/fromthemagicalrealm.com\",\"https:\/\/www.facebook.com\/fromthemagicalrealm\",\"https:\/\/www.instagram.com\/fromthemagicalrealm\/\"]}]}<\/script>\n<!-- \/ Yoast SEO plugin. -->","yoast_head_json":{"title":"M\u0117nulio Akmuo - Pakabukas (be grandin\u0117l\u0117s) &bull; from the magical realm","description":"Menulio akmens pakabukas","robots":{"index":"index","follow":"follow","max-snippet":"max-snippet:-1","max-image-preview":"max-image-preview:large","max-video-preview":"max-video-preview:-1"},"canonical":"https:\/\/fromthemagicalrealm.com\/index.php\/product\/menulio-akmuo-pakabukas\/","og_locale":"lt_LT","og_type":"article","og_title":"M\u0117nulio Akmuo - Pakabukas (be grandin\u0117l\u0117s) &bull; from the magical realm","og_description":"Menulio akmens pakabukas","og_url":"https:\/\/fromthemagicalrealm.com\/index.php\/product\/menulio-akmuo-pakabukas\/","og_site_name":"from the magical realm","article_publisher":"https:\/\/www.facebook.com\/fromthemagicalrealm","article_modified_time":"2025-06-04T19:34:27+00:00","og_image":[{"width":1920,"height":2560,"url":"http:\/\/fromthemagicalrealm.com\/wp-content\/uploads\/2024\/01\/58F4B98D-9AA4-4A31-8085-7F0CB58D92A9-scaled.jpeg","type":"image\/jpeg"}],"twitter_card":"summary_large_image","schema":{"@context":"https:\/\/schema.org","@graph":[{"@type":"WebPage","@id":"https:\/\/fromthemagicalrealm.com\/index.php\/product\/menulio-akmuo-pakabukas\/","url":"https:\/\/fromthemagicalrealm.com\/index.php\/product\/menulio-akmuo-pakabukas\/","name":"M\u0117nulio Akmuo - Pakabukas (be grandin\u0117l\u0117s) &bull; from the magical realm","isPartOf":{"@id":"https:\/\/fromthemagicalrealm.com\/#website"},"datePublished":"2024-01-02T18:53:42+00:00","dateModified":"2025-06-04T19:34:27+00:00","description":"Menulio akmens pakabukas","breadcrumb":{"@id":"https:\/\/fromthemagicalrealm.com\/index.php\/product\/menulio-akmuo-pakabukas\/#breadcrumb"},"inLanguage":"lt-LT","potentialAction":[{"@type":"ReadAction","target":["https:\/\/fromthemagicalrealm.com\/index.php\/product\/menulio-akmuo-pakabukas\/"]}]},{"@type":"BreadcrumbList","@id":"https:\/\/fromthemagicalrealm.com\/index.php\/product\/menulio-akmuo-pakabukas\/#breadcrumb","itemListElement":[{"@type":"ListItem","position":1,"name":"Home","item":"https:\/\/fromthemagicalrealm.com\/"},{"@type":"ListItem","position":2,"name":"Shop","item":"https:\/\/fromthemagicalrealm.com\/index.php\/shop\/"},{"@type":"ListItem","position":3,"name":"M\u0117nulio Akmuo &#8211; Pakabukas (be grandin\u0117l\u0117s)"}]},{"@type":"WebSite","@id":"https:\/\/fromthemagicalrealm.com\/#website","url":"https:\/\/fromthemagicalrealm.com\/","name":"from the magical realm","description":"Nat\u016bral\u016bs kristalai","publisher":{"@id":"https:\/\/fromthemagicalrealm.com\/#\/schema\/person\/85dfa5d4809d3b3bf17cfed17108b346"},"potentialAction":[{"@type":"SearchAction","target":{"@type":"EntryPoint","urlTemplate":"https:\/\/fromthemagicalrealm.com\/?s={search_term_string}"},"query-input":"required name=search_term_string"}],"inLanguage":"lt-LT"},{"@type":["Person","Organization"],"@id":"https:\/\/fromthemagicalrealm.com\/#\/schema\/person\/85dfa5d4809d3b3bf17cfed17108b346","name":"fromthemagicalrealm.com","image":{"@type":"ImageObject","inLanguage":"lt-LT","@id":"https:\/\/fromthemagicalrealm.com\/#\/schema\/person\/image\/","url":"https:\/\/fromthemagicalrealm.com\/wp-content\/uploads\/2023\/08\/cropped-cropped-53FE4852-DD1C-43D1-B95F-5E004E5056D9.png","contentUrl":"https:\/\/fromthemagicalrealm.com\/wp-content\/uploads\/2023\/08\/cropped-cropped-53FE4852-DD1C-43D1-B95F-5E004E5056D9.png","width":3370,"height":2233,"caption":"fromthemagicalrealm.com"},"logo":{"@id":"https:\/\/fromthemagicalrealm.com\/#\/schema\/person\/image\/"},"sameAs":["http:\/\/fromthemagicalrealm.com","https:\/\/www.facebook.com\/fromthemagicalrealm","https:\/\/www.instagram.com\/fromthemagicalrealm\/"]}]}},"_links":{"self":[{"href":"https:\/\/fromthemagicalrealm.com\/index.php\/wp-json\/wp\/v2\/product\/3005","targetHints":{"allow":["GET"]}}],"collection":[{"href":"https:\/\/fromthemagicalrealm.com\/index.php\/wp-json\/wp\/v2\/product"}],"about":[{"href":"https:\/\/fromthemagicalrealm.com\/index.php\/wp-json\/wp\/v2\/types\/product"}],"version-history":[{"count":2,"href":"https:\/\/fromthemagicalrealm.com\/index.php\/wp-json\/wp\/v2\/product\/3005\/revisions"}],"predecessor-version":[{"id":3009,"href":"https:\/\/fromthemagicalrealm.com\/index.php\/wp-json\/wp\/v2\/product\/3005\/revisions\/3009"}],"wp:featuredmedia":[{"embeddable":true,"href":"https:\/\/fromthemagicalrealm.com\/index.php\/wp-json\/wp\/v2\/media\/3006"}],"wp:attachment":[{"href":"https:\/\/fromthemagicalrealm.com\/index.php\/wp-json\/wp\/v2\/media?parent=3005"}],"wp:term":[{"taxonomy":"product_cat","embeddable":true,"href":"https:\/\/fromthemagicalrealm.com\/index.php\/wp-json\/wp\/v2\/product_cat?post=3005"},{"taxonomy":"product_tag","embeddable":true,"href":"https:\/\/fromthemagicalrealm.com\/index.php\/wp-json\/wp\/v2\/product_tag?post=3005"}],"curies":[{"name":"wp","href":"https:\/\/api.w.org\/{rel}","templated":true}]}}