{"id":3010,"date":"2024-01-02T18:59:24","date_gmt":"2024-01-02T18:59:24","guid":{"rendered":"https:\/\/fromthemagicalrealm.com\/?post_type=product&#038;p=3010"},"modified":"2025-01-21T22:02:10","modified_gmt":"2025-01-21T22:02:10","slug":"duminis-kvarcas-pakabukas-be-grandineles","status":"publish","type":"product","link":"https:\/\/fromthemagicalrealm.com\/index.php\/product\/duminis-kvarcas-pakabukas-be-grandineles\/","title":{"rendered":"D\u016bminis Kvarcas &#8211; pakabukas (be grandin\u0117l\u0117s)"},"content":{"rendered":"","protected":false},"excerpt":{"rendered":"<p class=\"p1\"><span class=\"s1\">D\u016bminis Kvarcas <\/span><\/p>\n<p class=\"p2\"><span class=\"s2\">\u012e\u017eeminimas \u2022 Klest\u0117jimas \u2022 Pusiausvyra <\/span><\/p>\n<p class=\"p2\"><span class=\"s2\">D\u016bminis Kvarcas i\u0161laisvina neigiam\u0105 energij\u0105, paskatina esminius paties \u017emogaus ir jo elgesio poky\u010dius, moko nebelaikyti nieko, kas trukdo visapusi\u0161kam augimui. Padeda atsikratyti nereikaling\u0173 jausm\u0173, iliuzij\u0173, \u012fveikti prie\u0161taravimus, ydingus prisiri\u0161imus, pykt\u012f, pavyd\u0105, baim\u0119 ir kalt\u0119. <\/span><\/p>\n<p class=\"p2\"><span class=\"s2\">Tai idealus akmuo k\u016brybini\u0173 profesij\u0173 \u017emon\u0117ms &#8211; poetams ir ra\u0161ytojams, muzikantams, skulptoriams, tapytojams, kino k\u016br\u0117jams. Taip pat naudingas tiems kurie turi mirties baim\u0119, bijo praraati k\u0105 turi ir ken\u010dia nuo priklausomybi\u0173 santykiuose. <\/span><\/p>\n<p class=\"p2\"><span class=\"s2\">Duminis Kvarcas yra kristalas, galintis pagerinti savininko<\/span><\/p>\n<p class=\"p2\"><span class=\"s2\">gyvenim\u0105: pritraukti s\u0117kmingas pa\u017eintis su reikalingais \u017emonemis, atverti duris \u012f auk\u0161tesnes visuomen\u0117s sritis ir susidoroti su bet kokiomis problemomis.<\/span><\/p>\n<p>Prie pakabuko pridedama virvel\u0117.<\/p>\n","protected":false},"featured_media":3011,"template":"","meta":{"site-sidebar-layout":"default","site-content-layout":"default","ast-global-header-display":"","ast-banner-title-visibility":"","ast-main-header-display":"","ast-hfb-above-header-display":"","ast-hfb-below-header-display":"","ast-hfb-mobile-header-display":"","site-post-title":"","ast-breadcrumbs-content":"","ast-featured-img":"","footer-sml-layout":"","theme-transparent-header-meta":"default","adv-header-id-meta":"","stick-header-meta":"","header-above-stick-meta":"","header-main-stick-meta":"","header-below-stick-meta":""},"product_cat":[124,53,48,49],"product_tag":[139,138],"class_list":{"0":"post-3010","1":"product","2":"type-product","3":"status-publish","4":"has-post-thumbnail","6":"product_cat-pakabukai","7":"product_cat-kristalu-papuosalai","8":"product_cat-visi-kristalai-2","9":"product_cat-visi-produktai","10":"product_tag-duminio-kvarco-pakabukas","11":"product_tag-duminis-kvarcas","12":"desktop-align-center","13":"tablet-align-left","14":"mobile-align-left","16":"first","17":"instock","18":"sale","19":"taxable","20":"shipping-taxable","21":"purchasable","22":"product-type-simple"},"yoast_head":"<!-- This site is optimized with the Yoast SEO plugin v20.13 - https:\/\/yoast.com\/wordpress\/plugins\/seo\/ -->\n<title>D\u016bminis Kvarcas - pakabukas (be grandin\u0117l\u0117s) &bull; from the magical realm<\/title>\n<meta name=\"description\" content=\"D\u016bminio Kvarco pakabukas\" \/>\n<meta name=\"robots\" content=\"index, follow, max-snippet:-1, max-image-preview:large, max-video-preview:-1\" \/>\n<link rel=\"canonical\" href=\"https:\/\/fromthemagicalrealm.com\/index.php\/product\/duminis-kvarcas-pakabukas-be-grandineles\/\" \/>\n<meta property=\"og:locale\" content=\"lt_LT\" \/>\n<meta property=\"og:type\" content=\"article\" \/>\n<meta property=\"og:title\" content=\"D\u016bminis Kvarcas - pakabukas (be grandin\u0117l\u0117s) &bull; from the magical realm\" \/>\n<meta property=\"og:description\" content=\"D\u016bminio Kvarco pakabukas\" \/>\n<meta property=\"og:url\" content=\"https:\/\/fromthemagicalrealm.com\/index.php\/product\/duminis-kvarcas-pakabukas-be-grandineles\/\" \/>\n<meta property=\"og:site_name\" content=\"from the magical realm\" \/>\n<meta property=\"article:publisher\" content=\"https:\/\/www.facebook.com\/fromthemagicalrealm\" \/>\n<meta property=\"article:modified_time\" content=\"2025-01-21T22:02:10+00:00\" \/>\n<meta property=\"og:image\" content=\"http:\/\/fromthemagicalrealm.com\/wp-content\/uploads\/2024\/01\/F47BEBE3-FF89-438F-A08E-4CDBC1D3F099-scaled.jpeg\" \/>\n\t<meta property=\"og:image:width\" content=\"1920\" \/>\n\t<meta property=\"og:image:height\" content=\"2560\" \/>\n\t<meta property=\"og:image:type\" content=\"image\/jpeg\" \/>\n<meta name=\"twitter:card\" content=\"summary_large_image\" \/>\n<script type=\"application\/ld+json\" class=\"yoast-schema-graph\">{\"@context\":\"https:\/\/schema.org\",\"@graph\":[{\"@type\":\"WebPage\",\"@id\":\"https:\/\/fromthemagicalrealm.com\/index.php\/product\/duminis-kvarcas-pakabukas-be-grandineles\/\",\"url\":\"https:\/\/fromthemagicalrealm.com\/index.php\/product\/duminis-kvarcas-pakabukas-be-grandineles\/\",\"name\":\"D\u016bminis Kvarcas - pakabukas (be grandin\u0117l\u0117s) &bull; from the magical realm\",\"isPartOf\":{\"@id\":\"https:\/\/fromthemagicalrealm.com\/#website\"},\"datePublished\":\"2024-01-02T18:59:24+00:00\",\"dateModified\":\"2025-01-21T22:02:10+00:00\",\"description\":\"D\u016bminio Kvarco pakabukas\",\"breadcrumb\":{\"@id\":\"https:\/\/fromthemagicalrealm.com\/index.php\/product\/duminis-kvarcas-pakabukas-be-grandineles\/#breadcrumb\"},\"inLanguage\":\"lt-LT\",\"potentialAction\":[{\"@type\":\"ReadAction\",\"target\":[\"https:\/\/fromthemagicalrealm.com\/index.php\/product\/duminis-kvarcas-pakabukas-be-grandineles\/\"]}]},{\"@type\":\"BreadcrumbList\",\"@id\":\"https:\/\/fromthemagicalrealm.com\/index.php\/product\/duminis-kvarcas-pakabukas-be-grandineles\/#breadcrumb\",\"itemListElement\":[{\"@type\":\"ListItem\",\"position\":1,\"name\":\"Home\",\"item\":\"https:\/\/fromthemagicalrealm.com\/\"},{\"@type\":\"ListItem\",\"position\":2,\"name\":\"Shop\",\"item\":\"https:\/\/fromthemagicalrealm.com\/index.php\/shop\/\"},{\"@type\":\"ListItem\",\"position\":3,\"name\":\"D\u016bminis Kvarcas &#8211; pakabukas (be grandin\u0117l\u0117s)\"}]},{\"@type\":\"WebSite\",\"@id\":\"https:\/\/fromthemagicalrealm.com\/#website\",\"url\":\"https:\/\/fromthemagicalrealm.com\/\",\"name\":\"from the magical realm\",\"description\":\"Nat\u016bral\u016bs kristalai\",\"publisher\":{\"@id\":\"https:\/\/fromthemagicalrealm.com\/#\/schema\/person\/85dfa5d4809d3b3bf17cfed17108b346\"},\"potentialAction\":[{\"@type\":\"SearchAction\",\"target\":{\"@type\":\"EntryPoint\",\"urlTemplate\":\"https:\/\/fromthemagicalrealm.com\/?s={search_term_string}\"},\"query-input\":\"required name=search_term_string\"}],\"inLanguage\":\"lt-LT\"},{\"@type\":[\"Person\",\"Organization\"],\"@id\":\"https:\/\/fromthemagicalrealm.com\/#\/schema\/person\/85dfa5d4809d3b3bf17cfed17108b346\",\"name\":\"fromthemagicalrealm.com\",\"image\":{\"@type\":\"ImageObject\",\"inLanguage\":\"lt-LT\",\"@id\":\"https:\/\/fromthemagicalrealm.com\/#\/schema\/person\/image\/\",\"url\":\"https:\/\/fromthemagicalrealm.com\/wp-content\/uploads\/2023\/08\/cropped-cropped-53FE4852-DD1C-43D1-B95F-5E004E5056D9.png\",\"contentUrl\":\"https:\/\/fromthemagicalrealm.com\/wp-content\/uploads\/2023\/08\/cropped-cropped-53FE4852-DD1C-43D1-B95F-5E004E5056D9.png\",\"width\":3370,\"height\":2233,\"caption\":\"fromthemagicalrealm.com\"},\"logo\":{\"@id\":\"https:\/\/fromthemagicalrealm.com\/#\/schema\/person\/image\/\"},\"sameAs\":[\"http:\/\/fromthemagicalrealm.com\",\"https:\/\/www.facebook.com\/fromthemagicalrealm\",\"https:\/\/www.instagram.com\/fromthemagicalrealm\/\"]}]}<\/script>\n<!-- \/ Yoast SEO plugin. -->","yoast_head_json":{"title":"D\u016bminis Kvarcas - pakabukas (be grandin\u0117l\u0117s) &bull; from the magical realm","description":"D\u016bminio Kvarco pakabukas","robots":{"index":"index","follow":"follow","max-snippet":"max-snippet:-1","max-image-preview":"max-image-preview:large","max-video-preview":"max-video-preview:-1"},"canonical":"https:\/\/fromthemagicalrealm.com\/index.php\/product\/duminis-kvarcas-pakabukas-be-grandineles\/","og_locale":"lt_LT","og_type":"article","og_title":"D\u016bminis Kvarcas - pakabukas (be grandin\u0117l\u0117s) &bull; from the magical realm","og_description":"D\u016bminio Kvarco pakabukas","og_url":"https:\/\/fromthemagicalrealm.com\/index.php\/product\/duminis-kvarcas-pakabukas-be-grandineles\/","og_site_name":"from the magical realm","article_publisher":"https:\/\/www.facebook.com\/fromthemagicalrealm","article_modified_time":"2025-01-21T22:02:10+00:00","og_image":[{"width":1920,"height":2560,"url":"http:\/\/fromthemagicalrealm.com\/wp-content\/uploads\/2024\/01\/F47BEBE3-FF89-438F-A08E-4CDBC1D3F099-scaled.jpeg","type":"image\/jpeg"}],"twitter_card":"summary_large_image","schema":{"@context":"https:\/\/schema.org","@graph":[{"@type":"WebPage","@id":"https:\/\/fromthemagicalrealm.com\/index.php\/product\/duminis-kvarcas-pakabukas-be-grandineles\/","url":"https:\/\/fromthemagicalrealm.com\/index.php\/product\/duminis-kvarcas-pakabukas-be-grandineles\/","name":"D\u016bminis Kvarcas - pakabukas (be grandin\u0117l\u0117s) &bull; from the magical realm","isPartOf":{"@id":"https:\/\/fromthemagicalrealm.com\/#website"},"datePublished":"2024-01-02T18:59:24+00:00","dateModified":"2025-01-21T22:02:10+00:00","description":"D\u016bminio Kvarco pakabukas","breadcrumb":{"@id":"https:\/\/fromthemagicalrealm.com\/index.php\/product\/duminis-kvarcas-pakabukas-be-grandineles\/#breadcrumb"},"inLanguage":"lt-LT","potentialAction":[{"@type":"ReadAction","target":["https:\/\/fromthemagicalrealm.com\/index.php\/product\/duminis-kvarcas-pakabukas-be-grandineles\/"]}]},{"@type":"BreadcrumbList","@id":"https:\/\/fromthemagicalrealm.com\/index.php\/product\/duminis-kvarcas-pakabukas-be-grandineles\/#breadcrumb","itemListElement":[{"@type":"ListItem","position":1,"name":"Home","item":"https:\/\/fromthemagicalrealm.com\/"},{"@type":"ListItem","position":2,"name":"Shop","item":"https:\/\/fromthemagicalrealm.com\/index.php\/shop\/"},{"@type":"ListItem","position":3,"name":"D\u016bminis Kvarcas &#8211; pakabukas (be grandin\u0117l\u0117s)"}]},{"@type":"WebSite","@id":"https:\/\/fromthemagicalrealm.com\/#website","url":"https:\/\/fromthemagicalrealm.com\/","name":"from the magical realm","description":"Nat\u016bral\u016bs kristalai","publisher":{"@id":"https:\/\/fromthemagicalrealm.com\/#\/schema\/person\/85dfa5d4809d3b3bf17cfed17108b346"},"potentialAction":[{"@type":"SearchAction","target":{"@type":"EntryPoint","urlTemplate":"https:\/\/fromthemagicalrealm.com\/?s={search_term_string}"},"query-input":"required name=search_term_string"}],"inLanguage":"lt-LT"},{"@type":["Person","Organization"],"@id":"https:\/\/fromthemagicalrealm.com\/#\/schema\/person\/85dfa5d4809d3b3bf17cfed17108b346","name":"fromthemagicalrealm.com","image":{"@type":"ImageObject","inLanguage":"lt-LT","@id":"https:\/\/fromthemagicalrealm.com\/#\/schema\/person\/image\/","url":"https:\/\/fromthemagicalrealm.com\/wp-content\/uploads\/2023\/08\/cropped-cropped-53FE4852-DD1C-43D1-B95F-5E004E5056D9.png","contentUrl":"https:\/\/fromthemagicalrealm.com\/wp-content\/uploads\/2023\/08\/cropped-cropped-53FE4852-DD1C-43D1-B95F-5E004E5056D9.png","width":3370,"height":2233,"caption":"fromthemagicalrealm.com"},"logo":{"@id":"https:\/\/fromthemagicalrealm.com\/#\/schema\/person\/image\/"},"sameAs":["http:\/\/fromthemagicalrealm.com","https:\/\/www.facebook.com\/fromthemagicalrealm","https:\/\/www.instagram.com\/fromthemagicalrealm\/"]}]}},"_links":{"self":[{"href":"https:\/\/fromthemagicalrealm.com\/index.php\/wp-json\/wp\/v2\/product\/3010","targetHints":{"allow":["GET"]}}],"collection":[{"href":"https:\/\/fromthemagicalrealm.com\/index.php\/wp-json\/wp\/v2\/product"}],"about":[{"href":"https:\/\/fromthemagicalrealm.com\/index.php\/wp-json\/wp\/v2\/types\/product"}],"version-history":[{"count":1,"href":"https:\/\/fromthemagicalrealm.com\/index.php\/wp-json\/wp\/v2\/product\/3010\/revisions"}],"predecessor-version":[{"id":3013,"href":"https:\/\/fromthemagicalrealm.com\/index.php\/wp-json\/wp\/v2\/product\/3010\/revisions\/3013"}],"wp:featuredmedia":[{"embeddable":true,"href":"https:\/\/fromthemagicalrealm.com\/index.php\/wp-json\/wp\/v2\/media\/3011"}],"wp:attachment":[{"href":"https:\/\/fromthemagicalrealm.com\/index.php\/wp-json\/wp\/v2\/media?parent=3010"}],"wp:term":[{"taxonomy":"product_cat","embeddable":true,"href":"https:\/\/fromthemagicalrealm.com\/index.php\/wp-json\/wp\/v2\/product_cat?post=3010"},{"taxonomy":"product_tag","embeddable":true,"href":"https:\/\/fromthemagicalrealm.com\/index.php\/wp-json\/wp\/v2\/product_tag?post=3010"}],"curies":[{"name":"wp","href":"https:\/\/api.w.org\/{rel}","templated":true}]}}