{"id":3023,"date":"2024-01-02T19:13:49","date_gmt":"2024-01-02T19:13:49","guid":{"rendered":"https:\/\/fromthemagicalrealm.com\/?post_type=product&#038;p=3023"},"modified":"2024-01-02T19:15:41","modified_gmt":"2024-01-02T19:15:41","slug":"lemurijos-kalnu-kristolas-pakabukas-be-grandineles","status":"publish","type":"product","link":"https:\/\/fromthemagicalrealm.com\/index.php\/product\/lemurijos-kalnu-kristolas-pakabukas-be-grandineles\/","title":{"rendered":"Lem\u016brijos Kaln\u0173 Kri\u0161tolas &#8211; pakabukas (be grandin\u0117l\u0117s)"},"content":{"rendered":"","protected":false},"excerpt":{"rendered":"<p>Kaln\u0173 Kri\u0161tolas<\/p>\n<p>Balansas \u2022 Ai\u0161kumas \u2022 Augimas<\/p>\n<p>Kaln\u0173 kri\u0161tolas yra prizminis kristalas, apimantis beveik visas ger\u0105sias kristal\u0173 savybes. Vienas universaliausi\u0173 ir stipriausi\u0173 akmen\u0173 pasaulyje, jis puosel\u0117ja bendr\u0105 gerov\u0119, prisitaikydamas prie konkre\u010di\u0173 J\u016bs\u0173 poreiki\u0173. Jo energija suderinama su bet kokiu da\u017eniu, kad palaikyt\u0173 gijim\u0105 ir pusiausvyr\u0105. Patobulindamas meditacij\u0105, jis suteikia ai\u0161kumo protui, nes pa\u0161alina bla\u0161kym\u0105si ir padidina koncentracij\u0105. Manifestacijos galia sustipr\u0117ja programuojant \u0161\u012f kristal\u0105 su savo intencija. Tur\u0117damas akmen\u012f rankoje, su nuo\u0161ird\u017eiu d\u0117kingumu \u012fsivaizduok savo siekius. Jo ai\u0161ki vibracija sustiprins tavo ketinimus ir sustiprins nor\u0105 s\u0117kmingai \u012fgyvendinti visas pastangas. I\u0161pl\u0117sdamas s\u0105mon\u0119, kaln\u0173 kri\u0161tolas suteikia supratim\u0105 apie didesn\u012f gyvenimo vaizd\u0105. Didina s\u0105moningum\u0105, palengvina bendravim\u0105 su Dievi\u0161kumu, kad \u012fkv\u0117pt\u0173 dvasinio augimo keliu.<\/p>\n<p>&nbsp;<\/p>\n<p>Prie pakabuko pridedama virvel\u0117.<\/p>\n","protected":false},"featured_media":3024,"template":"","meta":{"site-sidebar-layout":"default","site-content-layout":"default","ast-global-header-display":"","ast-banner-title-visibility":"","ast-main-header-display":"","ast-hfb-above-header-display":"","ast-hfb-below-header-display":"","ast-hfb-mobile-header-display":"","site-post-title":"","ast-breadcrumbs-content":"","ast-featured-img":"","footer-sml-layout":"","theme-transparent-header-meta":"default","adv-header-id-meta":"","stick-header-meta":"","header-above-stick-meta":"","header-main-stick-meta":"","header-below-stick-meta":""},"product_cat":[124,53,48,49],"product_tag":[141,142],"class_list":{"0":"post-3023","1":"product","2":"type-product","3":"status-publish","4":"has-post-thumbnail","6":"product_cat-pakabukai","7":"product_cat-kristalu-papuosalai","8":"product_cat-visi-kristalai-2","9":"product_cat-visi-produktai","10":"product_tag-lemurijos-kalnu-kristolas","11":"product_tag-lemurijos-kristolas","12":"desktop-align-center","13":"tablet-align-left","14":"mobile-align-left","16":"first","17":"instock","18":"taxable","19":"shipping-taxable","20":"purchasable","21":"product-type-simple"},"yoast_head":"<!-- This site is optimized with the Yoast SEO plugin v20.13 - https:\/\/yoast.com\/wordpress\/plugins\/seo\/ -->\n<title>Lem\u016brijos Kaln\u0173 Kri\u0161tolas - pakabukas (be grandin\u0117l\u0117s) &bull; from the magical realm<\/title>\n<meta name=\"description\" content=\"Lem\u016brijos Kaln\u0173 Kri\u0161tolo pakabukas\" \/>\n<meta name=\"robots\" content=\"index, follow, max-snippet:-1, max-image-preview:large, max-video-preview:-1\" \/>\n<link rel=\"canonical\" href=\"https:\/\/fromthemagicalrealm.com\/index.php\/product\/lemurijos-kalnu-kristolas-pakabukas-be-grandineles\/\" \/>\n<meta property=\"og:locale\" content=\"lt_LT\" \/>\n<meta property=\"og:type\" content=\"article\" \/>\n<meta property=\"og:title\" content=\"Lem\u016brijos Kaln\u0173 Kri\u0161tolas - pakabukas (be grandin\u0117l\u0117s) &bull; from the magical realm\" \/>\n<meta property=\"og:description\" content=\"Lem\u016brijos Kaln\u0173 Kri\u0161tolo pakabukas\" \/>\n<meta property=\"og:url\" content=\"https:\/\/fromthemagicalrealm.com\/index.php\/product\/lemurijos-kalnu-kristolas-pakabukas-be-grandineles\/\" \/>\n<meta property=\"og:site_name\" content=\"from the magical realm\" \/>\n<meta property=\"article:publisher\" content=\"https:\/\/www.facebook.com\/fromthemagicalrealm\" \/>\n<meta property=\"article:modified_time\" content=\"2024-01-02T19:15:41+00:00\" \/>\n<meta property=\"og:image\" content=\"http:\/\/fromthemagicalrealm.com\/wp-content\/uploads\/2024\/01\/17878EE8-2E58-4ED3-86B7-D43C47D30553-scaled.jpeg\" \/>\n\t<meta property=\"og:image:width\" content=\"1920\" \/>\n\t<meta property=\"og:image:height\" content=\"2560\" \/>\n\t<meta property=\"og:image:type\" content=\"image\/jpeg\" \/>\n<meta name=\"twitter:card\" content=\"summary_large_image\" \/>\n<script type=\"application\/ld+json\" class=\"yoast-schema-graph\">{\"@context\":\"https:\/\/schema.org\",\"@graph\":[{\"@type\":\"WebPage\",\"@id\":\"https:\/\/fromthemagicalrealm.com\/index.php\/product\/lemurijos-kalnu-kristolas-pakabukas-be-grandineles\/\",\"url\":\"https:\/\/fromthemagicalrealm.com\/index.php\/product\/lemurijos-kalnu-kristolas-pakabukas-be-grandineles\/\",\"name\":\"Lem\u016brijos Kaln\u0173 Kri\u0161tolas - pakabukas (be grandin\u0117l\u0117s) &bull; from the magical realm\",\"isPartOf\":{\"@id\":\"https:\/\/fromthemagicalrealm.com\/#website\"},\"datePublished\":\"2024-01-02T19:13:49+00:00\",\"dateModified\":\"2024-01-02T19:15:41+00:00\",\"description\":\"Lem\u016brijos Kaln\u0173 Kri\u0161tolo pakabukas\",\"breadcrumb\":{\"@id\":\"https:\/\/fromthemagicalrealm.com\/index.php\/product\/lemurijos-kalnu-kristolas-pakabukas-be-grandineles\/#breadcrumb\"},\"inLanguage\":\"lt-LT\",\"potentialAction\":[{\"@type\":\"ReadAction\",\"target\":[\"https:\/\/fromthemagicalrealm.com\/index.php\/product\/lemurijos-kalnu-kristolas-pakabukas-be-grandineles\/\"]}]},{\"@type\":\"BreadcrumbList\",\"@id\":\"https:\/\/fromthemagicalrealm.com\/index.php\/product\/lemurijos-kalnu-kristolas-pakabukas-be-grandineles\/#breadcrumb\",\"itemListElement\":[{\"@type\":\"ListItem\",\"position\":1,\"name\":\"Home\",\"item\":\"https:\/\/fromthemagicalrealm.com\/\"},{\"@type\":\"ListItem\",\"position\":2,\"name\":\"Shop\",\"item\":\"https:\/\/fromthemagicalrealm.com\/index.php\/shop\/\"},{\"@type\":\"ListItem\",\"position\":3,\"name\":\"Lem\u016brijos Kaln\u0173 Kri\u0161tolas &#8211; pakabukas (be grandin\u0117l\u0117s)\"}]},{\"@type\":\"WebSite\",\"@id\":\"https:\/\/fromthemagicalrealm.com\/#website\",\"url\":\"https:\/\/fromthemagicalrealm.com\/\",\"name\":\"from the magical realm\",\"description\":\"Nat\u016bral\u016bs kristalai\",\"publisher\":{\"@id\":\"https:\/\/fromthemagicalrealm.com\/#\/schema\/person\/85dfa5d4809d3b3bf17cfed17108b346\"},\"potentialAction\":[{\"@type\":\"SearchAction\",\"target\":{\"@type\":\"EntryPoint\",\"urlTemplate\":\"https:\/\/fromthemagicalrealm.com\/?s={search_term_string}\"},\"query-input\":\"required name=search_term_string\"}],\"inLanguage\":\"lt-LT\"},{\"@type\":[\"Person\",\"Organization\"],\"@id\":\"https:\/\/fromthemagicalrealm.com\/#\/schema\/person\/85dfa5d4809d3b3bf17cfed17108b346\",\"name\":\"fromthemagicalrealm.com\",\"image\":{\"@type\":\"ImageObject\",\"inLanguage\":\"lt-LT\",\"@id\":\"https:\/\/fromthemagicalrealm.com\/#\/schema\/person\/image\/\",\"url\":\"https:\/\/fromthemagicalrealm.com\/wp-content\/uploads\/2023\/08\/cropped-cropped-53FE4852-DD1C-43D1-B95F-5E004E5056D9.png\",\"contentUrl\":\"https:\/\/fromthemagicalrealm.com\/wp-content\/uploads\/2023\/08\/cropped-cropped-53FE4852-DD1C-43D1-B95F-5E004E5056D9.png\",\"width\":3370,\"height\":2233,\"caption\":\"fromthemagicalrealm.com\"},\"logo\":{\"@id\":\"https:\/\/fromthemagicalrealm.com\/#\/schema\/person\/image\/\"},\"sameAs\":[\"http:\/\/fromthemagicalrealm.com\",\"https:\/\/www.facebook.com\/fromthemagicalrealm\",\"https:\/\/www.instagram.com\/fromthemagicalrealm\/\"]}]}<\/script>\n<!-- \/ Yoast SEO plugin. -->","yoast_head_json":{"title":"Lem\u016brijos Kaln\u0173 Kri\u0161tolas - pakabukas (be grandin\u0117l\u0117s) &bull; from the magical realm","description":"Lem\u016brijos Kaln\u0173 Kri\u0161tolo pakabukas","robots":{"index":"index","follow":"follow","max-snippet":"max-snippet:-1","max-image-preview":"max-image-preview:large","max-video-preview":"max-video-preview:-1"},"canonical":"https:\/\/fromthemagicalrealm.com\/index.php\/product\/lemurijos-kalnu-kristolas-pakabukas-be-grandineles\/","og_locale":"lt_LT","og_type":"article","og_title":"Lem\u016brijos Kaln\u0173 Kri\u0161tolas - pakabukas (be grandin\u0117l\u0117s) &bull; from the magical realm","og_description":"Lem\u016brijos Kaln\u0173 Kri\u0161tolo pakabukas","og_url":"https:\/\/fromthemagicalrealm.com\/index.php\/product\/lemurijos-kalnu-kristolas-pakabukas-be-grandineles\/","og_site_name":"from the magical realm","article_publisher":"https:\/\/www.facebook.com\/fromthemagicalrealm","article_modified_time":"2024-01-02T19:15:41+00:00","og_image":[{"width":1920,"height":2560,"url":"http:\/\/fromthemagicalrealm.com\/wp-content\/uploads\/2024\/01\/17878EE8-2E58-4ED3-86B7-D43C47D30553-scaled.jpeg","type":"image\/jpeg"}],"twitter_card":"summary_large_image","schema":{"@context":"https:\/\/schema.org","@graph":[{"@type":"WebPage","@id":"https:\/\/fromthemagicalrealm.com\/index.php\/product\/lemurijos-kalnu-kristolas-pakabukas-be-grandineles\/","url":"https:\/\/fromthemagicalrealm.com\/index.php\/product\/lemurijos-kalnu-kristolas-pakabukas-be-grandineles\/","name":"Lem\u016brijos Kaln\u0173 Kri\u0161tolas - pakabukas (be grandin\u0117l\u0117s) &bull; from the magical realm","isPartOf":{"@id":"https:\/\/fromthemagicalrealm.com\/#website"},"datePublished":"2024-01-02T19:13:49+00:00","dateModified":"2024-01-02T19:15:41+00:00","description":"Lem\u016brijos Kaln\u0173 Kri\u0161tolo pakabukas","breadcrumb":{"@id":"https:\/\/fromthemagicalrealm.com\/index.php\/product\/lemurijos-kalnu-kristolas-pakabukas-be-grandineles\/#breadcrumb"},"inLanguage":"lt-LT","potentialAction":[{"@type":"ReadAction","target":["https:\/\/fromthemagicalrealm.com\/index.php\/product\/lemurijos-kalnu-kristolas-pakabukas-be-grandineles\/"]}]},{"@type":"BreadcrumbList","@id":"https:\/\/fromthemagicalrealm.com\/index.php\/product\/lemurijos-kalnu-kristolas-pakabukas-be-grandineles\/#breadcrumb","itemListElement":[{"@type":"ListItem","position":1,"name":"Home","item":"https:\/\/fromthemagicalrealm.com\/"},{"@type":"ListItem","position":2,"name":"Shop","item":"https:\/\/fromthemagicalrealm.com\/index.php\/shop\/"},{"@type":"ListItem","position":3,"name":"Lem\u016brijos Kaln\u0173 Kri\u0161tolas &#8211; pakabukas (be grandin\u0117l\u0117s)"}]},{"@type":"WebSite","@id":"https:\/\/fromthemagicalrealm.com\/#website","url":"https:\/\/fromthemagicalrealm.com\/","name":"from the magical realm","description":"Nat\u016bral\u016bs kristalai","publisher":{"@id":"https:\/\/fromthemagicalrealm.com\/#\/schema\/person\/85dfa5d4809d3b3bf17cfed17108b346"},"potentialAction":[{"@type":"SearchAction","target":{"@type":"EntryPoint","urlTemplate":"https:\/\/fromthemagicalrealm.com\/?s={search_term_string}"},"query-input":"required name=search_term_string"}],"inLanguage":"lt-LT"},{"@type":["Person","Organization"],"@id":"https:\/\/fromthemagicalrealm.com\/#\/schema\/person\/85dfa5d4809d3b3bf17cfed17108b346","name":"fromthemagicalrealm.com","image":{"@type":"ImageObject","inLanguage":"lt-LT","@id":"https:\/\/fromthemagicalrealm.com\/#\/schema\/person\/image\/","url":"https:\/\/fromthemagicalrealm.com\/wp-content\/uploads\/2023\/08\/cropped-cropped-53FE4852-DD1C-43D1-B95F-5E004E5056D9.png","contentUrl":"https:\/\/fromthemagicalrealm.com\/wp-content\/uploads\/2023\/08\/cropped-cropped-53FE4852-DD1C-43D1-B95F-5E004E5056D9.png","width":3370,"height":2233,"caption":"fromthemagicalrealm.com"},"logo":{"@id":"https:\/\/fromthemagicalrealm.com\/#\/schema\/person\/image\/"},"sameAs":["http:\/\/fromthemagicalrealm.com","https:\/\/www.facebook.com\/fromthemagicalrealm","https:\/\/www.instagram.com\/fromthemagicalrealm\/"]}]}},"_links":{"self":[{"href":"https:\/\/fromthemagicalrealm.com\/index.php\/wp-json\/wp\/v2\/product\/3023","targetHints":{"allow":["GET"]}}],"collection":[{"href":"https:\/\/fromthemagicalrealm.com\/index.php\/wp-json\/wp\/v2\/product"}],"about":[{"href":"https:\/\/fromthemagicalrealm.com\/index.php\/wp-json\/wp\/v2\/types\/product"}],"version-history":[{"count":2,"href":"https:\/\/fromthemagicalrealm.com\/index.php\/wp-json\/wp\/v2\/product\/3023\/revisions"}],"predecessor-version":[{"id":3027,"href":"https:\/\/fromthemagicalrealm.com\/index.php\/wp-json\/wp\/v2\/product\/3023\/revisions\/3027"}],"wp:featuredmedia":[{"embeddable":true,"href":"https:\/\/fromthemagicalrealm.com\/index.php\/wp-json\/wp\/v2\/media\/3024"}],"wp:attachment":[{"href":"https:\/\/fromthemagicalrealm.com\/index.php\/wp-json\/wp\/v2\/media?parent=3023"}],"wp:term":[{"taxonomy":"product_cat","embeddable":true,"href":"https:\/\/fromthemagicalrealm.com\/index.php\/wp-json\/wp\/v2\/product_cat?post=3023"},{"taxonomy":"product_tag","embeddable":true,"href":"https:\/\/fromthemagicalrealm.com\/index.php\/wp-json\/wp\/v2\/product_tag?post=3023"}],"curies":[{"name":"wp","href":"https:\/\/api.w.org\/{rel}","templated":true}]}}