{"id":3072,"date":"2024-01-12T17:30:23","date_gmt":"2024-01-12T17:30:23","guid":{"rendered":"https:\/\/fromthemagicalrealm.com\/?post_type=product&#038;p=3072"},"modified":"2025-01-21T21:04:24","modified_gmt":"2025-01-21T21:04:24","slug":"labradoritas-768-gr","status":"publish","type":"product","link":"https:\/\/fromthemagicalrealm.com\/index.php\/product\/labradoritas-768-gr\/","title":{"rendered":"Labradoritas, AAA, 768 gr."},"content":{"rendered":"<p>Ekstra kokyb\u0117s Labradoritas<\/p>\n<p>Svoris: 768 gr.<\/p>\n<p>Kilm\u0117: Madagaskaras<\/p>\n","protected":false},"excerpt":{"rendered":"<p class=\"p1\"><span class=\"s1\">Apsauga \u2022 Pasitik\u0117jimas \u2022 Transformacija <\/span><\/p>\n<p class=\"p1\"><span class=\"s1\">Labradoritas \u012fkvepia sav\u0119s atradimo kelionei, siekiant atskleisti, kas i\u0161 tikr\u0173j\u0173 esi. Apimdamas neribot\u0105 kosmoso potencial\u0105, jis sustiprina tavo ry\u0161\u012f ir pasitik\u0117jim\u0105 gausia Visata. <\/span><\/p>\n<p class=\"p1\"><span class=\"s1\">Atspindi stulbinant\u012f Aurora Borealis spektr\u0105, jo \u0161vytinti energija sujungia \u010dakras, kad vykt\u0173 asmenin\u0117 transformacija. \u012eveik\u0119s nesaugum\u0105 ir iliuzinius \u012fsitikinimus, jo spindesys apima tamsesnius tavo aspektus ir i\u0161ry\u0161kina viduje esant\u012f gro\u017e\u012f ir gali\u0105. Ugdydamas atsparum\u0105, labradoritas didina pasitik\u0117jim\u0105 ir dr\u0105s\u0105 atsispirti tiems, kurie bando pritemdyti tavo \u0161vies\u0105.<\/span><\/p>\n<p class=\"p1\"><span class=\"s1\">Atverdamas vidin\u0119 ak\u012f, labradoritas pagerina psichin\u012f reg\u0117jim\u0105, pakeldamas prot\u0105 \u012f auk\u0161tesn\u0119 s\u0105mon\u0117s b\u016bsen\u0105. Padeda didel\u0117s transformacijos metu, palaipsniui ruo\u0161damas siel\u0105 tolimesniam augimui, turi stiprios apsaug\u0105 nuo neigiamo poveikio.<\/span><\/p>\n","protected":false},"featured_media":3073,"template":"","meta":{"site-sidebar-layout":"default","site-content-layout":"default","ast-global-header-display":"","ast-banner-title-visibility":"","ast-main-header-display":"","ast-hfb-above-header-display":"","ast-hfb-below-header-display":"","ast-hfb-mobile-header-display":"","site-post-title":"","ast-breadcrumbs-content":"","ast-featured-img":"","footer-sml-layout":"","theme-transparent-header-meta":"default","adv-header-id-meta":"","stick-header-meta":"","header-above-stick-meta":"","header-main-stick-meta":"","header-below-stick-meta":""},"product_cat":[47,44,48,49],"product_tag":[110,161],"class_list":{"0":"post-3072","1":"product","2":"type-product","3":"status-publish","4":"has-post-thumbnail","6":"product_cat-dideli-kristalai","7":"product_cat-kitu-formu-kristalai","8":"product_cat-visi-kristalai-2","9":"product_cat-visi-produktai","10":"product_tag-labradoritas","11":"product_tag-melynas-labradoritas","12":"desktop-align-center","13":"tablet-align-left","14":"mobile-align-left","16":"first","17":"instock","18":"taxable","19":"shipping-taxable","20":"purchasable","21":"product-type-simple"},"yoast_head":"<!-- This site is optimized with the Yoast SEO plugin v20.13 - https:\/\/yoast.com\/wordpress\/plugins\/seo\/ -->\n<title>Labradoritas, AAA, 768 gr. &bull; from the magical realm<\/title>\n<meta name=\"description\" content=\"Labradoritas \u012fkvepia sav\u0119s atradimo kelionei, siekiant atskleisti, kas i\u0161 tikr\u0173j\u0173 esi. Apimdamas neribot\u0105 kosmoso potencial\u0105,\" \/>\n<meta name=\"robots\" content=\"index, follow, max-snippet:-1, max-image-preview:large, max-video-preview:-1\" \/>\n<link rel=\"canonical\" href=\"https:\/\/fromthemagicalrealm.com\/index.php\/product\/labradoritas-768-gr\/\" \/>\n<meta property=\"og:locale\" content=\"lt_LT\" \/>\n<meta property=\"og:type\" content=\"article\" \/>\n<meta property=\"og:title\" content=\"Labradoritas, AAA, 768 gr. &bull; from the magical realm\" \/>\n<meta property=\"og:description\" content=\"Labradoritas \u012fkvepia sav\u0119s atradimo kelionei, siekiant atskleisti, kas i\u0161 tikr\u0173j\u0173 esi. Apimdamas neribot\u0105 kosmoso potencial\u0105,\" \/>\n<meta property=\"og:url\" content=\"https:\/\/fromthemagicalrealm.com\/index.php\/product\/labradoritas-768-gr\/\" \/>\n<meta property=\"og:site_name\" content=\"from the magical realm\" \/>\n<meta property=\"article:publisher\" content=\"https:\/\/www.facebook.com\/fromthemagicalrealm\" \/>\n<meta property=\"article:modified_time\" content=\"2025-01-21T21:04:24+00:00\" \/>\n<meta property=\"og:image\" content=\"http:\/\/fromthemagicalrealm.com\/wp-content\/uploads\/2024\/01\/F19AF010-51EC-4F73-B270-193323DE27BB-scaled.jpeg\" \/>\n\t<meta property=\"og:image:width\" content=\"1920\" \/>\n\t<meta property=\"og:image:height\" content=\"2560\" \/>\n\t<meta property=\"og:image:type\" content=\"image\/jpeg\" \/>\n<meta name=\"twitter:card\" content=\"summary_large_image\" \/>\n<meta name=\"twitter:label1\" content=\"Est. reading time\" \/>\n\t<meta name=\"twitter:data1\" content=\"1 minut\u0117\" \/>\n<script type=\"application\/ld+json\" class=\"yoast-schema-graph\">{\"@context\":\"https:\/\/schema.org\",\"@graph\":[{\"@type\":\"WebPage\",\"@id\":\"https:\/\/fromthemagicalrealm.com\/index.php\/product\/labradoritas-768-gr\/\",\"url\":\"https:\/\/fromthemagicalrealm.com\/index.php\/product\/labradoritas-768-gr\/\",\"name\":\"Labradoritas, AAA, 768 gr. &bull; from the magical realm\",\"isPartOf\":{\"@id\":\"https:\/\/fromthemagicalrealm.com\/#website\"},\"datePublished\":\"2024-01-12T17:30:23+00:00\",\"dateModified\":\"2025-01-21T21:04:24+00:00\",\"description\":\"Labradoritas \u012fkvepia sav\u0119s atradimo kelionei, siekiant atskleisti, kas i\u0161 tikr\u0173j\u0173 esi. Apimdamas neribot\u0105 kosmoso potencial\u0105,\",\"breadcrumb\":{\"@id\":\"https:\/\/fromthemagicalrealm.com\/index.php\/product\/labradoritas-768-gr\/#breadcrumb\"},\"inLanguage\":\"lt-LT\",\"potentialAction\":[{\"@type\":\"ReadAction\",\"target\":[\"https:\/\/fromthemagicalrealm.com\/index.php\/product\/labradoritas-768-gr\/\"]}]},{\"@type\":\"BreadcrumbList\",\"@id\":\"https:\/\/fromthemagicalrealm.com\/index.php\/product\/labradoritas-768-gr\/#breadcrumb\",\"itemListElement\":[{\"@type\":\"ListItem\",\"position\":1,\"name\":\"Home\",\"item\":\"https:\/\/fromthemagicalrealm.com\/\"},{\"@type\":\"ListItem\",\"position\":2,\"name\":\"Shop\",\"item\":\"https:\/\/fromthemagicalrealm.com\/index.php\/shop\/\"},{\"@type\":\"ListItem\",\"position\":3,\"name\":\"Labradoritas, AAA, 768 gr.\"}]},{\"@type\":\"WebSite\",\"@id\":\"https:\/\/fromthemagicalrealm.com\/#website\",\"url\":\"https:\/\/fromthemagicalrealm.com\/\",\"name\":\"from the magical realm\",\"description\":\"Nat\u016bral\u016bs kristalai\",\"publisher\":{\"@id\":\"https:\/\/fromthemagicalrealm.com\/#\/schema\/person\/85dfa5d4809d3b3bf17cfed17108b346\"},\"potentialAction\":[{\"@type\":\"SearchAction\",\"target\":{\"@type\":\"EntryPoint\",\"urlTemplate\":\"https:\/\/fromthemagicalrealm.com\/?s={search_term_string}\"},\"query-input\":\"required name=search_term_string\"}],\"inLanguage\":\"lt-LT\"},{\"@type\":[\"Person\",\"Organization\"],\"@id\":\"https:\/\/fromthemagicalrealm.com\/#\/schema\/person\/85dfa5d4809d3b3bf17cfed17108b346\",\"name\":\"fromthemagicalrealm.com\",\"image\":{\"@type\":\"ImageObject\",\"inLanguage\":\"lt-LT\",\"@id\":\"https:\/\/fromthemagicalrealm.com\/#\/schema\/person\/image\/\",\"url\":\"https:\/\/fromthemagicalrealm.com\/wp-content\/uploads\/2023\/08\/cropped-cropped-53FE4852-DD1C-43D1-B95F-5E004E5056D9.png\",\"contentUrl\":\"https:\/\/fromthemagicalrealm.com\/wp-content\/uploads\/2023\/08\/cropped-cropped-53FE4852-DD1C-43D1-B95F-5E004E5056D9.png\",\"width\":3370,\"height\":2233,\"caption\":\"fromthemagicalrealm.com\"},\"logo\":{\"@id\":\"https:\/\/fromthemagicalrealm.com\/#\/schema\/person\/image\/\"},\"sameAs\":[\"http:\/\/fromthemagicalrealm.com\",\"https:\/\/www.facebook.com\/fromthemagicalrealm\",\"https:\/\/www.instagram.com\/fromthemagicalrealm\/\"]}]}<\/script>\n<!-- \/ Yoast SEO plugin. -->","yoast_head_json":{"title":"Labradoritas, AAA, 768 gr. &bull; from the magical realm","description":"Labradoritas \u012fkvepia sav\u0119s atradimo kelionei, siekiant atskleisti, kas i\u0161 tikr\u0173j\u0173 esi. Apimdamas neribot\u0105 kosmoso potencial\u0105,","robots":{"index":"index","follow":"follow","max-snippet":"max-snippet:-1","max-image-preview":"max-image-preview:large","max-video-preview":"max-video-preview:-1"},"canonical":"https:\/\/fromthemagicalrealm.com\/index.php\/product\/labradoritas-768-gr\/","og_locale":"lt_LT","og_type":"article","og_title":"Labradoritas, AAA, 768 gr. &bull; from the magical realm","og_description":"Labradoritas \u012fkvepia sav\u0119s atradimo kelionei, siekiant atskleisti, kas i\u0161 tikr\u0173j\u0173 esi. Apimdamas neribot\u0105 kosmoso potencial\u0105,","og_url":"https:\/\/fromthemagicalrealm.com\/index.php\/product\/labradoritas-768-gr\/","og_site_name":"from the magical realm","article_publisher":"https:\/\/www.facebook.com\/fromthemagicalrealm","article_modified_time":"2025-01-21T21:04:24+00:00","og_image":[{"width":1920,"height":2560,"url":"http:\/\/fromthemagicalrealm.com\/wp-content\/uploads\/2024\/01\/F19AF010-51EC-4F73-B270-193323DE27BB-scaled.jpeg","type":"image\/jpeg"}],"twitter_card":"summary_large_image","twitter_misc":{"Est. reading time":"1 minut\u0117"},"schema":{"@context":"https:\/\/schema.org","@graph":[{"@type":"WebPage","@id":"https:\/\/fromthemagicalrealm.com\/index.php\/product\/labradoritas-768-gr\/","url":"https:\/\/fromthemagicalrealm.com\/index.php\/product\/labradoritas-768-gr\/","name":"Labradoritas, AAA, 768 gr. &bull; from the magical realm","isPartOf":{"@id":"https:\/\/fromthemagicalrealm.com\/#website"},"datePublished":"2024-01-12T17:30:23+00:00","dateModified":"2025-01-21T21:04:24+00:00","description":"Labradoritas \u012fkvepia sav\u0119s atradimo kelionei, siekiant atskleisti, kas i\u0161 tikr\u0173j\u0173 esi. Apimdamas neribot\u0105 kosmoso potencial\u0105,","breadcrumb":{"@id":"https:\/\/fromthemagicalrealm.com\/index.php\/product\/labradoritas-768-gr\/#breadcrumb"},"inLanguage":"lt-LT","potentialAction":[{"@type":"ReadAction","target":["https:\/\/fromthemagicalrealm.com\/index.php\/product\/labradoritas-768-gr\/"]}]},{"@type":"BreadcrumbList","@id":"https:\/\/fromthemagicalrealm.com\/index.php\/product\/labradoritas-768-gr\/#breadcrumb","itemListElement":[{"@type":"ListItem","position":1,"name":"Home","item":"https:\/\/fromthemagicalrealm.com\/"},{"@type":"ListItem","position":2,"name":"Shop","item":"https:\/\/fromthemagicalrealm.com\/index.php\/shop\/"},{"@type":"ListItem","position":3,"name":"Labradoritas, AAA, 768 gr."}]},{"@type":"WebSite","@id":"https:\/\/fromthemagicalrealm.com\/#website","url":"https:\/\/fromthemagicalrealm.com\/","name":"from the magical realm","description":"Nat\u016bral\u016bs kristalai","publisher":{"@id":"https:\/\/fromthemagicalrealm.com\/#\/schema\/person\/85dfa5d4809d3b3bf17cfed17108b346"},"potentialAction":[{"@type":"SearchAction","target":{"@type":"EntryPoint","urlTemplate":"https:\/\/fromthemagicalrealm.com\/?s={search_term_string}"},"query-input":"required name=search_term_string"}],"inLanguage":"lt-LT"},{"@type":["Person","Organization"],"@id":"https:\/\/fromthemagicalrealm.com\/#\/schema\/person\/85dfa5d4809d3b3bf17cfed17108b346","name":"fromthemagicalrealm.com","image":{"@type":"ImageObject","inLanguage":"lt-LT","@id":"https:\/\/fromthemagicalrealm.com\/#\/schema\/person\/image\/","url":"https:\/\/fromthemagicalrealm.com\/wp-content\/uploads\/2023\/08\/cropped-cropped-53FE4852-DD1C-43D1-B95F-5E004E5056D9.png","contentUrl":"https:\/\/fromthemagicalrealm.com\/wp-content\/uploads\/2023\/08\/cropped-cropped-53FE4852-DD1C-43D1-B95F-5E004E5056D9.png","width":3370,"height":2233,"caption":"fromthemagicalrealm.com"},"logo":{"@id":"https:\/\/fromthemagicalrealm.com\/#\/schema\/person\/image\/"},"sameAs":["http:\/\/fromthemagicalrealm.com","https:\/\/www.facebook.com\/fromthemagicalrealm","https:\/\/www.instagram.com\/fromthemagicalrealm\/"]}]}},"_links":{"self":[{"href":"https:\/\/fromthemagicalrealm.com\/index.php\/wp-json\/wp\/v2\/product\/3072","targetHints":{"allow":["GET"]}}],"collection":[{"href":"https:\/\/fromthemagicalrealm.com\/index.php\/wp-json\/wp\/v2\/product"}],"about":[{"href":"https:\/\/fromthemagicalrealm.com\/index.php\/wp-json\/wp\/v2\/types\/product"}],"version-history":[{"count":2,"href":"https:\/\/fromthemagicalrealm.com\/index.php\/wp-json\/wp\/v2\/product\/3072\/revisions"}],"predecessor-version":[{"id":4076,"href":"https:\/\/fromthemagicalrealm.com\/index.php\/wp-json\/wp\/v2\/product\/3072\/revisions\/4076"}],"wp:featuredmedia":[{"embeddable":true,"href":"https:\/\/fromthemagicalrealm.com\/index.php\/wp-json\/wp\/v2\/media\/3073"}],"wp:attachment":[{"href":"https:\/\/fromthemagicalrealm.com\/index.php\/wp-json\/wp\/v2\/media?parent=3072"}],"wp:term":[{"taxonomy":"product_cat","embeddable":true,"href":"https:\/\/fromthemagicalrealm.com\/index.php\/wp-json\/wp\/v2\/product_cat?post=3072"},{"taxonomy":"product_tag","embeddable":true,"href":"https:\/\/fromthemagicalrealm.com\/index.php\/wp-json\/wp\/v2\/product_tag?post=3072"}],"curies":[{"name":"wp","href":"https:\/\/api.w.org\/{rel}","templated":true}]}}