{"id":3187,"date":"2024-02-07T17:03:11","date_gmt":"2024-02-07T17:03:11","guid":{"rendered":"https:\/\/fromthemagicalrealm.com\/?post_type=product&#038;p=3187"},"modified":"2024-08-16T16:32:57","modified_gmt":"2024-08-16T16:32:57","slug":"duminio-kvarco-briaunuotas-verinys-4mm","status":"publish","type":"product","link":"https:\/\/fromthemagicalrealm.com\/index.php\/product\/duminio-kvarco-briaunuotas-verinys-4mm\/","title":{"rendered":"D\u016bminio Kvarco briaunuotas v\u0117rinys, 4mm"},"content":{"rendered":"<p>Auk\u0161to kokyb\u0117s, rank\u0173 darbo D\u016bminio Kvarco briaunuotas v\u0117rinys, karoliuk\u0173 dydis ~4mm.<\/p>\n<p>Visos metalin\u0117s detal\u0117s: Auk\u0161tos kokyb\u0117s sidabras 925.<\/p>\n<p>V\u0117rinio ilgis: ~42cm.<\/p>\n","protected":false},"excerpt":{"rendered":"<p class=\"p1\"><span class=\"s1\">D\u016bminis Kvarcas <\/span><\/p>\n<p class=\"p2\"><span class=\"s2\">\u012e\u017eeminimas \u2022 Klest\u0117jimas \u2022 Pusiausvyra <\/span><\/p>\n<p class=\"p2\"><span class=\"s2\">D\u016bminis Kvarcas i\u0161laisvina neigiam\u0105 energij\u0105, paskatina esminius paties \u017emogaus ir jo elgesio poky\u010dius, moko nebelaikyti nieko, kas trukdo visapusi\u0161kam augimui. Padeda atsikratyti nereikaling\u0173 jausm\u0173, iliuzij\u0173, \u012fveikti prie\u0161taravimus, ydingus prisiri\u0161imus, pykt\u012f, pavyd\u0105, baim\u0119 ir kalt\u0119. <\/span><\/p>\n<p class=\"p2\"><span class=\"s2\">Tai idealus akmuo k\u016brybini\u0173 profesij\u0173 \u017emon\u0117ms &#8211; poetams ir ra\u0161ytojams, muzikantams, skulptoriams, tapytojams, kino k\u016br\u0117jams. Taip pat naudingas tiems kurie turi mirties baim\u0119, bijo prarasti k\u0105 turi ir ken\u010dia nuo priklausomybi\u0173 santykiuose. <\/span><\/p>\n<p class=\"p2\"><span class=\"s2\">Duminis Kvarcas yra kristalas, galintis pagerinti savininko<\/span><\/p>\n<p class=\"p2\"><span class=\"s2\">gyvenim\u0105: pritraukti s\u0117kmingas pa\u017eintis su reikalingais \u017emonemis, atverti duris \u012f auk\u0161tesnes visuomen\u0117s sritis ir susidoroti su bet kokiomis problemomis.<\/span><\/p>\n","protected":false},"featured_media":3188,"template":"","meta":{"site-sidebar-layout":"default","site-content-layout":"default","ast-global-header-display":"","ast-banner-title-visibility":"","ast-main-header-display":"","ast-hfb-above-header-display":"","ast-hfb-below-header-display":"","ast-hfb-mobile-header-display":"","site-post-title":"","ast-breadcrumbs-content":"","ast-featured-img":"","footer-sml-layout":"","theme-transparent-header-meta":"default","adv-header-id-meta":"","stick-header-meta":"","header-above-stick-meta":"","header-main-stick-meta":"","header-below-stick-meta":""},"product_cat":[150,53,48,49],"product_tag":[181,180,179,138,172,153],"class_list":{"0":"post-3187","1":"product","2":"type-product","3":"status-publish","4":"has-post-thumbnail","6":"product_cat-veriniai-kristalu-papuosalai","7":"product_cat-kristalu-papuosalai","8":"product_cat-visi-kristalai-2","9":"product_cat-visi-produktai","10":"product_tag-aukstos-kokybes-verinys","11":"product_tag-duminio-kvarco-ranku-darbo-verinys","12":"product_tag-duminio-kvarco-verinys","13":"product_tag-duminis-kvarcas","14":"product_tag-naturaliu-akmenuku-papuosalai","15":"product_tag-naturaliu-kristalu-papuosalai","16":"desktop-align-center","17":"tablet-align-left","18":"mobile-align-left","20":"first","21":"instock","22":"taxable","23":"shipping-taxable","24":"purchasable","25":"product-type-simple"},"yoast_head":"<!-- This site is optimized with the Yoast SEO plugin v20.13 - https:\/\/yoast.com\/wordpress\/plugins\/seo\/ -->\n<title>D\u016bminio Kvarco briaunuotas v\u0117rinys, 4mm &bull; from the magical realm<\/title>\n<meta name=\"description\" content=\"Auk\u0161tos kokyb\u0117s, rank\u0173 darbo D\u016bminio Kvarco, briaunuotas v\u0117rinys su auk\u0161tos kokyb\u0117s sidabro 925 detal\u0117mis.\" \/>\n<meta name=\"robots\" content=\"index, follow, max-snippet:-1, max-image-preview:large, max-video-preview:-1\" \/>\n<link rel=\"canonical\" href=\"https:\/\/fromthemagicalrealm.com\/index.php\/product\/duminio-kvarco-briaunuotas-verinys-4mm\/\" \/>\n<meta property=\"og:locale\" content=\"lt_LT\" \/>\n<meta property=\"og:type\" content=\"article\" \/>\n<meta property=\"og:title\" content=\"D\u016bminio Kvarco briaunuotas v\u0117rinys, 4mm &bull; from the magical realm\" \/>\n<meta property=\"og:description\" content=\"Auk\u0161tos kokyb\u0117s, rank\u0173 darbo D\u016bminio Kvarco, briaunuotas v\u0117rinys su auk\u0161tos kokyb\u0117s sidabro 925 detal\u0117mis.\" \/>\n<meta property=\"og:url\" content=\"https:\/\/fromthemagicalrealm.com\/index.php\/product\/duminio-kvarco-briaunuotas-verinys-4mm\/\" \/>\n<meta property=\"og:site_name\" content=\"from the magical realm\" \/>\n<meta property=\"article:publisher\" content=\"https:\/\/www.facebook.com\/fromthemagicalrealm\" \/>\n<meta property=\"article:modified_time\" content=\"2024-08-16T16:32:57+00:00\" \/>\n<meta property=\"og:image\" content=\"http:\/\/fromthemagicalrealm.com\/wp-content\/uploads\/2024\/02\/FD9C4F77-65CC-43D8-8CAF-91D496467BBB-scaled.jpeg\" \/>\n\t<meta property=\"og:image:width\" content=\"2431\" \/>\n\t<meta property=\"og:image:height\" content=\"2560\" \/>\n\t<meta property=\"og:image:type\" content=\"image\/jpeg\" \/>\n<meta name=\"twitter:card\" content=\"summary_large_image\" \/>\n<meta name=\"twitter:label1\" content=\"Est. reading time\" \/>\n\t<meta name=\"twitter:data1\" content=\"1 minut\u0117\" \/>\n<script type=\"application\/ld+json\" class=\"yoast-schema-graph\">{\"@context\":\"https:\/\/schema.org\",\"@graph\":[{\"@type\":\"WebPage\",\"@id\":\"https:\/\/fromthemagicalrealm.com\/index.php\/product\/duminio-kvarco-briaunuotas-verinys-4mm\/\",\"url\":\"https:\/\/fromthemagicalrealm.com\/index.php\/product\/duminio-kvarco-briaunuotas-verinys-4mm\/\",\"name\":\"D\u016bminio Kvarco briaunuotas v\u0117rinys, 4mm &bull; from the magical realm\",\"isPartOf\":{\"@id\":\"https:\/\/fromthemagicalrealm.com\/#website\"},\"datePublished\":\"2024-02-07T17:03:11+00:00\",\"dateModified\":\"2024-08-16T16:32:57+00:00\",\"description\":\"Auk\u0161tos kokyb\u0117s, rank\u0173 darbo D\u016bminio Kvarco, briaunuotas v\u0117rinys su auk\u0161tos kokyb\u0117s sidabro 925 detal\u0117mis.\",\"breadcrumb\":{\"@id\":\"https:\/\/fromthemagicalrealm.com\/index.php\/product\/duminio-kvarco-briaunuotas-verinys-4mm\/#breadcrumb\"},\"inLanguage\":\"lt-LT\",\"potentialAction\":[{\"@type\":\"ReadAction\",\"target\":[\"https:\/\/fromthemagicalrealm.com\/index.php\/product\/duminio-kvarco-briaunuotas-verinys-4mm\/\"]}]},{\"@type\":\"BreadcrumbList\",\"@id\":\"https:\/\/fromthemagicalrealm.com\/index.php\/product\/duminio-kvarco-briaunuotas-verinys-4mm\/#breadcrumb\",\"itemListElement\":[{\"@type\":\"ListItem\",\"position\":1,\"name\":\"Home\",\"item\":\"https:\/\/fromthemagicalrealm.com\/\"},{\"@type\":\"ListItem\",\"position\":2,\"name\":\"Shop\",\"item\":\"https:\/\/fromthemagicalrealm.com\/index.php\/shop\/\"},{\"@type\":\"ListItem\",\"position\":3,\"name\":\"D\u016bminio Kvarco briaunuotas v\u0117rinys, 4mm\"}]},{\"@type\":\"WebSite\",\"@id\":\"https:\/\/fromthemagicalrealm.com\/#website\",\"url\":\"https:\/\/fromthemagicalrealm.com\/\",\"name\":\"from the magical realm\",\"description\":\"Nat\u016bral\u016bs kristalai\",\"publisher\":{\"@id\":\"https:\/\/fromthemagicalrealm.com\/#\/schema\/person\/85dfa5d4809d3b3bf17cfed17108b346\"},\"potentialAction\":[{\"@type\":\"SearchAction\",\"target\":{\"@type\":\"EntryPoint\",\"urlTemplate\":\"https:\/\/fromthemagicalrealm.com\/?s={search_term_string}\"},\"query-input\":\"required name=search_term_string\"}],\"inLanguage\":\"lt-LT\"},{\"@type\":[\"Person\",\"Organization\"],\"@id\":\"https:\/\/fromthemagicalrealm.com\/#\/schema\/person\/85dfa5d4809d3b3bf17cfed17108b346\",\"name\":\"fromthemagicalrealm.com\",\"image\":{\"@type\":\"ImageObject\",\"inLanguage\":\"lt-LT\",\"@id\":\"https:\/\/fromthemagicalrealm.com\/#\/schema\/person\/image\/\",\"url\":\"https:\/\/fromthemagicalrealm.com\/wp-content\/uploads\/2023\/08\/cropped-cropped-53FE4852-DD1C-43D1-B95F-5E004E5056D9.png\",\"contentUrl\":\"https:\/\/fromthemagicalrealm.com\/wp-content\/uploads\/2023\/08\/cropped-cropped-53FE4852-DD1C-43D1-B95F-5E004E5056D9.png\",\"width\":3370,\"height\":2233,\"caption\":\"fromthemagicalrealm.com\"},\"logo\":{\"@id\":\"https:\/\/fromthemagicalrealm.com\/#\/schema\/person\/image\/\"},\"sameAs\":[\"http:\/\/fromthemagicalrealm.com\",\"https:\/\/www.facebook.com\/fromthemagicalrealm\",\"https:\/\/www.instagram.com\/fromthemagicalrealm\/\"]}]}<\/script>\n<!-- \/ Yoast SEO plugin. -->","yoast_head_json":{"title":"D\u016bminio Kvarco briaunuotas v\u0117rinys, 4mm &bull; from the magical realm","description":"Auk\u0161tos kokyb\u0117s, rank\u0173 darbo D\u016bminio Kvarco, briaunuotas v\u0117rinys su auk\u0161tos kokyb\u0117s sidabro 925 detal\u0117mis.","robots":{"index":"index","follow":"follow","max-snippet":"max-snippet:-1","max-image-preview":"max-image-preview:large","max-video-preview":"max-video-preview:-1"},"canonical":"https:\/\/fromthemagicalrealm.com\/index.php\/product\/duminio-kvarco-briaunuotas-verinys-4mm\/","og_locale":"lt_LT","og_type":"article","og_title":"D\u016bminio Kvarco briaunuotas v\u0117rinys, 4mm &bull; from the magical realm","og_description":"Auk\u0161tos kokyb\u0117s, rank\u0173 darbo D\u016bminio Kvarco, briaunuotas v\u0117rinys su auk\u0161tos kokyb\u0117s sidabro 925 detal\u0117mis.","og_url":"https:\/\/fromthemagicalrealm.com\/index.php\/product\/duminio-kvarco-briaunuotas-verinys-4mm\/","og_site_name":"from the magical realm","article_publisher":"https:\/\/www.facebook.com\/fromthemagicalrealm","article_modified_time":"2024-08-16T16:32:57+00:00","og_image":[{"width":2431,"height":2560,"url":"http:\/\/fromthemagicalrealm.com\/wp-content\/uploads\/2024\/02\/FD9C4F77-65CC-43D8-8CAF-91D496467BBB-scaled.jpeg","type":"image\/jpeg"}],"twitter_card":"summary_large_image","twitter_misc":{"Est. reading time":"1 minut\u0117"},"schema":{"@context":"https:\/\/schema.org","@graph":[{"@type":"WebPage","@id":"https:\/\/fromthemagicalrealm.com\/index.php\/product\/duminio-kvarco-briaunuotas-verinys-4mm\/","url":"https:\/\/fromthemagicalrealm.com\/index.php\/product\/duminio-kvarco-briaunuotas-verinys-4mm\/","name":"D\u016bminio Kvarco briaunuotas v\u0117rinys, 4mm &bull; from the magical realm","isPartOf":{"@id":"https:\/\/fromthemagicalrealm.com\/#website"},"datePublished":"2024-02-07T17:03:11+00:00","dateModified":"2024-08-16T16:32:57+00:00","description":"Auk\u0161tos kokyb\u0117s, rank\u0173 darbo D\u016bminio Kvarco, briaunuotas v\u0117rinys su auk\u0161tos kokyb\u0117s sidabro 925 detal\u0117mis.","breadcrumb":{"@id":"https:\/\/fromthemagicalrealm.com\/index.php\/product\/duminio-kvarco-briaunuotas-verinys-4mm\/#breadcrumb"},"inLanguage":"lt-LT","potentialAction":[{"@type":"ReadAction","target":["https:\/\/fromthemagicalrealm.com\/index.php\/product\/duminio-kvarco-briaunuotas-verinys-4mm\/"]}]},{"@type":"BreadcrumbList","@id":"https:\/\/fromthemagicalrealm.com\/index.php\/product\/duminio-kvarco-briaunuotas-verinys-4mm\/#breadcrumb","itemListElement":[{"@type":"ListItem","position":1,"name":"Home","item":"https:\/\/fromthemagicalrealm.com\/"},{"@type":"ListItem","position":2,"name":"Shop","item":"https:\/\/fromthemagicalrealm.com\/index.php\/shop\/"},{"@type":"ListItem","position":3,"name":"D\u016bminio Kvarco briaunuotas v\u0117rinys, 4mm"}]},{"@type":"WebSite","@id":"https:\/\/fromthemagicalrealm.com\/#website","url":"https:\/\/fromthemagicalrealm.com\/","name":"from the magical realm","description":"Nat\u016bral\u016bs kristalai","publisher":{"@id":"https:\/\/fromthemagicalrealm.com\/#\/schema\/person\/85dfa5d4809d3b3bf17cfed17108b346"},"potentialAction":[{"@type":"SearchAction","target":{"@type":"EntryPoint","urlTemplate":"https:\/\/fromthemagicalrealm.com\/?s={search_term_string}"},"query-input":"required name=search_term_string"}],"inLanguage":"lt-LT"},{"@type":["Person","Organization"],"@id":"https:\/\/fromthemagicalrealm.com\/#\/schema\/person\/85dfa5d4809d3b3bf17cfed17108b346","name":"fromthemagicalrealm.com","image":{"@type":"ImageObject","inLanguage":"lt-LT","@id":"https:\/\/fromthemagicalrealm.com\/#\/schema\/person\/image\/","url":"https:\/\/fromthemagicalrealm.com\/wp-content\/uploads\/2023\/08\/cropped-cropped-53FE4852-DD1C-43D1-B95F-5E004E5056D9.png","contentUrl":"https:\/\/fromthemagicalrealm.com\/wp-content\/uploads\/2023\/08\/cropped-cropped-53FE4852-DD1C-43D1-B95F-5E004E5056D9.png","width":3370,"height":2233,"caption":"fromthemagicalrealm.com"},"logo":{"@id":"https:\/\/fromthemagicalrealm.com\/#\/schema\/person\/image\/"},"sameAs":["http:\/\/fromthemagicalrealm.com","https:\/\/www.facebook.com\/fromthemagicalrealm","https:\/\/www.instagram.com\/fromthemagicalrealm\/"]}]}},"_links":{"self":[{"href":"https:\/\/fromthemagicalrealm.com\/index.php\/wp-json\/wp\/v2\/product\/3187","targetHints":{"allow":["GET"]}}],"collection":[{"href":"https:\/\/fromthemagicalrealm.com\/index.php\/wp-json\/wp\/v2\/product"}],"about":[{"href":"https:\/\/fromthemagicalrealm.com\/index.php\/wp-json\/wp\/v2\/types\/product"}],"version-history":[{"count":1,"href":"https:\/\/fromthemagicalrealm.com\/index.php\/wp-json\/wp\/v2\/product\/3187\/revisions"}],"predecessor-version":[{"id":3190,"href":"https:\/\/fromthemagicalrealm.com\/index.php\/wp-json\/wp\/v2\/product\/3187\/revisions\/3190"}],"wp:featuredmedia":[{"embeddable":true,"href":"https:\/\/fromthemagicalrealm.com\/index.php\/wp-json\/wp\/v2\/media\/3188"}],"wp:attachment":[{"href":"https:\/\/fromthemagicalrealm.com\/index.php\/wp-json\/wp\/v2\/media?parent=3187"}],"wp:term":[{"taxonomy":"product_cat","embeddable":true,"href":"https:\/\/fromthemagicalrealm.com\/index.php\/wp-json\/wp\/v2\/product_cat?post=3187"},{"taxonomy":"product_tag","embeddable":true,"href":"https:\/\/fromthemagicalrealm.com\/index.php\/wp-json\/wp\/v2\/product_tag?post=3187"}],"curies":[{"name":"wp","href":"https:\/\/api.w.org\/{rel}","templated":true}]}}