{"id":3235,"date":"2024-02-20T17:56:59","date_gmt":"2024-02-20T17:56:59","guid":{"rendered":"https:\/\/fromthemagicalrealm.com\/?post_type=product&#038;p=3235"},"modified":"2024-08-22T07:26:23","modified_gmt":"2024-08-22T07:26:23","slug":"raudonojo-turmalino-ziedukas","status":"publish","type":"product","link":"https:\/\/fromthemagicalrealm.com\/index.php\/product\/raudonojo-turmalino-ziedukas\/","title":{"rendered":"Raudonojo Turmalino (Rubelito) \u017eiedukas"},"content":{"rendered":"<p>\u017diedo dydis reguliuojasi.<\/p>\n<p>Metalas: Varis.<\/p>\n","protected":false},"excerpt":{"rendered":"<p class=\"p1\"><span class=\"s1\">Raudonas Turmalinas (Rubelitas) <\/span><\/p>\n<p class=\"p1\"><span class=\"s1\">Meil\u0117 \u2022 Stipryb\u0117 \u2022 Gijimas <\/span><\/p>\n<p class=\"p1\"><span class=\"s1\">Rubelitas yra \u0161irdies \u010daktros akmuo, kuris skleid\u017eia meil\u0117s, gyvybingumo, stipryb\u0117s, d\u017eiaugsmo energij\u0105. <\/span><\/p>\n<p class=\"p1\"><span class=\"s1\">Rubelitas \u012fgalina Jus tapti savo meil\u0117s \u0161altiniui, parodo kasdienio r\u016bpinimosi ir myl\u0117jimo sav\u0119s svarb\u0105, padeda sukurti teigiamus \u012fpro\u010dius ir paleisti tai kas Jums nebetarnauja. Skatina geb\u0117jim\u0105 myl\u0117ti save bei aplinkinius. Padeda atgaivinti aistr\u0105 santykiuose ir veikloje, k\u016brybi\u0161kum\u0105, seksualum\u0105. <\/span><\/p>\n<p class=\"p1\"><span class=\"s1\">Rubelitas padeda i\u0161gydyti vaikyst\u0117je patirtas emocines, psichologines traumas, u\u017esilikusias \u017eaizdas.<span class=\"Apple-converted-space\">\u00a0 <\/span>Padeda apdoroti patirt\u0105 skaum\u0105, kol u\u017emegsite meil\u0119 ir sveik\u0105 santyk\u012f savimi.<span class=\"Apple-converted-space\">\u00a0 <\/span>I\u0161moko pasiduoti ir pasitik\u0117ti absoliu\u010dia meil\u0117s galia. <\/span><\/p>\n<p class=\"p1\"><span class=\"s1\">Akmuo ugdo dr\u0105s\u0105, takti\u0161kum\u0105, stipryb\u0119 ir pasitik\u0117jim\u0105, d\u0117l to jis puikiai padeda Jums pasiekti u\u017esibr\u0117\u017etus tikslus. <\/span><\/p>\n","protected":false},"featured_media":3236,"template":"","meta":{"site-sidebar-layout":"default","site-content-layout":"default","ast-global-header-display":"","ast-banner-title-visibility":"","ast-main-header-display":"","ast-hfb-above-header-display":"","ast-hfb-below-header-display":"","ast-hfb-mobile-header-display":"","site-post-title":"","ast-breadcrumbs-content":"","ast-featured-img":"","footer-sml-layout":"","theme-transparent-header-meta":"default","adv-header-id-meta":"","stick-header-meta":"","header-above-stick-meta":"","header-main-stick-meta":"","header-below-stick-meta":""},"product_cat":[53,55,48,49],"product_tag":[194,195,193,197,192,191,196],"class_list":{"0":"post-3235","1":"product","2":"type-product","3":"status-publish","4":"has-post-thumbnail","6":"product_cat-kristalu-papuosalai","7":"product_cat-ziedai","8":"product_cat-visi-kristalai-2","9":"product_cat-visi-produktai","10":"product_tag-raudonas-turmalinas","11":"product_tag-raudonojo-turmalino-karoliai","12":"product_tag-raudonojo-turmalino-verinys","13":"product_tag-raudonono-turmalino-ziedas","14":"product_tag-rubelitas","15":"product_tag-rubelito-verinys","16":"product_tag-rubelito-ziedas","17":"desktop-align-center","18":"tablet-align-left","19":"mobile-align-left","21":"first","22":"outofstock","23":"taxable","24":"shipping-taxable","25":"purchasable","26":"product-type-simple"},"yoast_head":"<!-- This site is optimized with the Yoast SEO plugin v20.13 - https:\/\/yoast.com\/wordpress\/plugins\/seo\/ -->\n<title>Raudonojo Turmalino (Rubelito) \u017eiedukas &bull; from the magical realm<\/title>\n<meta name=\"description\" content=\"raudonojo turmalino (rubelito) \u017eiedas\" \/>\n<meta name=\"robots\" content=\"index, follow, max-snippet:-1, max-image-preview:large, max-video-preview:-1\" \/>\n<link rel=\"canonical\" href=\"https:\/\/fromthemagicalrealm.com\/index.php\/product\/raudonojo-turmalino-ziedukas\/\" \/>\n<meta property=\"og:locale\" content=\"lt_LT\" \/>\n<meta property=\"og:type\" content=\"article\" \/>\n<meta property=\"og:title\" content=\"Raudonojo Turmalino (Rubelito) \u017eiedukas &bull; from the magical realm\" \/>\n<meta property=\"og:description\" content=\"raudonojo turmalino (rubelito) \u017eiedas\" \/>\n<meta property=\"og:url\" content=\"https:\/\/fromthemagicalrealm.com\/index.php\/product\/raudonojo-turmalino-ziedukas\/\" \/>\n<meta property=\"og:site_name\" content=\"from the magical realm\" \/>\n<meta property=\"article:publisher\" content=\"https:\/\/www.facebook.com\/fromthemagicalrealm\" \/>\n<meta property=\"article:modified_time\" content=\"2024-08-22T07:26:23+00:00\" \/>\n<meta property=\"og:image\" content=\"http:\/\/fromthemagicalrealm.com\/wp-content\/uploads\/2024\/02\/94704039-3A3C-4ABC-91A2-486E96621524-scaled.jpeg\" \/>\n\t<meta property=\"og:image:width\" content=\"2210\" \/>\n\t<meta property=\"og:image:height\" content=\"2560\" \/>\n\t<meta property=\"og:image:type\" content=\"image\/jpeg\" \/>\n<meta name=\"twitter:card\" content=\"summary_large_image\" \/>\n<meta name=\"twitter:label1\" content=\"Est. reading time\" \/>\n\t<meta name=\"twitter:data1\" content=\"1 minut\u0117\" \/>\n<script type=\"application\/ld+json\" class=\"yoast-schema-graph\">{\"@context\":\"https:\/\/schema.org\",\"@graph\":[{\"@type\":\"WebPage\",\"@id\":\"https:\/\/fromthemagicalrealm.com\/index.php\/product\/raudonojo-turmalino-ziedukas\/\",\"url\":\"https:\/\/fromthemagicalrealm.com\/index.php\/product\/raudonojo-turmalino-ziedukas\/\",\"name\":\"Raudonojo Turmalino (Rubelito) \u017eiedukas &bull; from the magical realm\",\"isPartOf\":{\"@id\":\"https:\/\/fromthemagicalrealm.com\/#website\"},\"datePublished\":\"2024-02-20T17:56:59+00:00\",\"dateModified\":\"2024-08-22T07:26:23+00:00\",\"description\":\"raudonojo turmalino (rubelito) \u017eiedas\",\"breadcrumb\":{\"@id\":\"https:\/\/fromthemagicalrealm.com\/index.php\/product\/raudonojo-turmalino-ziedukas\/#breadcrumb\"},\"inLanguage\":\"lt-LT\",\"potentialAction\":[{\"@type\":\"ReadAction\",\"target\":[\"https:\/\/fromthemagicalrealm.com\/index.php\/product\/raudonojo-turmalino-ziedukas\/\"]}]},{\"@type\":\"BreadcrumbList\",\"@id\":\"https:\/\/fromthemagicalrealm.com\/index.php\/product\/raudonojo-turmalino-ziedukas\/#breadcrumb\",\"itemListElement\":[{\"@type\":\"ListItem\",\"position\":1,\"name\":\"Home\",\"item\":\"https:\/\/fromthemagicalrealm.com\/\"},{\"@type\":\"ListItem\",\"position\":2,\"name\":\"Shop\",\"item\":\"https:\/\/fromthemagicalrealm.com\/index.php\/shop\/\"},{\"@type\":\"ListItem\",\"position\":3,\"name\":\"Raudonojo Turmalino (Rubelito) \u017eiedukas\"}]},{\"@type\":\"WebSite\",\"@id\":\"https:\/\/fromthemagicalrealm.com\/#website\",\"url\":\"https:\/\/fromthemagicalrealm.com\/\",\"name\":\"from the magical realm\",\"description\":\"Nat\u016bral\u016bs kristalai\",\"publisher\":{\"@id\":\"https:\/\/fromthemagicalrealm.com\/#\/schema\/person\/85dfa5d4809d3b3bf17cfed17108b346\"},\"potentialAction\":[{\"@type\":\"SearchAction\",\"target\":{\"@type\":\"EntryPoint\",\"urlTemplate\":\"https:\/\/fromthemagicalrealm.com\/?s={search_term_string}\"},\"query-input\":\"required name=search_term_string\"}],\"inLanguage\":\"lt-LT\"},{\"@type\":[\"Person\",\"Organization\"],\"@id\":\"https:\/\/fromthemagicalrealm.com\/#\/schema\/person\/85dfa5d4809d3b3bf17cfed17108b346\",\"name\":\"fromthemagicalrealm.com\",\"image\":{\"@type\":\"ImageObject\",\"inLanguage\":\"lt-LT\",\"@id\":\"https:\/\/fromthemagicalrealm.com\/#\/schema\/person\/image\/\",\"url\":\"https:\/\/fromthemagicalrealm.com\/wp-content\/uploads\/2023\/08\/cropped-cropped-53FE4852-DD1C-43D1-B95F-5E004E5056D9.png\",\"contentUrl\":\"https:\/\/fromthemagicalrealm.com\/wp-content\/uploads\/2023\/08\/cropped-cropped-53FE4852-DD1C-43D1-B95F-5E004E5056D9.png\",\"width\":3370,\"height\":2233,\"caption\":\"fromthemagicalrealm.com\"},\"logo\":{\"@id\":\"https:\/\/fromthemagicalrealm.com\/#\/schema\/person\/image\/\"},\"sameAs\":[\"http:\/\/fromthemagicalrealm.com\",\"https:\/\/www.facebook.com\/fromthemagicalrealm\",\"https:\/\/www.instagram.com\/fromthemagicalrealm\/\"]}]}<\/script>\n<!-- \/ Yoast SEO plugin. -->","yoast_head_json":{"title":"Raudonojo Turmalino (Rubelito) \u017eiedukas &bull; from the magical realm","description":"raudonojo turmalino (rubelito) \u017eiedas","robots":{"index":"index","follow":"follow","max-snippet":"max-snippet:-1","max-image-preview":"max-image-preview:large","max-video-preview":"max-video-preview:-1"},"canonical":"https:\/\/fromthemagicalrealm.com\/index.php\/product\/raudonojo-turmalino-ziedukas\/","og_locale":"lt_LT","og_type":"article","og_title":"Raudonojo Turmalino (Rubelito) \u017eiedukas &bull; from the magical realm","og_description":"raudonojo turmalino (rubelito) \u017eiedas","og_url":"https:\/\/fromthemagicalrealm.com\/index.php\/product\/raudonojo-turmalino-ziedukas\/","og_site_name":"from the magical realm","article_publisher":"https:\/\/www.facebook.com\/fromthemagicalrealm","article_modified_time":"2024-08-22T07:26:23+00:00","og_image":[{"width":2210,"height":2560,"url":"http:\/\/fromthemagicalrealm.com\/wp-content\/uploads\/2024\/02\/94704039-3A3C-4ABC-91A2-486E96621524-scaled.jpeg","type":"image\/jpeg"}],"twitter_card":"summary_large_image","twitter_misc":{"Est. reading time":"1 minut\u0117"},"schema":{"@context":"https:\/\/schema.org","@graph":[{"@type":"WebPage","@id":"https:\/\/fromthemagicalrealm.com\/index.php\/product\/raudonojo-turmalino-ziedukas\/","url":"https:\/\/fromthemagicalrealm.com\/index.php\/product\/raudonojo-turmalino-ziedukas\/","name":"Raudonojo Turmalino (Rubelito) \u017eiedukas &bull; from the magical realm","isPartOf":{"@id":"https:\/\/fromthemagicalrealm.com\/#website"},"datePublished":"2024-02-20T17:56:59+00:00","dateModified":"2024-08-22T07:26:23+00:00","description":"raudonojo turmalino (rubelito) \u017eiedas","breadcrumb":{"@id":"https:\/\/fromthemagicalrealm.com\/index.php\/product\/raudonojo-turmalino-ziedukas\/#breadcrumb"},"inLanguage":"lt-LT","potentialAction":[{"@type":"ReadAction","target":["https:\/\/fromthemagicalrealm.com\/index.php\/product\/raudonojo-turmalino-ziedukas\/"]}]},{"@type":"BreadcrumbList","@id":"https:\/\/fromthemagicalrealm.com\/index.php\/product\/raudonojo-turmalino-ziedukas\/#breadcrumb","itemListElement":[{"@type":"ListItem","position":1,"name":"Home","item":"https:\/\/fromthemagicalrealm.com\/"},{"@type":"ListItem","position":2,"name":"Shop","item":"https:\/\/fromthemagicalrealm.com\/index.php\/shop\/"},{"@type":"ListItem","position":3,"name":"Raudonojo Turmalino (Rubelito) \u017eiedukas"}]},{"@type":"WebSite","@id":"https:\/\/fromthemagicalrealm.com\/#website","url":"https:\/\/fromthemagicalrealm.com\/","name":"from the magical realm","description":"Nat\u016bral\u016bs kristalai","publisher":{"@id":"https:\/\/fromthemagicalrealm.com\/#\/schema\/person\/85dfa5d4809d3b3bf17cfed17108b346"},"potentialAction":[{"@type":"SearchAction","target":{"@type":"EntryPoint","urlTemplate":"https:\/\/fromthemagicalrealm.com\/?s={search_term_string}"},"query-input":"required name=search_term_string"}],"inLanguage":"lt-LT"},{"@type":["Person","Organization"],"@id":"https:\/\/fromthemagicalrealm.com\/#\/schema\/person\/85dfa5d4809d3b3bf17cfed17108b346","name":"fromthemagicalrealm.com","image":{"@type":"ImageObject","inLanguage":"lt-LT","@id":"https:\/\/fromthemagicalrealm.com\/#\/schema\/person\/image\/","url":"https:\/\/fromthemagicalrealm.com\/wp-content\/uploads\/2023\/08\/cropped-cropped-53FE4852-DD1C-43D1-B95F-5E004E5056D9.png","contentUrl":"https:\/\/fromthemagicalrealm.com\/wp-content\/uploads\/2023\/08\/cropped-cropped-53FE4852-DD1C-43D1-B95F-5E004E5056D9.png","width":3370,"height":2233,"caption":"fromthemagicalrealm.com"},"logo":{"@id":"https:\/\/fromthemagicalrealm.com\/#\/schema\/person\/image\/"},"sameAs":["http:\/\/fromthemagicalrealm.com","https:\/\/www.facebook.com\/fromthemagicalrealm","https:\/\/www.instagram.com\/fromthemagicalrealm\/"]}]}},"_links":{"self":[{"href":"https:\/\/fromthemagicalrealm.com\/index.php\/wp-json\/wp\/v2\/product\/3235","targetHints":{"allow":["GET"]}}],"collection":[{"href":"https:\/\/fromthemagicalrealm.com\/index.php\/wp-json\/wp\/v2\/product"}],"about":[{"href":"https:\/\/fromthemagicalrealm.com\/index.php\/wp-json\/wp\/v2\/types\/product"}],"version-history":[{"count":2,"href":"https:\/\/fromthemagicalrealm.com\/index.php\/wp-json\/wp\/v2\/product\/3235\/revisions"}],"predecessor-version":[{"id":3257,"href":"https:\/\/fromthemagicalrealm.com\/index.php\/wp-json\/wp\/v2\/product\/3235\/revisions\/3257"}],"wp:featuredmedia":[{"embeddable":true,"href":"https:\/\/fromthemagicalrealm.com\/index.php\/wp-json\/wp\/v2\/media\/3236"}],"wp:attachment":[{"href":"https:\/\/fromthemagicalrealm.com\/index.php\/wp-json\/wp\/v2\/media?parent=3235"}],"wp:term":[{"taxonomy":"product_cat","embeddable":true,"href":"https:\/\/fromthemagicalrealm.com\/index.php\/wp-json\/wp\/v2\/product_cat?post=3235"},{"taxonomy":"product_tag","embeddable":true,"href":"https:\/\/fromthemagicalrealm.com\/index.php\/wp-json\/wp\/v2\/product_tag?post=3235"}],"curies":[{"name":"wp","href":"https:\/\/api.w.org\/{rel}","templated":true}]}}