{"id":3326,"date":"2024-03-04T18:01:01","date_gmt":"2024-03-04T18:01:01","guid":{"rendered":"https:\/\/fromthemagicalrealm.com\/?post_type=product&#038;p=3326"},"modified":"2024-03-15T17:01:09","modified_gmt":"2024-03-15T17:01:09","slug":"braskinio-kvarco-verinys-su-saulute-4mm","status":"publish","type":"product","link":"https:\/\/fromthemagicalrealm.com\/index.php\/product\/braskinio-kvarco-verinys-su-saulute-4mm\/","title":{"rendered":"Bra\u0161kinio Kvarco v\u0117rinys su saulute, 4mm"},"content":{"rendered":"<p>Karoliuk\u0173 skersmuo: ~4mm<\/p>\n<p>Visos metalin\u0117s detal\u0117s: Auk\u0161tos kokyb\u0117s sidabras 925.<\/p>\n<p>V\u0117rinio ilgis: ~42cm.<\/p>\n","protected":false},"excerpt":{"rendered":"<p class=\"p1\" style=\"text-align: center;\"><span class=\"s1\">Bra\u0161kinis Kvarcas<br \/>\n<\/span><span style=\"font-size: 16px; -webkit-text-size-adjust: 100%;\">Meil\u0117 \u2022 Savivert\u0117 \u2022 Tobul\u0117jimas<\/span><\/p>\n<p class=\"p1\" style=\"text-align: center;\"><span class=\"s1\">Padeda subalansuoti ry\u0161ius tarp fizinio ir dvasinio k\u016bno. \u0160is akmuo pad\u0117s geriau suprasti savo ir kit\u0173 \u017emoni\u0173 jausmus, pad\u0117s su\u0161velninti skausmingas emocijas, sugr\u0105\u017einti meil\u0119 \u012f gyvenim\u0105, pamilti save, atgauti vidin\u0119 ramyb\u0119 ir gyvenimo d\u017eiaugsm\u0105. Skatina sugeb\u0117jim\u0105 skleisti, pritraukti meil\u0119. <\/span><\/p>\n<p class=\"p1\"><span class=\"s1\">Bra\u0161kinis Kvarcas padeda i\u0161siai\u0161kinti savo gyvenimo tiksl\u0105, atskleisti savyje esan\u010dius talentus. Padeda vertinti paprastus malonumus. Gali pad\u0117ti pritraukti sielos draug\u0105.<\/span><\/p>\n","protected":false},"featured_media":3328,"template":"","meta":{"site-sidebar-layout":"default","site-content-layout":"default","ast-global-header-display":"","ast-banner-title-visibility":"","ast-main-header-display":"","ast-hfb-above-header-display":"","ast-hfb-below-header-display":"","ast-hfb-mobile-header-display":"","site-post-title":"","ast-breadcrumbs-content":"","ast-featured-img":"","footer-sml-layout":"","theme-transparent-header-meta":"default","adv-header-id-meta":"","stick-header-meta":"","header-above-stick-meta":"","header-main-stick-meta":"","header-below-stick-meta":""},"product_cat":[49],"product_tag":[211,98],"class_list":{"0":"post-3326","1":"product","2":"type-product","3":"status-publish","4":"has-post-thumbnail","6":"product_cat-visi-produktai","7":"product_tag-braskinio-kvarco-verinys","8":"product_tag-braskinis-kvarcas","9":"desktop-align-center","10":"tablet-align-left","11":"mobile-align-left","13":"first","14":"instock","15":"sale","16":"taxable","17":"shipping-taxable","18":"purchasable","19":"product-type-simple"},"yoast_head":"<!-- This site is optimized with the Yoast SEO plugin v20.13 - https:\/\/yoast.com\/wordpress\/plugins\/seo\/ -->\n<title>Bra\u0161kinio Kvarco v\u0117rinys su saulute, 4mm &bull; from the magical realm<\/title>\n<meta name=\"description\" content=\"Bra\u0161kinio Kvarco v\u0117rinys su auk\u0161tos kokyb\u0117s sidabrin\u0117mis detal\u0117mis. Padeda subalansuoti ry\u0161ius tarp fizinio ir dvasinio k\u016bno. \u0160is akmuo pad\u0117s geriau suprasti savo ir kit\u0173 \u017emoni\u0173 jausmus, pad\u0117s su\u0161velninti skausmingas emocijas, sugr\u0105\u017einti meil\u0119 \u012f gyvenim\u0105, pamilti save, atgauti vidin\u0119 ramyb\u0119\" \/>\n<meta name=\"robots\" content=\"index, follow, max-snippet:-1, max-image-preview:large, max-video-preview:-1\" \/>\n<link rel=\"canonical\" href=\"https:\/\/fromthemagicalrealm.com\/index.php\/product\/braskinio-kvarco-verinys-su-saulute-4mm\/\" \/>\n<meta property=\"og:locale\" content=\"lt_LT\" \/>\n<meta property=\"og:type\" content=\"article\" \/>\n<meta property=\"og:title\" content=\"Bra\u0161kinio Kvarco v\u0117rinys su saulute, 4mm &bull; from the magical realm\" \/>\n<meta property=\"og:description\" content=\"Bra\u0161kinio Kvarco v\u0117rinys su auk\u0161tos kokyb\u0117s sidabrin\u0117mis detal\u0117mis. Padeda subalansuoti ry\u0161ius tarp fizinio ir dvasinio k\u016bno. \u0160is akmuo pad\u0117s geriau suprasti savo ir kit\u0173 \u017emoni\u0173 jausmus, pad\u0117s su\u0161velninti skausmingas emocijas, sugr\u0105\u017einti meil\u0119 \u012f gyvenim\u0105, pamilti save, atgauti vidin\u0119 ramyb\u0119\" \/>\n<meta property=\"og:url\" content=\"https:\/\/fromthemagicalrealm.com\/index.php\/product\/braskinio-kvarco-verinys-su-saulute-4mm\/\" \/>\n<meta property=\"og:site_name\" content=\"from the magical realm\" \/>\n<meta property=\"article:publisher\" content=\"https:\/\/www.facebook.com\/fromthemagicalrealm\" \/>\n<meta property=\"article:modified_time\" content=\"2024-03-15T17:01:09+00:00\" \/>\n<meta property=\"og:image\" content=\"http:\/\/fromthemagicalrealm.com\/wp-content\/uploads\/2024\/03\/A0C7DAE9-06D9-467D-A608-08575883989B-scaled.jpeg\" \/>\n\t<meta property=\"og:image:width\" content=\"1920\" \/>\n\t<meta property=\"og:image:height\" content=\"2560\" \/>\n\t<meta property=\"og:image:type\" content=\"image\/jpeg\" \/>\n<meta name=\"twitter:card\" content=\"summary_large_image\" \/>\n<meta name=\"twitter:label1\" content=\"Est. reading time\" \/>\n\t<meta name=\"twitter:data1\" content=\"1 minut\u0117\" \/>\n<script type=\"application\/ld+json\" class=\"yoast-schema-graph\">{\"@context\":\"https:\/\/schema.org\",\"@graph\":[{\"@type\":\"WebPage\",\"@id\":\"https:\/\/fromthemagicalrealm.com\/index.php\/product\/braskinio-kvarco-verinys-su-saulute-4mm\/\",\"url\":\"https:\/\/fromthemagicalrealm.com\/index.php\/product\/braskinio-kvarco-verinys-su-saulute-4mm\/\",\"name\":\"Bra\u0161kinio Kvarco v\u0117rinys su saulute, 4mm &bull; from the magical realm\",\"isPartOf\":{\"@id\":\"https:\/\/fromthemagicalrealm.com\/#website\"},\"datePublished\":\"2024-03-04T18:01:01+00:00\",\"dateModified\":\"2024-03-15T17:01:09+00:00\",\"description\":\"Bra\u0161kinio Kvarco v\u0117rinys su auk\u0161tos kokyb\u0117s sidabrin\u0117mis detal\u0117mis. Padeda subalansuoti ry\u0161ius tarp fizinio ir dvasinio k\u016bno. \u0160is akmuo pad\u0117s geriau suprasti savo ir kit\u0173 \u017emoni\u0173 jausmus, pad\u0117s su\u0161velninti skausmingas emocijas, sugr\u0105\u017einti meil\u0119 \u012f gyvenim\u0105, pamilti save, atgauti vidin\u0119 ramyb\u0119\",\"breadcrumb\":{\"@id\":\"https:\/\/fromthemagicalrealm.com\/index.php\/product\/braskinio-kvarco-verinys-su-saulute-4mm\/#breadcrumb\"},\"inLanguage\":\"lt-LT\",\"potentialAction\":[{\"@type\":\"ReadAction\",\"target\":[\"https:\/\/fromthemagicalrealm.com\/index.php\/product\/braskinio-kvarco-verinys-su-saulute-4mm\/\"]}]},{\"@type\":\"BreadcrumbList\",\"@id\":\"https:\/\/fromthemagicalrealm.com\/index.php\/product\/braskinio-kvarco-verinys-su-saulute-4mm\/#breadcrumb\",\"itemListElement\":[{\"@type\":\"ListItem\",\"position\":1,\"name\":\"Home\",\"item\":\"https:\/\/fromthemagicalrealm.com\/\"},{\"@type\":\"ListItem\",\"position\":2,\"name\":\"Shop\",\"item\":\"https:\/\/fromthemagicalrealm.com\/index.php\/shop\/\"},{\"@type\":\"ListItem\",\"position\":3,\"name\":\"Bra\u0161kinio Kvarco v\u0117rinys su saulute, 4mm\"}]},{\"@type\":\"WebSite\",\"@id\":\"https:\/\/fromthemagicalrealm.com\/#website\",\"url\":\"https:\/\/fromthemagicalrealm.com\/\",\"name\":\"from the magical realm\",\"description\":\"Nat\u016bral\u016bs kristalai\",\"publisher\":{\"@id\":\"https:\/\/fromthemagicalrealm.com\/#\/schema\/person\/85dfa5d4809d3b3bf17cfed17108b346\"},\"potentialAction\":[{\"@type\":\"SearchAction\",\"target\":{\"@type\":\"EntryPoint\",\"urlTemplate\":\"https:\/\/fromthemagicalrealm.com\/?s={search_term_string}\"},\"query-input\":\"required name=search_term_string\"}],\"inLanguage\":\"lt-LT\"},{\"@type\":[\"Person\",\"Organization\"],\"@id\":\"https:\/\/fromthemagicalrealm.com\/#\/schema\/person\/85dfa5d4809d3b3bf17cfed17108b346\",\"name\":\"fromthemagicalrealm.com\",\"image\":{\"@type\":\"ImageObject\",\"inLanguage\":\"lt-LT\",\"@id\":\"https:\/\/fromthemagicalrealm.com\/#\/schema\/person\/image\/\",\"url\":\"https:\/\/fromthemagicalrealm.com\/wp-content\/uploads\/2023\/08\/cropped-cropped-53FE4852-DD1C-43D1-B95F-5E004E5056D9.png\",\"contentUrl\":\"https:\/\/fromthemagicalrealm.com\/wp-content\/uploads\/2023\/08\/cropped-cropped-53FE4852-DD1C-43D1-B95F-5E004E5056D9.png\",\"width\":3370,\"height\":2233,\"caption\":\"fromthemagicalrealm.com\"},\"logo\":{\"@id\":\"https:\/\/fromthemagicalrealm.com\/#\/schema\/person\/image\/\"},\"sameAs\":[\"http:\/\/fromthemagicalrealm.com\",\"https:\/\/www.facebook.com\/fromthemagicalrealm\",\"https:\/\/www.instagram.com\/fromthemagicalrealm\/\"]}]}<\/script>\n<!-- \/ Yoast SEO plugin. -->","yoast_head_json":{"title":"Bra\u0161kinio Kvarco v\u0117rinys su saulute, 4mm &bull; from the magical realm","description":"Bra\u0161kinio Kvarco v\u0117rinys su auk\u0161tos kokyb\u0117s sidabrin\u0117mis detal\u0117mis. Padeda subalansuoti ry\u0161ius tarp fizinio ir dvasinio k\u016bno. \u0160is akmuo pad\u0117s geriau suprasti savo ir kit\u0173 \u017emoni\u0173 jausmus, pad\u0117s su\u0161velninti skausmingas emocijas, sugr\u0105\u017einti meil\u0119 \u012f gyvenim\u0105, pamilti save, atgauti vidin\u0119 ramyb\u0119","robots":{"index":"index","follow":"follow","max-snippet":"max-snippet:-1","max-image-preview":"max-image-preview:large","max-video-preview":"max-video-preview:-1"},"canonical":"https:\/\/fromthemagicalrealm.com\/index.php\/product\/braskinio-kvarco-verinys-su-saulute-4mm\/","og_locale":"lt_LT","og_type":"article","og_title":"Bra\u0161kinio Kvarco v\u0117rinys su saulute, 4mm &bull; from the magical realm","og_description":"Bra\u0161kinio Kvarco v\u0117rinys su auk\u0161tos kokyb\u0117s sidabrin\u0117mis detal\u0117mis. Padeda subalansuoti ry\u0161ius tarp fizinio ir dvasinio k\u016bno. \u0160is akmuo pad\u0117s geriau suprasti savo ir kit\u0173 \u017emoni\u0173 jausmus, pad\u0117s su\u0161velninti skausmingas emocijas, sugr\u0105\u017einti meil\u0119 \u012f gyvenim\u0105, pamilti save, atgauti vidin\u0119 ramyb\u0119","og_url":"https:\/\/fromthemagicalrealm.com\/index.php\/product\/braskinio-kvarco-verinys-su-saulute-4mm\/","og_site_name":"from the magical realm","article_publisher":"https:\/\/www.facebook.com\/fromthemagicalrealm","article_modified_time":"2024-03-15T17:01:09+00:00","og_image":[{"width":1920,"height":2560,"url":"http:\/\/fromthemagicalrealm.com\/wp-content\/uploads\/2024\/03\/A0C7DAE9-06D9-467D-A608-08575883989B-scaled.jpeg","type":"image\/jpeg"}],"twitter_card":"summary_large_image","twitter_misc":{"Est. reading time":"1 minut\u0117"},"schema":{"@context":"https:\/\/schema.org","@graph":[{"@type":"WebPage","@id":"https:\/\/fromthemagicalrealm.com\/index.php\/product\/braskinio-kvarco-verinys-su-saulute-4mm\/","url":"https:\/\/fromthemagicalrealm.com\/index.php\/product\/braskinio-kvarco-verinys-su-saulute-4mm\/","name":"Bra\u0161kinio Kvarco v\u0117rinys su saulute, 4mm &bull; from the magical realm","isPartOf":{"@id":"https:\/\/fromthemagicalrealm.com\/#website"},"datePublished":"2024-03-04T18:01:01+00:00","dateModified":"2024-03-15T17:01:09+00:00","description":"Bra\u0161kinio Kvarco v\u0117rinys su auk\u0161tos kokyb\u0117s sidabrin\u0117mis detal\u0117mis. Padeda subalansuoti ry\u0161ius tarp fizinio ir dvasinio k\u016bno. \u0160is akmuo pad\u0117s geriau suprasti savo ir kit\u0173 \u017emoni\u0173 jausmus, pad\u0117s su\u0161velninti skausmingas emocijas, sugr\u0105\u017einti meil\u0119 \u012f gyvenim\u0105, pamilti save, atgauti vidin\u0119 ramyb\u0119","breadcrumb":{"@id":"https:\/\/fromthemagicalrealm.com\/index.php\/product\/braskinio-kvarco-verinys-su-saulute-4mm\/#breadcrumb"},"inLanguage":"lt-LT","potentialAction":[{"@type":"ReadAction","target":["https:\/\/fromthemagicalrealm.com\/index.php\/product\/braskinio-kvarco-verinys-su-saulute-4mm\/"]}]},{"@type":"BreadcrumbList","@id":"https:\/\/fromthemagicalrealm.com\/index.php\/product\/braskinio-kvarco-verinys-su-saulute-4mm\/#breadcrumb","itemListElement":[{"@type":"ListItem","position":1,"name":"Home","item":"https:\/\/fromthemagicalrealm.com\/"},{"@type":"ListItem","position":2,"name":"Shop","item":"https:\/\/fromthemagicalrealm.com\/index.php\/shop\/"},{"@type":"ListItem","position":3,"name":"Bra\u0161kinio Kvarco v\u0117rinys su saulute, 4mm"}]},{"@type":"WebSite","@id":"https:\/\/fromthemagicalrealm.com\/#website","url":"https:\/\/fromthemagicalrealm.com\/","name":"from the magical realm","description":"Nat\u016bral\u016bs kristalai","publisher":{"@id":"https:\/\/fromthemagicalrealm.com\/#\/schema\/person\/85dfa5d4809d3b3bf17cfed17108b346"},"potentialAction":[{"@type":"SearchAction","target":{"@type":"EntryPoint","urlTemplate":"https:\/\/fromthemagicalrealm.com\/?s={search_term_string}"},"query-input":"required name=search_term_string"}],"inLanguage":"lt-LT"},{"@type":["Person","Organization"],"@id":"https:\/\/fromthemagicalrealm.com\/#\/schema\/person\/85dfa5d4809d3b3bf17cfed17108b346","name":"fromthemagicalrealm.com","image":{"@type":"ImageObject","inLanguage":"lt-LT","@id":"https:\/\/fromthemagicalrealm.com\/#\/schema\/person\/image\/","url":"https:\/\/fromthemagicalrealm.com\/wp-content\/uploads\/2023\/08\/cropped-cropped-53FE4852-DD1C-43D1-B95F-5E004E5056D9.png","contentUrl":"https:\/\/fromthemagicalrealm.com\/wp-content\/uploads\/2023\/08\/cropped-cropped-53FE4852-DD1C-43D1-B95F-5E004E5056D9.png","width":3370,"height":2233,"caption":"fromthemagicalrealm.com"},"logo":{"@id":"https:\/\/fromthemagicalrealm.com\/#\/schema\/person\/image\/"},"sameAs":["http:\/\/fromthemagicalrealm.com","https:\/\/www.facebook.com\/fromthemagicalrealm","https:\/\/www.instagram.com\/fromthemagicalrealm\/"]}]}},"_links":{"self":[{"href":"https:\/\/fromthemagicalrealm.com\/index.php\/wp-json\/wp\/v2\/product\/3326","targetHints":{"allow":["GET"]}}],"collection":[{"href":"https:\/\/fromthemagicalrealm.com\/index.php\/wp-json\/wp\/v2\/product"}],"about":[{"href":"https:\/\/fromthemagicalrealm.com\/index.php\/wp-json\/wp\/v2\/types\/product"}],"version-history":[{"count":1,"href":"https:\/\/fromthemagicalrealm.com\/index.php\/wp-json\/wp\/v2\/product\/3326\/revisions"}],"predecessor-version":[{"id":3329,"href":"https:\/\/fromthemagicalrealm.com\/index.php\/wp-json\/wp\/v2\/product\/3326\/revisions\/3329"}],"wp:featuredmedia":[{"embeddable":true,"href":"https:\/\/fromthemagicalrealm.com\/index.php\/wp-json\/wp\/v2\/media\/3328"}],"wp:attachment":[{"href":"https:\/\/fromthemagicalrealm.com\/index.php\/wp-json\/wp\/v2\/media?parent=3326"}],"wp:term":[{"taxonomy":"product_cat","embeddable":true,"href":"https:\/\/fromthemagicalrealm.com\/index.php\/wp-json\/wp\/v2\/product_cat?post=3326"},{"taxonomy":"product_tag","embeddable":true,"href":"https:\/\/fromthemagicalrealm.com\/index.php\/wp-json\/wp\/v2\/product_tag?post=3326"}],"curies":[{"name":"wp","href":"https:\/\/api.w.org\/{rel}","templated":true}]}}