{"id":3373,"date":"2024-03-24T14:06:37","date_gmt":"2024-03-24T14:06:37","guid":{"rendered":"https:\/\/fromthemagicalrealm.com\/?post_type=product&#038;p=3373"},"modified":"2025-08-16T05:47:46","modified_gmt":"2025-08-16T05:47:46","slug":"granato-verinys-su-saulute-3mm","status":"publish","type":"product","link":"https:\/\/fromthemagicalrealm.com\/index.php\/product\/granato-verinys-su-saulute-3mm\/","title":{"rendered":"Granato v\u0117rinys su saulute, 3mm"},"content":{"rendered":"<p>Karoliuk\u0173 skersmuo: ~3mm<\/p>\n<p>Visos metalin\u0117s detal\u0117s: Auk\u0161tos kokyb\u0117s sidabras 925.<\/p>\n<p>V\u0117rinio ilgis: ~42cm.<\/p>\n","protected":false},"excerpt":{"rendered":"<p class=\"p1\"><span class=\"s1\">Granatas<\/span><\/p>\n<p>Aistra \u2022 Apsauga \u2022 Dr\u0105sa<\/p>\n<p class=\"p1\"><span class=\"s1\">Granatas yra stipryb\u0117s ir aistros akmuo. \u012e\u017eemindamas, jis i\u0161valo \u010dakras nuo sustingusios energijos ir atgaivina k\u016bn\u0105 gyvybingomis j\u0117gomis. Jis padidina savigarb\u0105 ir \u012fkvepia geriau suprasti save. \u012ekraudamas motyvacijos ir entuziazmo, jis u\u017edega ugn\u012f viduje, kad pad\u0117t\u0173 tavo svajon\u0117ms tapt realybe.<\/span><\/p>\n<p class=\"p1\"><span class=\"s1\">Akmuo skatina \u012fsipareigojim\u0105 ir lojalum\u0105, atne\u0161a meil\u0119 ir i\u0161tikimyb\u0117 \u0161eimoje ir santykiuose. Su\u017eadina aistr\u0105 ir intymum\u0105, suteikia energijos libido ir gali pad\u0117ti atgaivinti santykius arba pritraukti nauj\u0105 meil\u0119. Gerov\u0117s akmeniu laikomas granatas atne\u0161a s\u0117km\u0119 verslo reikalams, skatina lyderyst\u0119, apsaugo nuo vagi\u0173 ir netikr\u0173 draug\u0173, toksi\u0161k\u0173 santyki\u0173. <\/span><\/p>\n<p class=\"p1\"><span class=\"s1\">Granatas yra glaud\u017eiai susij\u0119s su m\u016bs\u0173 prot\u0117vi\u0173 dvasin\u0117mis energijomis. Atnaujindamas prot\u0117vi\u0173 prisiminimus ir praeities gyvenimo pamokas, jis i\u0161tirpdo neigiamus \u012fsi\u0161aknijusius veiksmus, kurie buvo perduodami i\u0161 kartos \u012f kart\u0105. Si\u016blo apsaug\u0105, sustiprina i\u0161gyvenimo instinktus ir \u012fkvepia saugumo ir patogumo jausm\u0105. <\/span><\/p>\n<p class=\"p1\"><span class=\"s1\">Akmuo ypa\u010d tinka O\u017eeragiams ir ugnies \u017eenklams, d\u0117l j\u0173 u\u017esidegimo ir aistros.<\/span><\/p>\n","protected":false},"featured_media":3375,"template":"","meta":{"site-sidebar-layout":"default","site-content-layout":"default","ast-global-header-display":"","ast-banner-title-visibility":"","ast-main-header-display":"","ast-hfb-above-header-display":"","ast-hfb-below-header-display":"","ast-hfb-mobile-header-display":"","site-post-title":"","ast-breadcrumbs-content":"","ast-featured-img":"","footer-sml-layout":"","theme-transparent-header-meta":"default","adv-header-id-meta":"","stick-header-meta":"","header-above-stick-meta":"","header-main-stick-meta":"","header-below-stick-meta":""},"product_cat":[49],"product_tag":[212,208,172,153,209],"class_list":{"0":"post-3373","1":"product","2":"type-product","3":"status-publish","4":"has-post-thumbnail","6":"product_cat-visi-produktai","7":"product_tag-granato-verinys","8":"product_tag-juodasis-turmalinas","9":"product_tag-naturaliu-akmenuku-papuosalai","10":"product_tag-naturaliu-kristalu-papuosalai","11":"product_tag-serlas","12":"desktop-align-center","13":"tablet-align-left","14":"mobile-align-left","16":"first","17":"instock","18":"taxable","19":"shipping-taxable","20":"purchasable","21":"product-type-simple"},"yoast_head":"<!-- This site is optimized with the Yoast SEO plugin v20.13 - https:\/\/yoast.com\/wordpress\/plugins\/seo\/ -->\n<title>Granato v\u0117rinys su saulute, 3mm &bull; from the magical realm<\/title>\n<meta name=\"description\" content=\"Granato v\u0117rinys. vienas galingiausi\u0173 kristal\u0173, galin\u010di\u0173 apsaugoti Jus\" \/>\n<meta name=\"robots\" content=\"index, follow, max-snippet:-1, max-image-preview:large, max-video-preview:-1\" \/>\n<link rel=\"canonical\" href=\"https:\/\/fromthemagicalrealm.com\/index.php\/product\/granato-verinys-su-saulute-3mm\/\" \/>\n<meta property=\"og:locale\" content=\"lt_LT\" \/>\n<meta property=\"og:type\" content=\"article\" \/>\n<meta property=\"og:title\" content=\"Granato v\u0117rinys su saulute, 3mm &bull; from the magical realm\" \/>\n<meta property=\"og:description\" content=\"Granato v\u0117rinys. vienas galingiausi\u0173 kristal\u0173, galin\u010di\u0173 apsaugoti Jus\" \/>\n<meta property=\"og:url\" content=\"https:\/\/fromthemagicalrealm.com\/index.php\/product\/granato-verinys-su-saulute-3mm\/\" \/>\n<meta property=\"og:site_name\" content=\"from the magical realm\" \/>\n<meta property=\"article:publisher\" content=\"https:\/\/www.facebook.com\/fromthemagicalrealm\" \/>\n<meta property=\"article:modified_time\" content=\"2025-08-16T05:47:46+00:00\" \/>\n<meta property=\"og:image\" content=\"http:\/\/fromthemagicalrealm.com\/wp-content\/uploads\/2024\/03\/4C29FA2E-33D9-4DD5-840F-1B5325CFA37F-scaled.jpeg\" \/>\n\t<meta property=\"og:image:width\" content=\"1920\" \/>\n\t<meta property=\"og:image:height\" content=\"2560\" \/>\n\t<meta property=\"og:image:type\" content=\"image\/jpeg\" \/>\n<meta name=\"twitter:card\" content=\"summary_large_image\" \/>\n<meta name=\"twitter:label1\" content=\"Est. reading time\" \/>\n\t<meta name=\"twitter:data1\" content=\"1 minut\u0117\" \/>\n<script type=\"application\/ld+json\" class=\"yoast-schema-graph\">{\"@context\":\"https:\/\/schema.org\",\"@graph\":[{\"@type\":\"WebPage\",\"@id\":\"https:\/\/fromthemagicalrealm.com\/index.php\/product\/granato-verinys-su-saulute-3mm\/\",\"url\":\"https:\/\/fromthemagicalrealm.com\/index.php\/product\/granato-verinys-su-saulute-3mm\/\",\"name\":\"Granato v\u0117rinys su saulute, 3mm &bull; from the magical realm\",\"isPartOf\":{\"@id\":\"https:\/\/fromthemagicalrealm.com\/#website\"},\"datePublished\":\"2024-03-24T14:06:37+00:00\",\"dateModified\":\"2025-08-16T05:47:46+00:00\",\"description\":\"Granato v\u0117rinys. vienas galingiausi\u0173 kristal\u0173, galin\u010di\u0173 apsaugoti Jus\",\"breadcrumb\":{\"@id\":\"https:\/\/fromthemagicalrealm.com\/index.php\/product\/granato-verinys-su-saulute-3mm\/#breadcrumb\"},\"inLanguage\":\"lt-LT\",\"potentialAction\":[{\"@type\":\"ReadAction\",\"target\":[\"https:\/\/fromthemagicalrealm.com\/index.php\/product\/granato-verinys-su-saulute-3mm\/\"]}]},{\"@type\":\"BreadcrumbList\",\"@id\":\"https:\/\/fromthemagicalrealm.com\/index.php\/product\/granato-verinys-su-saulute-3mm\/#breadcrumb\",\"itemListElement\":[{\"@type\":\"ListItem\",\"position\":1,\"name\":\"Home\",\"item\":\"https:\/\/fromthemagicalrealm.com\/\"},{\"@type\":\"ListItem\",\"position\":2,\"name\":\"Shop\",\"item\":\"https:\/\/fromthemagicalrealm.com\/index.php\/shop\/\"},{\"@type\":\"ListItem\",\"position\":3,\"name\":\"Granato v\u0117rinys su saulute, 3mm\"}]},{\"@type\":\"WebSite\",\"@id\":\"https:\/\/fromthemagicalrealm.com\/#website\",\"url\":\"https:\/\/fromthemagicalrealm.com\/\",\"name\":\"from the magical realm\",\"description\":\"Nat\u016bral\u016bs kristalai\",\"publisher\":{\"@id\":\"https:\/\/fromthemagicalrealm.com\/#\/schema\/person\/85dfa5d4809d3b3bf17cfed17108b346\"},\"potentialAction\":[{\"@type\":\"SearchAction\",\"target\":{\"@type\":\"EntryPoint\",\"urlTemplate\":\"https:\/\/fromthemagicalrealm.com\/?s={search_term_string}\"},\"query-input\":\"required name=search_term_string\"}],\"inLanguage\":\"lt-LT\"},{\"@type\":[\"Person\",\"Organization\"],\"@id\":\"https:\/\/fromthemagicalrealm.com\/#\/schema\/person\/85dfa5d4809d3b3bf17cfed17108b346\",\"name\":\"fromthemagicalrealm.com\",\"image\":{\"@type\":\"ImageObject\",\"inLanguage\":\"lt-LT\",\"@id\":\"https:\/\/fromthemagicalrealm.com\/#\/schema\/person\/image\/\",\"url\":\"https:\/\/fromthemagicalrealm.com\/wp-content\/uploads\/2023\/08\/cropped-cropped-53FE4852-DD1C-43D1-B95F-5E004E5056D9.png\",\"contentUrl\":\"https:\/\/fromthemagicalrealm.com\/wp-content\/uploads\/2023\/08\/cropped-cropped-53FE4852-DD1C-43D1-B95F-5E004E5056D9.png\",\"width\":3370,\"height\":2233,\"caption\":\"fromthemagicalrealm.com\"},\"logo\":{\"@id\":\"https:\/\/fromthemagicalrealm.com\/#\/schema\/person\/image\/\"},\"sameAs\":[\"http:\/\/fromthemagicalrealm.com\",\"https:\/\/www.facebook.com\/fromthemagicalrealm\",\"https:\/\/www.instagram.com\/fromthemagicalrealm\/\"]}]}<\/script>\n<!-- \/ Yoast SEO plugin. -->","yoast_head_json":{"title":"Granato v\u0117rinys su saulute, 3mm &bull; from the magical realm","description":"Granato v\u0117rinys. vienas galingiausi\u0173 kristal\u0173, galin\u010di\u0173 apsaugoti Jus","robots":{"index":"index","follow":"follow","max-snippet":"max-snippet:-1","max-image-preview":"max-image-preview:large","max-video-preview":"max-video-preview:-1"},"canonical":"https:\/\/fromthemagicalrealm.com\/index.php\/product\/granato-verinys-su-saulute-3mm\/","og_locale":"lt_LT","og_type":"article","og_title":"Granato v\u0117rinys su saulute, 3mm &bull; from the magical realm","og_description":"Granato v\u0117rinys. vienas galingiausi\u0173 kristal\u0173, galin\u010di\u0173 apsaugoti Jus","og_url":"https:\/\/fromthemagicalrealm.com\/index.php\/product\/granato-verinys-su-saulute-3mm\/","og_site_name":"from the magical realm","article_publisher":"https:\/\/www.facebook.com\/fromthemagicalrealm","article_modified_time":"2025-08-16T05:47:46+00:00","og_image":[{"width":1920,"height":2560,"url":"http:\/\/fromthemagicalrealm.com\/wp-content\/uploads\/2024\/03\/4C29FA2E-33D9-4DD5-840F-1B5325CFA37F-scaled.jpeg","type":"image\/jpeg"}],"twitter_card":"summary_large_image","twitter_misc":{"Est. reading time":"1 minut\u0117"},"schema":{"@context":"https:\/\/schema.org","@graph":[{"@type":"WebPage","@id":"https:\/\/fromthemagicalrealm.com\/index.php\/product\/granato-verinys-su-saulute-3mm\/","url":"https:\/\/fromthemagicalrealm.com\/index.php\/product\/granato-verinys-su-saulute-3mm\/","name":"Granato v\u0117rinys su saulute, 3mm &bull; from the magical realm","isPartOf":{"@id":"https:\/\/fromthemagicalrealm.com\/#website"},"datePublished":"2024-03-24T14:06:37+00:00","dateModified":"2025-08-16T05:47:46+00:00","description":"Granato v\u0117rinys. vienas galingiausi\u0173 kristal\u0173, galin\u010di\u0173 apsaugoti Jus","breadcrumb":{"@id":"https:\/\/fromthemagicalrealm.com\/index.php\/product\/granato-verinys-su-saulute-3mm\/#breadcrumb"},"inLanguage":"lt-LT","potentialAction":[{"@type":"ReadAction","target":["https:\/\/fromthemagicalrealm.com\/index.php\/product\/granato-verinys-su-saulute-3mm\/"]}]},{"@type":"BreadcrumbList","@id":"https:\/\/fromthemagicalrealm.com\/index.php\/product\/granato-verinys-su-saulute-3mm\/#breadcrumb","itemListElement":[{"@type":"ListItem","position":1,"name":"Home","item":"https:\/\/fromthemagicalrealm.com\/"},{"@type":"ListItem","position":2,"name":"Shop","item":"https:\/\/fromthemagicalrealm.com\/index.php\/shop\/"},{"@type":"ListItem","position":3,"name":"Granato v\u0117rinys su saulute, 3mm"}]},{"@type":"WebSite","@id":"https:\/\/fromthemagicalrealm.com\/#website","url":"https:\/\/fromthemagicalrealm.com\/","name":"from the magical realm","description":"Nat\u016bral\u016bs kristalai","publisher":{"@id":"https:\/\/fromthemagicalrealm.com\/#\/schema\/person\/85dfa5d4809d3b3bf17cfed17108b346"},"potentialAction":[{"@type":"SearchAction","target":{"@type":"EntryPoint","urlTemplate":"https:\/\/fromthemagicalrealm.com\/?s={search_term_string}"},"query-input":"required name=search_term_string"}],"inLanguage":"lt-LT"},{"@type":["Person","Organization"],"@id":"https:\/\/fromthemagicalrealm.com\/#\/schema\/person\/85dfa5d4809d3b3bf17cfed17108b346","name":"fromthemagicalrealm.com","image":{"@type":"ImageObject","inLanguage":"lt-LT","@id":"https:\/\/fromthemagicalrealm.com\/#\/schema\/person\/image\/","url":"https:\/\/fromthemagicalrealm.com\/wp-content\/uploads\/2023\/08\/cropped-cropped-53FE4852-DD1C-43D1-B95F-5E004E5056D9.png","contentUrl":"https:\/\/fromthemagicalrealm.com\/wp-content\/uploads\/2023\/08\/cropped-cropped-53FE4852-DD1C-43D1-B95F-5E004E5056D9.png","width":3370,"height":2233,"caption":"fromthemagicalrealm.com"},"logo":{"@id":"https:\/\/fromthemagicalrealm.com\/#\/schema\/person\/image\/"},"sameAs":["http:\/\/fromthemagicalrealm.com","https:\/\/www.facebook.com\/fromthemagicalrealm","https:\/\/www.instagram.com\/fromthemagicalrealm\/"]}]}},"_links":{"self":[{"href":"https:\/\/fromthemagicalrealm.com\/index.php\/wp-json\/wp\/v2\/product\/3373","targetHints":{"allow":["GET"]}}],"collection":[{"href":"https:\/\/fromthemagicalrealm.com\/index.php\/wp-json\/wp\/v2\/product"}],"about":[{"href":"https:\/\/fromthemagicalrealm.com\/index.php\/wp-json\/wp\/v2\/types\/product"}],"version-history":[{"count":1,"href":"https:\/\/fromthemagicalrealm.com\/index.php\/wp-json\/wp\/v2\/product\/3373\/revisions"}],"predecessor-version":[{"id":3376,"href":"https:\/\/fromthemagicalrealm.com\/index.php\/wp-json\/wp\/v2\/product\/3373\/revisions\/3376"}],"wp:featuredmedia":[{"embeddable":true,"href":"https:\/\/fromthemagicalrealm.com\/index.php\/wp-json\/wp\/v2\/media\/3375"}],"wp:attachment":[{"href":"https:\/\/fromthemagicalrealm.com\/index.php\/wp-json\/wp\/v2\/media?parent=3373"}],"wp:term":[{"taxonomy":"product_cat","embeddable":true,"href":"https:\/\/fromthemagicalrealm.com\/index.php\/wp-json\/wp\/v2\/product_cat?post=3373"},{"taxonomy":"product_tag","embeddable":true,"href":"https:\/\/fromthemagicalrealm.com\/index.php\/wp-json\/wp\/v2\/product_tag?post=3373"}],"curies":[{"name":"wp","href":"https:\/\/api.w.org\/{rel}","templated":true}]}}