{"id":3398,"date":"2024-04-11T17:59:19","date_gmt":"2024-04-11T17:59:19","guid":{"rendered":"https:\/\/fromthemagicalrealm.com\/?post_type=product&#038;p=3398"},"modified":"2024-04-11T17:59:20","modified_gmt":"2024-04-11T17:59:20","slug":"labradorito-ziedukas","status":"publish","type":"product","link":"https:\/\/fromthemagicalrealm.com\/index.php\/product\/labradorito-ziedukas\/","title":{"rendered":"Labradorito \u017eiedukas"},"content":{"rendered":"<p>Dydis reguliuojasi<\/p>\n<p>Metalas: Baltas varis<\/p>\n","protected":false},"excerpt":{"rendered":"<p class=\"p1\"><span class=\"s1\">Labradoritas<\/span><\/p>\n<p class=\"p1\"><span class=\"s1\">Apsauga \u2022 Pasitik\u0117jimas \u2022 Transformacija <\/span><\/p>\n<p class=\"p1\"><span class=\"s1\">Labradoritas \u012fkvepia sav\u0119s atradimo kelionei, siekiant atskleisti, kas i\u0161 tikr\u0173j\u0173 esi. Apimdamas neribot\u0105 kosmoso potencial\u0105, jis sustiprina tavo ry\u0161\u012f ir pasitik\u0117jim\u0105 gausia Visata. <\/span><\/p>\n<p class=\"p1\"><span class=\"s1\">Atspindi stulbinant\u012f Aurora Borealis spektr\u0105, jo \u0161vytinti energija sujungia \u010dakras, kad vykt\u0173 asmenin\u0117 transformacija. \u012eveik\u0119s nesaugum\u0105 ir iliuzinius \u012fsitikinimus, jo spindesys apima tamsesnius tavo aspektus ir i\u0161ry\u0161kina viduje esant\u012f gro\u017e\u012f ir gali\u0105. Ugdydamas atsparum\u0105, labradoritas didina pasitik\u0117jim\u0105 ir dr\u0105s\u0105 atsispirti tiems, kurie bando pritemdyti tavo \u0161vies\u0105.<\/span><\/p>\n<p class=\"p1\"><span class=\"s1\">Atverdamas vidin\u0119 ak\u012f, labradoritas pagerina psichin\u012f reg\u0117jim\u0105, pakeldamas prot\u0105 \u012f auk\u0161tesn\u0119 s\u0105mon\u0117s b\u016bsen\u0105. Padeda didel\u0117s transformacijos metu, palaipsniui ruo\u0161damas siel\u0105 tolimesniam augimui, turi stiprios apsaug\u0105 nuo neigiamo poveikio.<\/span><\/p>\n","protected":false},"featured_media":3399,"template":"","meta":{"site-sidebar-layout":"default","site-content-layout":"default","ast-global-header-display":"","ast-banner-title-visibility":"","ast-main-header-display":"","ast-hfb-above-header-display":"","ast-hfb-below-header-display":"","ast-hfb-mobile-header-display":"","site-post-title":"","ast-breadcrumbs-content":"","ast-featured-img":"","footer-sml-layout":"","theme-transparent-header-meta":"default","adv-header-id-meta":"","stick-header-meta":"","header-above-stick-meta":"","header-main-stick-meta":"","header-below-stick-meta":""},"product_cat":[53,55,48,49],"product_tag":[204,129,110,218,210],"class_list":{"0":"post-3398","1":"product","2":"type-product","3":"status-publish","4":"has-post-thumbnail","6":"product_cat-kristalu-papuosalai","7":"product_cat-ziedai","8":"product_cat-visi-kristalai-2","9":"product_cat-visi-produktai","10":"product_tag-kristalai","11":"product_tag-kristalu-papuosalai","12":"product_tag-labradoritas","13":"product_tag-labradorito-ziedas","14":"product_tag-naturalus-akmenukai","15":"desktop-align-center","16":"tablet-align-left","17":"mobile-align-left","19":"first","20":"instock","21":"taxable","22":"shipping-taxable","23":"purchasable","24":"product-type-simple"},"yoast_head":"<!-- This site is optimized with the Yoast SEO plugin v20.13 - https:\/\/yoast.com\/wordpress\/plugins\/seo\/ -->\n<title>Labradorito \u017eiedukas &bull; from the magical realm<\/title>\n<meta name=\"description\" content=\"Labradorito \u017eiedas, dydis reguliuojasi, metalas baltas varis\" \/>\n<meta name=\"robots\" content=\"index, follow, max-snippet:-1, max-image-preview:large, max-video-preview:-1\" \/>\n<link rel=\"canonical\" href=\"https:\/\/fromthemagicalrealm.com\/index.php\/product\/labradorito-ziedukas\/\" \/>\n<meta property=\"og:locale\" content=\"lt_LT\" \/>\n<meta property=\"og:type\" content=\"article\" \/>\n<meta property=\"og:title\" content=\"Labradorito \u017eiedukas &bull; from the magical realm\" \/>\n<meta property=\"og:description\" content=\"Labradorito \u017eiedas, dydis reguliuojasi, metalas baltas varis\" \/>\n<meta property=\"og:url\" content=\"https:\/\/fromthemagicalrealm.com\/index.php\/product\/labradorito-ziedukas\/\" \/>\n<meta property=\"og:site_name\" content=\"from the magical realm\" \/>\n<meta property=\"article:publisher\" content=\"https:\/\/www.facebook.com\/fromthemagicalrealm\" \/>\n<meta property=\"article:modified_time\" content=\"2024-04-11T17:59:20+00:00\" \/>\n<meta property=\"og:image\" content=\"http:\/\/fromthemagicalrealm.com\/wp-content\/uploads\/2024\/04\/CAA99F54-9B1E-4907-BE19-7BDDB90C8F4F-scaled.jpeg\" \/>\n\t<meta property=\"og:image:width\" content=\"1920\" \/>\n\t<meta property=\"og:image:height\" content=\"2560\" \/>\n\t<meta property=\"og:image:type\" content=\"image\/jpeg\" \/>\n<meta name=\"twitter:card\" content=\"summary_large_image\" \/>\n<meta name=\"twitter:label1\" content=\"Est. reading time\" \/>\n\t<meta name=\"twitter:data1\" content=\"1 minut\u0117\" \/>\n<script type=\"application\/ld+json\" class=\"yoast-schema-graph\">{\"@context\":\"https:\/\/schema.org\",\"@graph\":[{\"@type\":\"WebPage\",\"@id\":\"https:\/\/fromthemagicalrealm.com\/index.php\/product\/labradorito-ziedukas\/\",\"url\":\"https:\/\/fromthemagicalrealm.com\/index.php\/product\/labradorito-ziedukas\/\",\"name\":\"Labradorito \u017eiedukas &bull; from the magical realm\",\"isPartOf\":{\"@id\":\"https:\/\/fromthemagicalrealm.com\/#website\"},\"datePublished\":\"2024-04-11T17:59:19+00:00\",\"dateModified\":\"2024-04-11T17:59:20+00:00\",\"description\":\"Labradorito \u017eiedas, dydis reguliuojasi, metalas baltas varis\",\"breadcrumb\":{\"@id\":\"https:\/\/fromthemagicalrealm.com\/index.php\/product\/labradorito-ziedukas\/#breadcrumb\"},\"inLanguage\":\"lt-LT\",\"potentialAction\":[{\"@type\":\"ReadAction\",\"target\":[\"https:\/\/fromthemagicalrealm.com\/index.php\/product\/labradorito-ziedukas\/\"]}]},{\"@type\":\"BreadcrumbList\",\"@id\":\"https:\/\/fromthemagicalrealm.com\/index.php\/product\/labradorito-ziedukas\/#breadcrumb\",\"itemListElement\":[{\"@type\":\"ListItem\",\"position\":1,\"name\":\"Home\",\"item\":\"https:\/\/fromthemagicalrealm.com\/\"},{\"@type\":\"ListItem\",\"position\":2,\"name\":\"Shop\",\"item\":\"https:\/\/fromthemagicalrealm.com\/index.php\/shop\/\"},{\"@type\":\"ListItem\",\"position\":3,\"name\":\"Labradorito \u017eiedukas\"}]},{\"@type\":\"WebSite\",\"@id\":\"https:\/\/fromthemagicalrealm.com\/#website\",\"url\":\"https:\/\/fromthemagicalrealm.com\/\",\"name\":\"from the magical realm\",\"description\":\"Nat\u016bral\u016bs kristalai\",\"publisher\":{\"@id\":\"https:\/\/fromthemagicalrealm.com\/#\/schema\/person\/85dfa5d4809d3b3bf17cfed17108b346\"},\"potentialAction\":[{\"@type\":\"SearchAction\",\"target\":{\"@type\":\"EntryPoint\",\"urlTemplate\":\"https:\/\/fromthemagicalrealm.com\/?s={search_term_string}\"},\"query-input\":\"required name=search_term_string\"}],\"inLanguage\":\"lt-LT\"},{\"@type\":[\"Person\",\"Organization\"],\"@id\":\"https:\/\/fromthemagicalrealm.com\/#\/schema\/person\/85dfa5d4809d3b3bf17cfed17108b346\",\"name\":\"fromthemagicalrealm.com\",\"image\":{\"@type\":\"ImageObject\",\"inLanguage\":\"lt-LT\",\"@id\":\"https:\/\/fromthemagicalrealm.com\/#\/schema\/person\/image\/\",\"url\":\"https:\/\/fromthemagicalrealm.com\/wp-content\/uploads\/2023\/08\/cropped-cropped-53FE4852-DD1C-43D1-B95F-5E004E5056D9.png\",\"contentUrl\":\"https:\/\/fromthemagicalrealm.com\/wp-content\/uploads\/2023\/08\/cropped-cropped-53FE4852-DD1C-43D1-B95F-5E004E5056D9.png\",\"width\":3370,\"height\":2233,\"caption\":\"fromthemagicalrealm.com\"},\"logo\":{\"@id\":\"https:\/\/fromthemagicalrealm.com\/#\/schema\/person\/image\/\"},\"sameAs\":[\"http:\/\/fromthemagicalrealm.com\",\"https:\/\/www.facebook.com\/fromthemagicalrealm\",\"https:\/\/www.instagram.com\/fromthemagicalrealm\/\"]}]}<\/script>\n<!-- \/ Yoast SEO plugin. -->","yoast_head_json":{"title":"Labradorito \u017eiedukas &bull; from the magical realm","description":"Labradorito \u017eiedas, dydis reguliuojasi, metalas baltas varis","robots":{"index":"index","follow":"follow","max-snippet":"max-snippet:-1","max-image-preview":"max-image-preview:large","max-video-preview":"max-video-preview:-1"},"canonical":"https:\/\/fromthemagicalrealm.com\/index.php\/product\/labradorito-ziedukas\/","og_locale":"lt_LT","og_type":"article","og_title":"Labradorito \u017eiedukas &bull; from the magical realm","og_description":"Labradorito \u017eiedas, dydis reguliuojasi, metalas baltas varis","og_url":"https:\/\/fromthemagicalrealm.com\/index.php\/product\/labradorito-ziedukas\/","og_site_name":"from the magical realm","article_publisher":"https:\/\/www.facebook.com\/fromthemagicalrealm","article_modified_time":"2024-04-11T17:59:20+00:00","og_image":[{"width":1920,"height":2560,"url":"http:\/\/fromthemagicalrealm.com\/wp-content\/uploads\/2024\/04\/CAA99F54-9B1E-4907-BE19-7BDDB90C8F4F-scaled.jpeg","type":"image\/jpeg"}],"twitter_card":"summary_large_image","twitter_misc":{"Est. reading time":"1 minut\u0117"},"schema":{"@context":"https:\/\/schema.org","@graph":[{"@type":"WebPage","@id":"https:\/\/fromthemagicalrealm.com\/index.php\/product\/labradorito-ziedukas\/","url":"https:\/\/fromthemagicalrealm.com\/index.php\/product\/labradorito-ziedukas\/","name":"Labradorito \u017eiedukas &bull; from the magical realm","isPartOf":{"@id":"https:\/\/fromthemagicalrealm.com\/#website"},"datePublished":"2024-04-11T17:59:19+00:00","dateModified":"2024-04-11T17:59:20+00:00","description":"Labradorito \u017eiedas, dydis reguliuojasi, metalas baltas varis","breadcrumb":{"@id":"https:\/\/fromthemagicalrealm.com\/index.php\/product\/labradorito-ziedukas\/#breadcrumb"},"inLanguage":"lt-LT","potentialAction":[{"@type":"ReadAction","target":["https:\/\/fromthemagicalrealm.com\/index.php\/product\/labradorito-ziedukas\/"]}]},{"@type":"BreadcrumbList","@id":"https:\/\/fromthemagicalrealm.com\/index.php\/product\/labradorito-ziedukas\/#breadcrumb","itemListElement":[{"@type":"ListItem","position":1,"name":"Home","item":"https:\/\/fromthemagicalrealm.com\/"},{"@type":"ListItem","position":2,"name":"Shop","item":"https:\/\/fromthemagicalrealm.com\/index.php\/shop\/"},{"@type":"ListItem","position":3,"name":"Labradorito \u017eiedukas"}]},{"@type":"WebSite","@id":"https:\/\/fromthemagicalrealm.com\/#website","url":"https:\/\/fromthemagicalrealm.com\/","name":"from the magical realm","description":"Nat\u016bral\u016bs kristalai","publisher":{"@id":"https:\/\/fromthemagicalrealm.com\/#\/schema\/person\/85dfa5d4809d3b3bf17cfed17108b346"},"potentialAction":[{"@type":"SearchAction","target":{"@type":"EntryPoint","urlTemplate":"https:\/\/fromthemagicalrealm.com\/?s={search_term_string}"},"query-input":"required name=search_term_string"}],"inLanguage":"lt-LT"},{"@type":["Person","Organization"],"@id":"https:\/\/fromthemagicalrealm.com\/#\/schema\/person\/85dfa5d4809d3b3bf17cfed17108b346","name":"fromthemagicalrealm.com","image":{"@type":"ImageObject","inLanguage":"lt-LT","@id":"https:\/\/fromthemagicalrealm.com\/#\/schema\/person\/image\/","url":"https:\/\/fromthemagicalrealm.com\/wp-content\/uploads\/2023\/08\/cropped-cropped-53FE4852-DD1C-43D1-B95F-5E004E5056D9.png","contentUrl":"https:\/\/fromthemagicalrealm.com\/wp-content\/uploads\/2023\/08\/cropped-cropped-53FE4852-DD1C-43D1-B95F-5E004E5056D9.png","width":3370,"height":2233,"caption":"fromthemagicalrealm.com"},"logo":{"@id":"https:\/\/fromthemagicalrealm.com\/#\/schema\/person\/image\/"},"sameAs":["http:\/\/fromthemagicalrealm.com","https:\/\/www.facebook.com\/fromthemagicalrealm","https:\/\/www.instagram.com\/fromthemagicalrealm\/"]}]}},"_links":{"self":[{"href":"https:\/\/fromthemagicalrealm.com\/index.php\/wp-json\/wp\/v2\/product\/3398","targetHints":{"allow":["GET"]}}],"collection":[{"href":"https:\/\/fromthemagicalrealm.com\/index.php\/wp-json\/wp\/v2\/product"}],"about":[{"href":"https:\/\/fromthemagicalrealm.com\/index.php\/wp-json\/wp\/v2\/types\/product"}],"version-history":[{"count":1,"href":"https:\/\/fromthemagicalrealm.com\/index.php\/wp-json\/wp\/v2\/product\/3398\/revisions"}],"predecessor-version":[{"id":3401,"href":"https:\/\/fromthemagicalrealm.com\/index.php\/wp-json\/wp\/v2\/product\/3398\/revisions\/3401"}],"wp:featuredmedia":[{"embeddable":true,"href":"https:\/\/fromthemagicalrealm.com\/index.php\/wp-json\/wp\/v2\/media\/3399"}],"wp:attachment":[{"href":"https:\/\/fromthemagicalrealm.com\/index.php\/wp-json\/wp\/v2\/media?parent=3398"}],"wp:term":[{"taxonomy":"product_cat","embeddable":true,"href":"https:\/\/fromthemagicalrealm.com\/index.php\/wp-json\/wp\/v2\/product_cat?post=3398"},{"taxonomy":"product_tag","embeddable":true,"href":"https:\/\/fromthemagicalrealm.com\/index.php\/wp-json\/wp\/v2\/product_tag?post=3398"}],"curies":[{"name":"wp","href":"https:\/\/api.w.org\/{rel}","templated":true}]}}