{"id":3419,"date":"2024-04-11T18:27:38","date_gmt":"2024-04-11T18:27:38","guid":{"rendered":"https:\/\/fromthemagicalrealm.com\/?post_type=product&#038;p=3419"},"modified":"2024-07-14T12:40:32","modified_gmt":"2024-07-14T12:40:32","slug":"verdelito-verinys-su-saulute-4mm","status":"publish","type":"product","link":"https:\/\/fromthemagicalrealm.com\/index.php\/product\/verdelito-verinys-su-saulute-4mm\/","title":{"rendered":"Verdelito (\u017daliojo Turmalino) v\u0117rinys su saulute, 4mm"},"content":{"rendered":"<p>Karoliuk\u0173 skersmuo: ~4mm<\/p>\n<p>Visos metalin\u0117s detal\u0117s: Auk\u0161tos kokyb\u0117s sidabras 925.<\/p>\n<p>V\u0117rinio ilgis: ~42cm.<\/p>\n","protected":false},"excerpt":{"rendered":"<p class=\"p1\"><span class=\"s1\">\u017daliasis Turmalinas ( Verdelitas) padeda pagydyti \u0161ird\u012f ir pa\u0161alinti neigiamas mintis. Skatina b\u016bti stipriems, nepal\u016b\u017eti. Ne\u0161a s\u0117km\u0119 ir gaus\u0105, padeda vykti teigiamoms transformacijoms gyvenime. Pad\u0117da atsikratyti baimi\u0173 ir suvar\u017eym\u0173. Gali b\u016bti naudingams \u017emon\u0117ms, kurie kovoja su depresijos ir nerimo sutrikimais.<\/span><\/p>\n","protected":false},"featured_media":3420,"template":"","meta":{"site-sidebar-layout":"default","site-content-layout":"default","ast-global-header-display":"","ast-banner-title-visibility":"","ast-main-header-display":"","ast-hfb-above-header-display":"","ast-hfb-below-header-display":"","ast-hfb-mobile-header-display":"","site-post-title":"","ast-breadcrumbs-content":"","ast-featured-img":"","footer-sml-layout":"","theme-transparent-header-meta":"default","adv-header-id-meta":"","stick-header-meta":"","header-above-stick-meta":"","header-main-stick-meta":"","header-below-stick-meta":""},"product_cat":[49],"product_tag":[212,208,172,153,209,219,221,220],"class_list":{"0":"post-3419","1":"product","2":"type-product","3":"status-publish","4":"has-post-thumbnail","6":"product_cat-visi-produktai","7":"product_tag-granato-verinys","8":"product_tag-juodasis-turmalinas","9":"product_tag-naturaliu-akmenuku-papuosalai","10":"product_tag-naturaliu-kristalu-papuosalai","11":"product_tag-serlas","12":"product_tag-verdelitas","13":"product_tag-verdelito-verinys","14":"product_tag-zaliasis-turmalinas","15":"desktop-align-center","16":"tablet-align-left","17":"mobile-align-left","19":"first","20":"instock","21":"taxable","22":"shipping-taxable","23":"purchasable","24":"product-type-simple"},"yoast_head":"<!-- This site is optimized with the Yoast SEO plugin v20.13 - https:\/\/yoast.com\/wordpress\/plugins\/seo\/ -->\n<title>Verdelito (\u017daliojo Turmalino) v\u0117rinys su saulute, 4mm &bull; from the magical realm<\/title>\n<meta name=\"description\" content=\"\u017daliojo Turmalino (Verdelito) v\u0117rinys. Rank\u0173 darbo su auk\u0161\u010diausiomis sidabrin\u0117mis detal\u0117mis\" \/>\n<meta name=\"robots\" content=\"index, follow, max-snippet:-1, max-image-preview:large, max-video-preview:-1\" \/>\n<link rel=\"canonical\" href=\"https:\/\/fromthemagicalrealm.com\/index.php\/product\/verdelito-verinys-su-saulute-4mm\/\" \/>\n<meta property=\"og:locale\" content=\"lt_LT\" \/>\n<meta property=\"og:type\" content=\"article\" \/>\n<meta property=\"og:title\" content=\"Verdelito (\u017daliojo Turmalino) v\u0117rinys su saulute, 4mm &bull; from the magical realm\" \/>\n<meta property=\"og:description\" content=\"\u017daliojo Turmalino (Verdelito) v\u0117rinys. Rank\u0173 darbo su auk\u0161\u010diausiomis sidabrin\u0117mis detal\u0117mis\" \/>\n<meta property=\"og:url\" content=\"https:\/\/fromthemagicalrealm.com\/index.php\/product\/verdelito-verinys-su-saulute-4mm\/\" \/>\n<meta property=\"og:site_name\" content=\"from the magical realm\" \/>\n<meta property=\"article:publisher\" content=\"https:\/\/www.facebook.com\/fromthemagicalrealm\" \/>\n<meta property=\"article:modified_time\" content=\"2024-07-14T12:40:32+00:00\" \/>\n<meta property=\"og:image\" content=\"http:\/\/fromthemagicalrealm.com\/wp-content\/uploads\/2024\/04\/9EC77121-8A95-4888-A046-59683B216467-scaled.jpeg\" \/>\n\t<meta property=\"og:image:width\" content=\"1920\" \/>\n\t<meta property=\"og:image:height\" content=\"2560\" \/>\n\t<meta property=\"og:image:type\" content=\"image\/jpeg\" \/>\n<meta name=\"twitter:card\" content=\"summary_large_image\" \/>\n<meta name=\"twitter:label1\" content=\"Est. reading time\" \/>\n\t<meta name=\"twitter:data1\" content=\"1 minut\u0117\" \/>\n<script type=\"application\/ld+json\" class=\"yoast-schema-graph\">{\"@context\":\"https:\/\/schema.org\",\"@graph\":[{\"@type\":\"WebPage\",\"@id\":\"https:\/\/fromthemagicalrealm.com\/index.php\/product\/verdelito-verinys-su-saulute-4mm\/\",\"url\":\"https:\/\/fromthemagicalrealm.com\/index.php\/product\/verdelito-verinys-su-saulute-4mm\/\",\"name\":\"Verdelito (\u017daliojo Turmalino) v\u0117rinys su saulute, 4mm &bull; from the magical realm\",\"isPartOf\":{\"@id\":\"https:\/\/fromthemagicalrealm.com\/#website\"},\"datePublished\":\"2024-04-11T18:27:38+00:00\",\"dateModified\":\"2024-07-14T12:40:32+00:00\",\"description\":\"\u017daliojo Turmalino (Verdelito) v\u0117rinys. Rank\u0173 darbo su auk\u0161\u010diausiomis sidabrin\u0117mis detal\u0117mis\",\"breadcrumb\":{\"@id\":\"https:\/\/fromthemagicalrealm.com\/index.php\/product\/verdelito-verinys-su-saulute-4mm\/#breadcrumb\"},\"inLanguage\":\"lt-LT\",\"potentialAction\":[{\"@type\":\"ReadAction\",\"target\":[\"https:\/\/fromthemagicalrealm.com\/index.php\/product\/verdelito-verinys-su-saulute-4mm\/\"]}]},{\"@type\":\"BreadcrumbList\",\"@id\":\"https:\/\/fromthemagicalrealm.com\/index.php\/product\/verdelito-verinys-su-saulute-4mm\/#breadcrumb\",\"itemListElement\":[{\"@type\":\"ListItem\",\"position\":1,\"name\":\"Home\",\"item\":\"https:\/\/fromthemagicalrealm.com\/\"},{\"@type\":\"ListItem\",\"position\":2,\"name\":\"Shop\",\"item\":\"https:\/\/fromthemagicalrealm.com\/index.php\/shop\/\"},{\"@type\":\"ListItem\",\"position\":3,\"name\":\"Verdelito (\u017daliojo Turmalino) v\u0117rinys su saulute, 4mm\"}]},{\"@type\":\"WebSite\",\"@id\":\"https:\/\/fromthemagicalrealm.com\/#website\",\"url\":\"https:\/\/fromthemagicalrealm.com\/\",\"name\":\"from the magical realm\",\"description\":\"Nat\u016bral\u016bs kristalai\",\"publisher\":{\"@id\":\"https:\/\/fromthemagicalrealm.com\/#\/schema\/person\/85dfa5d4809d3b3bf17cfed17108b346\"},\"potentialAction\":[{\"@type\":\"SearchAction\",\"target\":{\"@type\":\"EntryPoint\",\"urlTemplate\":\"https:\/\/fromthemagicalrealm.com\/?s={search_term_string}\"},\"query-input\":\"required name=search_term_string\"}],\"inLanguage\":\"lt-LT\"},{\"@type\":[\"Person\",\"Organization\"],\"@id\":\"https:\/\/fromthemagicalrealm.com\/#\/schema\/person\/85dfa5d4809d3b3bf17cfed17108b346\",\"name\":\"fromthemagicalrealm.com\",\"image\":{\"@type\":\"ImageObject\",\"inLanguage\":\"lt-LT\",\"@id\":\"https:\/\/fromthemagicalrealm.com\/#\/schema\/person\/image\/\",\"url\":\"https:\/\/fromthemagicalrealm.com\/wp-content\/uploads\/2023\/08\/cropped-cropped-53FE4852-DD1C-43D1-B95F-5E004E5056D9.png\",\"contentUrl\":\"https:\/\/fromthemagicalrealm.com\/wp-content\/uploads\/2023\/08\/cropped-cropped-53FE4852-DD1C-43D1-B95F-5E004E5056D9.png\",\"width\":3370,\"height\":2233,\"caption\":\"fromthemagicalrealm.com\"},\"logo\":{\"@id\":\"https:\/\/fromthemagicalrealm.com\/#\/schema\/person\/image\/\"},\"sameAs\":[\"http:\/\/fromthemagicalrealm.com\",\"https:\/\/www.facebook.com\/fromthemagicalrealm\",\"https:\/\/www.instagram.com\/fromthemagicalrealm\/\"]}]}<\/script>\n<!-- \/ Yoast SEO plugin. -->","yoast_head_json":{"title":"Verdelito (\u017daliojo Turmalino) v\u0117rinys su saulute, 4mm &bull; from the magical realm","description":"\u017daliojo Turmalino (Verdelito) v\u0117rinys. Rank\u0173 darbo su auk\u0161\u010diausiomis sidabrin\u0117mis detal\u0117mis","robots":{"index":"index","follow":"follow","max-snippet":"max-snippet:-1","max-image-preview":"max-image-preview:large","max-video-preview":"max-video-preview:-1"},"canonical":"https:\/\/fromthemagicalrealm.com\/index.php\/product\/verdelito-verinys-su-saulute-4mm\/","og_locale":"lt_LT","og_type":"article","og_title":"Verdelito (\u017daliojo Turmalino) v\u0117rinys su saulute, 4mm &bull; from the magical realm","og_description":"\u017daliojo Turmalino (Verdelito) v\u0117rinys. Rank\u0173 darbo su auk\u0161\u010diausiomis sidabrin\u0117mis detal\u0117mis","og_url":"https:\/\/fromthemagicalrealm.com\/index.php\/product\/verdelito-verinys-su-saulute-4mm\/","og_site_name":"from the magical realm","article_publisher":"https:\/\/www.facebook.com\/fromthemagicalrealm","article_modified_time":"2024-07-14T12:40:32+00:00","og_image":[{"width":1920,"height":2560,"url":"http:\/\/fromthemagicalrealm.com\/wp-content\/uploads\/2024\/04\/9EC77121-8A95-4888-A046-59683B216467-scaled.jpeg","type":"image\/jpeg"}],"twitter_card":"summary_large_image","twitter_misc":{"Est. reading time":"1 minut\u0117"},"schema":{"@context":"https:\/\/schema.org","@graph":[{"@type":"WebPage","@id":"https:\/\/fromthemagicalrealm.com\/index.php\/product\/verdelito-verinys-su-saulute-4mm\/","url":"https:\/\/fromthemagicalrealm.com\/index.php\/product\/verdelito-verinys-su-saulute-4mm\/","name":"Verdelito (\u017daliojo Turmalino) v\u0117rinys su saulute, 4mm &bull; from the magical realm","isPartOf":{"@id":"https:\/\/fromthemagicalrealm.com\/#website"},"datePublished":"2024-04-11T18:27:38+00:00","dateModified":"2024-07-14T12:40:32+00:00","description":"\u017daliojo Turmalino (Verdelito) v\u0117rinys. Rank\u0173 darbo su auk\u0161\u010diausiomis sidabrin\u0117mis detal\u0117mis","breadcrumb":{"@id":"https:\/\/fromthemagicalrealm.com\/index.php\/product\/verdelito-verinys-su-saulute-4mm\/#breadcrumb"},"inLanguage":"lt-LT","potentialAction":[{"@type":"ReadAction","target":["https:\/\/fromthemagicalrealm.com\/index.php\/product\/verdelito-verinys-su-saulute-4mm\/"]}]},{"@type":"BreadcrumbList","@id":"https:\/\/fromthemagicalrealm.com\/index.php\/product\/verdelito-verinys-su-saulute-4mm\/#breadcrumb","itemListElement":[{"@type":"ListItem","position":1,"name":"Home","item":"https:\/\/fromthemagicalrealm.com\/"},{"@type":"ListItem","position":2,"name":"Shop","item":"https:\/\/fromthemagicalrealm.com\/index.php\/shop\/"},{"@type":"ListItem","position":3,"name":"Verdelito (\u017daliojo Turmalino) v\u0117rinys su saulute, 4mm"}]},{"@type":"WebSite","@id":"https:\/\/fromthemagicalrealm.com\/#website","url":"https:\/\/fromthemagicalrealm.com\/","name":"from the magical realm","description":"Nat\u016bral\u016bs kristalai","publisher":{"@id":"https:\/\/fromthemagicalrealm.com\/#\/schema\/person\/85dfa5d4809d3b3bf17cfed17108b346"},"potentialAction":[{"@type":"SearchAction","target":{"@type":"EntryPoint","urlTemplate":"https:\/\/fromthemagicalrealm.com\/?s={search_term_string}"},"query-input":"required name=search_term_string"}],"inLanguage":"lt-LT"},{"@type":["Person","Organization"],"@id":"https:\/\/fromthemagicalrealm.com\/#\/schema\/person\/85dfa5d4809d3b3bf17cfed17108b346","name":"fromthemagicalrealm.com","image":{"@type":"ImageObject","inLanguage":"lt-LT","@id":"https:\/\/fromthemagicalrealm.com\/#\/schema\/person\/image\/","url":"https:\/\/fromthemagicalrealm.com\/wp-content\/uploads\/2023\/08\/cropped-cropped-53FE4852-DD1C-43D1-B95F-5E004E5056D9.png","contentUrl":"https:\/\/fromthemagicalrealm.com\/wp-content\/uploads\/2023\/08\/cropped-cropped-53FE4852-DD1C-43D1-B95F-5E004E5056D9.png","width":3370,"height":2233,"caption":"fromthemagicalrealm.com"},"logo":{"@id":"https:\/\/fromthemagicalrealm.com\/#\/schema\/person\/image\/"},"sameAs":["http:\/\/fromthemagicalrealm.com","https:\/\/www.facebook.com\/fromthemagicalrealm","https:\/\/www.instagram.com\/fromthemagicalrealm\/"]}]}},"_links":{"self":[{"href":"https:\/\/fromthemagicalrealm.com\/index.php\/wp-json\/wp\/v2\/product\/3419","targetHints":{"allow":["GET"]}}],"collection":[{"href":"https:\/\/fromthemagicalrealm.com\/index.php\/wp-json\/wp\/v2\/product"}],"about":[{"href":"https:\/\/fromthemagicalrealm.com\/index.php\/wp-json\/wp\/v2\/types\/product"}],"version-history":[{"count":1,"href":"https:\/\/fromthemagicalrealm.com\/index.php\/wp-json\/wp\/v2\/product\/3419\/revisions"}],"predecessor-version":[{"id":3422,"href":"https:\/\/fromthemagicalrealm.com\/index.php\/wp-json\/wp\/v2\/product\/3419\/revisions\/3422"}],"wp:featuredmedia":[{"embeddable":true,"href":"https:\/\/fromthemagicalrealm.com\/index.php\/wp-json\/wp\/v2\/media\/3420"}],"wp:attachment":[{"href":"https:\/\/fromthemagicalrealm.com\/index.php\/wp-json\/wp\/v2\/media?parent=3419"}],"wp:term":[{"taxonomy":"product_cat","embeddable":true,"href":"https:\/\/fromthemagicalrealm.com\/index.php\/wp-json\/wp\/v2\/product_cat?post=3419"},{"taxonomy":"product_tag","embeddable":true,"href":"https:\/\/fromthemagicalrealm.com\/index.php\/wp-json\/wp\/v2\/product_tag?post=3419"}],"curies":[{"name":"wp","href":"https:\/\/api.w.org\/{rel}","templated":true}]}}