{"id":3445,"date":"2024-04-18T18:32:53","date_gmt":"2024-04-18T18:32:53","guid":{"rendered":"https:\/\/fromthemagicalrealm.com\/?post_type=product&#038;p=3445"},"modified":"2024-04-22T10:49:11","modified_gmt":"2024-04-22T10:49:11","slug":"ziedas-su-turmalinu-3","status":"publish","type":"product","link":"https:\/\/fromthemagicalrealm.com\/index.php\/product\/ziedas-su-turmalinu-3\/","title":{"rendered":"\u017diedas su Turmalinu"},"content":{"rendered":"<p>Dydis reguliuojasi<br \/>\nMetalas: Baltas Varis<\/p>\n","protected":false},"excerpt":{"rendered":"<p class=\"p1\" style=\"text-align: center;\"><span class=\"s1\">Spalvoti Turmalinai <\/span><\/p>\n<p class=\"p1\"><span class=\"s1\">Meil\u0117 \u2022 S\u0117km\u0117 \u2022 Taika<\/span><\/p>\n<p class=\"p1\"><span class=\"s1\">Turmalinai \u017einomi kaip meil\u0117s, susitaikymo, taikos akmenys, skatinantys u\u017euojaut\u0105 ir ram\u0173 m\u0105stym\u0105. Jo energija gydo draugystes, pritraukia s\u0117km\u0119 ir gaus\u0105, \u012f\u017eemina. Kiekviena Turmalino spalva turi skirting\u0105 energetik\u0105. <\/span><\/p>\n<p class=\"p1\"><span class=\"s1\">\u017dalias Turmalinas (Verdelitas) padeda pagydyti \u0161ird\u012f ir pa\u0161alinti neigiamas mintis. Skatina b\u016bti stipriems, nepal\u016b\u017eti. Ne\u0161a s\u0117km\u0119 ir gaus\u0105, padeda vykti teigiamoms transformacijoms gyvenime. Pad\u0117da atsikratyti baimi\u0173 ir suvar\u017eym\u0173. Gali b\u016bti naudingams \u017emon\u0117ms, kurie kovoja su depresijos ir nerimo sutrikimais.<\/span><\/p>\n<p class=\"p1\"><span class=\"s1\">Raudonas Turmalinas (Rubelitas) skleid\u017eia meil\u0117s, gyvybingumo, stipryb\u0117s, d\u017eiaugsmo energij\u0105. \u012egalina tapti savo meil\u0117s \u0161altiniui, parodo kasdienio r\u016bpinimosi ir myl\u0117jimo sav\u0119s svarb\u0105, padeda sukurti teigiamus \u012fpro\u010dius ir paleisti tai kas Jums nebetarnauja. Skatina geb\u0117jim\u0105 myl\u0117ti save bei aplinkinius. Padeda atgaivinti aistr\u0105 santykiuose ir veikloje, k\u016brybi\u0161kum\u0105, seksualum\u0105.<\/span><\/p>\n<p class=\"p1\"><span class=\"s1\">M\u0117lynas Turmalinas (Indigolitas) atveria suvokimo duris, sustiprina intuicij\u0105 ir vidin\u012f reg\u0117jim\u0105, tai padeda gilesniam bendravimui ir suteikia dr\u0105sos i\u0161sakyti savo ties\u0105. Skatina savirealizacij\u0105 ir pasitik\u0117jim\u0105 savimi, realius norus, padeda i\u0161silaisvinti i\u0161 \u0161abloni\u0161ko m\u0105stymo. Suteikia krypting\u0105 ir ai\u0161k\u0173 m\u0105stym\u0105.<\/span><\/p>\n","protected":false},"featured_media":3437,"template":"","meta":{"site-sidebar-layout":"default","site-content-layout":"default","ast-global-header-display":"","ast-banner-title-visibility":"","ast-main-header-display":"","ast-hfb-above-header-display":"","ast-hfb-below-header-display":"","ast-hfb-mobile-header-display":"","site-post-title":"","ast-breadcrumbs-content":"","ast-featured-img":"","footer-sml-layout":"","theme-transparent-header-meta":"default","adv-header-id-meta":"","stick-header-meta":"","header-above-stick-meta":"","header-main-stick-meta":"","header-below-stick-meta":""},"product_cat":[164,53,48,49],"product_tag":[82,213,214,217,129,216,215],"class_list":{"0":"post-3445","1":"product","2":"type-product","3":"status-publish","4":"has-post-thumbnail","6":"product_cat-auskarai","7":"product_cat-kristalu-papuosalai","8":"product_cat-visi-kristalai-2","9":"product_cat-visi-produktai","10":"product_tag-ametistas","11":"product_tag-ametisto-papuosalai","12":"product_tag-auskarai-su-ametistu","13":"product_tag-ivairiaspalviai-turmalinai","14":"product_tag-kristalu-papuosalai","15":"product_tag-spalvoti-turmalinai","16":"product_tag-turmalinai","17":"desktop-align-center","18":"tablet-align-left","19":"mobile-align-left","21":"first","22":"outofstock","23":"taxable","24":"shipping-taxable","25":"purchasable","26":"product-type-simple"},"yoast_head":"<!-- This site is optimized with the Yoast SEO plugin v20.13 - https:\/\/yoast.com\/wordpress\/plugins\/seo\/ -->\n<title>\u017diedas su Turmalinu &bull; from the magical realm<\/title>\n<meta name=\"description\" content=\"Auk\u0161tos kokyb\u0117s \u017eiedas su spalvotais Turmalinais, metalas baltas varis\" \/>\n<meta name=\"robots\" content=\"index, follow, max-snippet:-1, max-image-preview:large, max-video-preview:-1\" \/>\n<link rel=\"canonical\" href=\"https:\/\/fromthemagicalrealm.com\/index.php\/product\/ziedas-su-turmalinu-3\/\" \/>\n<meta property=\"og:locale\" content=\"lt_LT\" \/>\n<meta property=\"og:type\" content=\"article\" \/>\n<meta property=\"og:title\" content=\"\u017diedas su Turmalinu &bull; from the magical realm\" \/>\n<meta property=\"og:description\" content=\"Auk\u0161tos kokyb\u0117s \u017eiedas su spalvotais Turmalinais, metalas baltas varis\" \/>\n<meta property=\"og:url\" content=\"https:\/\/fromthemagicalrealm.com\/index.php\/product\/ziedas-su-turmalinu-3\/\" \/>\n<meta property=\"og:site_name\" content=\"from the magical realm\" \/>\n<meta property=\"article:publisher\" content=\"https:\/\/www.facebook.com\/fromthemagicalrealm\" \/>\n<meta property=\"article:modified_time\" content=\"2024-04-22T10:49:11+00:00\" \/>\n<meta property=\"og:image\" content=\"http:\/\/fromthemagicalrealm.com\/wp-content\/uploads\/2024\/04\/242357D4-C8A1-47A0-8C7F-391CDDEAC620-scaled.jpeg\" \/>\n\t<meta property=\"og:image:width\" content=\"2148\" \/>\n\t<meta property=\"og:image:height\" content=\"2560\" \/>\n\t<meta property=\"og:image:type\" content=\"image\/jpeg\" \/>\n<meta name=\"twitter:card\" content=\"summary_large_image\" \/>\n<meta name=\"twitter:label1\" content=\"Est. reading time\" \/>\n\t<meta name=\"twitter:data1\" content=\"1 minut\u0117\" \/>\n<script type=\"application\/ld+json\" class=\"yoast-schema-graph\">{\"@context\":\"https:\/\/schema.org\",\"@graph\":[{\"@type\":\"WebPage\",\"@id\":\"https:\/\/fromthemagicalrealm.com\/index.php\/product\/ziedas-su-turmalinu-3\/\",\"url\":\"https:\/\/fromthemagicalrealm.com\/index.php\/product\/ziedas-su-turmalinu-3\/\",\"name\":\"\u017diedas su Turmalinu &bull; from the magical realm\",\"isPartOf\":{\"@id\":\"https:\/\/fromthemagicalrealm.com\/#website\"},\"datePublished\":\"2024-04-18T18:32:53+00:00\",\"dateModified\":\"2024-04-22T10:49:11+00:00\",\"description\":\"Auk\u0161tos kokyb\u0117s \u017eiedas su spalvotais Turmalinais, metalas baltas varis\",\"breadcrumb\":{\"@id\":\"https:\/\/fromthemagicalrealm.com\/index.php\/product\/ziedas-su-turmalinu-3\/#breadcrumb\"},\"inLanguage\":\"lt-LT\",\"potentialAction\":[{\"@type\":\"ReadAction\",\"target\":[\"https:\/\/fromthemagicalrealm.com\/index.php\/product\/ziedas-su-turmalinu-3\/\"]}]},{\"@type\":\"BreadcrumbList\",\"@id\":\"https:\/\/fromthemagicalrealm.com\/index.php\/product\/ziedas-su-turmalinu-3\/#breadcrumb\",\"itemListElement\":[{\"@type\":\"ListItem\",\"position\":1,\"name\":\"Home\",\"item\":\"https:\/\/fromthemagicalrealm.com\/\"},{\"@type\":\"ListItem\",\"position\":2,\"name\":\"Shop\",\"item\":\"https:\/\/fromthemagicalrealm.com\/index.php\/shop\/\"},{\"@type\":\"ListItem\",\"position\":3,\"name\":\"\u017diedas su Turmalinu\"}]},{\"@type\":\"WebSite\",\"@id\":\"https:\/\/fromthemagicalrealm.com\/#website\",\"url\":\"https:\/\/fromthemagicalrealm.com\/\",\"name\":\"from the magical realm\",\"description\":\"Nat\u016bral\u016bs kristalai\",\"publisher\":{\"@id\":\"https:\/\/fromthemagicalrealm.com\/#\/schema\/person\/85dfa5d4809d3b3bf17cfed17108b346\"},\"potentialAction\":[{\"@type\":\"SearchAction\",\"target\":{\"@type\":\"EntryPoint\",\"urlTemplate\":\"https:\/\/fromthemagicalrealm.com\/?s={search_term_string}\"},\"query-input\":\"required name=search_term_string\"}],\"inLanguage\":\"lt-LT\"},{\"@type\":[\"Person\",\"Organization\"],\"@id\":\"https:\/\/fromthemagicalrealm.com\/#\/schema\/person\/85dfa5d4809d3b3bf17cfed17108b346\",\"name\":\"fromthemagicalrealm.com\",\"image\":{\"@type\":\"ImageObject\",\"inLanguage\":\"lt-LT\",\"@id\":\"https:\/\/fromthemagicalrealm.com\/#\/schema\/person\/image\/\",\"url\":\"https:\/\/fromthemagicalrealm.com\/wp-content\/uploads\/2023\/08\/cropped-cropped-53FE4852-DD1C-43D1-B95F-5E004E5056D9.png\",\"contentUrl\":\"https:\/\/fromthemagicalrealm.com\/wp-content\/uploads\/2023\/08\/cropped-cropped-53FE4852-DD1C-43D1-B95F-5E004E5056D9.png\",\"width\":3370,\"height\":2233,\"caption\":\"fromthemagicalrealm.com\"},\"logo\":{\"@id\":\"https:\/\/fromthemagicalrealm.com\/#\/schema\/person\/image\/\"},\"sameAs\":[\"http:\/\/fromthemagicalrealm.com\",\"https:\/\/www.facebook.com\/fromthemagicalrealm\",\"https:\/\/www.instagram.com\/fromthemagicalrealm\/\"]}]}<\/script>\n<!-- \/ Yoast SEO plugin. -->","yoast_head_json":{"title":"\u017diedas su Turmalinu &bull; from the magical realm","description":"Auk\u0161tos kokyb\u0117s \u017eiedas su spalvotais Turmalinais, metalas baltas varis","robots":{"index":"index","follow":"follow","max-snippet":"max-snippet:-1","max-image-preview":"max-image-preview:large","max-video-preview":"max-video-preview:-1"},"canonical":"https:\/\/fromthemagicalrealm.com\/index.php\/product\/ziedas-su-turmalinu-3\/","og_locale":"lt_LT","og_type":"article","og_title":"\u017diedas su Turmalinu &bull; from the magical realm","og_description":"Auk\u0161tos kokyb\u0117s \u017eiedas su spalvotais Turmalinais, metalas baltas varis","og_url":"https:\/\/fromthemagicalrealm.com\/index.php\/product\/ziedas-su-turmalinu-3\/","og_site_name":"from the magical realm","article_publisher":"https:\/\/www.facebook.com\/fromthemagicalrealm","article_modified_time":"2024-04-22T10:49:11+00:00","og_image":[{"width":2148,"height":2560,"url":"http:\/\/fromthemagicalrealm.com\/wp-content\/uploads\/2024\/04\/242357D4-C8A1-47A0-8C7F-391CDDEAC620-scaled.jpeg","type":"image\/jpeg"}],"twitter_card":"summary_large_image","twitter_misc":{"Est. reading time":"1 minut\u0117"},"schema":{"@context":"https:\/\/schema.org","@graph":[{"@type":"WebPage","@id":"https:\/\/fromthemagicalrealm.com\/index.php\/product\/ziedas-su-turmalinu-3\/","url":"https:\/\/fromthemagicalrealm.com\/index.php\/product\/ziedas-su-turmalinu-3\/","name":"\u017diedas su Turmalinu &bull; from the magical realm","isPartOf":{"@id":"https:\/\/fromthemagicalrealm.com\/#website"},"datePublished":"2024-04-18T18:32:53+00:00","dateModified":"2024-04-22T10:49:11+00:00","description":"Auk\u0161tos kokyb\u0117s \u017eiedas su spalvotais Turmalinais, metalas baltas varis","breadcrumb":{"@id":"https:\/\/fromthemagicalrealm.com\/index.php\/product\/ziedas-su-turmalinu-3\/#breadcrumb"},"inLanguage":"lt-LT","potentialAction":[{"@type":"ReadAction","target":["https:\/\/fromthemagicalrealm.com\/index.php\/product\/ziedas-su-turmalinu-3\/"]}]},{"@type":"BreadcrumbList","@id":"https:\/\/fromthemagicalrealm.com\/index.php\/product\/ziedas-su-turmalinu-3\/#breadcrumb","itemListElement":[{"@type":"ListItem","position":1,"name":"Home","item":"https:\/\/fromthemagicalrealm.com\/"},{"@type":"ListItem","position":2,"name":"Shop","item":"https:\/\/fromthemagicalrealm.com\/index.php\/shop\/"},{"@type":"ListItem","position":3,"name":"\u017diedas su Turmalinu"}]},{"@type":"WebSite","@id":"https:\/\/fromthemagicalrealm.com\/#website","url":"https:\/\/fromthemagicalrealm.com\/","name":"from the magical realm","description":"Nat\u016bral\u016bs kristalai","publisher":{"@id":"https:\/\/fromthemagicalrealm.com\/#\/schema\/person\/85dfa5d4809d3b3bf17cfed17108b346"},"potentialAction":[{"@type":"SearchAction","target":{"@type":"EntryPoint","urlTemplate":"https:\/\/fromthemagicalrealm.com\/?s={search_term_string}"},"query-input":"required name=search_term_string"}],"inLanguage":"lt-LT"},{"@type":["Person","Organization"],"@id":"https:\/\/fromthemagicalrealm.com\/#\/schema\/person\/85dfa5d4809d3b3bf17cfed17108b346","name":"fromthemagicalrealm.com","image":{"@type":"ImageObject","inLanguage":"lt-LT","@id":"https:\/\/fromthemagicalrealm.com\/#\/schema\/person\/image\/","url":"https:\/\/fromthemagicalrealm.com\/wp-content\/uploads\/2023\/08\/cropped-cropped-53FE4852-DD1C-43D1-B95F-5E004E5056D9.png","contentUrl":"https:\/\/fromthemagicalrealm.com\/wp-content\/uploads\/2023\/08\/cropped-cropped-53FE4852-DD1C-43D1-B95F-5E004E5056D9.png","width":3370,"height":2233,"caption":"fromthemagicalrealm.com"},"logo":{"@id":"https:\/\/fromthemagicalrealm.com\/#\/schema\/person\/image\/"},"sameAs":["http:\/\/fromthemagicalrealm.com","https:\/\/www.facebook.com\/fromthemagicalrealm","https:\/\/www.instagram.com\/fromthemagicalrealm\/"]}]}},"_links":{"self":[{"href":"https:\/\/fromthemagicalrealm.com\/index.php\/wp-json\/wp\/v2\/product\/3445","targetHints":{"allow":["GET"]}}],"collection":[{"href":"https:\/\/fromthemagicalrealm.com\/index.php\/wp-json\/wp\/v2\/product"}],"about":[{"href":"https:\/\/fromthemagicalrealm.com\/index.php\/wp-json\/wp\/v2\/types\/product"}],"version-history":[{"count":2,"href":"https:\/\/fromthemagicalrealm.com\/index.php\/wp-json\/wp\/v2\/product\/3445\/revisions"}],"predecessor-version":[{"id":3447,"href":"https:\/\/fromthemagicalrealm.com\/index.php\/wp-json\/wp\/v2\/product\/3445\/revisions\/3447"}],"wp:featuredmedia":[{"embeddable":true,"href":"https:\/\/fromthemagicalrealm.com\/index.php\/wp-json\/wp\/v2\/media\/3437"}],"wp:attachment":[{"href":"https:\/\/fromthemagicalrealm.com\/index.php\/wp-json\/wp\/v2\/media?parent=3445"}],"wp:term":[{"taxonomy":"product_cat","embeddable":true,"href":"https:\/\/fromthemagicalrealm.com\/index.php\/wp-json\/wp\/v2\/product_cat?post=3445"},{"taxonomy":"product_tag","embeddable":true,"href":"https:\/\/fromthemagicalrealm.com\/index.php\/wp-json\/wp\/v2\/product_tag?post=3445"}],"curies":[{"name":"wp","href":"https:\/\/api.w.org\/{rel}","templated":true}]}}