{"id":3539,"date":"2024-05-15T18:01:25","date_gmt":"2024-05-15T18:01:25","guid":{"rendered":"https:\/\/fromthemagicalrealm.com\/?post_type=product&#038;p=3539"},"modified":"2024-05-15T18:34:01","modified_gmt":"2024-05-15T18:34:01","slug":"rubino-karoliai-3mm","status":"publish","type":"product","link":"https:\/\/fromthemagicalrealm.com\/index.php\/product\/rubino-karoliai-3mm\/","title":{"rendered":"Rubino karoliai, 3mm"},"content":{"rendered":"<p>Karoliuk\u0173 skersmuo: ~3mm<\/p>\n<p>Visos metalin\u0117s detal\u0117s: Auk\u0161tos kokyb\u0117s sidabras 925<\/p>\n<p>V\u0117rinio ilgis: ~42cm<\/p>\n","protected":false},"excerpt":{"rendered":"<p class=\"p1\"><span class=\"s1\">Rubinas<\/span><\/p>\n<p class=\"p1\"><span class=\"s1\">Stipryb\u0117 \u2022 Aktyvumas \u2022 Aistra<\/span><\/p>\n<p class=\"p1\"><span class=\"s1\">Rubine yra tiek Saul\u0117s, tiek Marso energijos, tod\u0117l viena jo atliekam\u0173 funkcij\u0173 yra chaoso vertim\u0105 prie\u0161ybi\u0173 vienybe \u012fdegant Kosmin\u0117s ugnies kibirk\u0161t\u012f j\u012f ne\u0161iojan\u010diojo \u0161irdyje. <\/span><\/p>\n<p class=\"p1\"><span class=\"s1\">Rubinas Dvasiai suteikia dr\u0105sos, ry\u017eto, valios ir lyderio savybes, skatina rasti savo \u0160vies\u0105 ir \u012fkurti \u0161irdies kibirk\u0161t\u012f, per kuri\u0105 suvokiamas tikrasis Kelias ir Paskirtis.<span class=\"Apple-converted-space\">\u00a0 <\/span>Suaktyvina k\u016brybin\u012f potencial\u0105, gyvenimi\u0161k\u0173 sprendim\u0173 pri\u0117mim\u0105, sielos evoliucij\u0105. Protui suteikia ry\u017eto, aktyv\u0173 veiksm\u0105 ir m\u0105stym\u0105, organizatoriaus sugeb\u0117jimus. <\/span><\/p>\n<p class=\"p1\"><span class=\"s1\">Emocijoms ir psichikai padeda nuo pasyvumo, neigiam\u0173 min\u010di\u0173, depresij\u0173, suteikia impulsyvumo ir aktyv\u0173 seksualum\u0105. <\/span><\/p>\n<blockquote>\n<p class=\"p1\"><span class=\"s1\">Rubinas puikiai tinka lyderiams, pa\u0161auktiesiems, nesvarbu ar pa\u0161aukimas yra dvasin\u0117je sferoje, ar politikoje, karo mene ar \u0161vietime, menuose ar literat\u016broje. Tiems kurie neabejoja ir tiki savo Keliu bei K\u016br\u0117ju, tiems kuri\u0173 mintys ir poelgi\u0173 motyvai tyri, \u017emon\u0117ms kurie susij\u0119 su kit\u0173 \u017emoni\u0173 karma. <\/span><\/p>\n<\/blockquote>\n","protected":false},"featured_media":3540,"template":"","meta":{"site-sidebar-layout":"default","site-content-layout":"default","ast-global-header-display":"","ast-banner-title-visibility":"","ast-main-header-display":"","ast-hfb-above-header-display":"","ast-hfb-below-header-display":"","ast-hfb-mobile-header-display":"","site-post-title":"","ast-breadcrumbs-content":"","ast-featured-img":"","footer-sml-layout":"","theme-transparent-header-meta":"default","adv-header-id-meta":"","stick-header-meta":"","header-above-stick-meta":"","header-main-stick-meta":"","header-below-stick-meta":""},"product_cat":[149,150,53,49],"product_tag":[208,224,225,172,153,230,231,209],"class_list":{"0":"post-3539","1":"product","2":"type-product","3":"status-publish","4":"has-post-thumbnail","6":"product_cat-veriniai","7":"product_cat-veriniai-kristalu-papuosalai","8":"product_cat-kristalu-papuosalai","9":"product_cat-visi-produktai","10":"product_tag-juodasis-turmalinas","11":"product_tag-lazuritas","12":"product_tag-lazurito-verinys","13":"product_tag-naturaliu-akmenuku-papuosalai","14":"product_tag-naturaliu-kristalu-papuosalai","15":"product_tag-rubinas","16":"product_tag-rubino-verinys","17":"product_tag-serlas","18":"desktop-align-center","19":"tablet-align-left","20":"mobile-align-left","22":"first","23":"instock","24":"taxable","25":"shipping-taxable","26":"purchasable","27":"product-type-simple"},"yoast_head":"<!-- This site is optimized with the Yoast SEO plugin v20.13 - https:\/\/yoast.com\/wordpress\/plugins\/seo\/ -->\n<title>Rubino karoliai, 3mm &bull; from the magical realm<\/title>\n<meta name=\"description\" content=\"Rubino v\u0117rinys su saulute, auk\u0161tos kokyb\u0117s akmenukai su sidabrin\u0117mis detal\u0117mis\" \/>\n<meta name=\"robots\" content=\"index, follow, max-snippet:-1, max-image-preview:large, max-video-preview:-1\" \/>\n<link rel=\"canonical\" href=\"https:\/\/fromthemagicalrealm.com\/index.php\/product\/rubino-karoliai-3mm\/\" \/>\n<meta property=\"og:locale\" content=\"lt_LT\" \/>\n<meta property=\"og:type\" content=\"article\" \/>\n<meta property=\"og:title\" content=\"Rubino karoliai, 3mm &bull; from the magical realm\" \/>\n<meta property=\"og:description\" content=\"Rubino v\u0117rinys su saulute, auk\u0161tos kokyb\u0117s akmenukai su sidabrin\u0117mis detal\u0117mis\" \/>\n<meta property=\"og:url\" content=\"https:\/\/fromthemagicalrealm.com\/index.php\/product\/rubino-karoliai-3mm\/\" \/>\n<meta property=\"og:site_name\" content=\"from the magical realm\" \/>\n<meta property=\"article:publisher\" content=\"https:\/\/www.facebook.com\/fromthemagicalrealm\" \/>\n<meta property=\"article:modified_time\" content=\"2024-05-15T18:34:01+00:00\" \/>\n<meta property=\"og:image\" content=\"http:\/\/fromthemagicalrealm.com\/wp-content\/uploads\/2024\/05\/57040001-0806-4E12-8FB5-A7C728179028-scaled.jpeg\" \/>\n\t<meta property=\"og:image:width\" content=\"1920\" \/>\n\t<meta property=\"og:image:height\" content=\"2560\" \/>\n\t<meta property=\"og:image:type\" content=\"image\/jpeg\" \/>\n<meta name=\"twitter:card\" content=\"summary_large_image\" \/>\n<meta name=\"twitter:label1\" content=\"Est. reading time\" \/>\n\t<meta name=\"twitter:data1\" content=\"1 minut\u0117\" \/>\n<script type=\"application\/ld+json\" class=\"yoast-schema-graph\">{\"@context\":\"https:\/\/schema.org\",\"@graph\":[{\"@type\":\"WebPage\",\"@id\":\"https:\/\/fromthemagicalrealm.com\/index.php\/product\/rubino-karoliai-3mm\/\",\"url\":\"https:\/\/fromthemagicalrealm.com\/index.php\/product\/rubino-karoliai-3mm\/\",\"name\":\"Rubino karoliai, 3mm &bull; from the magical realm\",\"isPartOf\":{\"@id\":\"https:\/\/fromthemagicalrealm.com\/#website\"},\"datePublished\":\"2024-05-15T18:01:25+00:00\",\"dateModified\":\"2024-05-15T18:34:01+00:00\",\"description\":\"Rubino v\u0117rinys su saulute, auk\u0161tos kokyb\u0117s akmenukai su sidabrin\u0117mis detal\u0117mis\",\"breadcrumb\":{\"@id\":\"https:\/\/fromthemagicalrealm.com\/index.php\/product\/rubino-karoliai-3mm\/#breadcrumb\"},\"inLanguage\":\"lt-LT\",\"potentialAction\":[{\"@type\":\"ReadAction\",\"target\":[\"https:\/\/fromthemagicalrealm.com\/index.php\/product\/rubino-karoliai-3mm\/\"]}]},{\"@type\":\"BreadcrumbList\",\"@id\":\"https:\/\/fromthemagicalrealm.com\/index.php\/product\/rubino-karoliai-3mm\/#breadcrumb\",\"itemListElement\":[{\"@type\":\"ListItem\",\"position\":1,\"name\":\"Home\",\"item\":\"https:\/\/fromthemagicalrealm.com\/\"},{\"@type\":\"ListItem\",\"position\":2,\"name\":\"Shop\",\"item\":\"https:\/\/fromthemagicalrealm.com\/index.php\/shop\/\"},{\"@type\":\"ListItem\",\"position\":3,\"name\":\"Rubino karoliai, 3mm\"}]},{\"@type\":\"WebSite\",\"@id\":\"https:\/\/fromthemagicalrealm.com\/#website\",\"url\":\"https:\/\/fromthemagicalrealm.com\/\",\"name\":\"from the magical realm\",\"description\":\"Nat\u016bral\u016bs kristalai\",\"publisher\":{\"@id\":\"https:\/\/fromthemagicalrealm.com\/#\/schema\/person\/85dfa5d4809d3b3bf17cfed17108b346\"},\"potentialAction\":[{\"@type\":\"SearchAction\",\"target\":{\"@type\":\"EntryPoint\",\"urlTemplate\":\"https:\/\/fromthemagicalrealm.com\/?s={search_term_string}\"},\"query-input\":\"required name=search_term_string\"}],\"inLanguage\":\"lt-LT\"},{\"@type\":[\"Person\",\"Organization\"],\"@id\":\"https:\/\/fromthemagicalrealm.com\/#\/schema\/person\/85dfa5d4809d3b3bf17cfed17108b346\",\"name\":\"fromthemagicalrealm.com\",\"image\":{\"@type\":\"ImageObject\",\"inLanguage\":\"lt-LT\",\"@id\":\"https:\/\/fromthemagicalrealm.com\/#\/schema\/person\/image\/\",\"url\":\"https:\/\/fromthemagicalrealm.com\/wp-content\/uploads\/2023\/08\/cropped-cropped-53FE4852-DD1C-43D1-B95F-5E004E5056D9.png\",\"contentUrl\":\"https:\/\/fromthemagicalrealm.com\/wp-content\/uploads\/2023\/08\/cropped-cropped-53FE4852-DD1C-43D1-B95F-5E004E5056D9.png\",\"width\":3370,\"height\":2233,\"caption\":\"fromthemagicalrealm.com\"},\"logo\":{\"@id\":\"https:\/\/fromthemagicalrealm.com\/#\/schema\/person\/image\/\"},\"sameAs\":[\"http:\/\/fromthemagicalrealm.com\",\"https:\/\/www.facebook.com\/fromthemagicalrealm\",\"https:\/\/www.instagram.com\/fromthemagicalrealm\/\"]}]}<\/script>\n<!-- \/ Yoast SEO plugin. -->","yoast_head_json":{"title":"Rubino karoliai, 3mm &bull; from the magical realm","description":"Rubino v\u0117rinys su saulute, auk\u0161tos kokyb\u0117s akmenukai su sidabrin\u0117mis detal\u0117mis","robots":{"index":"index","follow":"follow","max-snippet":"max-snippet:-1","max-image-preview":"max-image-preview:large","max-video-preview":"max-video-preview:-1"},"canonical":"https:\/\/fromthemagicalrealm.com\/index.php\/product\/rubino-karoliai-3mm\/","og_locale":"lt_LT","og_type":"article","og_title":"Rubino karoliai, 3mm &bull; from the magical realm","og_description":"Rubino v\u0117rinys su saulute, auk\u0161tos kokyb\u0117s akmenukai su sidabrin\u0117mis detal\u0117mis","og_url":"https:\/\/fromthemagicalrealm.com\/index.php\/product\/rubino-karoliai-3mm\/","og_site_name":"from the magical realm","article_publisher":"https:\/\/www.facebook.com\/fromthemagicalrealm","article_modified_time":"2024-05-15T18:34:01+00:00","og_image":[{"width":1920,"height":2560,"url":"http:\/\/fromthemagicalrealm.com\/wp-content\/uploads\/2024\/05\/57040001-0806-4E12-8FB5-A7C728179028-scaled.jpeg","type":"image\/jpeg"}],"twitter_card":"summary_large_image","twitter_misc":{"Est. reading time":"1 minut\u0117"},"schema":{"@context":"https:\/\/schema.org","@graph":[{"@type":"WebPage","@id":"https:\/\/fromthemagicalrealm.com\/index.php\/product\/rubino-karoliai-3mm\/","url":"https:\/\/fromthemagicalrealm.com\/index.php\/product\/rubino-karoliai-3mm\/","name":"Rubino karoliai, 3mm &bull; from the magical realm","isPartOf":{"@id":"https:\/\/fromthemagicalrealm.com\/#website"},"datePublished":"2024-05-15T18:01:25+00:00","dateModified":"2024-05-15T18:34:01+00:00","description":"Rubino v\u0117rinys su saulute, auk\u0161tos kokyb\u0117s akmenukai su sidabrin\u0117mis detal\u0117mis","breadcrumb":{"@id":"https:\/\/fromthemagicalrealm.com\/index.php\/product\/rubino-karoliai-3mm\/#breadcrumb"},"inLanguage":"lt-LT","potentialAction":[{"@type":"ReadAction","target":["https:\/\/fromthemagicalrealm.com\/index.php\/product\/rubino-karoliai-3mm\/"]}]},{"@type":"BreadcrumbList","@id":"https:\/\/fromthemagicalrealm.com\/index.php\/product\/rubino-karoliai-3mm\/#breadcrumb","itemListElement":[{"@type":"ListItem","position":1,"name":"Home","item":"https:\/\/fromthemagicalrealm.com\/"},{"@type":"ListItem","position":2,"name":"Shop","item":"https:\/\/fromthemagicalrealm.com\/index.php\/shop\/"},{"@type":"ListItem","position":3,"name":"Rubino karoliai, 3mm"}]},{"@type":"WebSite","@id":"https:\/\/fromthemagicalrealm.com\/#website","url":"https:\/\/fromthemagicalrealm.com\/","name":"from the magical realm","description":"Nat\u016bral\u016bs kristalai","publisher":{"@id":"https:\/\/fromthemagicalrealm.com\/#\/schema\/person\/85dfa5d4809d3b3bf17cfed17108b346"},"potentialAction":[{"@type":"SearchAction","target":{"@type":"EntryPoint","urlTemplate":"https:\/\/fromthemagicalrealm.com\/?s={search_term_string}"},"query-input":"required name=search_term_string"}],"inLanguage":"lt-LT"},{"@type":["Person","Organization"],"@id":"https:\/\/fromthemagicalrealm.com\/#\/schema\/person\/85dfa5d4809d3b3bf17cfed17108b346","name":"fromthemagicalrealm.com","image":{"@type":"ImageObject","inLanguage":"lt-LT","@id":"https:\/\/fromthemagicalrealm.com\/#\/schema\/person\/image\/","url":"https:\/\/fromthemagicalrealm.com\/wp-content\/uploads\/2023\/08\/cropped-cropped-53FE4852-DD1C-43D1-B95F-5E004E5056D9.png","contentUrl":"https:\/\/fromthemagicalrealm.com\/wp-content\/uploads\/2023\/08\/cropped-cropped-53FE4852-DD1C-43D1-B95F-5E004E5056D9.png","width":3370,"height":2233,"caption":"fromthemagicalrealm.com"},"logo":{"@id":"https:\/\/fromthemagicalrealm.com\/#\/schema\/person\/image\/"},"sameAs":["http:\/\/fromthemagicalrealm.com","https:\/\/www.facebook.com\/fromthemagicalrealm","https:\/\/www.instagram.com\/fromthemagicalrealm\/"]}]}},"_links":{"self":[{"href":"https:\/\/fromthemagicalrealm.com\/index.php\/wp-json\/wp\/v2\/product\/3539","targetHints":{"allow":["GET"]}}],"collection":[{"href":"https:\/\/fromthemagicalrealm.com\/index.php\/wp-json\/wp\/v2\/product"}],"about":[{"href":"https:\/\/fromthemagicalrealm.com\/index.php\/wp-json\/wp\/v2\/types\/product"}],"version-history":[{"count":2,"href":"https:\/\/fromthemagicalrealm.com\/index.php\/wp-json\/wp\/v2\/product\/3539\/revisions"}],"predecessor-version":[{"id":3543,"href":"https:\/\/fromthemagicalrealm.com\/index.php\/wp-json\/wp\/v2\/product\/3539\/revisions\/3543"}],"wp:featuredmedia":[{"embeddable":true,"href":"https:\/\/fromthemagicalrealm.com\/index.php\/wp-json\/wp\/v2\/media\/3540"}],"wp:attachment":[{"href":"https:\/\/fromthemagicalrealm.com\/index.php\/wp-json\/wp\/v2\/media?parent=3539"}],"wp:term":[{"taxonomy":"product_cat","embeddable":true,"href":"https:\/\/fromthemagicalrealm.com\/index.php\/wp-json\/wp\/v2\/product_cat?post=3539"},{"taxonomy":"product_tag","embeddable":true,"href":"https:\/\/fromthemagicalrealm.com\/index.php\/wp-json\/wp\/v2\/product_tag?post=3539"}],"curies":[{"name":"wp","href":"https:\/\/api.w.org\/{rel}","templated":true}]}}