{"id":3758,"date":"2024-12-16T14:59:32","date_gmt":"2024-12-16T14:59:32","guid":{"rendered":"https:\/\/fromthemagicalrealm.com\/?post_type=product&#038;p=3758"},"modified":"2024-12-16T15:03:14","modified_gmt":"2024-12-16T15:03:14","slug":"ametisto-druza-234kg","status":"publish","type":"product","link":"https:\/\/fromthemagicalrealm.com\/index.php\/product\/ametisto-druza-234kg\/","title":{"rendered":"Ametisto dr\u016bza, 2,34kg"},"content":{"rendered":"<p>Svoris: 2,34kg<\/p>\n<p>Kilm\u0117: Brazilija.<\/p>\n<p>&nbsp;<\/p>\n","protected":false},"excerpt":{"rendered":"<p class=\"p1\"><span class=\"s1\">Ametistas<\/span><\/p>\n<p class=\"p1\"><span class=\"s1\">Ramyb\u0117 \u2022 Harmonija \u2022 Miegas<\/span><\/p>\n<p class=\"p1\"><span class=\"s1\">Ametistas suteikia ramyb\u0119, pusiausvyr\u0105, padeda atsipalaiduoti, susikoncentruoti, transformuoti neigiamas mintis, senas programas ar \u012fpro\u010dius. Pad\u0117s \u017emon\u0117ms, kurie kovoja su priklausomyb\u0117m ir blogais \u012fpro\u010diais. <\/span><\/p>\n<p class=\"p1\"><span class=\"s1\">Ametistas padeda kontroliuoti pykt\u012f, susierzinim\u0105, mentalin\u0119 \u012ftamp\u0105. Stiprina vali\u0105, intuicij\u0105, s\u0105moningum\u0105, atmint\u012f, min\u010di\u0173 ai\u0161kum\u0105. <\/span><\/p>\n<p class=\"p1\"><span class=\"s1\">Taip pat Ametistas gerai \u017einomas kaip sapn\u0173 kristalas, padeda su miegu, apsaugo nuo ko\u0161mar\u0173 ir nuramina stres\u0105.<\/span><\/p>\n<p>&nbsp;<\/p>\n<p>Kilm\u0117: Brazilija<\/p>\n","protected":false},"featured_media":3763,"template":"","meta":{"site-sidebar-layout":"default","site-content-layout":"default","ast-global-header-display":"","ast-banner-title-visibility":"","ast-main-header-display":"","ast-hfb-above-header-display":"","ast-hfb-below-header-display":"","ast-hfb-mobile-header-display":"","site-post-title":"","ast-breadcrumbs-content":"","ast-featured-img":"","footer-sml-layout":"","theme-transparent-header-meta":"default","adv-header-id-meta":"","stick-header-meta":"","header-above-stick-meta":"","header-main-stick-meta":"","header-below-stick-meta":""},"product_cat":[47,42,48,49],"product_tag":[82,104,135,134],"class_list":{"0":"post-3758","1":"product","2":"type-product","3":"status-publish","4":"has-post-thumbnail","6":"product_cat-dideli-kristalai","7":"product_cat-neapdirbti-kristalai-mineralai","8":"product_cat-visi-kristalai-2","9":"product_cat-visi-produktai","10":"product_tag-ametistas","11":"product_tag-ametisto-druza","12":"product_tag-ametisto-geodas","13":"product_tag-didelis-ametistas","14":"desktop-align-center","15":"tablet-align-left","16":"mobile-align-left","18":"first","19":"instock","20":"taxable","21":"shipping-taxable","22":"purchasable","23":"product-type-simple"},"yoast_head":"<!-- This site is optimized with the Yoast SEO plugin v20.13 - https:\/\/yoast.com\/wordpress\/plugins\/seo\/ -->\n<title>Ametisto dr\u016bza, 2,34kg &bull; from the magical realm<\/title>\n<meta name=\"description\" content=\"Ametistas suteikia ramyb\u0119, pusiausvyr\u0105, padeda atsipalaiduoti, susikoncentruoti, transformuoti neigiamas mintis, senas programas ar \u012fpro\u010dius.\" \/>\n<meta name=\"robots\" content=\"index, follow, max-snippet:-1, max-image-preview:large, max-video-preview:-1\" \/>\n<link rel=\"canonical\" href=\"https:\/\/fromthemagicalrealm.com\/index.php\/product\/ametisto-druza-234kg\/\" \/>\n<meta property=\"og:locale\" content=\"lt_LT\" \/>\n<meta property=\"og:type\" content=\"article\" \/>\n<meta property=\"og:title\" content=\"Ametisto dr\u016bza, 2,34kg &bull; from the magical realm\" \/>\n<meta property=\"og:description\" content=\"Ametistas suteikia ramyb\u0119, pusiausvyr\u0105, padeda atsipalaiduoti, susikoncentruoti, transformuoti neigiamas mintis, senas programas ar \u012fpro\u010dius.\" \/>\n<meta property=\"og:url\" content=\"https:\/\/fromthemagicalrealm.com\/index.php\/product\/ametisto-druza-234kg\/\" \/>\n<meta property=\"og:site_name\" content=\"from the magical realm\" \/>\n<meta property=\"article:publisher\" content=\"https:\/\/www.facebook.com\/fromthemagicalrealm\" \/>\n<meta property=\"article:modified_time\" content=\"2024-12-16T15:03:14+00:00\" \/>\n<meta property=\"og:image\" content=\"http:\/\/fromthemagicalrealm.com\/wp-content\/uploads\/2024\/12\/IMG_9324-scaled.jpeg\" \/>\n\t<meta property=\"og:image:width\" content=\"1920\" \/>\n\t<meta property=\"og:image:height\" content=\"2560\" \/>\n\t<meta property=\"og:image:type\" content=\"image\/jpeg\" \/>\n<meta name=\"twitter:card\" content=\"summary_large_image\" \/>\n<meta name=\"twitter:label1\" content=\"Est. reading time\" \/>\n\t<meta name=\"twitter:data1\" content=\"1 minut\u0117\" \/>\n<script type=\"application\/ld+json\" class=\"yoast-schema-graph\">{\"@context\":\"https:\/\/schema.org\",\"@graph\":[{\"@type\":\"WebPage\",\"@id\":\"https:\/\/fromthemagicalrealm.com\/index.php\/product\/ametisto-druza-234kg\/\",\"url\":\"https:\/\/fromthemagicalrealm.com\/index.php\/product\/ametisto-druza-234kg\/\",\"name\":\"Ametisto dr\u016bza, 2,34kg &bull; from the magical realm\",\"isPartOf\":{\"@id\":\"https:\/\/fromthemagicalrealm.com\/#website\"},\"datePublished\":\"2024-12-16T14:59:32+00:00\",\"dateModified\":\"2024-12-16T15:03:14+00:00\",\"description\":\"Ametistas suteikia ramyb\u0119, pusiausvyr\u0105, padeda atsipalaiduoti, susikoncentruoti, transformuoti neigiamas mintis, senas programas ar \u012fpro\u010dius.\",\"breadcrumb\":{\"@id\":\"https:\/\/fromthemagicalrealm.com\/index.php\/product\/ametisto-druza-234kg\/#breadcrumb\"},\"inLanguage\":\"lt-LT\",\"potentialAction\":[{\"@type\":\"ReadAction\",\"target\":[\"https:\/\/fromthemagicalrealm.com\/index.php\/product\/ametisto-druza-234kg\/\"]}]},{\"@type\":\"BreadcrumbList\",\"@id\":\"https:\/\/fromthemagicalrealm.com\/index.php\/product\/ametisto-druza-234kg\/#breadcrumb\",\"itemListElement\":[{\"@type\":\"ListItem\",\"position\":1,\"name\":\"Home\",\"item\":\"https:\/\/fromthemagicalrealm.com\/\"},{\"@type\":\"ListItem\",\"position\":2,\"name\":\"Shop\",\"item\":\"https:\/\/fromthemagicalrealm.com\/index.php\/shop\/\"},{\"@type\":\"ListItem\",\"position\":3,\"name\":\"Ametisto dr\u016bza, 2,34kg\"}]},{\"@type\":\"WebSite\",\"@id\":\"https:\/\/fromthemagicalrealm.com\/#website\",\"url\":\"https:\/\/fromthemagicalrealm.com\/\",\"name\":\"from the magical realm\",\"description\":\"Nat\u016bral\u016bs kristalai\",\"publisher\":{\"@id\":\"https:\/\/fromthemagicalrealm.com\/#\/schema\/person\/85dfa5d4809d3b3bf17cfed17108b346\"},\"potentialAction\":[{\"@type\":\"SearchAction\",\"target\":{\"@type\":\"EntryPoint\",\"urlTemplate\":\"https:\/\/fromthemagicalrealm.com\/?s={search_term_string}\"},\"query-input\":\"required name=search_term_string\"}],\"inLanguage\":\"lt-LT\"},{\"@type\":[\"Person\",\"Organization\"],\"@id\":\"https:\/\/fromthemagicalrealm.com\/#\/schema\/person\/85dfa5d4809d3b3bf17cfed17108b346\",\"name\":\"fromthemagicalrealm.com\",\"image\":{\"@type\":\"ImageObject\",\"inLanguage\":\"lt-LT\",\"@id\":\"https:\/\/fromthemagicalrealm.com\/#\/schema\/person\/image\/\",\"url\":\"https:\/\/fromthemagicalrealm.com\/wp-content\/uploads\/2023\/08\/cropped-cropped-53FE4852-DD1C-43D1-B95F-5E004E5056D9.png\",\"contentUrl\":\"https:\/\/fromthemagicalrealm.com\/wp-content\/uploads\/2023\/08\/cropped-cropped-53FE4852-DD1C-43D1-B95F-5E004E5056D9.png\",\"width\":3370,\"height\":2233,\"caption\":\"fromthemagicalrealm.com\"},\"logo\":{\"@id\":\"https:\/\/fromthemagicalrealm.com\/#\/schema\/person\/image\/\"},\"sameAs\":[\"http:\/\/fromthemagicalrealm.com\",\"https:\/\/www.facebook.com\/fromthemagicalrealm\",\"https:\/\/www.instagram.com\/fromthemagicalrealm\/\"]}]}<\/script>\n<!-- \/ Yoast SEO plugin. -->","yoast_head_json":{"title":"Ametisto dr\u016bza, 2,34kg &bull; from the magical realm","description":"Ametistas suteikia ramyb\u0119, pusiausvyr\u0105, padeda atsipalaiduoti, susikoncentruoti, transformuoti neigiamas mintis, senas programas ar \u012fpro\u010dius.","robots":{"index":"index","follow":"follow","max-snippet":"max-snippet:-1","max-image-preview":"max-image-preview:large","max-video-preview":"max-video-preview:-1"},"canonical":"https:\/\/fromthemagicalrealm.com\/index.php\/product\/ametisto-druza-234kg\/","og_locale":"lt_LT","og_type":"article","og_title":"Ametisto dr\u016bza, 2,34kg &bull; from the magical realm","og_description":"Ametistas suteikia ramyb\u0119, pusiausvyr\u0105, padeda atsipalaiduoti, susikoncentruoti, transformuoti neigiamas mintis, senas programas ar \u012fpro\u010dius.","og_url":"https:\/\/fromthemagicalrealm.com\/index.php\/product\/ametisto-druza-234kg\/","og_site_name":"from the magical realm","article_publisher":"https:\/\/www.facebook.com\/fromthemagicalrealm","article_modified_time":"2024-12-16T15:03:14+00:00","og_image":[{"width":1920,"height":2560,"url":"http:\/\/fromthemagicalrealm.com\/wp-content\/uploads\/2024\/12\/IMG_9324-scaled.jpeg","type":"image\/jpeg"}],"twitter_card":"summary_large_image","twitter_misc":{"Est. reading time":"1 minut\u0117"},"schema":{"@context":"https:\/\/schema.org","@graph":[{"@type":"WebPage","@id":"https:\/\/fromthemagicalrealm.com\/index.php\/product\/ametisto-druza-234kg\/","url":"https:\/\/fromthemagicalrealm.com\/index.php\/product\/ametisto-druza-234kg\/","name":"Ametisto dr\u016bza, 2,34kg &bull; from the magical realm","isPartOf":{"@id":"https:\/\/fromthemagicalrealm.com\/#website"},"datePublished":"2024-12-16T14:59:32+00:00","dateModified":"2024-12-16T15:03:14+00:00","description":"Ametistas suteikia ramyb\u0119, pusiausvyr\u0105, padeda atsipalaiduoti, susikoncentruoti, transformuoti neigiamas mintis, senas programas ar \u012fpro\u010dius.","breadcrumb":{"@id":"https:\/\/fromthemagicalrealm.com\/index.php\/product\/ametisto-druza-234kg\/#breadcrumb"},"inLanguage":"lt-LT","potentialAction":[{"@type":"ReadAction","target":["https:\/\/fromthemagicalrealm.com\/index.php\/product\/ametisto-druza-234kg\/"]}]},{"@type":"BreadcrumbList","@id":"https:\/\/fromthemagicalrealm.com\/index.php\/product\/ametisto-druza-234kg\/#breadcrumb","itemListElement":[{"@type":"ListItem","position":1,"name":"Home","item":"https:\/\/fromthemagicalrealm.com\/"},{"@type":"ListItem","position":2,"name":"Shop","item":"https:\/\/fromthemagicalrealm.com\/index.php\/shop\/"},{"@type":"ListItem","position":3,"name":"Ametisto dr\u016bza, 2,34kg"}]},{"@type":"WebSite","@id":"https:\/\/fromthemagicalrealm.com\/#website","url":"https:\/\/fromthemagicalrealm.com\/","name":"from the magical realm","description":"Nat\u016bral\u016bs kristalai","publisher":{"@id":"https:\/\/fromthemagicalrealm.com\/#\/schema\/person\/85dfa5d4809d3b3bf17cfed17108b346"},"potentialAction":[{"@type":"SearchAction","target":{"@type":"EntryPoint","urlTemplate":"https:\/\/fromthemagicalrealm.com\/?s={search_term_string}"},"query-input":"required name=search_term_string"}],"inLanguage":"lt-LT"},{"@type":["Person","Organization"],"@id":"https:\/\/fromthemagicalrealm.com\/#\/schema\/person\/85dfa5d4809d3b3bf17cfed17108b346","name":"fromthemagicalrealm.com","image":{"@type":"ImageObject","inLanguage":"lt-LT","@id":"https:\/\/fromthemagicalrealm.com\/#\/schema\/person\/image\/","url":"https:\/\/fromthemagicalrealm.com\/wp-content\/uploads\/2023\/08\/cropped-cropped-53FE4852-DD1C-43D1-B95F-5E004E5056D9.png","contentUrl":"https:\/\/fromthemagicalrealm.com\/wp-content\/uploads\/2023\/08\/cropped-cropped-53FE4852-DD1C-43D1-B95F-5E004E5056D9.png","width":3370,"height":2233,"caption":"fromthemagicalrealm.com"},"logo":{"@id":"https:\/\/fromthemagicalrealm.com\/#\/schema\/person\/image\/"},"sameAs":["http:\/\/fromthemagicalrealm.com","https:\/\/www.facebook.com\/fromthemagicalrealm","https:\/\/www.instagram.com\/fromthemagicalrealm\/"]}]}},"_links":{"self":[{"href":"https:\/\/fromthemagicalrealm.com\/index.php\/wp-json\/wp\/v2\/product\/3758","targetHints":{"allow":["GET"]}}],"collection":[{"href":"https:\/\/fromthemagicalrealm.com\/index.php\/wp-json\/wp\/v2\/product"}],"about":[{"href":"https:\/\/fromthemagicalrealm.com\/index.php\/wp-json\/wp\/v2\/types\/product"}],"version-history":[{"count":1,"href":"https:\/\/fromthemagicalrealm.com\/index.php\/wp-json\/wp\/v2\/product\/3758\/revisions"}],"predecessor-version":[{"id":3764,"href":"https:\/\/fromthemagicalrealm.com\/index.php\/wp-json\/wp\/v2\/product\/3758\/revisions\/3764"}],"wp:featuredmedia":[{"embeddable":true,"href":"https:\/\/fromthemagicalrealm.com\/index.php\/wp-json\/wp\/v2\/media\/3763"}],"wp:attachment":[{"href":"https:\/\/fromthemagicalrealm.com\/index.php\/wp-json\/wp\/v2\/media?parent=3758"}],"wp:term":[{"taxonomy":"product_cat","embeddable":true,"href":"https:\/\/fromthemagicalrealm.com\/index.php\/wp-json\/wp\/v2\/product_cat?post=3758"},{"taxonomy":"product_tag","embeddable":true,"href":"https:\/\/fromthemagicalrealm.com\/index.php\/wp-json\/wp\/v2\/product_tag?post=3758"}],"curies":[{"name":"wp","href":"https:\/\/api.w.org\/{rel}","templated":true}]}}