{"id":3853,"date":"2024-12-23T13:24:30","date_gmt":"2024-12-23T13:24:30","guid":{"rendered":"https:\/\/fromthemagicalrealm.com\/?post_type=product&#038;p=3853"},"modified":"2025-01-09T18:58:58","modified_gmt":"2025-01-09T18:58:58","slug":"kalcito-geodas-abi-puseles-287kg","status":"publish","type":"product","link":"https:\/\/fromthemagicalrealm.com\/index.php\/product\/kalcito-geodas-abi-puseles-287kg\/","title":{"rendered":"Kalcito Geodas, abi pusel\u0117s, 2,87kg."},"content":{"rendered":"<p style=\"text-align: left;\">Svoris: 2,87kg.<\/p>\n<p style=\"text-align: left;\">Kilm\u0117: Marokas.<\/p>\n","protected":false},"excerpt":{"rendered":"<p class=\"p1\"><span class=\"s1\">Kalcitas<\/span><\/p>\n<p class=\"p1\"><span class=\"s1\">Savirealizacija \u2022 Motyvacija \u2022 Pasitik\u0117jimas <\/span><\/p>\n<p class=\"p1\"><span class=\"s1\">Kalcitas padeda atrasti save, \u012fgyvendinti id\u0117jas is svajones. Skatina stabilum\u0105, vidin\u0119 tvirtyb\u0119, pasitik\u0117jim\u0105 savimi. Pad\u0117s kuo skland\u017eiau i\u0161spr\u0119sti kilusias problemas ir motyvuos toliau siekti tikslo. <\/span><\/p>\n<p class=\"p1\"><span class=\"s1\">Kalcitas pad\u0117s atpa\u017einti savo vidin\u012f potencial\u0105 , elgesio motyvus atpa\u017einti ir pripa\u017einti, pad\u0117s su k\u016brybin\u0117mis id\u0117jomis. <\/span><\/p>\n<p class=\"p1\"><span class=\"s1\">Subalansuos In (moteri\u0161k\u0105) ir Jan ( vyri\u0161k\u0105) energijas. Puikiai tiks aplinkos apvalymui, energijos lauko stiprinimui, pasid\u0117jus namuose, i\u0161valys blogas energijas, subalansuos ir skleis ramyb\u0119. <\/span><\/p>\n","protected":false},"featured_media":3851,"template":"","meta":{"site-sidebar-layout":"default","site-content-layout":"default","ast-global-header-display":"","ast-banner-title-visibility":"","ast-main-header-display":"","ast-hfb-above-header-display":"","ast-hfb-below-header-display":"","ast-hfb-mobile-header-display":"","site-post-title":"","ast-breadcrumbs-content":"","ast-featured-img":"","footer-sml-layout":"","theme-transparent-header-meta":"default","adv-header-id-meta":"","stick-header-meta":"","header-above-stick-meta":"","header-main-stick-meta":"","header-below-stick-meta":""},"product_cat":[47,42,48,49],"product_tag":[274,273,275],"class_list":{"0":"post-3853","1":"product","2":"type-product","3":"status-publish","4":"has-post-thumbnail","6":"product_cat-dideli-kristalai","7":"product_cat-neapdirbti-kristalai-mineralai","8":"product_cat-visi-kristalai-2","9":"product_cat-visi-produktai","10":"product_tag-kalcitas","11":"product_tag-kalcito-geodas","12":"product_tag-maroko-kalcitas","13":"desktop-align-center","14":"tablet-align-left","15":"mobile-align-left","17":"first","18":"outofstock","19":"taxable","20":"shipping-taxable","21":"purchasable","22":"product-type-simple"},"yoast_head":"<!-- This site is optimized with the Yoast SEO plugin v20.13 - https:\/\/yoast.com\/wordpress\/plugins\/seo\/ -->\n<title>Kalcito Geodas, abi pusel\u0117s, 2,87kg. &bull; from the magical realm<\/title>\n<meta name=\"description\" content=\"Kalcitas padeda atrasti save, \u012fgyvendinti id\u0117jas is svajones. Skatina stabilum\u0105, vidin\u0119 tvirtyb\u0119, pasitik\u0117jim\u0105 savimi. Pad\u0117s\u2026\" \/>\n<meta name=\"robots\" content=\"index, follow, max-snippet:-1, max-image-preview:large, max-video-preview:-1\" \/>\n<link rel=\"canonical\" href=\"https:\/\/fromthemagicalrealm.com\/index.php\/product\/kalcito-geodas-abi-puseles-287kg\/\" \/>\n<meta property=\"og:locale\" content=\"lt_LT\" \/>\n<meta property=\"og:type\" content=\"article\" \/>\n<meta property=\"og:title\" content=\"Kalcito Geodas, abi pusel\u0117s, 2,87kg. &bull; from the magical realm\" \/>\n<meta property=\"og:description\" content=\"Kalcitas padeda atrasti save, \u012fgyvendinti id\u0117jas is svajones. Skatina stabilum\u0105, vidin\u0119 tvirtyb\u0119, pasitik\u0117jim\u0105 savimi. Pad\u0117s\u2026\" \/>\n<meta property=\"og:url\" content=\"https:\/\/fromthemagicalrealm.com\/index.php\/product\/kalcito-geodas-abi-puseles-287kg\/\" \/>\n<meta property=\"og:site_name\" content=\"from the magical realm\" \/>\n<meta property=\"article:publisher\" content=\"https:\/\/www.facebook.com\/fromthemagicalrealm\" \/>\n<meta property=\"article:modified_time\" content=\"2025-01-09T18:58:58+00:00\" \/>\n<meta property=\"og:image\" content=\"http:\/\/fromthemagicalrealm.com\/wp-content\/uploads\/2024\/12\/IMG_9585-scaled.jpeg\" \/>\n\t<meta property=\"og:image:width\" content=\"2560\" \/>\n\t<meta property=\"og:image:height\" content=\"1920\" \/>\n\t<meta property=\"og:image:type\" content=\"image\/jpeg\" \/>\n<meta name=\"twitter:card\" content=\"summary_large_image\" \/>\n<meta name=\"twitter:label1\" content=\"Est. reading time\" \/>\n\t<meta name=\"twitter:data1\" content=\"1 minut\u0117\" \/>\n<script type=\"application\/ld+json\" class=\"yoast-schema-graph\">{\"@context\":\"https:\/\/schema.org\",\"@graph\":[{\"@type\":\"WebPage\",\"@id\":\"https:\/\/fromthemagicalrealm.com\/index.php\/product\/kalcito-geodas-abi-puseles-287kg\/\",\"url\":\"https:\/\/fromthemagicalrealm.com\/index.php\/product\/kalcito-geodas-abi-puseles-287kg\/\",\"name\":\"Kalcito Geodas, abi pusel\u0117s, 2,87kg. &bull; from the magical realm\",\"isPartOf\":{\"@id\":\"https:\/\/fromthemagicalrealm.com\/#website\"},\"datePublished\":\"2024-12-23T13:24:30+00:00\",\"dateModified\":\"2025-01-09T18:58:58+00:00\",\"description\":\"Kalcitas padeda atrasti save, \u012fgyvendinti id\u0117jas is svajones. Skatina stabilum\u0105, vidin\u0119 tvirtyb\u0119, pasitik\u0117jim\u0105 savimi. Pad\u0117s\u2026\",\"breadcrumb\":{\"@id\":\"https:\/\/fromthemagicalrealm.com\/index.php\/product\/kalcito-geodas-abi-puseles-287kg\/#breadcrumb\"},\"inLanguage\":\"lt-LT\",\"potentialAction\":[{\"@type\":\"ReadAction\",\"target\":[\"https:\/\/fromthemagicalrealm.com\/index.php\/product\/kalcito-geodas-abi-puseles-287kg\/\"]}]},{\"@type\":\"BreadcrumbList\",\"@id\":\"https:\/\/fromthemagicalrealm.com\/index.php\/product\/kalcito-geodas-abi-puseles-287kg\/#breadcrumb\",\"itemListElement\":[{\"@type\":\"ListItem\",\"position\":1,\"name\":\"Home\",\"item\":\"https:\/\/fromthemagicalrealm.com\/\"},{\"@type\":\"ListItem\",\"position\":2,\"name\":\"Shop\",\"item\":\"https:\/\/fromthemagicalrealm.com\/index.php\/shop\/\"},{\"@type\":\"ListItem\",\"position\":3,\"name\":\"Kalcito Geodas, abi pusel\u0117s, 2,87kg.\"}]},{\"@type\":\"WebSite\",\"@id\":\"https:\/\/fromthemagicalrealm.com\/#website\",\"url\":\"https:\/\/fromthemagicalrealm.com\/\",\"name\":\"from the magical realm\",\"description\":\"Nat\u016bral\u016bs kristalai\",\"publisher\":{\"@id\":\"https:\/\/fromthemagicalrealm.com\/#\/schema\/person\/85dfa5d4809d3b3bf17cfed17108b346\"},\"potentialAction\":[{\"@type\":\"SearchAction\",\"target\":{\"@type\":\"EntryPoint\",\"urlTemplate\":\"https:\/\/fromthemagicalrealm.com\/?s={search_term_string}\"},\"query-input\":\"required name=search_term_string\"}],\"inLanguage\":\"lt-LT\"},{\"@type\":[\"Person\",\"Organization\"],\"@id\":\"https:\/\/fromthemagicalrealm.com\/#\/schema\/person\/85dfa5d4809d3b3bf17cfed17108b346\",\"name\":\"fromthemagicalrealm.com\",\"image\":{\"@type\":\"ImageObject\",\"inLanguage\":\"lt-LT\",\"@id\":\"https:\/\/fromthemagicalrealm.com\/#\/schema\/person\/image\/\",\"url\":\"https:\/\/fromthemagicalrealm.com\/wp-content\/uploads\/2023\/08\/cropped-cropped-53FE4852-DD1C-43D1-B95F-5E004E5056D9.png\",\"contentUrl\":\"https:\/\/fromthemagicalrealm.com\/wp-content\/uploads\/2023\/08\/cropped-cropped-53FE4852-DD1C-43D1-B95F-5E004E5056D9.png\",\"width\":3370,\"height\":2233,\"caption\":\"fromthemagicalrealm.com\"},\"logo\":{\"@id\":\"https:\/\/fromthemagicalrealm.com\/#\/schema\/person\/image\/\"},\"sameAs\":[\"http:\/\/fromthemagicalrealm.com\",\"https:\/\/www.facebook.com\/fromthemagicalrealm\",\"https:\/\/www.instagram.com\/fromthemagicalrealm\/\"]}]}<\/script>\n<!-- \/ Yoast SEO plugin. -->","yoast_head_json":{"title":"Kalcito Geodas, abi pusel\u0117s, 2,87kg. &bull; from the magical realm","description":"Kalcitas padeda atrasti save, \u012fgyvendinti id\u0117jas is svajones. Skatina stabilum\u0105, vidin\u0119 tvirtyb\u0119, pasitik\u0117jim\u0105 savimi. Pad\u0117s\u2026","robots":{"index":"index","follow":"follow","max-snippet":"max-snippet:-1","max-image-preview":"max-image-preview:large","max-video-preview":"max-video-preview:-1"},"canonical":"https:\/\/fromthemagicalrealm.com\/index.php\/product\/kalcito-geodas-abi-puseles-287kg\/","og_locale":"lt_LT","og_type":"article","og_title":"Kalcito Geodas, abi pusel\u0117s, 2,87kg. &bull; from the magical realm","og_description":"Kalcitas padeda atrasti save, \u012fgyvendinti id\u0117jas is svajones. Skatina stabilum\u0105, vidin\u0119 tvirtyb\u0119, pasitik\u0117jim\u0105 savimi. Pad\u0117s\u2026","og_url":"https:\/\/fromthemagicalrealm.com\/index.php\/product\/kalcito-geodas-abi-puseles-287kg\/","og_site_name":"from the magical realm","article_publisher":"https:\/\/www.facebook.com\/fromthemagicalrealm","article_modified_time":"2025-01-09T18:58:58+00:00","og_image":[{"width":2560,"height":1920,"url":"http:\/\/fromthemagicalrealm.com\/wp-content\/uploads\/2024\/12\/IMG_9585-scaled.jpeg","type":"image\/jpeg"}],"twitter_card":"summary_large_image","twitter_misc":{"Est. reading time":"1 minut\u0117"},"schema":{"@context":"https:\/\/schema.org","@graph":[{"@type":"WebPage","@id":"https:\/\/fromthemagicalrealm.com\/index.php\/product\/kalcito-geodas-abi-puseles-287kg\/","url":"https:\/\/fromthemagicalrealm.com\/index.php\/product\/kalcito-geodas-abi-puseles-287kg\/","name":"Kalcito Geodas, abi pusel\u0117s, 2,87kg. &bull; from the magical realm","isPartOf":{"@id":"https:\/\/fromthemagicalrealm.com\/#website"},"datePublished":"2024-12-23T13:24:30+00:00","dateModified":"2025-01-09T18:58:58+00:00","description":"Kalcitas padeda atrasti save, \u012fgyvendinti id\u0117jas is svajones. Skatina stabilum\u0105, vidin\u0119 tvirtyb\u0119, pasitik\u0117jim\u0105 savimi. Pad\u0117s\u2026","breadcrumb":{"@id":"https:\/\/fromthemagicalrealm.com\/index.php\/product\/kalcito-geodas-abi-puseles-287kg\/#breadcrumb"},"inLanguage":"lt-LT","potentialAction":[{"@type":"ReadAction","target":["https:\/\/fromthemagicalrealm.com\/index.php\/product\/kalcito-geodas-abi-puseles-287kg\/"]}]},{"@type":"BreadcrumbList","@id":"https:\/\/fromthemagicalrealm.com\/index.php\/product\/kalcito-geodas-abi-puseles-287kg\/#breadcrumb","itemListElement":[{"@type":"ListItem","position":1,"name":"Home","item":"https:\/\/fromthemagicalrealm.com\/"},{"@type":"ListItem","position":2,"name":"Shop","item":"https:\/\/fromthemagicalrealm.com\/index.php\/shop\/"},{"@type":"ListItem","position":3,"name":"Kalcito Geodas, abi pusel\u0117s, 2,87kg."}]},{"@type":"WebSite","@id":"https:\/\/fromthemagicalrealm.com\/#website","url":"https:\/\/fromthemagicalrealm.com\/","name":"from the magical realm","description":"Nat\u016bral\u016bs kristalai","publisher":{"@id":"https:\/\/fromthemagicalrealm.com\/#\/schema\/person\/85dfa5d4809d3b3bf17cfed17108b346"},"potentialAction":[{"@type":"SearchAction","target":{"@type":"EntryPoint","urlTemplate":"https:\/\/fromthemagicalrealm.com\/?s={search_term_string}"},"query-input":"required name=search_term_string"}],"inLanguage":"lt-LT"},{"@type":["Person","Organization"],"@id":"https:\/\/fromthemagicalrealm.com\/#\/schema\/person\/85dfa5d4809d3b3bf17cfed17108b346","name":"fromthemagicalrealm.com","image":{"@type":"ImageObject","inLanguage":"lt-LT","@id":"https:\/\/fromthemagicalrealm.com\/#\/schema\/person\/image\/","url":"https:\/\/fromthemagicalrealm.com\/wp-content\/uploads\/2023\/08\/cropped-cropped-53FE4852-DD1C-43D1-B95F-5E004E5056D9.png","contentUrl":"https:\/\/fromthemagicalrealm.com\/wp-content\/uploads\/2023\/08\/cropped-cropped-53FE4852-DD1C-43D1-B95F-5E004E5056D9.png","width":3370,"height":2233,"caption":"fromthemagicalrealm.com"},"logo":{"@id":"https:\/\/fromthemagicalrealm.com\/#\/schema\/person\/image\/"},"sameAs":["http:\/\/fromthemagicalrealm.com","https:\/\/www.facebook.com\/fromthemagicalrealm","https:\/\/www.instagram.com\/fromthemagicalrealm\/"]}]}},"_links":{"self":[{"href":"https:\/\/fromthemagicalrealm.com\/index.php\/wp-json\/wp\/v2\/product\/3853","targetHints":{"allow":["GET"]}}],"collection":[{"href":"https:\/\/fromthemagicalrealm.com\/index.php\/wp-json\/wp\/v2\/product"}],"about":[{"href":"https:\/\/fromthemagicalrealm.com\/index.php\/wp-json\/wp\/v2\/types\/product"}],"version-history":[{"count":1,"href":"https:\/\/fromthemagicalrealm.com\/index.php\/wp-json\/wp\/v2\/product\/3853\/revisions"}],"predecessor-version":[{"id":3854,"href":"https:\/\/fromthemagicalrealm.com\/index.php\/wp-json\/wp\/v2\/product\/3853\/revisions\/3854"}],"wp:featuredmedia":[{"embeddable":true,"href":"https:\/\/fromthemagicalrealm.com\/index.php\/wp-json\/wp\/v2\/media\/3851"}],"wp:attachment":[{"href":"https:\/\/fromthemagicalrealm.com\/index.php\/wp-json\/wp\/v2\/media?parent=3853"}],"wp:term":[{"taxonomy":"product_cat","embeddable":true,"href":"https:\/\/fromthemagicalrealm.com\/index.php\/wp-json\/wp\/v2\/product_cat?post=3853"},{"taxonomy":"product_tag","embeddable":true,"href":"https:\/\/fromthemagicalrealm.com\/index.php\/wp-json\/wp\/v2\/product_tag?post=3853"}],"curies":[{"name":"wp","href":"https:\/\/api.w.org\/{rel}","templated":true}]}}