{"id":3890,"date":"2025-01-10T15:49:04","date_gmt":"2025-01-10T15:49:04","guid":{"rendered":"https:\/\/fromthemagicalrealm.com\/?post_type=product&#038;p=3890"},"modified":"2025-08-20T07:59:42","modified_gmt":"2025-08-20T07:59:42","slug":"selenito-dubenelis-menuliukas-300gr","status":"publish","type":"product","link":"https:\/\/fromthemagicalrealm.com\/index.php\/product\/selenito-dubenelis-menuliukas-300gr\/","title":{"rendered":"Selenito duben\u0117lis m\u0117nuliukas, ~300gr."},"content":{"rendered":"<p>Svoris: ~300gr.<\/p>\n<p>Ilgis: ~12cm<\/p>\n<p>Plotis: ~6cm<\/p>\n<p>Auk\u0161tis: ~3cm.<\/p>\n<p>Kilm\u0117: Marokas.<\/p>\n","protected":false},"excerpt":{"rendered":"<p class=\"p2\"><span class=\"s1\">Selenitas <\/span><\/p>\n<p class=\"p2\"><span class=\"s1\">Transformacija \u2022 Valymas \u2022 Ai\u0161kumas <\/span><\/p>\n<p class=\"p2\"><span class=\"s1\">Pasak istorijos, selenitas yra dangaus gabal\u0117lis, kur\u012f padovanojo graik\u0173 m\u0117nulio deiv\u0117 Selen\u0117. Jo gryna eterin\u0117 \u0161viesa apima k\u016bn\u0105, padidindama vibracij\u0105 ir suaktyvindama kar\u016bnos \u010dakr\u0105. I\u0161pl\u0117sdamas s\u0105moningum\u0105 \u012f auk\u0161tesnes s\u0105mon\u0117s plotmes, selenitas prisiderina prie prane\u0161im\u0173 gavimo i\u0161 tavo angel\u0173 sarg\u0173 ir dvasi\u0173 vadov\u0173.<\/span><\/p>\n<p class=\"p2\"><span class=\"s1\">Nat\u016braliai besiformuojan\u010dias lazdeles hileriai naudoja aurai i\u0161valyti ir neigiamiems subjektams pa\u0161alinti.<\/span><\/p>\n<p class=\"p2\"><span class=\"s1\">Tirpindamas blokus, selenitas nukreipia energijos sraut\u0105 visame k\u016bne, sugr\u0105\u017eindamas emocijas \u012f pusiausvyr\u0105. Jo \u017evilgantis blizgesys primena, kad kartais pakanka naujos perspektyvos, kad pamatytum \u0161vies\u0105.<\/span><\/p>\n<p class=\"p2\"><span class=\"s1\">Ap\u0161viesdami bet koki\u0105 erdv\u0119, laikant selenit\u0105 namuose, sukuriama saugi ir rami aplinka.<\/span><\/p>\n<p class=\"p2\"><span class=\"s1\">Naudojamas kri\u0161tolin\u0117se grotel\u0117se, jis sudaro apsaugin\u012f skyd\u0105, apsaugant\u012f nuo i\u0161orinio poveikio. Jo raminanti vibracija harmonizuojasi su visais kitais akmenimis, sustiprindama ir i\u0161valydama j\u0173 energij\u0105. Selenitas niekada nereikalauja apsivalymo ir turi b\u016bti saugomas nuo kontakto su vandeniu. Selenit\u0105 galima naudoti valant kitus kristalus pad\u0117jus \u0161alia, arba ant Selenito. <\/span><\/p>\n","protected":false},"featured_media":3891,"template":"","meta":{"site-sidebar-layout":"default","site-content-layout":"default","ast-global-header-display":"","ast-banner-title-visibility":"","ast-main-header-display":"","ast-hfb-above-header-display":"","ast-hfb-below-header-display":"","ast-hfb-mobile-header-display":"","site-post-title":"","ast-breadcrumbs-content":"","ast-featured-img":"","footer-sml-layout":"","theme-transparent-header-meta":"default","adv-header-id-meta":"","stick-header-meta":"","header-above-stick-meta":"","header-main-stick-meta":"","header-below-stick-meta":""},"product_cat":[47,41,48,49],"product_tag":[114,269,270,282,272,271,283],"class_list":{"0":"post-3890","1":"product","2":"type-product","3":"status-publish","4":"has-post-thumbnail","6":"product_cat-dideli-kristalai","7":"product_cat-ranku-darbo-padekliukai","8":"product_cat-visi-kristalai-2","9":"product_cat-visi-produktai","10":"product_tag-selenitas","11":"product_tag-selenito-bokstelis","12":"product_tag-selenito-bokstelis-iceberg","13":"product_tag-selenito-dubenelis","14":"product_tag-selenito-lekstute","15":"product_tag-selenito-padekliukas","16":"product_tag-selenito-padekliukas-menulis","17":"desktop-align-center","18":"tablet-align-left","19":"mobile-align-left","21":"first","22":"outofstock","23":"taxable","24":"shipping-taxable","25":"purchasable","26":"product-type-simple"},"yoast_head":"<!-- This site is optimized with the Yoast SEO plugin v20.13 - https:\/\/yoast.com\/wordpress\/plugins\/seo\/ -->\n<title>Selenito duben\u0117lis m\u0117nuliukas, ~300gr. &bull; from the magical realm<\/title>\n<meta name=\"description\" content=\"Pasak istorijos, selenitas yra dangaus gabal\u0117lis, kur\u012f padovanojo graik\u0173 m\u0117nulio deiv\u0117 Selen\u0117. Jo gryna eterin\u0117 \u0161viesa apima k\u016bn\u0105, padidindama vibracij\u0105\" \/>\n<meta name=\"robots\" content=\"index, follow, max-snippet:-1, max-image-preview:large, max-video-preview:-1\" \/>\n<link rel=\"canonical\" href=\"https:\/\/fromthemagicalrealm.com\/index.php\/product\/selenito-dubenelis-menuliukas-300gr\/\" \/>\n<meta property=\"og:locale\" content=\"lt_LT\" \/>\n<meta property=\"og:type\" content=\"article\" \/>\n<meta property=\"og:title\" content=\"Selenito duben\u0117lis m\u0117nuliukas, ~300gr. &bull; from the magical realm\" \/>\n<meta property=\"og:description\" content=\"Pasak istorijos, selenitas yra dangaus gabal\u0117lis, kur\u012f padovanojo graik\u0173 m\u0117nulio deiv\u0117 Selen\u0117. Jo gryna eterin\u0117 \u0161viesa apima k\u016bn\u0105, padidindama vibracij\u0105\" \/>\n<meta property=\"og:url\" content=\"https:\/\/fromthemagicalrealm.com\/index.php\/product\/selenito-dubenelis-menuliukas-300gr\/\" \/>\n<meta property=\"og:site_name\" content=\"from the magical realm\" \/>\n<meta property=\"article:publisher\" content=\"https:\/\/www.facebook.com\/fromthemagicalrealm\" \/>\n<meta property=\"article:modified_time\" content=\"2025-08-20T07:59:42+00:00\" \/>\n<meta property=\"og:image\" content=\"http:\/\/fromthemagicalrealm.com\/wp-content\/uploads\/2025\/01\/IMG_0125-scaled.jpeg\" \/>\n\t<meta property=\"og:image:width\" content=\"1920\" \/>\n\t<meta property=\"og:image:height\" content=\"2560\" \/>\n\t<meta property=\"og:image:type\" content=\"image\/jpeg\" \/>\n<meta name=\"twitter:card\" content=\"summary_large_image\" \/>\n<meta name=\"twitter:label1\" content=\"Est. reading time\" \/>\n\t<meta name=\"twitter:data1\" content=\"1 minut\u0117\" \/>\n<script type=\"application\/ld+json\" class=\"yoast-schema-graph\">{\"@context\":\"https:\/\/schema.org\",\"@graph\":[{\"@type\":\"WebPage\",\"@id\":\"https:\/\/fromthemagicalrealm.com\/index.php\/product\/selenito-dubenelis-menuliukas-300gr\/\",\"url\":\"https:\/\/fromthemagicalrealm.com\/index.php\/product\/selenito-dubenelis-menuliukas-300gr\/\",\"name\":\"Selenito duben\u0117lis m\u0117nuliukas, ~300gr. &bull; from the magical realm\",\"isPartOf\":{\"@id\":\"https:\/\/fromthemagicalrealm.com\/#website\"},\"datePublished\":\"2025-01-10T15:49:04+00:00\",\"dateModified\":\"2025-08-20T07:59:42+00:00\",\"description\":\"Pasak istorijos, selenitas yra dangaus gabal\u0117lis, kur\u012f padovanojo graik\u0173 m\u0117nulio deiv\u0117 Selen\u0117. Jo gryna eterin\u0117 \u0161viesa apima k\u016bn\u0105, padidindama vibracij\u0105\",\"breadcrumb\":{\"@id\":\"https:\/\/fromthemagicalrealm.com\/index.php\/product\/selenito-dubenelis-menuliukas-300gr\/#breadcrumb\"},\"inLanguage\":\"lt-LT\",\"potentialAction\":[{\"@type\":\"ReadAction\",\"target\":[\"https:\/\/fromthemagicalrealm.com\/index.php\/product\/selenito-dubenelis-menuliukas-300gr\/\"]}]},{\"@type\":\"BreadcrumbList\",\"@id\":\"https:\/\/fromthemagicalrealm.com\/index.php\/product\/selenito-dubenelis-menuliukas-300gr\/#breadcrumb\",\"itemListElement\":[{\"@type\":\"ListItem\",\"position\":1,\"name\":\"Home\",\"item\":\"https:\/\/fromthemagicalrealm.com\/\"},{\"@type\":\"ListItem\",\"position\":2,\"name\":\"Shop\",\"item\":\"https:\/\/fromthemagicalrealm.com\/index.php\/shop\/\"},{\"@type\":\"ListItem\",\"position\":3,\"name\":\"Selenito duben\u0117lis m\u0117nuliukas, ~300gr.\"}]},{\"@type\":\"WebSite\",\"@id\":\"https:\/\/fromthemagicalrealm.com\/#website\",\"url\":\"https:\/\/fromthemagicalrealm.com\/\",\"name\":\"from the magical realm\",\"description\":\"Nat\u016bral\u016bs kristalai\",\"publisher\":{\"@id\":\"https:\/\/fromthemagicalrealm.com\/#\/schema\/person\/85dfa5d4809d3b3bf17cfed17108b346\"},\"potentialAction\":[{\"@type\":\"SearchAction\",\"target\":{\"@type\":\"EntryPoint\",\"urlTemplate\":\"https:\/\/fromthemagicalrealm.com\/?s={search_term_string}\"},\"query-input\":\"required name=search_term_string\"}],\"inLanguage\":\"lt-LT\"},{\"@type\":[\"Person\",\"Organization\"],\"@id\":\"https:\/\/fromthemagicalrealm.com\/#\/schema\/person\/85dfa5d4809d3b3bf17cfed17108b346\",\"name\":\"fromthemagicalrealm.com\",\"image\":{\"@type\":\"ImageObject\",\"inLanguage\":\"lt-LT\",\"@id\":\"https:\/\/fromthemagicalrealm.com\/#\/schema\/person\/image\/\",\"url\":\"https:\/\/fromthemagicalrealm.com\/wp-content\/uploads\/2023\/08\/cropped-cropped-53FE4852-DD1C-43D1-B95F-5E004E5056D9.png\",\"contentUrl\":\"https:\/\/fromthemagicalrealm.com\/wp-content\/uploads\/2023\/08\/cropped-cropped-53FE4852-DD1C-43D1-B95F-5E004E5056D9.png\",\"width\":3370,\"height\":2233,\"caption\":\"fromthemagicalrealm.com\"},\"logo\":{\"@id\":\"https:\/\/fromthemagicalrealm.com\/#\/schema\/person\/image\/\"},\"sameAs\":[\"http:\/\/fromthemagicalrealm.com\",\"https:\/\/www.facebook.com\/fromthemagicalrealm\",\"https:\/\/www.instagram.com\/fromthemagicalrealm\/\"]}]}<\/script>\n<!-- \/ Yoast SEO plugin. -->","yoast_head_json":{"title":"Selenito duben\u0117lis m\u0117nuliukas, ~300gr. &bull; from the magical realm","description":"Pasak istorijos, selenitas yra dangaus gabal\u0117lis, kur\u012f padovanojo graik\u0173 m\u0117nulio deiv\u0117 Selen\u0117. Jo gryna eterin\u0117 \u0161viesa apima k\u016bn\u0105, padidindama vibracij\u0105","robots":{"index":"index","follow":"follow","max-snippet":"max-snippet:-1","max-image-preview":"max-image-preview:large","max-video-preview":"max-video-preview:-1"},"canonical":"https:\/\/fromthemagicalrealm.com\/index.php\/product\/selenito-dubenelis-menuliukas-300gr\/","og_locale":"lt_LT","og_type":"article","og_title":"Selenito duben\u0117lis m\u0117nuliukas, ~300gr. &bull; from the magical realm","og_description":"Pasak istorijos, selenitas yra dangaus gabal\u0117lis, kur\u012f padovanojo graik\u0173 m\u0117nulio deiv\u0117 Selen\u0117. Jo gryna eterin\u0117 \u0161viesa apima k\u016bn\u0105, padidindama vibracij\u0105","og_url":"https:\/\/fromthemagicalrealm.com\/index.php\/product\/selenito-dubenelis-menuliukas-300gr\/","og_site_name":"from the magical realm","article_publisher":"https:\/\/www.facebook.com\/fromthemagicalrealm","article_modified_time":"2025-08-20T07:59:42+00:00","og_image":[{"width":1920,"height":2560,"url":"http:\/\/fromthemagicalrealm.com\/wp-content\/uploads\/2025\/01\/IMG_0125-scaled.jpeg","type":"image\/jpeg"}],"twitter_card":"summary_large_image","twitter_misc":{"Est. reading time":"1 minut\u0117"},"schema":{"@context":"https:\/\/schema.org","@graph":[{"@type":"WebPage","@id":"https:\/\/fromthemagicalrealm.com\/index.php\/product\/selenito-dubenelis-menuliukas-300gr\/","url":"https:\/\/fromthemagicalrealm.com\/index.php\/product\/selenito-dubenelis-menuliukas-300gr\/","name":"Selenito duben\u0117lis m\u0117nuliukas, ~300gr. &bull; from the magical realm","isPartOf":{"@id":"https:\/\/fromthemagicalrealm.com\/#website"},"datePublished":"2025-01-10T15:49:04+00:00","dateModified":"2025-08-20T07:59:42+00:00","description":"Pasak istorijos, selenitas yra dangaus gabal\u0117lis, kur\u012f padovanojo graik\u0173 m\u0117nulio deiv\u0117 Selen\u0117. Jo gryna eterin\u0117 \u0161viesa apima k\u016bn\u0105, padidindama vibracij\u0105","breadcrumb":{"@id":"https:\/\/fromthemagicalrealm.com\/index.php\/product\/selenito-dubenelis-menuliukas-300gr\/#breadcrumb"},"inLanguage":"lt-LT","potentialAction":[{"@type":"ReadAction","target":["https:\/\/fromthemagicalrealm.com\/index.php\/product\/selenito-dubenelis-menuliukas-300gr\/"]}]},{"@type":"BreadcrumbList","@id":"https:\/\/fromthemagicalrealm.com\/index.php\/product\/selenito-dubenelis-menuliukas-300gr\/#breadcrumb","itemListElement":[{"@type":"ListItem","position":1,"name":"Home","item":"https:\/\/fromthemagicalrealm.com\/"},{"@type":"ListItem","position":2,"name":"Shop","item":"https:\/\/fromthemagicalrealm.com\/index.php\/shop\/"},{"@type":"ListItem","position":3,"name":"Selenito duben\u0117lis m\u0117nuliukas, ~300gr."}]},{"@type":"WebSite","@id":"https:\/\/fromthemagicalrealm.com\/#website","url":"https:\/\/fromthemagicalrealm.com\/","name":"from the magical realm","description":"Nat\u016bral\u016bs kristalai","publisher":{"@id":"https:\/\/fromthemagicalrealm.com\/#\/schema\/person\/85dfa5d4809d3b3bf17cfed17108b346"},"potentialAction":[{"@type":"SearchAction","target":{"@type":"EntryPoint","urlTemplate":"https:\/\/fromthemagicalrealm.com\/?s={search_term_string}"},"query-input":"required name=search_term_string"}],"inLanguage":"lt-LT"},{"@type":["Person","Organization"],"@id":"https:\/\/fromthemagicalrealm.com\/#\/schema\/person\/85dfa5d4809d3b3bf17cfed17108b346","name":"fromthemagicalrealm.com","image":{"@type":"ImageObject","inLanguage":"lt-LT","@id":"https:\/\/fromthemagicalrealm.com\/#\/schema\/person\/image\/","url":"https:\/\/fromthemagicalrealm.com\/wp-content\/uploads\/2023\/08\/cropped-cropped-53FE4852-DD1C-43D1-B95F-5E004E5056D9.png","contentUrl":"https:\/\/fromthemagicalrealm.com\/wp-content\/uploads\/2023\/08\/cropped-cropped-53FE4852-DD1C-43D1-B95F-5E004E5056D9.png","width":3370,"height":2233,"caption":"fromthemagicalrealm.com"},"logo":{"@id":"https:\/\/fromthemagicalrealm.com\/#\/schema\/person\/image\/"},"sameAs":["http:\/\/fromthemagicalrealm.com","https:\/\/www.facebook.com\/fromthemagicalrealm","https:\/\/www.instagram.com\/fromthemagicalrealm\/"]}]}},"_links":{"self":[{"href":"https:\/\/fromthemagicalrealm.com\/index.php\/wp-json\/wp\/v2\/product\/3890","targetHints":{"allow":["GET"]}}],"collection":[{"href":"https:\/\/fromthemagicalrealm.com\/index.php\/wp-json\/wp\/v2\/product"}],"about":[{"href":"https:\/\/fromthemagicalrealm.com\/index.php\/wp-json\/wp\/v2\/types\/product"}],"version-history":[{"count":1,"href":"https:\/\/fromthemagicalrealm.com\/index.php\/wp-json\/wp\/v2\/product\/3890\/revisions"}],"predecessor-version":[{"id":3894,"href":"https:\/\/fromthemagicalrealm.com\/index.php\/wp-json\/wp\/v2\/product\/3890\/revisions\/3894"}],"wp:featuredmedia":[{"embeddable":true,"href":"https:\/\/fromthemagicalrealm.com\/index.php\/wp-json\/wp\/v2\/media\/3891"}],"wp:attachment":[{"href":"https:\/\/fromthemagicalrealm.com\/index.php\/wp-json\/wp\/v2\/media?parent=3890"}],"wp:term":[{"taxonomy":"product_cat","embeddable":true,"href":"https:\/\/fromthemagicalrealm.com\/index.php\/wp-json\/wp\/v2\/product_cat?post=3890"},{"taxonomy":"product_tag","embeddable":true,"href":"https:\/\/fromthemagicalrealm.com\/index.php\/wp-json\/wp\/v2\/product_tag?post=3890"}],"curies":[{"name":"wp","href":"https:\/\/api.w.org\/{rel}","templated":true}]}}