{"id":4100,"date":"2025-03-18T20:22:00","date_gmt":"2025-03-18T20:22:00","guid":{"rendered":"https:\/\/fromthemagicalrealm.com\/?post_type=product&#038;p=4100"},"modified":"2025-03-18T20:57:59","modified_gmt":"2025-03-18T20:57:59","slug":"kristalu-mystery-box-2","status":"publish","type":"product","link":"https:\/\/fromthemagicalrealm.com\/index.php\/product\/kristalu-mystery-box-2\/","title":{"rendered":"Kristal\u0173 \u201cMystery Box\u201d"},"content":{"rendered":"","protected":false},"excerpt":{"rendered":"<p class=\"p1\"><span class=\"s1\">Pasinerk \u012f magi\u0161k\u0105 kristal\u0173 pasaul\u012f su m\u016bs\u0173 <\/span><span class=\"s2\">Mystery Box<\/span><span class=\"s1\"> \u2013 tai magi\u0161kas kristal\u0173 rinkinys, sukurtas tik Tau. Kiekviena d\u0117\u017eut\u0117 visi\u0161kai unikali ir atrinkta pasitelkiant intuicija, kad atitikt\u0173 Tavo dabartin\u0119 energetik\u0105 ir poreikius. Ar nori atrasti, kokius kristalus visata tau atsi\u0173s? Su\u017einok, kokie akmenys Tau atne\u0161 ramyb\u0119, ger\u0105 energij\u0105 ir emocijas, ar net pad\u0117s spr\u0119sti asmeninius i\u0161\u0161\u016bkius. <\/span><\/p>\n<p>Kaip tai veikia?<\/p>\n<p>Paprasta &#8211; Tu atsakai \u012f keleta klausim\u0173 kurie pad\u0117s mums geriau suprasti, k\u0105 Tavo \u0161irdis \u0161iuo metu labiausiai nori. Remdamiesi Tavo atsakymais, parinksime kristalus, kurie atitiks Tavo dabartin\u0119 energetik\u0105 ir suteiks b\u016btent tai, ko Tau reikia.<\/p>\n<p>Kuo didesn\u0117 mystery box\u2019o suma, tuo daugiau, arba tuo didesni kristalai. \u2728<\/p>\n<p>&nbsp;<\/p>\n<p>&nbsp;<\/p>\n<p>&nbsp;<\/p>\n","protected":false},"featured_media":4098,"template":"","meta":{"site-sidebar-layout":"default","site-content-layout":"default","ast-global-header-display":"","ast-banner-title-visibility":"","ast-main-header-display":"","ast-hfb-above-header-display":"","ast-hfb-below-header-display":"","ast-hfb-mobile-header-display":"","site-post-title":"","ast-breadcrumbs-content":"","ast-featured-img":"","footer-sml-layout":"","theme-transparent-header-meta":"default","adv-header-id-meta":"","stick-header-meta":"","header-above-stick-meta":"","header-main-stick-meta":"","header-below-stick-meta":""},"product_cat":[117],"product_tag":[118],"class_list":{"0":"post-4100","1":"product","2":"type-product","3":"status-publish","4":"has-post-thumbnail","6":"product_cat-dovanu-kuponas","7":"product_tag-dovanu-kuponas","8":"desktop-align-center","9":"tablet-align-left","10":"mobile-align-left","12":"first","13":"instock","14":"taxable","15":"shipping-taxable","16":"purchasable","17":"product-type-variable"},"yoast_head":"<!-- This site is optimized with the Yoast SEO plugin v20.13 - https:\/\/yoast.com\/wordpress\/plugins\/seo\/ -->\n<title>Kristal\u0173 \u201cMystery Box\u201d &bull; from the magical realm<\/title>\n<meta name=\"description\" content=\"Pasinerk \u012f magi\u0161k\u0105 kristal\u0173 pasaul\u012f su m\u016bs\u0173 Mystery Box \u2013 tai magi\u0161kas kristal\u0173 rinkinys, sukurtas tik Tau. Kiekviena d\u0117\u017eut\u0117 visi\u0161kai unikali ir atrinkta\" \/>\n<meta name=\"robots\" content=\"index, follow, max-snippet:-1, max-image-preview:large, max-video-preview:-1\" \/>\n<link rel=\"canonical\" href=\"https:\/\/fromthemagicalrealm.com\/index.php\/product\/kristalu-mystery-box-2\/\" \/>\n<meta property=\"og:locale\" content=\"lt_LT\" \/>\n<meta property=\"og:type\" content=\"article\" \/>\n<meta property=\"og:title\" content=\"Kristal\u0173 \u201cMystery Box\u201d &bull; from the magical realm\" \/>\n<meta property=\"og:description\" content=\"Pasinerk \u012f magi\u0161k\u0105 kristal\u0173 pasaul\u012f su m\u016bs\u0173 Mystery Box \u2013 tai magi\u0161kas kristal\u0173 rinkinys, sukurtas tik Tau. Kiekviena d\u0117\u017eut\u0117 visi\u0161kai unikali ir atrinkta\" \/>\n<meta property=\"og:url\" content=\"https:\/\/fromthemagicalrealm.com\/index.php\/product\/kristalu-mystery-box-2\/\" \/>\n<meta property=\"og:site_name\" content=\"from the magical realm\" \/>\n<meta property=\"article:publisher\" content=\"https:\/\/www.facebook.com\/fromthemagicalrealm\" \/>\n<meta property=\"article:modified_time\" content=\"2025-03-18T20:57:59+00:00\" \/>\n<meta property=\"og:image\" content=\"http:\/\/fromthemagicalrealm.com\/wp-content\/uploads\/2025\/03\/IMG_2467-819x1024.png\" \/>\n\t<meta property=\"og:image:width\" content=\"819\" \/>\n\t<meta property=\"og:image:height\" content=\"1024\" \/>\n\t<meta property=\"og:image:type\" content=\"image\/png\" \/>\n<meta name=\"twitter:card\" content=\"summary_large_image\" \/>\n<script type=\"application\/ld+json\" class=\"yoast-schema-graph\">{\"@context\":\"https:\/\/schema.org\",\"@graph\":[{\"@type\":\"WebPage\",\"@id\":\"https:\/\/fromthemagicalrealm.com\/index.php\/product\/kristalu-mystery-box-2\/\",\"url\":\"https:\/\/fromthemagicalrealm.com\/index.php\/product\/kristalu-mystery-box-2\/\",\"name\":\"Kristal\u0173 \u201cMystery Box\u201d &bull; from the magical realm\",\"isPartOf\":{\"@id\":\"https:\/\/fromthemagicalrealm.com\/#website\"},\"datePublished\":\"2025-03-18T20:22:00+00:00\",\"dateModified\":\"2025-03-18T20:57:59+00:00\",\"description\":\"Pasinerk \u012f magi\u0161k\u0105 kristal\u0173 pasaul\u012f su m\u016bs\u0173 Mystery Box \u2013 tai magi\u0161kas kristal\u0173 rinkinys, sukurtas tik Tau. Kiekviena d\u0117\u017eut\u0117 visi\u0161kai unikali ir atrinkta\",\"breadcrumb\":{\"@id\":\"https:\/\/fromthemagicalrealm.com\/index.php\/product\/kristalu-mystery-box-2\/#breadcrumb\"},\"inLanguage\":\"lt-LT\",\"potentialAction\":[{\"@type\":\"ReadAction\",\"target\":[\"https:\/\/fromthemagicalrealm.com\/index.php\/product\/kristalu-mystery-box-2\/\"]}]},{\"@type\":\"BreadcrumbList\",\"@id\":\"https:\/\/fromthemagicalrealm.com\/index.php\/product\/kristalu-mystery-box-2\/#breadcrumb\",\"itemListElement\":[{\"@type\":\"ListItem\",\"position\":1,\"name\":\"Home\",\"item\":\"https:\/\/fromthemagicalrealm.com\/\"},{\"@type\":\"ListItem\",\"position\":2,\"name\":\"Shop\",\"item\":\"https:\/\/fromthemagicalrealm.com\/index.php\/shop\/\"},{\"@type\":\"ListItem\",\"position\":3,\"name\":\"Kristal\u0173 \u201cMystery Box\u201d\"}]},{\"@type\":\"WebSite\",\"@id\":\"https:\/\/fromthemagicalrealm.com\/#website\",\"url\":\"https:\/\/fromthemagicalrealm.com\/\",\"name\":\"from the magical realm\",\"description\":\"Nat\u016bral\u016bs kristalai\",\"publisher\":{\"@id\":\"https:\/\/fromthemagicalrealm.com\/#\/schema\/person\/85dfa5d4809d3b3bf17cfed17108b346\"},\"potentialAction\":[{\"@type\":\"SearchAction\",\"target\":{\"@type\":\"EntryPoint\",\"urlTemplate\":\"https:\/\/fromthemagicalrealm.com\/?s={search_term_string}\"},\"query-input\":\"required name=search_term_string\"}],\"inLanguage\":\"lt-LT\"},{\"@type\":[\"Person\",\"Organization\"],\"@id\":\"https:\/\/fromthemagicalrealm.com\/#\/schema\/person\/85dfa5d4809d3b3bf17cfed17108b346\",\"name\":\"fromthemagicalrealm.com\",\"image\":{\"@type\":\"ImageObject\",\"inLanguage\":\"lt-LT\",\"@id\":\"https:\/\/fromthemagicalrealm.com\/#\/schema\/person\/image\/\",\"url\":\"https:\/\/fromthemagicalrealm.com\/wp-content\/uploads\/2023\/08\/cropped-cropped-53FE4852-DD1C-43D1-B95F-5E004E5056D9.png\",\"contentUrl\":\"https:\/\/fromthemagicalrealm.com\/wp-content\/uploads\/2023\/08\/cropped-cropped-53FE4852-DD1C-43D1-B95F-5E004E5056D9.png\",\"width\":3370,\"height\":2233,\"caption\":\"fromthemagicalrealm.com\"},\"logo\":{\"@id\":\"https:\/\/fromthemagicalrealm.com\/#\/schema\/person\/image\/\"},\"sameAs\":[\"http:\/\/fromthemagicalrealm.com\",\"https:\/\/www.facebook.com\/fromthemagicalrealm\",\"https:\/\/www.instagram.com\/fromthemagicalrealm\/\"]}]}<\/script>\n<!-- \/ Yoast SEO plugin. -->","yoast_head_json":{"title":"Kristal\u0173 \u201cMystery Box\u201d &bull; from the magical realm","description":"Pasinerk \u012f magi\u0161k\u0105 kristal\u0173 pasaul\u012f su m\u016bs\u0173 Mystery Box \u2013 tai magi\u0161kas kristal\u0173 rinkinys, sukurtas tik Tau. Kiekviena d\u0117\u017eut\u0117 visi\u0161kai unikali ir atrinkta","robots":{"index":"index","follow":"follow","max-snippet":"max-snippet:-1","max-image-preview":"max-image-preview:large","max-video-preview":"max-video-preview:-1"},"canonical":"https:\/\/fromthemagicalrealm.com\/index.php\/product\/kristalu-mystery-box-2\/","og_locale":"lt_LT","og_type":"article","og_title":"Kristal\u0173 \u201cMystery Box\u201d &bull; from the magical realm","og_description":"Pasinerk \u012f magi\u0161k\u0105 kristal\u0173 pasaul\u012f su m\u016bs\u0173 Mystery Box \u2013 tai magi\u0161kas kristal\u0173 rinkinys, sukurtas tik Tau. Kiekviena d\u0117\u017eut\u0117 visi\u0161kai unikali ir atrinkta","og_url":"https:\/\/fromthemagicalrealm.com\/index.php\/product\/kristalu-mystery-box-2\/","og_site_name":"from the magical realm","article_publisher":"https:\/\/www.facebook.com\/fromthemagicalrealm","article_modified_time":"2025-03-18T20:57:59+00:00","og_image":[{"width":819,"height":1024,"url":"http:\/\/fromthemagicalrealm.com\/wp-content\/uploads\/2025\/03\/IMG_2467-819x1024.png","type":"image\/png"}],"twitter_card":"summary_large_image","schema":{"@context":"https:\/\/schema.org","@graph":[{"@type":"WebPage","@id":"https:\/\/fromthemagicalrealm.com\/index.php\/product\/kristalu-mystery-box-2\/","url":"https:\/\/fromthemagicalrealm.com\/index.php\/product\/kristalu-mystery-box-2\/","name":"Kristal\u0173 \u201cMystery Box\u201d &bull; from the magical realm","isPartOf":{"@id":"https:\/\/fromthemagicalrealm.com\/#website"},"datePublished":"2025-03-18T20:22:00+00:00","dateModified":"2025-03-18T20:57:59+00:00","description":"Pasinerk \u012f magi\u0161k\u0105 kristal\u0173 pasaul\u012f su m\u016bs\u0173 Mystery Box \u2013 tai magi\u0161kas kristal\u0173 rinkinys, sukurtas tik Tau. Kiekviena d\u0117\u017eut\u0117 visi\u0161kai unikali ir atrinkta","breadcrumb":{"@id":"https:\/\/fromthemagicalrealm.com\/index.php\/product\/kristalu-mystery-box-2\/#breadcrumb"},"inLanguage":"lt-LT","potentialAction":[{"@type":"ReadAction","target":["https:\/\/fromthemagicalrealm.com\/index.php\/product\/kristalu-mystery-box-2\/"]}]},{"@type":"BreadcrumbList","@id":"https:\/\/fromthemagicalrealm.com\/index.php\/product\/kristalu-mystery-box-2\/#breadcrumb","itemListElement":[{"@type":"ListItem","position":1,"name":"Home","item":"https:\/\/fromthemagicalrealm.com\/"},{"@type":"ListItem","position":2,"name":"Shop","item":"https:\/\/fromthemagicalrealm.com\/index.php\/shop\/"},{"@type":"ListItem","position":3,"name":"Kristal\u0173 \u201cMystery Box\u201d"}]},{"@type":"WebSite","@id":"https:\/\/fromthemagicalrealm.com\/#website","url":"https:\/\/fromthemagicalrealm.com\/","name":"from the magical realm","description":"Nat\u016bral\u016bs kristalai","publisher":{"@id":"https:\/\/fromthemagicalrealm.com\/#\/schema\/person\/85dfa5d4809d3b3bf17cfed17108b346"},"potentialAction":[{"@type":"SearchAction","target":{"@type":"EntryPoint","urlTemplate":"https:\/\/fromthemagicalrealm.com\/?s={search_term_string}"},"query-input":"required name=search_term_string"}],"inLanguage":"lt-LT"},{"@type":["Person","Organization"],"@id":"https:\/\/fromthemagicalrealm.com\/#\/schema\/person\/85dfa5d4809d3b3bf17cfed17108b346","name":"fromthemagicalrealm.com","image":{"@type":"ImageObject","inLanguage":"lt-LT","@id":"https:\/\/fromthemagicalrealm.com\/#\/schema\/person\/image\/","url":"https:\/\/fromthemagicalrealm.com\/wp-content\/uploads\/2023\/08\/cropped-cropped-53FE4852-DD1C-43D1-B95F-5E004E5056D9.png","contentUrl":"https:\/\/fromthemagicalrealm.com\/wp-content\/uploads\/2023\/08\/cropped-cropped-53FE4852-DD1C-43D1-B95F-5E004E5056D9.png","width":3370,"height":2233,"caption":"fromthemagicalrealm.com"},"logo":{"@id":"https:\/\/fromthemagicalrealm.com\/#\/schema\/person\/image\/"},"sameAs":["http:\/\/fromthemagicalrealm.com","https:\/\/www.facebook.com\/fromthemagicalrealm","https:\/\/www.instagram.com\/fromthemagicalrealm\/"]}]}},"_links":{"self":[{"href":"https:\/\/fromthemagicalrealm.com\/index.php\/wp-json\/wp\/v2\/product\/4100","targetHints":{"allow":["GET"]}}],"collection":[{"href":"https:\/\/fromthemagicalrealm.com\/index.php\/wp-json\/wp\/v2\/product"}],"about":[{"href":"https:\/\/fromthemagicalrealm.com\/index.php\/wp-json\/wp\/v2\/types\/product"}],"version-history":[{"count":1,"href":"https:\/\/fromthemagicalrealm.com\/index.php\/wp-json\/wp\/v2\/product\/4100\/revisions"}],"predecessor-version":[{"id":4111,"href":"https:\/\/fromthemagicalrealm.com\/index.php\/wp-json\/wp\/v2\/product\/4100\/revisions\/4111"}],"wp:featuredmedia":[{"embeddable":true,"href":"https:\/\/fromthemagicalrealm.com\/index.php\/wp-json\/wp\/v2\/media\/4098"}],"wp:attachment":[{"href":"https:\/\/fromthemagicalrealm.com\/index.php\/wp-json\/wp\/v2\/media?parent=4100"}],"wp:term":[{"taxonomy":"product_cat","embeddable":true,"href":"https:\/\/fromthemagicalrealm.com\/index.php\/wp-json\/wp\/v2\/product_cat?post=4100"},{"taxonomy":"product_tag","embeddable":true,"href":"https:\/\/fromthemagicalrealm.com\/index.php\/wp-json\/wp\/v2\/product_tag?post=4100"}],"curies":[{"name":"wp","href":"https:\/\/api.w.org\/{rel}","templated":true}]}}